{"id":8,"date":"2017-09-14T10:43:12","date_gmt":"2017-09-14T10:43:12","guid":{"rendered":"http:\/\/ibn.wyd.mybluehost.me\/reanpackaging.com\/about-us\/"},"modified":"2024-10-09T04:28:26","modified_gmt":"2024-10-09T04:28:26","slug":"about-us","status":"publish","type":"page","link":"https:\/\/reanpackaging.com\/cs\/o-nas\/","title":{"rendered":"O n\u00e1s | Najd\u011bte zde velkoobchod s obaly | ReanPackaging"},"content":{"rendered":"<div data-elementor-type=\"wp-post\" data-elementor-id=\"8\" class=\"elementor elementor-8\" data-elementor-post-type=\"page\">\n\t\t\t\t\t\t<section class=\"elementor-section elementor-top-section elementor-element elementor-element-b5fb0ec elementor-section-boxed elementor-section-height-default elementor-section-height-default\" data-id=\"b5fb0ec\" data-element_type=\"section\" data-e-type=\"section\" data-settings=\"{&quot;background_background&quot;:&quot;classic&quot;}\">\n\t\t\t\t\t\t\t<div class=\"elementor-background-overlay\"><\/div>\n\t\t\t\t\t\t\t<div class=\"elementor-container elementor-column-gap-no\">\n\t\t\t\t\t<div class=\"elementor-column elementor-col-100 elementor-top-column elementor-element elementor-element-211dd39\" data-id=\"211dd39\" data-element_type=\"column\" data-e-type=\"column\">\n\t\t\t<div class=\"elementor-widget-wrap elementor-element-populated\">\n\t\t\t\t\t\t<div class=\"elementor-element elementor-element-3b23e95 elementor-widget elementor-widget-heading\" data-id=\"3b23e95\" data-element_type=\"widget\" data-e-type=\"widget\" data-widget_type=\"heading.default\">\n\t\t\t\t<div class=\"elementor-widget-container\">\n\t\t\t\t\t<h1 class=\"elementor-heading-title elementor-size-default\">O n\u00e1s<\/h1>\t\t\t\t<\/div>\n\t\t\t\t<\/div>\n\t\t\t\t<div class=\"elementor-element elementor-element-e342adf elementor-widget elementor-widget-text-editor\" data-id=\"e342adf\" data-element_type=\"widget\" data-e-type=\"widget\" data-widget_type=\"text-editor.default\">\n\t\t\t\t<div class=\"elementor-widget-container\">\n\t\t\t\t\t\t\t\t\t<p>V\u00e1\u0161 d\u016fv\u011bryhodn\u00fd zdroj profesion\u00e1ln\u00edch velkoobchodn\u00edch obal\u016f. Nab\u00edz\u00edme konkurenceschopn\u00e9 ceny a bezprobl\u00e9mov\u00fd servis pro v\u0161echny va\u0161e pot\u0159eby v oblasti balen\u00ed.<\/p>\t\t\t\t\t\t\t\t<\/div>\n\t\t\t\t<\/div>\n\t\t\t\t\t<\/div>\n\t\t<\/div>\n\t\t\t\t\t<\/div>\n\t\t<\/section>\n\t\t\t\t<section class=\"elementor-section elementor-top-section elementor-element elementor-element-536914d elementor-section-content-middle elementor-section-boxed elementor-section-height-default elementor-section-height-default\" data-id=\"536914d\" data-element_type=\"section\" data-e-type=\"section\" data-settings=\"{&quot;background_background&quot;:&quot;classic&quot;}\">\n\t\t\t\t\t\t<div class=\"elementor-container elementor-column-gap-no\">\n\t\t\t\t\t<div class=\"elementor-column elementor-col-50 elementor-top-column elementor-element elementor-element-cd93d28\" data-id=\"cd93d28\" data-element_type=\"column\" data-e-type=\"column\">\n\t\t\t<div class=\"elementor-widget-wrap elementor-element-populated\">\n\t\t\t\t\t\t<div class=\"elementor-element elementor-element-e9bb90e elementor-widget elementor-widget-heading\" data-id=\"e9bb90e\" data-element_type=\"widget\" data-e-type=\"widget\" data-widget_type=\"heading.default\">\n\t\t\t\t<div class=\"elementor-widget-container\">\n\t\t\t\t\t<h2 class=\"elementor-heading-title elementor-size-default\">Kdo jsme<\/h2>\t\t\t\t<\/div>\n\t\t\t\t<\/div>\n\t\t\t\t<div class=\"elementor-element elementor-element-aa6f5b1 elementor-widget elementor-widget-text-editor\" data-id=\"aa6f5b1\" data-element_type=\"widget\" data-e-type=\"widget\" data-widget_type=\"text-editor.default\">\n\t\t\t\t<div class=\"elementor-widget-container\">\n\t\t\t\t\t\t\t\t\t<p>ReanPackaging je profesion\u00e1ln\u00ed velkoobchodn\u00ed dodavatel obal\u016f. M\u00e1me vlastn\u00ed tov\u00e1rnu a \u00fazce spolupracujeme s dal\u0161\u00edmi tov\u00e1rnami na obaly, co\u017e n\u00e1m umo\u017e\u0148uje poskytovat velkoobchodn\u00ed slu\u017eby v oblasti obal\u016f za konkurenceschopn\u00e9 ceny a s vysokou efektivitou.<\/p>\n<p>U spole\u010dnosti ReanPackaging za\u017eijete pohodln\u00fd proces velkoobchodn\u00edho balen\u00ed. A\u0165 u\u017e se jedn\u00e1 o pap\u00edrov\u00e9 s\u00e1\u010dky, kartonov\u00e9 krabice, plastov\u00e9 ta\u0161ky nebo p\u0159epravn\u00ed p\u0159\u00edslu\u0161enstv\u00ed, v\u0161e pot\u0159ebn\u00e9 najdete na jednom m\u00edst\u011b.<\/p>\t\t\t\t\t\t\t\t<\/div>\n\t\t\t\t<\/div>\n\t\t\t\t<div class=\"elementor-element elementor-element-e3659f4 elementor-mobile-align-left elementor-widget elementor-widget-button\" data-id=\"e3659f4\" data-element_type=\"widget\" data-e-type=\"widget\" data-widget_type=\"button.default\">\n\t\t\t\t<div class=\"elementor-widget-container\">\n\t\t\t\t\t\t\t\t\t<div class=\"elementor-button-wrapper\">\n\t\t\t\t\t<a class=\"elementor-button elementor-button-link elementor-size-sm\" href=\"#elementor-action%3Aaction%3Dpopup%3Aopen%26settings%3DeyJpZCI6IjE1ODIiLCJ0b2dnbGUiOmZhbHNlfQ%3D%3D\">\n\t\t\t\t\t\t<span class=\"elementor-button-content-wrapper\">\n\t\t\t\t\t\t<span class=\"elementor-button-icon\">\n\t\t\t\t<i aria-hidden=\"true\" class=\"fas fa-long-arrow-alt-right\"><\/i>\t\t\t<\/span>\n\t\t\t\t\t\t\t\t\t<span class=\"elementor-button-text\">Popt\u00e1vka nyn\u00ed<\/span>\n\t\t\t\t\t<\/span>\n\t\t\t\t\t<\/a>\n\t\t\t\t<\/div>\n\t\t\t\t\t\t\t\t<\/div>\n\t\t\t\t<\/div>\n\t\t\t\t\t<\/div>\n\t\t<\/div>\n\t\t\t\t<div class=\"elementor-column elementor-col-50 elementor-top-column elementor-element elementor-element-d696d53\" data-id=\"d696d53\" data-element_type=\"column\" data-e-type=\"column\" data-settings=\"{&quot;background_background&quot;:&quot;classic&quot;}\">\n\t\t\t<div class=\"elementor-widget-wrap elementor-element-populated\">\n\t\t\t\t\t<div class=\"elementor-background-overlay\"><\/div>\n\t\t\t\t\t\t<div class=\"elementor-element elementor-element-23b8262 elementor-widget elementor-widget-image\" data-id=\"23b8262\" data-element_type=\"widget\" data-e-type=\"widget\" data-widget_type=\"image.default\">\n\t\t\t\t<div class=\"elementor-widget-container\">\n\t\t\t\t\t\t\t\t\t\t\t\t\t\t\t<img fetchpriority=\"high\" decoding=\"async\" width=\"640\" height=\"445\" src=\"https:\/\/reanpackaging.com\/wp-content\/uploads\/2023\/10\/packaging-wholesale-about-us-1.jpeg\" class=\"attachment-full size-full wp-image-11613\" alt=\"velkoobchodn\u00ed balen\u00ed o n\u00e1s 1\" srcset=\"https:\/\/reanpackaging.com\/wp-content\/uploads\/2023\/10\/packaging-wholesale-about-us-1.jpeg 640w, https:\/\/reanpackaging.com\/wp-content\/uploads\/2023\/10\/packaging-wholesale-about-us-1-300x209.jpeg 300w, https:\/\/reanpackaging.com\/wp-content\/uploads\/2023\/10\/packaging-wholesale-about-us-1-600x417.jpeg 600w\" sizes=\"(max-width: 640px) 100vw, 640px\" \/>\t\t\t\t\t\t\t\t\t\t\t\t\t\t\t<\/div>\n\t\t\t\t<\/div>\n\t\t\t\t\t<\/div>\n\t\t<\/div>\n\t\t\t\t\t<\/div>\n\t\t<\/section>\n\t\t\t\t<section class=\"elementor-section elementor-top-section elementor-element elementor-element-88f1575 elementor-section-content-middle elementor-section-boxed elementor-section-height-default elementor-section-height-default\" data-id=\"88f1575\" data-element_type=\"section\" data-e-type=\"section\" data-settings=\"{&quot;background_background&quot;:&quot;classic&quot;}\">\n\t\t\t\t\t\t<div class=\"elementor-container elementor-column-gap-no\">\n\t\t\t\t\t<div class=\"elementor-column elementor-col-50 elementor-top-column elementor-element elementor-element-309c14d\" data-id=\"309c14d\" data-element_type=\"column\" data-e-type=\"column\" data-settings=\"{&quot;background_background&quot;:&quot;classic&quot;}\">\n\t\t\t<div class=\"elementor-widget-wrap elementor-element-populated\">\n\t\t\t\t\t<div class=\"elementor-background-overlay\"><\/div>\n\t\t\t\t\t\t<div class=\"elementor-element elementor-element-18264c3 elementor-widget elementor-widget-image\" data-id=\"18264c3\" data-element_type=\"widget\" data-e-type=\"widget\" data-widget_type=\"image.default\">\n\t\t\t\t<div class=\"elementor-widget-container\">\n\t\t\t\t\t\t\t\t\t\t\t\t\t\t\t<img decoding=\"async\" width=\"640\" height=\"425\" src=\"https:\/\/reanpackaging.com\/wp-content\/uploads\/2023\/10\/packaging-wholesale-about-us-2.jpeg\" class=\"attachment-full size-full wp-image-11614\" alt=\"velkoobchodn\u00ed balen\u00ed o n\u00e1s 2\" srcset=\"https:\/\/reanpackaging.com\/wp-content\/uploads\/2023\/10\/packaging-wholesale-about-us-2.jpeg 640w, https:\/\/reanpackaging.com\/wp-content\/uploads\/2023\/10\/packaging-wholesale-about-us-2-300x199.jpeg 300w, https:\/\/reanpackaging.com\/wp-content\/uploads\/2023\/10\/packaging-wholesale-about-us-2-600x398.jpeg 600w\" sizes=\"(max-width: 640px) 100vw, 640px\" \/>\t\t\t\t\t\t\t\t\t\t\t\t\t\t\t<\/div>\n\t\t\t\t<\/div>\n\t\t\t\t\t<\/div>\n\t\t<\/div>\n\t\t\t\t<div class=\"elementor-column elementor-col-50 elementor-top-column elementor-element elementor-element-1499c38\" data-id=\"1499c38\" data-element_type=\"column\" data-e-type=\"column\">\n\t\t\t<div class=\"elementor-widget-wrap elementor-element-populated\">\n\t\t\t\t\t\t<div class=\"elementor-element elementor-element-e551bef elementor-widget elementor-widget-heading\" data-id=\"e551bef\" data-element_type=\"widget\" data-e-type=\"widget\" data-widget_type=\"heading.default\">\n\t\t\t\t<div class=\"elementor-widget-container\">\n\t\t\t\t\t<h2 class=\"elementor-heading-title elementor-size-default\">Pro\u010d si vybrat n\u00e1s<\/h2>\t\t\t\t<\/div>\n\t\t\t\t<\/div>\n\t\t\t\t<div class=\"elementor-element elementor-element-6fee9f3 elementor-widget elementor-widget-text-editor\" data-id=\"6fee9f3\" data-element_type=\"widget\" data-e-type=\"widget\" data-widget_type=\"text-editor.default\">\n\t\t\t\t<div class=\"elementor-widget-container\">\n\t\t\t\t\t\t\t\t\t<p><span style=\"font-style: inherit; font-weight: inherit; color: var(--ast-global-color-3);\">V oblasti slu\u017eeb na zak\u00e1zku jsme pro v\u00e1s tou nejlep\u0161\u00ed volbou. D\u00edky zku\u0161enostem s tis\u00edci klient\u016f jsme z\u00edskali rozs\u00e1hl\u00e9 odborn\u00e9 znalosti, kter\u00e9 n\u00e1m umo\u017e\u0148uj\u00ed splnit r\u016fzn\u00e9 po\u017eadavky na design a zajistit dokonalou prezentaci va\u0161ich obal\u016f.<\/span><\/p><p>M\u00e1te-li jak\u00e9koli dotazy nebo po\u017eadavky t\u00fdkaj\u00edc\u00ed se velkoobchodn\u00edho balen\u00ed, nev\u00e1hejte se na n\u00e1s obr\u00e1tit. N\u00e1\u0161 profesion\u00e1ln\u00ed t\u00fdm z\u00e1kaznick\u00e9ho servisu v\u00e1m odpov\u00ed do 24 hodin. T\u011b\u0161\u00edme se na va\u0161i pomoc!<\/p>\t\t\t\t\t\t\t\t<\/div>\n\t\t\t\t<\/div>\n\t\t\t\t<div class=\"elementor-element elementor-element-345deb7 elementor-mobile-align-left elementor-widget elementor-widget-button\" data-id=\"345deb7\" data-element_type=\"widget\" data-e-type=\"widget\" data-widget_type=\"button.default\">\n\t\t\t\t<div class=\"elementor-widget-container\">\n\t\t\t\t\t\t\t\t\t<div class=\"elementor-button-wrapper\">\n\t\t\t\t\t<a class=\"elementor-button elementor-button-link elementor-size-sm\" href=\"#elementor-action%3Aaction%3Dpopup%3Aopen%26settings%3DeyJpZCI6IjE1ODIiLCJ0b2dnbGUiOmZhbHNlfQ%3D%3D\">\n\t\t\t\t\t\t<span class=\"elementor-button-content-wrapper\">\n\t\t\t\t\t\t<span class=\"elementor-button-icon\">\n\t\t\t\t<i aria-hidden=\"true\" class=\"fas fa-long-arrow-alt-right\"><\/i>\t\t\t<\/span>\n\t\t\t\t\t\t\t\t\t<span class=\"elementor-button-text\">Popt\u00e1vka nyn\u00ed<\/span>\n\t\t\t\t\t<\/span>\n\t\t\t\t\t<\/a>\n\t\t\t\t<\/div>\n\t\t\t\t\t\t\t\t<\/div>\n\t\t\t\t<\/div>\n\t\t\t\t\t<\/div>\n\t\t<\/div>\n\t\t\t\t\t<\/div>\n\t\t<\/section>\n\t\t\t\t<\/div>","protected":false},"excerpt":{"rendered":"<p>About Us Your trusted source for professional wholesale packaging. Offering competitive prices and a seamless experience for all your packaging needs. Who We Are ReanPackaging is a professional wholesale packaging supplier. We have our own factory and maintain close collaborations with other packaging factories, allowing us to provide packaging wholesale services at competitive prices with [&hellip;]<\/p>\n","protected":false},"author":1,"featured_media":0,"parent":0,"menu_order":0,"comment_status":"closed","ping_status":"closed","template":"","meta":{"_seopress_robots_primary_cat":"","_seopress_titles_title":"About Us | Find Packaging Wholesale Here | ReanPackaging","_seopress_titles_desc":"ReanPackaging - Your trusted source for professional wholesale packaging. Offering competitive prices and a seamless experience for all your packaging needs.","_seopress_robots_index":"","site-sidebar-layout":"no-sidebar","site-content-layout":"page-builder","ast-site-content-layout":"full-width-container","site-content-style":"unboxed","site-sidebar-style":"unboxed","ast-global-header-display":"","ast-banner-title-visibility":"","ast-main-header-display":"","ast-hfb-above-header-display":"","ast-hfb-below-header-display":"","ast-hfb-mobile-header-display":"","site-post-title":"disabled","ast-breadcrumbs-content":"","ast-featured-img":"disabled","footer-sml-layout":"","ast-disable-related-posts":"","theme-transparent-header-meta":"enabled","adv-header-id-meta":"","stick-header-meta":"","header-above-stick-meta":"","header-main-stick-meta":"","header-below-stick-meta":"","astra-migrate-meta-layouts":"set","ast-page-background-enabled":"default","ast-page-background-meta":{"desktop":{"background-color":"","background-image":"","background-repeat":"repeat","background-position":"center center","background-size":"auto","background-attachment":"scroll","background-type":"","background-media":"","overlay-type":"","overlay-color":"","overlay-opacity":"","overlay-gradient":""},"tablet":{"background-color":"","background-image":"","background-repeat":"repeat","background-position":"center center","background-size":"auto","background-attachment":"scroll","background-type":"","background-media":"","overlay-type":"","overlay-color":"","overlay-opacity":"","overlay-gradient":""},"mobile":{"background-color":"","background-image":"","background-repeat":"repeat","background-position":"center center","background-size":"auto","background-attachment":"scroll","background-type":"","background-media":"","overlay-type":"","overlay-color":"","overlay-opacity":"","overlay-gradient":""}},"ast-content-background-meta":{"desktop":{"background-color":"var(--ast-global-color-5)","background-image":"","background-repeat":"repeat","background-position":"center center","background-size":"auto","background-attachment":"scroll","background-type":"","background-media":"","overlay-type":"","overlay-color":"","overlay-opacity":"","overlay-gradient":""},"tablet":{"background-color":"var(--ast-global-color-5)","background-image":"","background-repeat":"repeat","background-position":"center center","background-size":"auto","background-attachment":"scroll","background-type":"","background-media":"","overlay-type":"","overlay-color":"","overlay-opacity":"","overlay-gradient":""},"mobile":{"background-color":"var(--ast-global-color-5)","background-image":"","background-repeat":"repeat","background-position":"center center","background-size":"auto","background-attachment":"scroll","background-type":"","background-media":"","overlay-type":"","overlay-color":"","overlay-opacity":"","overlay-gradient":""}},"footnotes":""},"class_list":["post-8","page","type-page","status-publish","hentry"],"_links":{"self":[{"href":"https:\/\/reanpackaging.com\/cs\/wp-json\/wp\/v2\/pages\/8","targetHints":{"allow":["GET"]}}],"collection":[{"href":"https:\/\/reanpackaging.com\/cs\/wp-json\/wp\/v2\/pages"}],"about":[{"href":"https:\/\/reanpackaging.com\/cs\/wp-json\/wp\/v2\/types\/page"}],"author":[{"embeddable":true,"href":"https:\/\/reanpackaging.com\/cs\/wp-json\/wp\/v2\/users\/1"}],"replies":[{"embeddable":true,"href":"https:\/\/reanpackaging.com\/cs\/wp-json\/wp\/v2\/comments?post=8"}],"version-history":[{"count":1,"href":"https:\/\/reanpackaging.com\/cs\/wp-json\/wp\/v2\/pages\/8\/revisions"}],"predecessor-version":[{"id":26648,"href":"https:\/\/reanpackaging.com\/cs\/wp-json\/wp\/v2\/pages\/8\/revisions\/26648"}],"wp:attachment":[{"href":"https:\/\/reanpackaging.com\/cs\/wp-json\/wp\/v2\/media?parent=8"}],"curies":[{"name":"wp","href":"https:\/\/api.w.org\/{rel}","templated":true}]}}