{"id":10665,"date":"2023-09-27T07:08:01","date_gmt":"2023-09-27T07:08:01","guid":{"rendered":"http:\/\/ibn.wyd.mybluehost.me\/reanpackaging.com\/product\/poly-mailer-envelopes-shipping-supplies-packing-plastic-mailer-bagpackaging-bags-clothing-parcel-bag-business-courier-bag\/"},"modified":"2024-10-01T16:44:15","modified_gmt":"2024-10-01T16:44:15","slug":"poly-mailer-envelopes-shipping-supplies-packing-plastic-mailer-bagpackaging-bags-clothing-parcel-bag-business-courier-bag","status":"publish","type":"product","link":"https:\/\/reanpackaging.com\/cs\/produkt\/poly-mailer-envelopes-shipping-supplies-packing-plastic-mailer-bagpackaging-bags-clothing-parcel-bag-business-courier-bag\/","title":{"rendered":"Poly Mailer ob\u00e1lky P\u0159epravn\u00ed pot\u0159eby Balen\u00ed plastov\u00e9 Mailer Bagpackaging Bags Od\u011bvn\u00ed bal\u00ed\u010dek Bag Business Courier Bag"},"content":{"rendered":"<h4>Atributy specifick\u00e9 pro dan\u00e9 odv\u011btv\u00ed<\/h4>\n<table border=\"1\">\n<tr>\n<td><strong>Materi\u00e1l<\/strong><\/td>\n<td>POLY<\/td>\n<\/tr>\n<\/table>\n<h4>Dal\u0161\u00ed atributy<\/h4>\n<table border=\"1\">\n<tr>\n<td><strong>Pr\u016fmyslov\u00e9 vyu\u017eit\u00ed<\/strong><\/td>\n<td>Bal\u00ed\u010dek<\/td>\n<\/tr>\n<tr>\n<td><strong>Funkce<\/strong><\/td>\n<td>Vod\u011bodoln\u00fd, ekologick\u00fd, netoxick\u00fd, odoln\u00fd proti vlhkosti, odoln\u00fd proti roztr\u017een\u00ed...<\/td>\n<\/tr>\n<tr>\n<td><strong>Barva<\/strong><\/td>\n<td>r\u016f\u017eov\u00e1, \u017elut\u00e1, modr\u00e1, fialov\u00e1, zelen\u00e1, \u010derven\u00e1, \u010dern\u00e1.<\/td>\n<\/tr>\n<tr>\n<td><strong>Styl \/ odolnost<\/strong><\/td>\n<td>Pevn\u00e1 ta\u0161ka, m\u011bkk\u00e1 ta\u0161ka \/ 12 kg nebo v\u00edce<\/td>\n<\/tr>\n<tr>\n<td><strong>Pou\u017eit\u00ed<\/strong><\/td>\n<td>Od\u011bvy, boty, spodn\u00ed pr\u00e1dlo, d\u011btsk\u00e9 oble\u010den\u00ed, ko\u017ee\u0161iny, od\u011bvy a obaly..<\/td>\n<\/tr>\n<tr>\n<td><strong>Materi\u00e1l<\/strong><\/td>\n<td>3 vrstvy koextrudovan\u00e9, mo\u017enost ( ekologicky \u0161etrn\u00e9, biologicky rozlo\u017eiteln\u00e9 )<\/td>\n<\/tr>\n<tr>\n<td><strong>T\u011bsn\u011bn\u00ed na hran\u011b \/ Uz\u00e1v\u011br<\/strong><\/td>\n<td>Oboustrann\u011b samolepic\u00ed s tavn\u00fdm lepidlem \/ Peel and Seal<\/td>\n<\/tr>\n<tr>\n<td><strong>Tlou\u0161\u0165ka<\/strong><\/td>\n<td>50 ~ 100 mikron\u016f \/ vlastn\u00ed podle pot\u0159eby<\/td>\n<\/tr>\n<tr>\n<td><strong>Certifik\u00e1t<\/strong><\/td>\n<td>ISO, ROHS atd.<\/td>\n<\/tr>\n<tr>\n<td><strong>Design\/tisk<\/strong><\/td>\n<td>Vlastn\u00ed design \/ Hlubotisk (m\u011bd\u011bnou deskou)<\/td>\n<\/tr>\n<tr>\n<td><strong>Vzorov\u00e9 z\u00e1sady<\/strong><\/td>\n<td>Vzorek na zak\u00e1zku zdarma<\/td>\n<\/tr>\n<\/table>\n<p><img decoding=\"async\" class=\"detail-desc-decorate-image\" src=\"http:\/\/ibn.wyd.mybluehost.me\/reanpackaging.com\/wp-content\/uploads\/2023\/09\/1-description-Poly-Mailer-Envelopes-Shipping-Supplies-Packing-Plastic-Mailer-Bagpackaging-Bags-Clothing-Parcel-Bag-Business-Courier-Bag.jpg\" slate-data-type=\"image\" style=\"max-width: 100%; height: auto; display: block; margin: 0 auto;\"><br \/>\n<img decoding=\"async\" class=\"detail-desc-decorate-image\" src=\"http:\/\/ibn.wyd.mybluehost.me\/reanpackaging.com\/wp-content\/uploads\/2023\/09\/3-description-Poly-Mailer-Envelopes-Shipping-Supplies-Packing-Plastic-Mailer-Bagpackaging-Bags-Clothing-Parcel-Bag-Business-Courier-Bag.jpg\" slate-data-type=\"image\" style=\"max-width: 100%; height: auto; display: block; margin: 0 auto;\"><br \/>\n<img decoding=\"async\" class=\"detail-desc-decorate-image\" src=\"http:\/\/ibn.wyd.mybluehost.me\/reanpackaging.com\/wp-content\/uploads\/2023\/09\/4-description-Poly-Mailer-Envelopes-Shipping-Supplies-Packing-Plastic-Mailer-Bagpackaging-Bags-Clothing-Parcel-Bag-Business-Courier-Bag.jpg\" slate-data-type=\"image\" style=\"max-width: 100%; height: auto; display: block; margin: 0 auto;\"><br \/>\n<img decoding=\"async\" class=\"detail-desc-decorate-image\" src=\"http:\/\/ibn.wyd.mybluehost.me\/reanpackaging.com\/wp-content\/uploads\/2023\/09\/5-description-Poly-Mailer-Envelopes-Shipping-Supplies-Packing-Plastic-Mailer-Bagpackaging-Bags-Clothing-Parcel-Bag-Business-Courier-Bag.jpg\" slate-data-type=\"image\" style=\"max-width: 100%; height: auto; display: block; margin: 0 auto;\"><\/p>","protected":false},"excerpt":{"rendered":"<p>Industry-Specific Attributes Material POLY Other Attributes Industrial Use Package Feature Waterproof, Eco-friendly, Non-toxic, Moisture Resistant, Tear proof&#8230; Color pink,yellow,blue,purple,green,red,black.. Style \/ Durability Tough bag, Soft bag \/ 12 Kg or more Usage Clothing,Shoes, Underwear, children&#8217;s clothing, Fur, Garment&#038;Package.. Material 3 layers co-extruded, Option( Eco Friendly, Biodegradable ) Edge Seal \/ Closure Two Sides Self-seal with [&hellip;]<\/p>\n","protected":false},"featured_media":10630,"template":"","meta":{"_seopress_robots_primary_cat":"none","_seopress_titles_title":"","_seopress_titles_desc":"","_seopress_robots_index":"","site-sidebar-layout":"default","site-content-layout":"","ast-site-content-layout":"default","site-content-style":"default","site-sidebar-style":"default","ast-global-header-display":"","ast-banner-title-visibility":"","ast-main-header-display":"","ast-hfb-above-header-display":"","ast-hfb-below-header-display":"","ast-hfb-mobile-header-display":"","site-post-title":"","ast-breadcrumbs-content":"","ast-featured-img":"","footer-sml-layout":"","ast-disable-related-posts":"","theme-transparent-header-meta":"default","adv-header-id-meta":"","stick-header-meta":"default","header-above-stick-meta":"","header-main-stick-meta":"","header-below-stick-meta":"","astra-migrate-meta-layouts":"set","ast-page-background-enabled":"default","ast-page-background-meta":{"desktop":{"background-color":"","background-image":"","background-repeat":"repeat","background-position":"center center","background-size":"auto","background-attachment":"scroll","background-type":"","background-media":"","overlay-type":"","overlay-color":"","overlay-opacity":"","overlay-gradient":""},"tablet":{"background-color":"","background-image":"","background-repeat":"repeat","background-position":"center center","background-size":"auto","background-attachment":"scroll","background-type":"","background-media":"","overlay-type":"","overlay-color":"","overlay-opacity":"","overlay-gradient":""},"mobile":{"background-color":"","background-image":"","background-repeat":"repeat","background-position":"center center","background-size":"auto","background-attachment":"scroll","background-type":"","background-media":"","overlay-type":"","overlay-color":"","overlay-opacity":"","overlay-gradient":""}},"ast-content-background-meta":{"desktop":{"background-color":"var(--ast-global-color-5)","background-image":"","background-repeat":"repeat","background-position":"center center","background-size":"auto","background-attachment":"scroll","background-type":"","background-media":"","overlay-type":"","overlay-color":"","overlay-opacity":"","overlay-gradient":""},"tablet":{"background-color":"var(--ast-global-color-5)","background-image":"","background-repeat":"repeat","background-position":"center center","background-size":"auto","background-attachment":"scroll","background-type":"","background-media":"","overlay-type":"","overlay-color":"","overlay-opacity":"","overlay-gradient":""},"mobile":{"background-color":"var(--ast-global-color-5)","background-image":"","background-repeat":"repeat","background-position":"center center","background-size":"auto","background-attachment":"scroll","background-type":"","background-media":"","overlay-type":"","overlay-color":"","overlay-opacity":"","overlay-gradient":""}}},"product_brand":[],"product_cat":[38],"product_tag":[],"class_list":{"0":"post-10665","1":"product","2":"type-product","3":"status-publish","4":"has-post-thumbnail","6":"product_cat-plastic-bags","7":"desktop-align-left","8":"tablet-align-left","9":"mobile-align-left","10":"ast-product-gallery-layout-horizontal","11":"ast-product-tabs-layout-horizontal","13":"first","14":"instock","15":"purchasable","16":"product-type-simple"},"_links":{"self":[{"href":"https:\/\/reanpackaging.com\/cs\/wp-json\/wp\/v2\/product\/10665","targetHints":{"allow":["GET"]}}],"collection":[{"href":"https:\/\/reanpackaging.com\/cs\/wp-json\/wp\/v2\/product"}],"about":[{"href":"https:\/\/reanpackaging.com\/cs\/wp-json\/wp\/v2\/types\/product"}],"wp:featuredmedia":[{"embeddable":true,"href":"https:\/\/reanpackaging.com\/cs\/wp-json\/wp\/v2\/media\/10630"}],"wp:attachment":[{"href":"https:\/\/reanpackaging.com\/cs\/wp-json\/wp\/v2\/media?parent=10665"}],"wp:term":[{"taxonomy":"product_brand","embeddable":true,"href":"https:\/\/reanpackaging.com\/cs\/wp-json\/wp\/v2\/product_brand?post=10665"},{"taxonomy":"product_cat","embeddable":true,"href":"https:\/\/reanpackaging.com\/cs\/wp-json\/wp\/v2\/product_cat?post=10665"},{"taxonomy":"product_tag","embeddable":true,"href":"https:\/\/reanpackaging.com\/cs\/wp-json\/wp\/v2\/product_tag?post=10665"}],"curies":[{"name":"wp","href":"https:\/\/api.w.org\/{rel}","templated":true}]}}