{"id":10855,"date":"2023-09-27T14:16:01","date_gmt":"2023-09-27T14:16:01","guid":{"rendered":"http:\/\/ibn.wyd.mybluehost.me\/reanpackaging.com\/product\/logistics-transport-supplies-bubble-envelope-bags-mailing-bag-envelopes-bubble-mailing-bag-black-bubble-mailer\/"},"modified":"2023-09-27T14:16:01","modified_gmt":"2023-09-27T14:16:01","slug":"logistics-transport-supplies-bubble-envelope-bags-mailing-bag-envelopes-bubble-mailing-bag-black-bubble-mailer","status":"publish","type":"product","link":"https:\/\/reanpackaging.com\/cs\/produkt\/logistics-transport-supplies-bubble-envelope-bags-mailing-bag-envelopes-bubble-mailing-bag-black-bubble-mailer\/","title":{"rendered":"Logistika Dopravn\u00ed pot\u0159eby Bublinkov\u00e9 ob\u00e1lky Ta\u0161ky Po\u0161tovn\u00ed ta\u0161ky Ob\u00e1lky Bublinkov\u00e9 po\u0161tovn\u00ed ta\u0161ky \u010cern\u00e1 bublinkov\u00e1 po\u0161tovn\u00ed ta\u0161ka"},"content":{"rendered":"<h4>Atributy specifick\u00e9 pro dan\u00e9 odv\u011btv\u00ed<\/h4>\n<table border=\"1\">\n<tr>\n<td><strong>Materi\u00e1l<\/strong><\/td>\n<td>Poly Bubble<\/td>\n<\/tr>\n<\/table>\n<h4>Dal\u0161\u00ed atributy<\/h4>\n<table border=\"1\">\n<tr>\n<td><strong>Pr\u016fmyslov\u00e9 vyu\u017eit\u00ed<\/strong><\/td>\n<td>Kosmetika<\/td>\n<\/tr>\n<tr>\n<td><strong>N\u00e1zev produktu<\/strong><\/td>\n<td>po\u0161tovn\u00ed bublinkov\u00e1 ob\u00e1lka<\/td>\n<\/tr>\n<tr>\n<td><strong>Tisk<\/strong><\/td>\n<td>copperplate<\/td>\n<\/tr>\n<tr>\n<td><strong>T\u011bsn\u011bn\u00ed a rukoje\u0165<\/strong><\/td>\n<td>Siln\u00e9 lepic\u00ed t\u011bsn\u011bn\u00ed<\/td>\n<\/tr>\n<tr>\n<td><strong>Funkce 1<\/strong><\/td>\n<td>Odolnost proti n\u00e1raz\u016fm<\/td>\n<\/tr>\n<tr>\n<td><strong>Funkce 2<\/strong><\/td>\n<td>Vodot\u011bsn\u00fd Ekologicky \u0161etrn\u00fd Netoxick\u00fd<\/td>\n<\/tr>\n<tr>\n<td><strong>Aplikace<\/strong><\/td>\n<td>Balen\u00ed<\/td>\n<\/tr>\n<tr>\n<td><strong>Polo\u017eka<\/strong><\/td>\n<td>polstrovan\u00e9 po\u0161tovn\u00ed bra\u0161ny<\/td>\n<\/tr>\n<tr>\n<td><strong>Kl\u00ed\u010dov\u00e1 slova<\/strong><\/td>\n<td>polyetyl\u00e9nov\u00fd po\u0161tovn\u00ed obal s bublinkovou f\u00f3li\u00ed<\/td>\n<\/tr>\n<tr>\n<td><strong>Styl<\/strong><\/td>\n<td>Buble mailers<\/td>\n<\/tr>\n<\/table>\n<p><img decoding=\"async\" class=\"detail-desc-decorate-image\" src=\"http:\/\/ibn.wyd.mybluehost.me\/reanpackaging.com\/wp-content\/uploads\/2023\/09\/1-description-Logistics-Transport-Supplies-Bubble-Envelope-Bags-Mailing-Bag-Envelopes-Bubble-Mailing-Bag-Black-Bubble-Mailer.jpg\" slate-data-type=\"image\" style=\"max-width: 100%; height: auto; display: block; margin: 0 auto;\"><br \/>\n<img decoding=\"async\" class=\"detail-desc-decorate-image\" src=\"http:\/\/ibn.wyd.mybluehost.me\/reanpackaging.com\/wp-content\/uploads\/2023\/09\/2-description-Logistics-Transport-Supplies-Bubble-Envelope-Bags-Mailing-Bag-Envelopes-Bubble-Mailing-Bag-Black-Bubble-Mailer.jpg\" slate-data-type=\"image\" style=\"max-width: 100%; height: auto; display: block; margin: 0 auto;\"><br \/>\n<img decoding=\"async\" class=\"detail-desc-decorate-image\" src=\"http:\/\/ibn.wyd.mybluehost.me\/reanpackaging.com\/wp-content\/uploads\/2023\/09\/3-description-Logistics-Transport-Supplies-Bubble-Envelope-Bags-Mailing-Bag-Envelopes-Bubble-Mailing-Bag-Black-Bubble-Mailer.jpg\" slate-data-type=\"image\" style=\"max-width: 100%; height: auto; display: block; margin: 0 auto;\"><br \/>\n<img decoding=\"async\" class=\"detail-desc-decorate-image\" src=\"http:\/\/ibn.wyd.mybluehost.me\/reanpackaging.com\/wp-content\/uploads\/2023\/09\/4-description-Logistics-Transport-Supplies-Bubble-Envelope-Bags-Mailing-Bag-Envelopes-Bubble-Mailing-Bag-Black-Bubble-Mailer.jpg\" slate-data-type=\"image\" style=\"max-width: 100%; height: auto; display: block; margin: 0 auto;\"><br \/>\n<img decoding=\"async\" class=\"detail-desc-decorate-image\" src=\"http:\/\/ibn.wyd.mybluehost.me\/reanpackaging.com\/wp-content\/uploads\/2023\/09\/5-description-Logistics-Transport-Supplies-Bubble-Envelope-Bags-Mailing-Bag-Envelopes-Bubble-Mailing-Bag-Black-Bubble-Mailer.jpg\" slate-data-type=\"image\" style=\"max-width: 100%; height: auto; display: block; margin: 0 auto;\"><\/p>","protected":false},"excerpt":{"rendered":"<p>Industry-Specific Attributes Material Poly Bubble Other Attributes Industrial Use Cosmetic Product name mailing bubble envelope Printing copperplate Sealing &#038; Handle Strong Adhesive Seal Feature 1 Shock Resistance Feature 2 Waterproof Eco-friendly Non-toxic Application Packaging Item padded postal satchels Keywords poly mailer with bubble wrap Style buble mailers<\/p>","protected":false},"featured_media":10782,"template":"","meta":{"_seopress_robots_primary_cat":"","_seopress_titles_title":"","_seopress_titles_desc":"","_seopress_robots_index":"","site-sidebar-layout":"default","site-content-layout":"","ast-site-content-layout":"default","site-content-style":"default","site-sidebar-style":"default","ast-global-header-display":"","ast-banner-title-visibility":"","ast-main-header-display":"","ast-hfb-above-header-display":"","ast-hfb-below-header-display":"","ast-hfb-mobile-header-display":"","site-post-title":"","ast-breadcrumbs-content":"","ast-featured-img":"","footer-sml-layout":"","ast-disable-related-posts":"","theme-transparent-header-meta":"","adv-header-id-meta":"","stick-header-meta":"","header-above-stick-meta":"","header-main-stick-meta":"","header-below-stick-meta":"","astra-migrate-meta-layouts":"default","ast-page-background-enabled":"default","ast-page-background-meta":{"desktop":{"background-color":"","background-image":"","background-repeat":"repeat","background-position":"center center","background-size":"auto","background-attachment":"scroll","background-type":"","background-media":"","overlay-type":"","overlay-color":"","overlay-opacity":"","overlay-gradient":""},"tablet":{"background-color":"","background-image":"","background-repeat":"repeat","background-position":"center center","background-size":"auto","background-attachment":"scroll","background-type":"","background-media":"","overlay-type":"","overlay-color":"","overlay-opacity":"","overlay-gradient":""},"mobile":{"background-color":"","background-image":"","background-repeat":"repeat","background-position":"center center","background-size":"auto","background-attachment":"scroll","background-type":"","background-media":"","overlay-type":"","overlay-color":"","overlay-opacity":"","overlay-gradient":""}},"ast-content-background-meta":{"desktop":{"background-color":"var(--ast-global-color-5)","background-image":"","background-repeat":"repeat","background-position":"center center","background-size":"auto","background-attachment":"scroll","background-type":"","background-media":"","overlay-type":"","overlay-color":"","overlay-opacity":"","overlay-gradient":""},"tablet":{"background-color":"var(--ast-global-color-5)","background-image":"","background-repeat":"repeat","background-position":"center center","background-size":"auto","background-attachment":"scroll","background-type":"","background-media":"","overlay-type":"","overlay-color":"","overlay-opacity":"","overlay-gradient":""},"mobile":{"background-color":"var(--ast-global-color-5)","background-image":"","background-repeat":"repeat","background-position":"center center","background-size":"auto","background-attachment":"scroll","background-type":"","background-media":"","overlay-type":"","overlay-color":"","overlay-opacity":"","overlay-gradient":""}}},"product_brand":[],"product_cat":[51],"product_tag":[],"class_list":{"0":"post-10855","1":"product","2":"type-product","3":"status-publish","4":"has-post-thumbnail","6":"product_cat-shipping-supplies","7":"desktop-align-left","8":"tablet-align-left","9":"mobile-align-left","10":"ast-product-gallery-layout-horizontal","11":"ast-product-tabs-layout-horizontal","13":"first","14":"instock","15":"product-type-simple"},"_links":{"self":[{"href":"https:\/\/reanpackaging.com\/cs\/wp-json\/wp\/v2\/product\/10855","targetHints":{"allow":["GET"]}}],"collection":[{"href":"https:\/\/reanpackaging.com\/cs\/wp-json\/wp\/v2\/product"}],"about":[{"href":"https:\/\/reanpackaging.com\/cs\/wp-json\/wp\/v2\/types\/product"}],"wp:featuredmedia":[{"embeddable":true,"href":"https:\/\/reanpackaging.com\/cs\/wp-json\/wp\/v2\/media\/10782"}],"wp:attachment":[{"href":"https:\/\/reanpackaging.com\/cs\/wp-json\/wp\/v2\/media?parent=10855"}],"wp:term":[{"taxonomy":"product_brand","embeddable":true,"href":"https:\/\/reanpackaging.com\/cs\/wp-json\/wp\/v2\/product_brand?post=10855"},{"taxonomy":"product_cat","embeddable":true,"href":"https:\/\/reanpackaging.com\/cs\/wp-json\/wp\/v2\/product_cat?post=10855"},{"taxonomy":"product_tag","embeddable":true,"href":"https:\/\/reanpackaging.com\/cs\/wp-json\/wp\/v2\/product_tag?post=10855"}],"curies":[{"name":"wp","href":"https:\/\/api.w.org\/{rel}","templated":true}]}}