{"id":11113,"date":"2023-09-27T15:58:40","date_gmt":"2023-09-27T15:58:40","guid":{"rendered":"http:\/\/ibn.wyd.mybluehost.me\/reanpackaging.com\/product\/custom-printed-logo-black-gold-poly-mailer-clothing-packaging-shipping-envelopes-plastic-courier-delivery-webshop-mailing-bag\/"},"modified":"2024-07-30T07:21:51","modified_gmt":"2024-07-30T07:21:51","slug":"custom-printed-logo-black-gold-poly-mailer-clothing-packaging-shipping-envelopes-plastic-courier-delivery-webshop-mailing-bag","status":"publish","type":"product","link":"https:\/\/reanpackaging.com\/cs\/produkt\/custom-printed-logo-black-gold-poly-mailer-clothing-packaging-shipping-envelopes-plastic-courier-delivery-webshop-mailing-bag\/","title":{"rendered":"Vlastn\u00ed ti\u0161t\u011bn\u00e9 logo \u010cern\u00e9 zlato Poly Mailer Oble\u010den\u00ed Balen\u00ed Dopravn\u00ed ob\u00e1lky Plastov\u00e9 kur\u00fdrn\u00ed doru\u010den\u00ed Webshop Po\u0161tovn\u00ed ta\u0161ka"},"content":{"rendered":"<h4>Atributy specifick\u00e9 pro dan\u00e9 odv\u011btv\u00ed<\/h4>\n<table border=\"1\">\n<tr>\n<td><strong>Materi\u00e1l<\/strong><\/td>\n<td>POLY<\/td>\n<\/tr>\n<\/table>\n<h4>Dal\u0161\u00ed atributy<\/h4>\n<table border=\"1\">\n<tr>\n<td><strong>Pr\u016fmyslov\u00e9 vyu\u017eit\u00ed<\/strong><\/td>\n<td>Obuv a oble\u010den\u00ed<\/td>\n<\/tr>\n<tr>\n<td><strong>Plastov\u00e9 jm\u00e9no<\/strong><\/td>\n<td>vlastn\u00ed po\u0161tovn\u00ed ta\u0161ka<\/td>\n<\/tr>\n<tr>\n<td><strong>Barva<\/strong><\/td>\n<td>R\u016f\u017eov\u00e1, b\u00edl\u00e1, \u010dern\u00e1, na zak\u00e1zku<\/td>\n<\/tr>\n<tr>\n<td><strong>Velikost<\/strong><\/td>\n<td>P\u0159izp\u016fsoben\u00e9<\/td>\n<\/tr>\n<tr>\n<td><strong>Pr\u016fmyslov\u00e9 vyu\u017eit\u00ed<\/strong><\/td>\n<td>Po\u0161tovn\u00ed adresa<\/td>\n<\/tr>\n<tr>\n<td><strong>Funkce<\/strong><\/td>\n<td>Biologicky rozlo\u017eiteln\u00e9<\/td>\n<\/tr>\n<tr>\n<td><strong>Logo<\/strong><\/td>\n<td>Logo z\u00e1kazn\u00edka<\/td>\n<\/tr>\n<tr>\n<td><strong>Manipulace s povrchem<\/strong><\/td>\n<td>Hlubotisk<\/td>\n<\/tr>\n<tr>\n<td><strong>Typ ta\u0161ky<\/strong><\/td>\n<td>Bo\u010dn\u00ed kl\u00ednov\u00e1 ta\u0161ka<\/td>\n<\/tr>\n<tr>\n<td><strong>Pou\u017eit\u00ed<\/strong><\/td>\n<td>Balen\u00ed pro expresn\u00ed dod\u00e1n\u00ed<\/td>\n<\/tr>\n<tr>\n<td><strong>Tisk<\/strong><\/td>\n<td>P\u0159ijat\u00e9 logo Printig<\/td>\n<\/tr>\n<\/table>\n<p><img decoding=\"async\" class=\"detail-desc-decorate-image\" src=\"http:\/\/ibn.wyd.mybluehost.me\/reanpackaging.com\/wp-content\/uploads\/2023\/09\/12-description-Custom-Printed-Logo-Black-Gold-Poly-Mailer-Clothing-Packaging-Shipping-Envelopes-Plastic-Courier-Delivery-Webshop-Mailing-Bag.jpg\" slate-data-type=\"image\" style=\"max-width: 100%; height: auto; display: block; margin: 0 auto;\"><br \/>\n<img decoding=\"async\" class=\"detail-desc-decorate-image\" src=\"http:\/\/ibn.wyd.mybluehost.me\/reanpackaging.com\/wp-content\/uploads\/2023\/09\/15-description-Custom-Printed-Logo-Black-Gold-Poly-Mailer-Clothing-Packaging-Shipping-Envelopes-Plastic-Courier-Delivery-Webshop-Mailing-Bag.jpg\" slate-data-type=\"image\" style=\"max-width: 100%; height: auto; display: block; margin: 0 auto;\"><br \/>\n<img decoding=\"async\" class=\"detail-desc-decorate-image\" src=\"http:\/\/ibn.wyd.mybluehost.me\/reanpackaging.com\/wp-content\/uploads\/2023\/09\/16-description-Custom-Printed-Logo-Black-Gold-Poly-Mailer-Clothing-Packaging-Shipping-Envelopes-Plastic-Courier-Delivery-Webshop-Mailing-Bag.jpg\" slate-data-type=\"image\" style=\"max-width: 100%; height: auto; display: block; margin: 0 auto;\"><br \/>\n<img decoding=\"async\" class=\"detail-desc-decorate-image\" src=\"http:\/\/ibn.wyd.mybluehost.me\/reanpackaging.com\/wp-content\/uploads\/2023\/09\/17-description-Custom-Printed-Logo-Black-Gold-Poly-Mailer-Clothing-Packaging-Shipping-Envelopes-Plastic-Courier-Delivery-Webshop-Mailing-Bag.jpg\" slate-data-type=\"image\" style=\"max-width: 100%; height: auto; display: block; margin: 0 auto;\"><br \/>\n<img decoding=\"async\" class=\"detail-desc-decorate-image\" src=\"http:\/\/ibn.wyd.mybluehost.me\/reanpackaging.com\/wp-content\/uploads\/2023\/09\/18-description-Custom-Printed-Logo-Black-Gold-Poly-Mailer-Clothing-Packaging-Shipping-Envelopes-Plastic-Courier-Delivery-Webshop-Mailing-Bag.jpg\" slate-data-type=\"image\" style=\"max-width: 100%; height: auto; display: block; margin: 0 auto;\"><br \/>\n<img decoding=\"async\" class=\"detail-desc-decorate-image\" src=\"http:\/\/ibn.wyd.mybluehost.me\/reanpackaging.com\/wp-content\/uploads\/2023\/09\/19-description-Custom-Printed-Logo-Black-Gold-Poly-Mailer-Clothing-Packaging-Shipping-Envelopes-Plastic-Courier-Delivery-Webshop-Mailing-Bag.jpg\" slate-data-type=\"image\" style=\"max-width: 100%; height: auto; display: block; margin: 0 auto;\"><br \/>\n<img decoding=\"async\" class=\"detail-desc-decorate-image\" src=\"http:\/\/ibn.wyd.mybluehost.me\/reanpackaging.com\/wp-content\/uploads\/2023\/09\/3-description-Custom-Printed-Logo-Black-Gold-Poly-Mailer-Clothing-Packaging-Shipping-Envelopes-Plastic-Courier-Delivery-Webshop-Mailing-Bag.jpg\" slate-data-type=\"image\" style=\"max-width: 100%; height: auto; display: block; margin: 0 auto;\"><br \/>\n<img decoding=\"async\" class=\"detail-desc-decorate-image\" src=\"http:\/\/ibn.wyd.mybluehost.me\/reanpackaging.com\/wp-content\/uploads\/2023\/09\/4-description-Custom-Printed-Logo-Black-Gold-Poly-Mailer-Clothing-Packaging-Shipping-Envelopes-Plastic-Courier-Delivery-Webshop-Mailing-Bag.jpg\" slate-data-type=\"image\" style=\"max-width: 100%; height: auto; display: block; margin: 0 auto;\"><br \/>\n<img decoding=\"async\" class=\"detail-desc-decorate-image\" src=\"http:\/\/ibn.wyd.mybluehost.me\/reanpackaging.com\/wp-content\/uploads\/2023\/09\/5-description-Custom-Printed-Logo-Black-Gold-Poly-Mailer-Clothing-Packaging-Shipping-Envelopes-Plastic-Courier-Delivery-Webshop-Mailing-Bag.jpg\" slate-data-type=\"image\" style=\"max-width: 100%; height: auto; display: block; margin: 0 auto;\"><br \/>\n<img decoding=\"async\" class=\"detail-desc-decorate-image\" src=\"http:\/\/ibn.wyd.mybluehost.me\/reanpackaging.com\/wp-content\/uploads\/2023\/09\/6-description-Custom-Printed-Logo-Black-Gold-Poly-Mailer-Clothing-Packaging-Shipping-Envelopes-Plastic-Courier-Delivery-Webshop-Mailing-Bag.jpg\" slate-data-type=\"image\" style=\"max-width: 100%; height: auto; display: block; margin: 0 auto;\"><\/p>","protected":false},"excerpt":{"rendered":"<p>Industry-Specific Attributes Material POLY Other Attributes Industrial Use Shoes &#038; clothing Plastic Name custom mailing bag Color Pink, White, Black, customized Size Customized Industrial Use Mailing Feature Biodegradable Logo Customer&#8217;s Logo Surface Handling Gravure Printing Bag Type Side Gusset Bag Usage Express Delivery Packaging Printing Accepted Logo Printig<\/p>","protected":false},"featured_media":11036,"template":"","meta":{"_seopress_robots_primary_cat":"none","_seopress_titles_title":"","_seopress_titles_desc":"","_seopress_robots_index":"","site-sidebar-layout":"default","site-content-layout":"","ast-site-content-layout":"default","site-content-style":"default","site-sidebar-style":"default","ast-global-header-display":"","ast-banner-title-visibility":"","ast-main-header-display":"","ast-hfb-above-header-display":"","ast-hfb-below-header-display":"","ast-hfb-mobile-header-display":"","site-post-title":"","ast-breadcrumbs-content":"","ast-featured-img":"","footer-sml-layout":"","ast-disable-related-posts":"","theme-transparent-header-meta":"default","adv-header-id-meta":"","stick-header-meta":"default","header-above-stick-meta":"","header-main-stick-meta":"","header-below-stick-meta":"","astra-migrate-meta-layouts":"set","ast-page-background-enabled":"default","ast-page-background-meta":{"desktop":{"background-color":"","background-image":"","background-repeat":"repeat","background-position":"center center","background-size":"auto","background-attachment":"scroll","background-type":"","background-media":"","overlay-type":"","overlay-color":"","overlay-opacity":"","overlay-gradient":""},"tablet":{"background-color":"","background-image":"","background-repeat":"repeat","background-position":"center center","background-size":"auto","background-attachment":"scroll","background-type":"","background-media":"","overlay-type":"","overlay-color":"","overlay-opacity":"","overlay-gradient":""},"mobile":{"background-color":"","background-image":"","background-repeat":"repeat","background-position":"center center","background-size":"auto","background-attachment":"scroll","background-type":"","background-media":"","overlay-type":"","overlay-color":"","overlay-opacity":"","overlay-gradient":""}},"ast-content-background-meta":{"desktop":{"background-color":"var(--ast-global-color-5)","background-image":"","background-repeat":"repeat","background-position":"center center","background-size":"auto","background-attachment":"scroll","background-type":"","background-media":"","overlay-type":"","overlay-color":"","overlay-opacity":"","overlay-gradient":""},"tablet":{"background-color":"var(--ast-global-color-5)","background-image":"","background-repeat":"repeat","background-position":"center center","background-size":"auto","background-attachment":"scroll","background-type":"","background-media":"","overlay-type":"","overlay-color":"","overlay-opacity":"","overlay-gradient":""},"mobile":{"background-color":"var(--ast-global-color-5)","background-image":"","background-repeat":"repeat","background-position":"center center","background-size":"auto","background-attachment":"scroll","background-type":"","background-media":"","overlay-type":"","overlay-color":"","overlay-opacity":"","overlay-gradient":""}}},"product_brand":[],"product_cat":[52],"product_tag":[],"class_list":{"0":"post-11113","1":"product","2":"type-product","3":"status-publish","4":"has-post-thumbnail","6":"product_cat-poly-bags","7":"desktop-align-left","8":"tablet-align-left","9":"mobile-align-left","10":"ast-product-gallery-layout-horizontal","11":"ast-product-tabs-layout-horizontal","13":"first","14":"instock","15":"product-type-simple"},"_links":{"self":[{"href":"https:\/\/reanpackaging.com\/cs\/wp-json\/wp\/v2\/product\/11113","targetHints":{"allow":["GET"]}}],"collection":[{"href":"https:\/\/reanpackaging.com\/cs\/wp-json\/wp\/v2\/product"}],"about":[{"href":"https:\/\/reanpackaging.com\/cs\/wp-json\/wp\/v2\/types\/product"}],"wp:featuredmedia":[{"embeddable":true,"href":"https:\/\/reanpackaging.com\/cs\/wp-json\/wp\/v2\/media\/11036"}],"wp:attachment":[{"href":"https:\/\/reanpackaging.com\/cs\/wp-json\/wp\/v2\/media?parent=11113"}],"wp:term":[{"taxonomy":"product_brand","embeddable":true,"href":"https:\/\/reanpackaging.com\/cs\/wp-json\/wp\/v2\/product_brand?post=11113"},{"taxonomy":"product_cat","embeddable":true,"href":"https:\/\/reanpackaging.com\/cs\/wp-json\/wp\/v2\/product_cat?post=11113"},{"taxonomy":"product_tag","embeddable":true,"href":"https:\/\/reanpackaging.com\/cs\/wp-json\/wp\/v2\/product_tag?post=11113"}],"curies":[{"name":"wp","href":"https:\/\/api.w.org\/{rel}","templated":true}]}}