{"id":12740,"date":"2023-10-14T17:57:49","date_gmt":"2023-10-14T17:57:49","guid":{"rendered":"http:\/\/ibn.wyd.mybluehost.me\/reanpackaging.com\/product\/luxury-custom-printed-color-clothes-postal-mailing-cardboard-box-zipper-mailer-shipping-clothing-gift-packaging-boxes\/"},"modified":"2024-10-01T16:40:41","modified_gmt":"2024-10-01T16:40:41","slug":"luxury-custom-printed-color-clothes-postal-mailing-cardboard-box-zipper-mailer-shipping-clothing-gift-packaging-boxes","status":"publish","type":"product","link":"https:\/\/reanpackaging.com\/cs\/produkt\/luxury-custom-printed-color-clothes-postal-mailing-cardboard-box-zipper-mailer-shipping-clothing-gift-packaging-boxes\/","title":{"rendered":"Luxusn\u00ed vlastn\u00ed ti\u0161t\u011bn\u00e9 barevn\u00e9 od\u011bvy Po\u0161tovn\u00ed po\u0161tovn\u00ed kartonov\u00e9 krabice Zipper Mailer P\u0159epravn\u00ed od\u011bvn\u00ed d\u00e1rkov\u00e9 krabice"},"content":{"rendered":"<h4>Atributy specifick\u00e9 pro dan\u00e9 odv\u011btv\u00ed<\/h4>\n<table border=\"1\">\n<tr>\n<td><strong>Pr\u016fmyslov\u00e9 vyu\u017eit\u00ed<\/strong><\/td>\n<td>Obuv a oble\u010den\u00ed<\/td>\n<\/tr>\n<tr>\n<td><strong>Typ pap\u00edru<\/strong><\/td>\n<td>Vlnit\u00e1 lepenka<\/td>\n<\/tr>\n<tr>\n<td><strong>Funkce<\/strong><\/td>\n<td>Recyklovan\u00e9 materi\u00e1ly<\/td>\n<\/tr>\n<\/table>\n<h4>Dal\u0161\u00ed atributy<\/h4>\n<table border=\"1\">\n<tr>\n<td><strong>Typ krabice<\/strong><\/td>\n<td>Samostaviteln\u00e9 boxy<\/td>\n<\/tr>\n<tr>\n<td><strong>Manipulace s tiskem<\/strong><\/td>\n<td>Matn\u00e1 laminace, lakov\u00e1n\u00ed, ra\u017eba, reli\u00e9fn\u00ed tisk, leskl\u00e1 laminace, UV lakov\u00e1n\u00ed, VANISHING, zlat\u00e1 f\u00f3lie<\/td>\n<\/tr>\n<tr>\n<td><strong>Vlastn\u00ed objedn\u00e1vka<\/strong><\/td>\n<td>P\u0159ijmout<\/td>\n<\/tr>\n<tr>\n<td><strong>Tvar<\/strong><\/td>\n<td>P\u0159izp\u016fsoben\u00e9 na z\u00e1klad\u011b<\/td>\n<\/tr>\n<tr>\n<td><strong>N\u00e1zev produktu:<\/strong><\/td>\n<td>Kartonov\u00e1 krabice zip po\u0161tovn\u00ed p\u0159epravce oble\u010den\u00ed d\u00e1rkov\u00e9 balen\u00ed krabice<\/td>\n<\/tr>\n<tr>\n<td><strong>Materi\u00e1l<\/strong><\/td>\n<td>Pap\u00edr<\/td>\n<\/tr>\n<tr>\n<td><strong>Velikost:<\/strong><\/td>\n<td>P\u0159ij\u00edm\u00e1 se vlastn\u00ed velikost<\/td>\n<\/tr>\n<tr>\n<td><strong>Barva:<\/strong><\/td>\n<td>P\u0159ij\u00edm\u00e1n\u00ed vlastn\u00edch barev<\/td>\n<\/tr>\n<tr>\n<td><strong>Logo:<\/strong><\/td>\n<td>Vyti\u0161t\u011bn\u00e9 logo z\u00e1kazn\u00edka<\/td>\n<\/tr>\n<tr>\n<td><strong>Tisk:<\/strong><\/td>\n<td>\u010cty\u0159barevn\u00fd ofsetov\u00fd tisk CMYK<\/td>\n<\/tr>\n<tr>\n<td><strong>Pou\u017eit\u00ed:<\/strong><\/td>\n<td>Balen\u00ed v\u00fdrobku<\/td>\n<\/tr>\n<tr>\n<td><strong>Uk\u00e1zka<\/strong><\/td>\n<td>Dostupn\u00e9 na<\/td>\n<\/tr>\n<tr>\n<td><strong>Doba vzorkov\u00e1n\u00ed<\/strong><\/td>\n<td>3-5 dn\u00ed<\/td>\n<\/tr>\n<tr>\n<td><strong>MOQ:<\/strong><\/td>\n<td>300ks<\/td>\n<\/tr>\n<\/table>\n<p><img decoding=\"async\" class=\"detail-desc-decorate-image\" src=\"http:\/\/ibn.wyd.mybluehost.me\/reanpackaging.com\/wp-content\/uploads\/2023\/10\/2-description-Luxury-Custom-Printed-Color-Clothes-Postal-Mailing-Cardboard-Box-Zipper-Mailer-Shipping-Clothing-Gift-Packaging-Boxes.jpg\" slate-data-type=\"image\" style=\"max-width: 100%; height: auto; display: block; margin: 0 auto;\"><br \/>\n<img decoding=\"async\" class=\"detail-desc-decorate-image\" src=\"http:\/\/ibn.wyd.mybluehost.me\/reanpackaging.com\/wp-content\/uploads\/2023\/10\/3-description-Luxury-Custom-Printed-Color-Clothes-Postal-Mailing-Cardboard-Box-Zipper-Mailer-Shipping-Clothing-Gift-Packaging-Boxes.jpg\" slate-data-type=\"image\" style=\"max-width: 100%; height: auto; display: block; margin: 0 auto;\"><br \/>\n<img decoding=\"async\" class=\"detail-desc-decorate-image\" src=\"http:\/\/ibn.wyd.mybluehost.me\/reanpackaging.com\/wp-content\/uploads\/2023\/10\/4-description-Luxury-Custom-Printed-Color-Clothes-Postal-Mailing-Cardboard-Box-Zipper-Mailer-Shipping-Clothing-Gift-Packaging-Boxes.jpg\" slate-data-type=\"image\" style=\"max-width: 100%; height: auto; display: block; margin: 0 auto;\"><br \/>\n<img decoding=\"async\" class=\"detail-desc-decorate-image\" src=\"http:\/\/ibn.wyd.mybluehost.me\/reanpackaging.com\/wp-content\/uploads\/2023\/10\/5-description-Luxury-Custom-Printed-Color-Clothes-Postal-Mailing-Cardboard-Box-Zipper-Mailer-Shipping-Clothing-Gift-Packaging-Boxes.jpg\" slate-data-type=\"image\" style=\"max-width: 100%; height: auto; display: block; margin: 0 auto;\"><br \/>\n<img decoding=\"async\" class=\"detail-desc-decorate-image\" src=\"http:\/\/ibn.wyd.mybluehost.me\/reanpackaging.com\/wp-content\/uploads\/2023\/10\/6-description-Luxury-Custom-Printed-Color-Clothes-Postal-Mailing-Cardboard-Box-Zipper-Mailer-Shipping-Clothing-Gift-Packaging-Boxes.jpg\" slate-data-type=\"image\" style=\"max-width: 100%; height: auto; display: block; margin: 0 auto;\"><\/p>","protected":false},"excerpt":{"rendered":"<p>Industry-Specific Attributes Industrial Use Shoes &#038; clothing Paper Type Corrugated Board Feature Recycled Materials Other Attributes Box Type Self Erecting Boxes Printing Handling Matt Lamination, Varnishing, Stamping, Embossing, Glossy Lamination, UV Coating, VANISHING, Gold Foil Custom Order Accept Shape Customized Based Product name: Cardboard box zipper mailer shipping clothing gift packaging boxes Material Paper Size: [&hellip;]<\/p>\n","protected":false},"featured_media":12695,"template":"","meta":{"_seopress_robots_primary_cat":"none","_seopress_titles_title":"","_seopress_titles_desc":"","_seopress_robots_index":"","site-sidebar-layout":"default","site-content-layout":"","ast-site-content-layout":"default","site-content-style":"default","site-sidebar-style":"default","ast-global-header-display":"","ast-banner-title-visibility":"","ast-main-header-display":"","ast-hfb-above-header-display":"","ast-hfb-below-header-display":"","ast-hfb-mobile-header-display":"","site-post-title":"","ast-breadcrumbs-content":"","ast-featured-img":"","footer-sml-layout":"","ast-disable-related-posts":"","theme-transparent-header-meta":"default","adv-header-id-meta":"","stick-header-meta":"default","header-above-stick-meta":"","header-main-stick-meta":"","header-below-stick-meta":"","astra-migrate-meta-layouts":"set","ast-page-background-enabled":"default","ast-page-background-meta":{"desktop":{"background-color":"","background-image":"","background-repeat":"repeat","background-position":"center center","background-size":"auto","background-attachment":"scroll","background-type":"","background-media":"","overlay-type":"","overlay-color":"","overlay-opacity":"","overlay-gradient":""},"tablet":{"background-color":"","background-image":"","background-repeat":"repeat","background-position":"center center","background-size":"auto","background-attachment":"scroll","background-type":"","background-media":"","overlay-type":"","overlay-color":"","overlay-opacity":"","overlay-gradient":""},"mobile":{"background-color":"","background-image":"","background-repeat":"repeat","background-position":"center center","background-size":"auto","background-attachment":"scroll","background-type":"","background-media":"","overlay-type":"","overlay-color":"","overlay-opacity":"","overlay-gradient":""}},"ast-content-background-meta":{"desktop":{"background-color":"var(--ast-global-color-5)","background-image":"","background-repeat":"repeat","background-position":"center center","background-size":"auto","background-attachment":"scroll","background-type":"","background-media":"","overlay-type":"","overlay-color":"","overlay-opacity":"","overlay-gradient":""},"tablet":{"background-color":"var(--ast-global-color-5)","background-image":"","background-repeat":"repeat","background-position":"center center","background-size":"auto","background-attachment":"scroll","background-type":"","background-media":"","overlay-type":"","overlay-color":"","overlay-opacity":"","overlay-gradient":""},"mobile":{"background-color":"var(--ast-global-color-5)","background-image":"","background-repeat":"repeat","background-position":"center center","background-size":"auto","background-attachment":"scroll","background-type":"","background-media":"","overlay-type":"","overlay-color":"","overlay-opacity":"","overlay-gradient":""}}},"product_brand":[],"product_cat":[29,48,51],"product_tag":[],"class_list":{"0":"post-12740","1":"product","2":"type-product","3":"status-publish","4":"has-post-thumbnail","6":"product_cat-packaging-boxes","7":"product_cat-shipping-boxes","8":"product_cat-shipping-supplies","9":"desktop-align-left","10":"tablet-align-left","11":"mobile-align-left","12":"ast-product-gallery-layout-horizontal","13":"ast-product-tabs-layout-horizontal","15":"first","16":"instock","17":"purchasable","18":"product-type-simple"},"_links":{"self":[{"href":"https:\/\/reanpackaging.com\/cs\/wp-json\/wp\/v2\/product\/12740","targetHints":{"allow":["GET"]}}],"collection":[{"href":"https:\/\/reanpackaging.com\/cs\/wp-json\/wp\/v2\/product"}],"about":[{"href":"https:\/\/reanpackaging.com\/cs\/wp-json\/wp\/v2\/types\/product"}],"wp:featuredmedia":[{"embeddable":true,"href":"https:\/\/reanpackaging.com\/cs\/wp-json\/wp\/v2\/media\/12695"}],"wp:attachment":[{"href":"https:\/\/reanpackaging.com\/cs\/wp-json\/wp\/v2\/media?parent=12740"}],"wp:term":[{"taxonomy":"product_brand","embeddable":true,"href":"https:\/\/reanpackaging.com\/cs\/wp-json\/wp\/v2\/product_brand?post=12740"},{"taxonomy":"product_cat","embeddable":true,"href":"https:\/\/reanpackaging.com\/cs\/wp-json\/wp\/v2\/product_cat?post=12740"},{"taxonomy":"product_tag","embeddable":true,"href":"https:\/\/reanpackaging.com\/cs\/wp-json\/wp\/v2\/product_tag?post=12740"}],"curies":[{"name":"wp","href":"https:\/\/api.w.org\/{rel}","templated":true}]}}