{"id":13143,"date":"2023-10-22T02:01:56","date_gmt":"2023-10-22T02:01:56","guid":{"rendered":"http:\/\/ibn.wyd.mybluehost.me\/reanpackaging.com\/product\/oem-wholesale-custom-packaging-plastic-bags-teal-green-poly-bubble-mailer-envelope-free-sample-mailing-bag-for-clothing-shipping\/"},"modified":"2024-07-30T07:00:56","modified_gmt":"2024-07-30T07:00:56","slug":"oem-wholesale-custom-packaging-plastic-bags-teal-green-poly-bubble-mailer-envelope-free-sample-mailing-bag-for-clothing-shipping","status":"publish","type":"product","link":"https:\/\/reanpackaging.com\/cs\/produkt\/oem-wholesale-custom-packaging-plastic-bags-teal-green-poly-bubble-mailer-envelope-free-sample-mailing-bag-for-clothing-shipping\/","title":{"rendered":"Oem velkoobchodn\u00ed vlastn\u00ed balen\u00ed plastov\u00e9 ta\u0161ky Teal zelen\u00e1 Poly Bubble Mailer ob\u00e1lka zdarma vzorek po\u0161tovn\u00ed ta\u0161ka pro od\u011bvn\u00ed dopravu"},"content":{"rendered":"<h4>Atributy specifick\u00e9 pro dan\u00e9 odv\u011btv\u00ed<\/h4>\n<table border=\"1\">\n<tr>\n<td><strong>Materi\u00e1l<\/strong><\/td>\n<td>POLY BUBBLE<\/td>\n<\/tr>\n<\/table>\n<h4>Dal\u0161\u00ed atributy<\/h4>\n<table border=\"1\">\n<tr>\n<td><strong>Pr\u016fmyslov\u00e9 vyu\u017eit\u00ed<\/strong><\/td>\n<td>Balen\u00ed a zas\u00edl\u00e1n\u00ed<\/td>\n<\/tr>\n<tr>\n<td><strong>Design\/tisk<\/strong><\/td>\n<td>Vlastn\u00ed design \/ hlubotisk (r\u016fzn\u00e9 barvy MAX)<\/td>\n<\/tr>\n<tr>\n<td><strong>Barva<\/strong><\/td>\n<td>r\u016f\u017eov\u00e1, \u017elut\u00e1, modr\u00e1, fialov\u00e1, zelen\u00e1, \u010derven\u00e1, \u010dern\u00e1.<\/td>\n<\/tr>\n<tr>\n<td><strong>Styl<\/strong><\/td>\n<td>Pevn\u00e1 ta\u0161ka, M\u011bkk\u00e1 ta\u0161ka<\/td>\n<\/tr>\n<tr>\n<td><strong>Funkce<\/strong><\/td>\n<td>Vod\u011bodoln\u00fd, \u0161etrn\u00fd k \u017eivotn\u00edmu prost\u0159ed\u00ed, netoxick\u00fd<\/td>\n<\/tr>\n<tr>\n<td><strong>Tlou\u0161\u0165ka<\/strong><\/td>\n<td>2,3mil\/2,5mil\/3mil\/50-200mikron\u016f\/p\u0159izp\u016fsobeno na m\u00edru<\/td>\n<\/tr>\n<tr>\n<td><strong>Vzorov\u00e9 z\u00e1sady<\/strong><\/td>\n<td>P\u0159izp\u016fsobit vzorek zdarma<\/td>\n<\/tr>\n<tr>\n<td><strong>Uz\u00e1v\u011br \/ t\u011bsn\u011bn\u00ed hran<\/strong><\/td>\n<td>Peel and seal \/ Dv\u011b strany<\/td>\n<\/tr>\n<tr>\n<td><strong>Materi\u00e1l<\/strong><\/td>\n<td>Poly Bubble, Kraft, Materi\u00e1l na rostlinn\u00e9 b\u00e1zi, HDPE\/LDPE\/koextrudovan\u00e1 f\u00f3lie<\/td>\n<\/tr>\n<tr>\n<td><strong>Certifik\u00e1ty<\/strong><\/td>\n<td>ISO, ROHS atd.<\/td>\n<\/tr>\n<tr>\n<td><strong>Odolnost<\/strong><\/td>\n<td>12 kg nebo v\u00edce<\/td>\n<\/tr>\n<\/table>\n<p><img decoding=\"async\" class=\"detail-desc-decorate-image\" src=\"http:\/\/ibn.wyd.mybluehost.me\/reanpackaging.com\/wp-content\/uploads\/2023\/10\/3-description-Oem-Wholesale-Custom-Packaging-Plastic-Bags-Teal-Green-Poly-Bubble-Mailer-Envelope-Free-Sample-Mailing-Bag-For-Clothing-Shipping.jpg\" slate-data-type=\"image\" style=\"max-width: 100%; height: auto; display: block; margin: 0 auto;\"><br \/>\n<img decoding=\"async\" class=\"detail-desc-decorate-image\" src=\"http:\/\/ibn.wyd.mybluehost.me\/reanpackaging.com\/wp-content\/uploads\/2023\/10\/4-description-Oem-Wholesale-Custom-Packaging-Plastic-Bags-Teal-Green-Poly-Bubble-Mailer-Envelope-Free-Sample-Mailing-Bag-For-Clothing-Shipping.jpg\" slate-data-type=\"image\" style=\"max-width: 100%; height: auto; display: block; margin: 0 auto;\"><br \/>\n<img decoding=\"async\" class=\"detail-desc-decorate-image\" src=\"http:\/\/ibn.wyd.mybluehost.me\/reanpackaging.com\/wp-content\/uploads\/2023\/10\/5-description-Oem-Wholesale-Custom-Packaging-Plastic-Bags-Teal-Green-Poly-Bubble-Mailer-Envelope-Free-Sample-Mailing-Bag-For-Clothing-Shipping.jpg\" slate-data-type=\"image\" style=\"max-width: 100%; height: auto; display: block; margin: 0 auto;\"><\/p>","protected":false},"excerpt":{"rendered":"<p>Industry-Specific Attributes Material POLY BUBBLE Other Attributes Industrial Use Package &#038; Mailing Design\/Printing Custom Design \/ Gravure Printing(Various Colors MAX) Color pink,yellow,blue,purple,green,red,black.. Style Tough bag, Soft bag Feature Waterproof, Eco-friendly, Non-toxic Thickness 2.3mil\/2.5mil\/3mil\/50-200microns\/Customized Sample Policy Customize Sample For Free Closure \/ Edge seal Peel and seal \/ Two sides Material Poly Bubble, Kraft, Plant Based [&hellip;]<\/p>\n","protected":false},"featured_media":13089,"template":"","meta":{"_seopress_robots_primary_cat":"none","_seopress_titles_title":"","_seopress_titles_desc":"","_seopress_robots_index":"","site-sidebar-layout":"default","site-content-layout":"","ast-site-content-layout":"default","site-content-style":"default","site-sidebar-style":"default","ast-global-header-display":"","ast-banner-title-visibility":"","ast-main-header-display":"","ast-hfb-above-header-display":"","ast-hfb-below-header-display":"","ast-hfb-mobile-header-display":"","site-post-title":"","ast-breadcrumbs-content":"","ast-featured-img":"","footer-sml-layout":"","ast-disable-related-posts":"","theme-transparent-header-meta":"default","adv-header-id-meta":"","stick-header-meta":"default","header-above-stick-meta":"","header-main-stick-meta":"","header-below-stick-meta":"","astra-migrate-meta-layouts":"set","ast-page-background-enabled":"default","ast-page-background-meta":{"desktop":{"background-color":"","background-image":"","background-repeat":"repeat","background-position":"center center","background-size":"auto","background-attachment":"scroll","background-type":"","background-media":"","overlay-type":"","overlay-color":"","overlay-opacity":"","overlay-gradient":""},"tablet":{"background-color":"","background-image":"","background-repeat":"repeat","background-position":"center center","background-size":"auto","background-attachment":"scroll","background-type":"","background-media":"","overlay-type":"","overlay-color":"","overlay-opacity":"","overlay-gradient":""},"mobile":{"background-color":"","background-image":"","background-repeat":"repeat","background-position":"center center","background-size":"auto","background-attachment":"scroll","background-type":"","background-media":"","overlay-type":"","overlay-color":"","overlay-opacity":"","overlay-gradient":""}},"ast-content-background-meta":{"desktop":{"background-color":"var(--ast-global-color-5)","background-image":"","background-repeat":"repeat","background-position":"center center","background-size":"auto","background-attachment":"scroll","background-type":"","background-media":"","overlay-type":"","overlay-color":"","overlay-opacity":"","overlay-gradient":""},"tablet":{"background-color":"var(--ast-global-color-5)","background-image":"","background-repeat":"repeat","background-position":"center center","background-size":"auto","background-attachment":"scroll","background-type":"","background-media":"","overlay-type":"","overlay-color":"","overlay-opacity":"","overlay-gradient":""},"mobile":{"background-color":"var(--ast-global-color-5)","background-image":"","background-repeat":"repeat","background-position":"center center","background-size":"auto","background-attachment":"scroll","background-type":"","background-media":"","overlay-type":"","overlay-color":"","overlay-opacity":"","overlay-gradient":""}}},"product_brand":[],"product_cat":[54,51],"product_tag":[],"class_list":{"0":"post-13143","1":"product","2":"type-product","3":"status-publish","4":"has-post-thumbnail","6":"product_cat-bubble-mailers","7":"product_cat-shipping-supplies","8":"desktop-align-left","9":"tablet-align-left","10":"mobile-align-left","11":"ast-product-gallery-layout-horizontal","12":"ast-product-gallery-with-no-image","13":"ast-product-tabs-layout-horizontal","15":"first","16":"instock","17":"product-type-simple"},"_links":{"self":[{"href":"https:\/\/reanpackaging.com\/cs\/wp-json\/wp\/v2\/product\/13143","targetHints":{"allow":["GET"]}}],"collection":[{"href":"https:\/\/reanpackaging.com\/cs\/wp-json\/wp\/v2\/product"}],"about":[{"href":"https:\/\/reanpackaging.com\/cs\/wp-json\/wp\/v2\/types\/product"}],"wp:featuredmedia":[{"embeddable":true,"href":"https:\/\/reanpackaging.com\/cs\/wp-json\/wp\/v2\/media\/13089"}],"wp:attachment":[{"href":"https:\/\/reanpackaging.com\/cs\/wp-json\/wp\/v2\/media?parent=13143"}],"wp:term":[{"taxonomy":"product_brand","embeddable":true,"href":"https:\/\/reanpackaging.com\/cs\/wp-json\/wp\/v2\/product_brand?post=13143"},{"taxonomy":"product_cat","embeddable":true,"href":"https:\/\/reanpackaging.com\/cs\/wp-json\/wp\/v2\/product_cat?post=13143"},{"taxonomy":"product_tag","embeddable":true,"href":"https:\/\/reanpackaging.com\/cs\/wp-json\/wp\/v2\/product_tag?post=13143"}],"curies":[{"name":"wp","href":"https:\/\/api.w.org\/{rel}","templated":true}]}}