{"id":13145,"date":"2023-10-22T02:01:56","date_gmt":"2023-10-22T02:01:56","guid":{"rendered":"http:\/\/ibn.wyd.mybluehost.me\/reanpackaging.com\/product\/4x8-kraft-poly-shipping-packaging-bubble-mailer-poly-mailer-envelope-eco-friendly-bubble-mailers\/"},"modified":"2024-10-01T16:39:50","modified_gmt":"2024-10-01T16:39:50","slug":"4x8-kraft-poly-shipping-packaging-bubble-mailer-poly-mailer-envelope-eco-friendly-bubble-mailers","status":"publish","type":"product","link":"https:\/\/reanpackaging.com\/cs\/produkt\/4x8-kraft-poly-shipping-packaging-bubble-mailer-poly-mailer-envelope-eco-friendly-bubble-mailers\/","title":{"rendered":"4X8 Kraft Poly Shipping Packaging Bubble Mailer Poly Mailer Envelope Eco Friendly Bubble Mailers"},"content":{"rendered":"<h4>Atributy specifick\u00e9 pro dan\u00e9 odv\u011btv\u00ed<\/h4>\n<table border=\"1\">\n<tr>\n<td><strong>Materi\u00e1l<\/strong><\/td>\n<td>POLY<\/td>\n<\/tr>\n<\/table>\n<h4>Dal\u0161\u00ed atributy<\/h4>\n<table border=\"1\">\n<tr>\n<td><strong>Pr\u016fmyslov\u00e9 vyu\u017eit\u00ed<\/strong><\/td>\n<td>Podnik\u00e1n\u00ed a nakupov\u00e1n\u00ed<\/td>\n<\/tr>\n<tr>\n<td><strong>Barva<\/strong><\/td>\n<td>\u017dlut\u00e1, b\u00edl\u00e1, p\u0159\u00edrodn\u00ed, zlato\u017elut\u00e1, b\u00edl\u00e1, hn\u011bd\u00e1 na p\u0159\u00e1n\u00ed<\/td>\n<\/tr>\n<tr>\n<td><strong>Materi\u00e1l<\/strong><\/td>\n<td>B\u00edl\u00e1 polybublinka, odoln\u00fd kraft laminovan\u00fd s bari\u00e9rovou bublinou<\/td>\n<\/tr>\n<tr>\n<td><strong>Uz\u00e1v\u011br<\/strong><\/td>\n<td>Samolepic\u00ed, siln\u00e9 tavn\u00e9 lepidlo<\/td>\n<\/tr>\n<tr>\n<td><strong>Aplikace<\/strong><\/td>\n<td>Po\u0161tovn\u00ed slu\u017eby, Balen\u00ed, Mal\u00e9 z\u00e1silky, Po\u0161ta, Kancel\u00e1\u0159sk\u00e9 pot\u0159eby<\/td>\n<\/tr>\n<tr>\n<td><strong>Prodejn\u00ed bal\u00ed\u010dek<\/strong><\/td>\n<td>Velkoobjemov\u00e9 nebo maloobchodn\u00ed balen\u00ed<\/td>\n<\/tr>\n<tr>\n<td><strong>N\u00e1zev produktu<\/strong><\/td>\n<td>Polstrovan\u00e1 ob\u00e1lka\/Bublinkov\u00e1 po\u0161tovn\u00ed schr\u00e1nka\/Kraft Bublinkov\u00e1 po\u0161tovn\u00ed schr\u00e1nka<\/td>\n<\/tr>\n<tr>\n<td><strong>Dod\u00e1vka Balen\u00ed<\/strong><\/td>\n<td>Exportn\u00ed karton nebo paletov\u00e9 balen\u00ed<\/td>\n<\/tr>\n<tr>\n<td><strong>Povrch<\/strong><\/td>\n<td>Snadno p\u0159ij\u00edm\u00e1 inkousty, raz\u00edtka a \u0161t\u00edtky.<\/td>\n<\/tr>\n<tr>\n<td><strong>Siln\u00e9 \u0161vy<\/strong><\/td>\n<td>Ploutve na 2 nebo 3 stran\u00e1ch<\/td>\n<\/tr>\n<\/table>\n<p><img decoding=\"async\" class=\"detail-desc-decorate-image\" src=\"http:\/\/ibn.wyd.mybluehost.me\/reanpackaging.com\/wp-content\/uploads\/2023\/10\/1-description-4X8-Kraft-Poly-Shipping-Packaging-Bubble-Mailer-Poly-Mailer-Envelope-Eco-Friendly-Bubble-Mailers.jpg\" slate-data-type=\"image\" style=\"max-width: 100%; height: auto; display: block; margin: 0 auto;\"><br \/>\n<img decoding=\"async\" class=\"detail-desc-decorate-image\" src=\"http:\/\/ibn.wyd.mybluehost.me\/reanpackaging.com\/wp-content\/uploads\/2023\/10\/2-description-4X8-Kraft-Poly-Shipping-Packaging-Bubble-Mailer-Poly-Mailer-Envelope-Eco-Friendly-Bubble-Mailers.jpg\" slate-data-type=\"image\" style=\"max-width: 100%; height: auto; display: block; margin: 0 auto;\"><br \/>\n<img decoding=\"async\" class=\"detail-desc-decorate-image\" src=\"http:\/\/ibn.wyd.mybluehost.me\/reanpackaging.com\/wp-content\/uploads\/2023\/10\/3-description-4X8-Kraft-Poly-Shipping-Packaging-Bubble-Mailer-Poly-Mailer-Envelope-Eco-Friendly-Bubble-Mailers.jpg\" slate-data-type=\"image\" style=\"max-width: 100%; height: auto; display: block; margin: 0 auto;\"><br \/>\n<img decoding=\"async\" class=\"detail-desc-decorate-image\" src=\"http:\/\/ibn.wyd.mybluehost.me\/reanpackaging.com\/wp-content\/uploads\/2023\/10\/4-description-4X8-Kraft-Poly-Shipping-Packaging-Bubble-Mailer-Poly-Mailer-Envelope-Eco-Friendly-Bubble-Mailers.jpg\" slate-data-type=\"image\" style=\"max-width: 100%; height: auto; display: block; margin: 0 auto;\"><\/p>","protected":false},"excerpt":{"rendered":"<p>Industry-Specific Attributes Material POLY Other Attributes Industrial Use Business&#038;Shopping Color Yellow, White, natural, Golden\/Yellow, White, Brown for option Material White Poly Bubble, Tough kraft laminated with barrier bubble Closure Self-seal, Strong Hot Melt Adhesive Application Mailing, Packing, Small Parcel, Post Office, Stationary Sales Package Bulk Packing or Retail Packing Product name Padded Envelope\/Bubble Mailer\/Kraft Bubble [&hellip;]<\/p>\n","protected":false},"featured_media":12947,"template":"","meta":{"_seopress_robots_primary_cat":"none","_seopress_titles_title":"","_seopress_titles_desc":"","_seopress_robots_index":"","site-sidebar-layout":"default","site-content-layout":"","ast-site-content-layout":"default","site-content-style":"default","site-sidebar-style":"default","ast-global-header-display":"","ast-banner-title-visibility":"","ast-main-header-display":"","ast-hfb-above-header-display":"","ast-hfb-below-header-display":"","ast-hfb-mobile-header-display":"","site-post-title":"","ast-breadcrumbs-content":"","ast-featured-img":"","footer-sml-layout":"","ast-disable-related-posts":"","theme-transparent-header-meta":"default","adv-header-id-meta":"","stick-header-meta":"default","header-above-stick-meta":"","header-main-stick-meta":"","header-below-stick-meta":"","astra-migrate-meta-layouts":"set","ast-page-background-enabled":"default","ast-page-background-meta":{"desktop":{"background-color":"","background-image":"","background-repeat":"repeat","background-position":"center center","background-size":"auto","background-attachment":"scroll","background-type":"","background-media":"","overlay-type":"","overlay-color":"","overlay-opacity":"","overlay-gradient":""},"tablet":{"background-color":"","background-image":"","background-repeat":"repeat","background-position":"center center","background-size":"auto","background-attachment":"scroll","background-type":"","background-media":"","overlay-type":"","overlay-color":"","overlay-opacity":"","overlay-gradient":""},"mobile":{"background-color":"","background-image":"","background-repeat":"repeat","background-position":"center center","background-size":"auto","background-attachment":"scroll","background-type":"","background-media":"","overlay-type":"","overlay-color":"","overlay-opacity":"","overlay-gradient":""}},"ast-content-background-meta":{"desktop":{"background-color":"var(--ast-global-color-5)","background-image":"","background-repeat":"repeat","background-position":"center center","background-size":"auto","background-attachment":"scroll","background-type":"","background-media":"","overlay-type":"","overlay-color":"","overlay-opacity":"","overlay-gradient":""},"tablet":{"background-color":"var(--ast-global-color-5)","background-image":"","background-repeat":"repeat","background-position":"center center","background-size":"auto","background-attachment":"scroll","background-type":"","background-media":"","overlay-type":"","overlay-color":"","overlay-opacity":"","overlay-gradient":""},"mobile":{"background-color":"var(--ast-global-color-5)","background-image":"","background-repeat":"repeat","background-position":"center center","background-size":"auto","background-attachment":"scroll","background-type":"","background-media":"","overlay-type":"","overlay-color":"","overlay-opacity":"","overlay-gradient":""}}},"product_brand":[],"product_cat":[54,51],"product_tag":[],"class_list":{"0":"post-13145","1":"product","2":"type-product","3":"status-publish","4":"has-post-thumbnail","6":"product_cat-bubble-mailers","7":"product_cat-shipping-supplies","8":"desktop-align-left","9":"tablet-align-left","10":"mobile-align-left","11":"ast-product-gallery-layout-horizontal","12":"ast-product-tabs-layout-horizontal","14":"first","15":"instock","16":"purchasable","17":"product-type-simple"},"_links":{"self":[{"href":"https:\/\/reanpackaging.com\/cs\/wp-json\/wp\/v2\/product\/13145","targetHints":{"allow":["GET"]}}],"collection":[{"href":"https:\/\/reanpackaging.com\/cs\/wp-json\/wp\/v2\/product"}],"about":[{"href":"https:\/\/reanpackaging.com\/cs\/wp-json\/wp\/v2\/types\/product"}],"wp:featuredmedia":[{"embeddable":true,"href":"https:\/\/reanpackaging.com\/cs\/wp-json\/wp\/v2\/media\/12947"}],"wp:attachment":[{"href":"https:\/\/reanpackaging.com\/cs\/wp-json\/wp\/v2\/media?parent=13145"}],"wp:term":[{"taxonomy":"product_brand","embeddable":true,"href":"https:\/\/reanpackaging.com\/cs\/wp-json\/wp\/v2\/product_brand?post=13145"},{"taxonomy":"product_cat","embeddable":true,"href":"https:\/\/reanpackaging.com\/cs\/wp-json\/wp\/v2\/product_cat?post=13145"},{"taxonomy":"product_tag","embeddable":true,"href":"https:\/\/reanpackaging.com\/cs\/wp-json\/wp\/v2\/product_tag?post=13145"}],"curies":[{"name":"wp","href":"https:\/\/api.w.org\/{rel}","templated":true}]}}