{"id":14176,"date":"2023-11-05T14:03:08","date_gmt":"2023-11-05T14:03:08","guid":{"rendered":"http:\/\/ibn.wyd.mybluehost.me\/reanpackaging.com\/product\/38mm-quality-satin-edged-sheer-ribbon-organza-ribbon-with-satin-edge\/"},"modified":"2024-10-01T16:37:59","modified_gmt":"2024-10-01T16:37:59","slug":"38mm-quality-satin-edged-sheer-ribbon-organza-ribbon-with-satin-edge","status":"publish","type":"product","link":"https:\/\/reanpackaging.com\/cs\/produkt\/38mm-quality-satin-edged-sheer-ribbon-organza-ribbon-with-satin-edge\/","title":{"rendered":"38Mm Kvalitn\u00ed sat\u00e9nov\u00e1 stuha se sat\u00e9nov\u00fdm okrajem Organzov\u00e1 stuha se sat\u00e9nov\u00fdm okrajem"},"content":{"rendered":"<h4>Atributy specifick\u00e9 pro dan\u00e9 odv\u011btv\u00ed<\/h4>\n<table border=\"1\">\n<tr>\n<td><strong>7 dn\u00ed na vy\u017e\u00e1d\u00e1n\u00ed vzorku<\/strong><\/td>\n<td>Nepodporovat<\/td>\n<\/tr>\n<tr>\n<td><strong>Materi\u00e1l<\/strong><\/td>\n<td>100% Nylon<\/td>\n<\/tr>\n<tr>\n<td><strong>Typ tkaniny<\/strong><\/td>\n<td>Organza<\/td>\n<\/tr>\n<tr>\n<td><strong>Technics<\/strong><\/td>\n<td>S potiskem<\/td>\n<\/tr>\n<\/table>\n<h4>Dal\u0161\u00ed atributy<\/h4>\n<table border=\"1\">\n<tr>\n<td><strong>Funkce<\/strong><\/td>\n<td>Udr\u017eiteln\u00fd<\/td>\n<\/tr>\n<tr>\n<td><strong>\u0160\u00ed\u0159ka<\/strong><\/td>\n<td>1-1\/2&#8243;<\/td>\n<\/tr>\n<tr>\n<td><strong>Styl<\/strong><\/td>\n<td>Dvojit\u00e1 tv\u00e1\u0159<\/td>\n<\/tr>\n<tr>\n<td><strong>Vzor<\/strong><\/td>\n<td>P\u0159izp\u016fsoben\u00e9<\/td>\n<\/tr>\n<tr>\n<td><strong>Typ v\u00fdrobku<\/strong><\/td>\n<td>RIBBONS<\/td>\n<\/tr>\n<tr>\n<td><strong>Materi\u00e1l<\/strong><\/td>\n<td>100% Nylon<\/td>\n<\/tr>\n<tr>\n<td><strong>Typ v\u00fdrobku<\/strong><\/td>\n<td>Stu\u017eky<\/td>\n<\/tr>\n<tr>\n<td><strong>Technics<\/strong><\/td>\n<td>S potiskem<\/td>\n<\/tr>\n<tr>\n<td><strong>Vzor<\/strong><\/td>\n<td>Pln\u00e1 barva<\/td>\n<\/tr>\n<tr>\n<td><strong>Barva<\/strong><\/td>\n<td>V\u00edce ne\u017e 200 barev<\/td>\n<\/tr>\n<tr>\n<td><strong>Typ tkaniny<\/strong><\/td>\n<td>Organza<\/td>\n<\/tr>\n<tr>\n<td><strong>Styl<\/strong><\/td>\n<td>Jedna tv\u00e1\u0159<\/td>\n<\/tr>\n<tr>\n<td><strong>MOQ<\/strong><\/td>\n<td>100 yard\u016f<\/td>\n<\/tr>\n<\/table>","protected":false},"excerpt":{"rendered":"<p>Industry-Specific Attributes 7 days sample order lead time Not Support Material 100% Nylon Fabric Type Organza Technics Printed Other Attributes Feature Sustainable Width 1-1\/2&#8243; Style Double Face Pattern Customized Product Type RIBBONS Material 100% Nylon Product Type Ribbons Technics Printed Pattern Solid Color Color More than 200 colors Fabric Type Organza Style Single Face MOQ [&hellip;]<\/p>\n","protected":false},"featured_media":13583,"template":"","meta":{"_seopress_robots_primary_cat":"none","_seopress_titles_title":"","_seopress_titles_desc":"","_seopress_robots_index":"","site-sidebar-layout":"default","site-content-layout":"","ast-site-content-layout":"default","site-content-style":"default","site-sidebar-style":"default","ast-global-header-display":"","ast-banner-title-visibility":"","ast-main-header-display":"","ast-hfb-above-header-display":"","ast-hfb-below-header-display":"","ast-hfb-mobile-header-display":"","site-post-title":"","ast-breadcrumbs-content":"","ast-featured-img":"","footer-sml-layout":"","ast-disable-related-posts":"","theme-transparent-header-meta":"default","adv-header-id-meta":"","stick-header-meta":"default","header-above-stick-meta":"","header-main-stick-meta":"","header-below-stick-meta":"","astra-migrate-meta-layouts":"set","ast-page-background-enabled":"default","ast-page-background-meta":{"desktop":{"background-color":"","background-image":"","background-repeat":"repeat","background-position":"center center","background-size":"auto","background-attachment":"scroll","background-type":"","background-media":"","overlay-type":"","overlay-color":"","overlay-opacity":"","overlay-gradient":""},"tablet":{"background-color":"","background-image":"","background-repeat":"repeat","background-position":"center center","background-size":"auto","background-attachment":"scroll","background-type":"","background-media":"","overlay-type":"","overlay-color":"","overlay-opacity":"","overlay-gradient":""},"mobile":{"background-color":"","background-image":"","background-repeat":"repeat","background-position":"center center","background-size":"auto","background-attachment":"scroll","background-type":"","background-media":"","overlay-type":"","overlay-color":"","overlay-opacity":"","overlay-gradient":""}},"ast-content-background-meta":{"desktop":{"background-color":"var(--ast-global-color-5)","background-image":"","background-repeat":"repeat","background-position":"center center","background-size":"auto","background-attachment":"scroll","background-type":"","background-media":"","overlay-type":"","overlay-color":"","overlay-opacity":"","overlay-gradient":""},"tablet":{"background-color":"var(--ast-global-color-5)","background-image":"","background-repeat":"repeat","background-position":"center center","background-size":"auto","background-attachment":"scroll","background-type":"","background-media":"","overlay-type":"","overlay-color":"","overlay-opacity":"","overlay-gradient":""},"mobile":{"background-color":"var(--ast-global-color-5)","background-image":"","background-repeat":"repeat","background-position":"center center","background-size":"auto","background-attachment":"scroll","background-type":"","background-media":"","overlay-type":"","overlay-color":"","overlay-opacity":"","overlay-gradient":""}}},"product_brand":[],"product_cat":[55,51],"product_tag":[],"class_list":{"0":"post-14176","1":"product","2":"type-product","3":"status-publish","4":"has-post-thumbnail","6":"product_cat-ribbon","7":"product_cat-shipping-supplies","8":"desktop-align-left","9":"tablet-align-left","10":"mobile-align-left","11":"ast-product-gallery-layout-horizontal","12":"ast-product-tabs-layout-horizontal","14":"first","15":"instock","16":"purchasable","17":"product-type-simple"},"_links":{"self":[{"href":"https:\/\/reanpackaging.com\/cs\/wp-json\/wp\/v2\/product\/14176","targetHints":{"allow":["GET"]}}],"collection":[{"href":"https:\/\/reanpackaging.com\/cs\/wp-json\/wp\/v2\/product"}],"about":[{"href":"https:\/\/reanpackaging.com\/cs\/wp-json\/wp\/v2\/types\/product"}],"wp:featuredmedia":[{"embeddable":true,"href":"https:\/\/reanpackaging.com\/cs\/wp-json\/wp\/v2\/media\/13583"}],"wp:attachment":[{"href":"https:\/\/reanpackaging.com\/cs\/wp-json\/wp\/v2\/media?parent=14176"}],"wp:term":[{"taxonomy":"product_brand","embeddable":true,"href":"https:\/\/reanpackaging.com\/cs\/wp-json\/wp\/v2\/product_brand?post=14176"},{"taxonomy":"product_cat","embeddable":true,"href":"https:\/\/reanpackaging.com\/cs\/wp-json\/wp\/v2\/product_cat?post=14176"},{"taxonomy":"product_tag","embeddable":true,"href":"https:\/\/reanpackaging.com\/cs\/wp-json\/wp\/v2\/product_tag?post=14176"}],"curies":[{"name":"wp","href":"https:\/\/api.w.org\/{rel}","templated":true}]}}