{"id":14210,"date":"2023-11-05T14:03:30","date_gmt":"2023-11-05T14:03:30","guid":{"rendered":"http:\/\/ibn.wyd.mybluehost.me\/reanpackaging.com\/product\/midi-factory-oem-customized-holiday-christmas-burlap-ribbon-roll-wired-edge-ribbon-for-wreath-crafts-party-decoration\/"},"modified":"2024-10-01T16:36:56","modified_gmt":"2024-10-01T16:36:56","slug":"midi-factory-oem-customized-holiday-christmas-burlap-ribbon-roll-wired-edge-ribbon-for-wreath-crafts-party-decoration","status":"publish","type":"product","link":"https:\/\/reanpackaging.com\/cs\/produkt\/midi-factory-oem-customized-holiday-christmas-burlap-ribbon-roll-wired-edge-ribbon-for-wreath-crafts-party-decoration\/","title":{"rendered":"Midi Factory Oem p\u0159izp\u016fsoben\u00e9 Holiday v\u00e1no\u010dn\u00ed pytlovina stuha Roll dr\u00e1t\u011bn\u00e9 hrany stuha pro v\u011bnec \u0159emesla strana dekorace"},"content":{"rendered":"<h4>Atributy specifick\u00e9 pro dan\u00e9 odv\u011btv\u00ed<\/h4>\n<table border=\"1\">\n<tr>\n<td><strong>7 dn\u00ed na vy\u017e\u00e1d\u00e1n\u00ed vzorku<\/strong><\/td>\n<td>Podpora<\/td>\n<\/tr>\n<tr>\n<td><strong>Materi\u00e1l<\/strong><\/td>\n<td>POLYESTER<\/td>\n<\/tr>\n<tr>\n<td><strong>Typ tkaniny<\/strong><\/td>\n<td>\u017d\u00edn\u011bn\u00fd pytlovina\/sat\u00e9n\/Organza\/atd.<\/td>\n<\/tr>\n<tr>\n<td><strong>Technics<\/strong><\/td>\n<td>S potiskem<\/td>\n<\/tr>\n<\/table>\n<h4>Dal\u0161\u00ed atributy<\/h4>\n<table border=\"1\">\n<tr>\n<td><strong>Funkce<\/strong><\/td>\n<td>\u0160etrn\u00e9 k \u017eivotn\u00edmu prost\u0159ed\u00ed, vysok\u00e1 kvalita, m\u00f3da<\/td>\n<\/tr>\n<tr>\n<td><strong>\u0160\u00ed\u0159ka<\/strong><\/td>\n<td>Ostatn\u00ed, 63 mm<\/td>\n<\/tr>\n<tr>\n<td><strong>Styl<\/strong><\/td>\n<td>Jedna tv\u00e1\u0159<\/td>\n<\/tr>\n<tr>\n<td><strong>Vzor<\/strong><\/td>\n<td>V\u00e1noce \/ na m\u00edru<\/td>\n<\/tr>\n<tr>\n<td><strong>Typ v\u00fdrobku<\/strong><\/td>\n<td>RIBBONS<\/td>\n<\/tr>\n<tr>\n<td><strong>Kl\u00ed\u010dov\u00e9 slovo<\/strong><\/td>\n<td>Stuha s dr\u00e1t\u011bn\u00fdm okrajem, Stuha na dovolenou<\/td>\n<\/tr>\n<tr>\n<td><strong>P\u0159izp\u016fsoben\u00ed<\/strong><\/td>\n<td>P\u0159ijato<\/td>\n<\/tr>\n<tr>\n<td><strong>OEM<\/strong><\/td>\n<td>ACCEPT<\/td>\n<\/tr>\n<tr>\n<td><strong>vystavit<\/strong><\/td>\n<td>6 yard\u016f\/10 yard\u016f\/25 yard\u016f\/100 yard\u016f na roli nebo na zak\u00e1zku<\/td>\n<\/tr>\n<tr>\n<td><strong>MOQ<\/strong><\/td>\n<td>3000 yard\u016f<\/td>\n<\/tr>\n<tr>\n<td><strong>Dr\u00e1tov\u00fd materi\u00e1l<\/strong><\/td>\n<td>Akryl a kov<\/td>\n<\/tr>\n<tr>\n<td><strong>Test a certifik\u00e1t<\/strong><\/td>\n<td>OEKO-tex, bez niklu<\/td>\n<\/tr>\n<tr>\n<td><strong>Pou\u017eit\u00ed<\/strong><\/td>\n<td>V\u011bnec, ma\u0161le, dekorativn\u00ed, DIY \u0159emesla atd.<\/td>\n<\/tr>\n<tr>\n<td><strong>N\u00e1zev produktu<\/strong><\/td>\n<td>P\u0159izp\u016fsoben\u00e9 V\u00e1noce Burlap inkoust stuha dr\u00e1t\u011bn\u00e9 hrany stuha<\/td>\n<\/tr>\n<\/table>\n<p><img decoding=\"async\" class=\"detail-desc-decorate-image\" src=\"http:\/\/ibn.wyd.mybluehost.me\/reanpackaging.com\/wp-content\/uploads\/2023\/11\/2-description-Midi-Factory-Oem-Customized-Holiday-Christmas-Burlap-Ribbon-Roll-Wired-Edge-Ribbon-For-Wreath-Crafts-Party-Decoration.jpg\" slate-data-type=\"image\" style=\"max-width: 100%; height: auto; display: block; margin: 0 auto;\"><br \/>\n<img decoding=\"async\" class=\"detail-desc-decorate-image\" src=\"http:\/\/ibn.wyd.mybluehost.me\/reanpackaging.com\/wp-content\/uploads\/2023\/11\/3-description-Midi-Factory-Oem-Customized-Holiday-Christmas-Burlap-Ribbon-Roll-Wired-Edge-Ribbon-For-Wreath-Crafts-Party-Decoration.jpg\" slate-data-type=\"image\" style=\"max-width: 100%; height: auto; display: block; margin: 0 auto;\"><br \/>\n<img decoding=\"async\" class=\"detail-desc-decorate-image\" src=\"http:\/\/ibn.wyd.mybluehost.me\/reanpackaging.com\/wp-content\/uploads\/2023\/11\/4-description-Midi-Factory-Oem-Customized-Holiday-Christmas-Burlap-Ribbon-Roll-Wired-Edge-Ribbon-For-Wreath-Crafts-Party-Decoration.jpg\" slate-data-type=\"image\" style=\"max-width: 100%; height: auto; display: block; margin: 0 auto;\"><br \/>\n<img decoding=\"async\" class=\"detail-desc-decorate-image\" src=\"http:\/\/ibn.wyd.mybluehost.me\/reanpackaging.com\/wp-content\/uploads\/2023\/11\/5-description-Midi-Factory-Oem-Customized-Holiday-Christmas-Burlap-Ribbon-Roll-Wired-Edge-Ribbon-For-Wreath-Crafts-Party-Decoration.jpg\" slate-data-type=\"image\" style=\"max-width: 100%; height: auto; display: block; margin: 0 auto;\"><br \/>\n<img decoding=\"async\" class=\"detail-desc-decorate-image\" src=\"http:\/\/ibn.wyd.mybluehost.me\/reanpackaging.com\/wp-content\/uploads\/2023\/11\/6-description-Midi-Factory-Oem-Customized-Holiday-Christmas-Burlap-Ribbon-Roll-Wired-Edge-Ribbon-For-Wreath-Crafts-Party-Decoration.jpg\" slate-data-type=\"image\" style=\"max-width: 100%; height: auto; display: block; margin: 0 auto;\"><br \/>\n<img decoding=\"async\" class=\"detail-desc-decorate-image\" src=\"http:\/\/ibn.wyd.mybluehost.me\/reanpackaging.com\/wp-content\/uploads\/2023\/11\/7-description-Midi-Factory-Oem-Customized-Holiday-Christmas-Burlap-Ribbon-Roll-Wired-Edge-Ribbon-For-Wreath-Crafts-Party-Decoration.jpg\" slate-data-type=\"image\" style=\"max-width: 100%; height: auto; display: block; margin: 0 auto;\"><br \/>\n<img decoding=\"async\" class=\"detail-desc-decorate-image\" src=\"http:\/\/ibn.wyd.mybluehost.me\/reanpackaging.com\/wp-content\/uploads\/2023\/11\/8-description-Midi-Factory-Oem-Customized-Holiday-Christmas-Burlap-Ribbon-Roll-Wired-Edge-Ribbon-For-Wreath-Crafts-Party-Decoration.jpg\" slate-data-type=\"image\" style=\"max-width: 100%; height: auto; display: block; margin: 0 auto;\"><\/p>","protected":false},"excerpt":{"rendered":"<p>Industry-Specific Attributes 7 days sample order lead time Support Material POLYESTER Fabric Type Burlap\/Satin\/Organza\/etc. Technics Printed Other Attributes Feature Eco-friendly, High Quality, Fashion Width Other, 63 mm Style Single Face Pattern Christmas\/Customized Product Type RIBBONS Key Word Wired Edge Ribbon, Holiday Ribbon Customize Accepted OEM ACCEPT put up 6yards\/10yards\/25 yards\/100 yards per roll or custom [&hellip;]<\/p>\n","protected":false},"featured_media":13782,"template":"","meta":{"_seopress_robots_primary_cat":"none","_seopress_titles_title":"","_seopress_titles_desc":"","_seopress_robots_index":"","site-sidebar-layout":"default","site-content-layout":"","ast-site-content-layout":"default","site-content-style":"default","site-sidebar-style":"default","ast-global-header-display":"","ast-banner-title-visibility":"","ast-main-header-display":"","ast-hfb-above-header-display":"","ast-hfb-below-header-display":"","ast-hfb-mobile-header-display":"","site-post-title":"","ast-breadcrumbs-content":"","ast-featured-img":"","footer-sml-layout":"","ast-disable-related-posts":"","theme-transparent-header-meta":"default","adv-header-id-meta":"","stick-header-meta":"default","header-above-stick-meta":"","header-main-stick-meta":"","header-below-stick-meta":"","astra-migrate-meta-layouts":"set","ast-page-background-enabled":"default","ast-page-background-meta":{"desktop":{"background-color":"","background-image":"","background-repeat":"repeat","background-position":"center center","background-size":"auto","background-attachment":"scroll","background-type":"","background-media":"","overlay-type":"","overlay-color":"","overlay-opacity":"","overlay-gradient":""},"tablet":{"background-color":"","background-image":"","background-repeat":"repeat","background-position":"center center","background-size":"auto","background-attachment":"scroll","background-type":"","background-media":"","overlay-type":"","overlay-color":"","overlay-opacity":"","overlay-gradient":""},"mobile":{"background-color":"","background-image":"","background-repeat":"repeat","background-position":"center center","background-size":"auto","background-attachment":"scroll","background-type":"","background-media":"","overlay-type":"","overlay-color":"","overlay-opacity":"","overlay-gradient":""}},"ast-content-background-meta":{"desktop":{"background-color":"var(--ast-global-color-5)","background-image":"","background-repeat":"repeat","background-position":"center center","background-size":"auto","background-attachment":"scroll","background-type":"","background-media":"","overlay-type":"","overlay-color":"","overlay-opacity":"","overlay-gradient":""},"tablet":{"background-color":"var(--ast-global-color-5)","background-image":"","background-repeat":"repeat","background-position":"center center","background-size":"auto","background-attachment":"scroll","background-type":"","background-media":"","overlay-type":"","overlay-color":"","overlay-opacity":"","overlay-gradient":""},"mobile":{"background-color":"var(--ast-global-color-5)","background-image":"","background-repeat":"repeat","background-position":"center center","background-size":"auto","background-attachment":"scroll","background-type":"","background-media":"","overlay-type":"","overlay-color":"","overlay-opacity":"","overlay-gradient":""}}},"product_brand":[],"product_cat":[55,51],"product_tag":[],"class_list":{"0":"post-14210","1":"product","2":"type-product","3":"status-publish","4":"has-post-thumbnail","6":"product_cat-ribbon","7":"product_cat-shipping-supplies","8":"desktop-align-left","9":"tablet-align-left","10":"mobile-align-left","11":"ast-product-gallery-layout-horizontal","12":"ast-product-tabs-layout-horizontal","14":"first","15":"instock","16":"purchasable","17":"product-type-simple"},"_links":{"self":[{"href":"https:\/\/reanpackaging.com\/cs\/wp-json\/wp\/v2\/product\/14210","targetHints":{"allow":["GET"]}}],"collection":[{"href":"https:\/\/reanpackaging.com\/cs\/wp-json\/wp\/v2\/product"}],"about":[{"href":"https:\/\/reanpackaging.com\/cs\/wp-json\/wp\/v2\/types\/product"}],"wp:featuredmedia":[{"embeddable":true,"href":"https:\/\/reanpackaging.com\/cs\/wp-json\/wp\/v2\/media\/13782"}],"wp:attachment":[{"href":"https:\/\/reanpackaging.com\/cs\/wp-json\/wp\/v2\/media?parent=14210"}],"wp:term":[{"taxonomy":"product_brand","embeddable":true,"href":"https:\/\/reanpackaging.com\/cs\/wp-json\/wp\/v2\/product_brand?post=14210"},{"taxonomy":"product_cat","embeddable":true,"href":"https:\/\/reanpackaging.com\/cs\/wp-json\/wp\/v2\/product_cat?post=14210"},{"taxonomy":"product_tag","embeddable":true,"href":"https:\/\/reanpackaging.com\/cs\/wp-json\/wp\/v2\/product_tag?post=14210"}],"curies":[{"name":"wp","href":"https:\/\/api.w.org\/{rel}","templated":true}]}}