{"id":16551,"date":"2024-04-25T16:53:04","date_gmt":"2024-04-25T16:53:04","guid":{"rendered":"https:\/\/reanpackaging.com\/product\/custom-printing-rainbow-happy-birthday-extra-large-flat-pack-2mm-cardboard-gift-box-with-lid\/"},"modified":"2024-10-01T16:33:49","modified_gmt":"2024-10-01T16:33:49","slug":"custom-printing-rainbow-happy-birthday-extra-large-flat-pack-2mm-cardboard-gift-box-with-lid","status":"publish","type":"product","link":"https:\/\/reanpackaging.com\/cs\/produkt\/custom-printing-rainbow-happy-birthday-extra-large-flat-pack-2mm-cardboard-gift-box-with-lid\/","title":{"rendered":"Vlastn\u00ed tisk Rainbow Happy Birthday Extra velk\u00e9 ploch\u00e9 balen\u00ed 2mm kartonov\u00e9 d\u00e1rkov\u00e9 krabice s v\u00edkem"},"content":{"rendered":"<h4>Atributy specifick\u00e9 pro dan\u00e9 odv\u011btv\u00ed<\/h4>\n<table border=\"1\">\n<tbody>\n<tr>\n<td><strong>Pr\u016fmyslov\u00e9 vyu\u017eit\u00ed<\/strong><\/td>\n<td>D\u00e1rky a \u0159emesla<\/td>\n<\/tr>\n<tr>\n<td><strong>Typ pap\u00edru<\/strong><\/td>\n<td>Vlnit\u00e1 lepenka<\/td>\n<\/tr>\n<tr>\n<td><strong>Funkce<\/strong><\/td>\n<td>Recyklovateln\u00e9, jednoduch\u00e9 a z\u00e1rove\u0148 elegantn\u00ed<\/td>\n<\/tr>\n<\/tbody>\n<\/table>\n<h4>Dal\u0161\u00ed atributy<\/h4>\n<table border=\"1\">\n<tbody>\n<tr>\n<td><strong>M\u00edsto p\u016fvodu<\/strong><\/td>\n<td>Guangdong, \u010c\u00edna<\/td>\n<\/tr>\n<tr>\n<td><strong>Typ krabice<\/strong><\/td>\n<td>Pevn\u00e9 boxy<\/td>\n<\/tr>\n<tr>\n<td><strong>N\u00e1zev zna\u010dky<\/strong><\/td>\n<td>LX<\/td>\n<\/tr>\n<tr>\n<td><strong>\u010c\u00edslo modelu<\/strong><\/td>\n<td>LS - P\u0159izp\u016fsoben\u00ed<\/td>\n<\/tr>\n<tr>\n<td><strong>Manipulace s tiskem<\/strong><\/td>\n<td>Matn\u00e1 laminace, lakov\u00e1n\u00ed, ra\u017eba, reli\u00e9fn\u00ed tisk, leskl\u00e1 laminace, UV lakov\u00e1n\u00ed, VANISHING, zlat\u00e1 f\u00f3lie<\/td>\n<\/tr>\n<tr>\n<td><strong>Vlastn\u00ed objedn\u00e1vka<\/strong><\/td>\n<td>P\u0159ijmout<\/td>\n<\/tr>\n<tr>\n<td><strong>Tvar<\/strong><\/td>\n<td>P\u0159izp\u016fsoben\u00e9<\/td>\n<\/tr>\n<tr>\n<td><strong>N\u00e1zev<\/strong><\/td>\n<td>Karton Speci\u00e1ln\u00ed z\u00e1suvka D\u00e1rkov\u00e9 balen\u00ed \u0160perky Pap\u00edrov\u00e1 krabice<\/td>\n<\/tr>\n<tr>\n<td><strong>Manipulace s tiskem<\/strong><\/td>\n<td>Matn\u00e9 a leskl\u00e9 laminov\u00e1n\u00ed, lakov\u00e1n\u00ed, ra\u017eba, reli\u00e9f, zlat\u00e1 f\u00f3lie<\/td>\n<\/tr>\n<tr>\n<td><strong>Typ krabice<\/strong><\/td>\n<td>Po\u0161tovn\u00ed schr\u00e1nka, z\u00e1suvkov\u00e1 krabice, v\u00edko a z\u00e1kladna, skl\u00e1dac\u00ed magnetick\u00e1 krabi\u010dka<\/td>\n<\/tr>\n<tr>\n<td><strong>Materi\u00e1l<\/strong><\/td>\n<td>kraftov\u00fd pap\u00edr, um\u011bleck\u00fd pap\u00edr, speci\u00e1ln\u00ed pap\u00edr, karton, chladn\u00fd pap\u00edr<\/td>\n<\/tr>\n<tr>\n<td><strong>Barva<\/strong><\/td>\n<td>CMYK nebo vlastn\u00ed, \u010dern\u00e1, b\u00edl\u00e1, hn\u011bd\u00e1, fialov\u00e1, modr\u00e1, r\u016f\u017eov\u00e1, \u010derven\u00e1, zelen\u00e1<\/td>\n<\/tr>\n<tr>\n<td><strong>Funkce<\/strong><\/td>\n<td>Recyklovateln\u00e9, recyklovateln\u00e9, \u0161etrn\u00e9 k \u017eivotn\u00edmu prost\u0159ed\u00ed<\/td>\n<\/tr>\n<tr>\n<td><strong>Tvar<\/strong><\/td>\n<td>P\u0159izp\u016fsobiteln\u00e9, ve tvaru knihy, ve tvaru srdce, ve tvaru kola<\/td>\n<\/tr>\n<tr>\n<td><strong>Pou\u017eijte<\/strong><\/td>\n<td>\u0161perkovnice, svatebn\u00ed krabi\u010dka, v\u00e1no\u010dn\u00ed krabi\u010dka, d\u011btsk\u00e1 krabi\u010dka, krabi\u010dka na oble\u010den\u00ed, kosmetika<\/td>\n<\/tr>\n<tr>\n<td><strong>Velikost<\/strong><\/td>\n<td>p\u0159izp\u016fsobiteln\u00e9<\/td>\n<\/tr>\n<tr>\n<td><strong>P\u0159\u00edslu\u0161enstv\u00ed<\/strong><\/td>\n<td>Magnet, EVA, hedv\u00e1b\u00ed, PVC, stuha, samet, zap\u00edn\u00e1n\u00ed na knofl\u00edk, stahovac\u00ed \u0161\u0148\u016frka, PET, o\u010dko<\/td>\n<\/tr>\n<\/tbody>\n<\/table>\n<p><img decoding=\"async\" class=\"detail-desc-decorate-image\" src=\"https:\/\/reanpackaging.com\/wp-content\/uploads\/2024\/04\/1-description-Custom-Printing-Rainbow-Happy-Birthday-Extra-Large-Flat-Pack-2mm-Cardboard-Gift-Box-with-Lid.jpg\" \/> <img decoding=\"async\" class=\"detail-desc-decorate-image\" style=\"max-width: 100%; height: auto; display: block; margin: 0 auto;\" src=\"https:\/\/reanpackaging.com\/wp-content\/uploads\/2024\/04\/2-description-Custom-Printing-Rainbow-Happy-Birthday-Extra-Large-Flat-Pack-2mm-Cardboard-Gift-Box-with-Lid.jpg\" \/><br \/>\n<img decoding=\"async\" class=\"detail-desc-decorate-image\" style=\"max-width: 100%; height: auto; display: block; margin: 0 auto;\" src=\"https:\/\/reanpackaging.com\/wp-content\/uploads\/2024\/04\/3-description-Custom-Printing-Rainbow-Happy-Birthday-Extra-Large-Flat-Pack-2mm-Cardboard-Gift-Box-with-Lid.jpg\" \/><br \/>\n<img decoding=\"async\" class=\"detail-desc-decorate-image\" style=\"max-width: 100%; height: auto; display: block; margin: 0 auto;\" src=\"https:\/\/reanpackaging.com\/wp-content\/uploads\/2024\/04\/4-description-Custom-Printing-Rainbow-Happy-Birthday-Extra-Large-Flat-Pack-2mm-Cardboard-Gift-Box-with-Lid.jpg\" \/><br \/>\n<img decoding=\"async\" class=\"detail-desc-decorate-image\" style=\"max-width: 100%; height: auto; display: block; margin: 0 auto;\" src=\"https:\/\/reanpackaging.com\/wp-content\/uploads\/2024\/04\/5-description-Custom-Printing-Rainbow-Happy-Birthday-Extra-Large-Flat-Pack-2mm-Cardboard-Gift-Box-with-Lid.jpg\" \/><br \/>\n<img decoding=\"async\" class=\"detail-desc-decorate-image\" style=\"max-width: 100%; height: auto; display: block; margin: 0 auto;\" src=\"https:\/\/reanpackaging.com\/wp-content\/uploads\/2024\/04\/6-description-Custom-Printing-Rainbow-Happy-Birthday-Extra-Large-Flat-Pack-2mm-Cardboard-Gift-Box-with-Lid.jpg\" \/><br \/>\n<img decoding=\"async\" class=\"detail-desc-decorate-image\" style=\"max-width: 100%; height: auto; display: block; margin: 0 auto;\" src=\"https:\/\/reanpackaging.com\/wp-content\/uploads\/2024\/04\/7-description-Custom-Printing-Rainbow-Happy-Birthday-Extra-Large-Flat-Pack-2mm-Cardboard-Gift-Box-with-Lid.jpg\" \/><br \/>\n<img decoding=\"async\" class=\"detail-desc-decorate-image\" style=\"max-width: 100%; height: auto; display: block; margin: 0 auto;\" src=\"https:\/\/reanpackaging.com\/wp-content\/uploads\/2024\/04\/8-description-Custom-Printing-Rainbow-Happy-Birthday-Extra-Large-Flat-Pack-2mm-Cardboard-Gift-Box-with-Lid.jpg\" \/><br \/>\n<img decoding=\"async\" class=\"detail-desc-decorate-image\" style=\"max-width: 100%; height: auto; display: block; margin: 0 auto;\" src=\"https:\/\/reanpackaging.com\/wp-content\/uploads\/2024\/04\/9-description-Custom-Printing-Rainbow-Happy-Birthday-Extra-Large-Flat-Pack-2mm-Cardboard-Gift-Box-with-Lid.jpg\" \/><br \/>\ndisplay: block; margin: 0 auto;\"&gt;<br \/>\n<img decoding=\"async\" class=\"detail-desc-decorate-image\" style=\"max-width: 100%; height: auto; display: block; margin: 0 auto;\" src=\"https:\/\/reanpackaging.com\/wp-content\/uploads\/2024\/04\/10-description-Custom-Printing-Rainbow-Happy-Birthday-Extra-Large-Flat-Pack-2mm-Cardboard-Gift-Box-with-Lid.jpg\" \/><br \/>\n<img decoding=\"async\" class=\"detail-desc-decorate-image\" style=\"max-width: 100%; height: auto; display: block; margin: 0 auto;\" src=\"https:\/\/reanpackaging.com\/wp-content\/uploads\/2024\/04\/11-description-Custom-Printing-Rainbow-Happy-Birthday-Extra-Large-Flat-Pack-2mm-Cardboard-Gift-Box-with-Lid.jpg\" \/><br \/>\n<img decoding=\"async\" class=\"detail-desc-decorate-image\" style=\"max-width: 100%; height: auto; display: block; margin: 0 auto;\" src=\"https:\/\/reanpackaging.com\/wp-content\/uploads\/2024\/04\/12-description-Custom-Printing-Rainbow-Happy-Birthday-Extra-Large-Flat-Pack-2mm-Cardboard-Gift-Box-with-Lid.jpg\" \/><\/p>","protected":false},"excerpt":{"rendered":"<p>Industry-Specific Attributes Industrial Use Gift &amp; Craft Paper Type Corrugated Board Feature Recyclable,simple while elegant Other Attributes Place of Origin Guangdong, China Box Type Rigid Boxes Brand Name LX Model Number LS &#8211; Customization Printing Handling Matt Lamination, Varnishing, Stamping, Embossing, Glossy Lamination, UV Coating, VANISHING, Gold Foil Custom Order Accept Shape Customized Name Cardboard [&hellip;]<\/p>\n","protected":false},"featured_media":16540,"template":"","meta":{"_seopress_robots_primary_cat":"none","_seopress_titles_title":"","_seopress_titles_desc":"","_seopress_robots_index":"","site-sidebar-layout":"default","site-content-layout":"","ast-site-content-layout":"default","site-content-style":"default","site-sidebar-style":"default","ast-global-header-display":"","ast-banner-title-visibility":"","ast-main-header-display":"","ast-hfb-above-header-display":"","ast-hfb-below-header-display":"","ast-hfb-mobile-header-display":"","site-post-title":"","ast-breadcrumbs-content":"","ast-featured-img":"","footer-sml-layout":"","ast-disable-related-posts":"","theme-transparent-header-meta":"default","adv-header-id-meta":"","stick-header-meta":"default","header-above-stick-meta":"","header-main-stick-meta":"","header-below-stick-meta":"","astra-migrate-meta-layouts":"set","ast-page-background-enabled":"default","ast-page-background-meta":{"desktop":{"background-color":"","background-image":"","background-repeat":"repeat","background-position":"center center","background-size":"auto","background-attachment":"scroll","background-type":"","background-media":"","overlay-type":"","overlay-color":"","overlay-opacity":"","overlay-gradient":""},"tablet":{"background-color":"","background-image":"","background-repeat":"repeat","background-position":"center center","background-size":"auto","background-attachment":"scroll","background-type":"","background-media":"","overlay-type":"","overlay-color":"","overlay-opacity":"","overlay-gradient":""},"mobile":{"background-color":"","background-image":"","background-repeat":"repeat","background-position":"center center","background-size":"auto","background-attachment":"scroll","background-type":"","background-media":"","overlay-type":"","overlay-color":"","overlay-opacity":"","overlay-gradient":""}},"ast-content-background-meta":{"desktop":{"background-color":"var(--ast-global-color-5)","background-image":"","background-repeat":"repeat","background-position":"center center","background-size":"auto","background-attachment":"scroll","background-type":"","background-media":"","overlay-type":"","overlay-color":"","overlay-opacity":"","overlay-gradient":""},"tablet":{"background-color":"var(--ast-global-color-5)","background-image":"","background-repeat":"repeat","background-position":"center center","background-size":"auto","background-attachment":"scroll","background-type":"","background-media":"","overlay-type":"","overlay-color":"","overlay-opacity":"","overlay-gradient":""},"mobile":{"background-color":"var(--ast-global-color-5)","background-image":"","background-repeat":"repeat","background-position":"center center","background-size":"auto","background-attachment":"scroll","background-type":"","background-media":"","overlay-type":"","overlay-color":"","overlay-opacity":"","overlay-gradient":""}}},"product_brand":[],"product_cat":[57,39],"product_tag":[],"class_list":{"0":"post-16551","1":"product","2":"type-product","3":"status-publish","4":"has-post-thumbnail","6":"product_cat-gift-box-with-lid","7":"product_cat-gift-boxes","8":"desktop-align-left","9":"tablet-align-left","10":"mobile-align-left","11":"ast-product-gallery-layout-horizontal","12":"ast-product-tabs-layout-horizontal","14":"first","15":"instock","16":"purchasable","17":"product-type-simple"},"_links":{"self":[{"href":"https:\/\/reanpackaging.com\/cs\/wp-json\/wp\/v2\/product\/16551","targetHints":{"allow":["GET"]}}],"collection":[{"href":"https:\/\/reanpackaging.com\/cs\/wp-json\/wp\/v2\/product"}],"about":[{"href":"https:\/\/reanpackaging.com\/cs\/wp-json\/wp\/v2\/types\/product"}],"wp:featuredmedia":[{"embeddable":true,"href":"https:\/\/reanpackaging.com\/cs\/wp-json\/wp\/v2\/media\/16540"}],"wp:attachment":[{"href":"https:\/\/reanpackaging.com\/cs\/wp-json\/wp\/v2\/media?parent=16551"}],"wp:term":[{"taxonomy":"product_brand","embeddable":true,"href":"https:\/\/reanpackaging.com\/cs\/wp-json\/wp\/v2\/product_brand?post=16551"},{"taxonomy":"product_cat","embeddable":true,"href":"https:\/\/reanpackaging.com\/cs\/wp-json\/wp\/v2\/product_cat?post=16551"},{"taxonomy":"product_tag","embeddable":true,"href":"https:\/\/reanpackaging.com\/cs\/wp-json\/wp\/v2\/product_tag?post=16551"}],"curies":[{"name":"wp","href":"https:\/\/api.w.org\/{rel}","templated":true}]}}