{"id":19324,"date":"2024-07-05T17:30:46","date_gmt":"2024-07-05T17:30:46","guid":{"rendered":"https:\/\/reanpackaging.com\/product\/custom-logo-luxury-wholesale-magnet-flap-clothing-folding-paper-rigid-gift-box-magnetic-closure-gift-boxes\/"},"modified":"2024-10-01T16:27:46","modified_gmt":"2024-10-01T16:27:46","slug":"custom-logo-luxury-wholesale-magnet-flap-clothing-folding-paper-rigid-gift-box-magnetic-closure-gift-boxes","status":"publish","type":"product","link":"https:\/\/reanpackaging.com\/cs\/produkt\/custom-logo-luxury-wholesale-magnet-flap-clothing-folding-paper-rigid-gift-box-magnetic-closure-gift-boxes\/","title":{"rendered":"Vlastn\u00ed logo Luxusn\u00ed velkoobchod Magnet Flap Oble\u010den\u00ed Skl\u00e1dac\u00ed pap\u00edr Pevn\u00e1 d\u00e1rkov\u00e1 krabi\u010dka Magnetick\u00fd uz\u00e1v\u011br D\u00e1rkov\u00e9 krabi\u010dky"},"content":{"rendered":"<h4>Atributy specifick\u00e9 pro dan\u00e9 odv\u011btv\u00ed<\/h4>\n<table border=\"1\">\n<tr>\n<td><strong>Pr\u016fmyslov\u00e9 vyu\u017eit\u00ed<\/strong><\/td>\n<td>D\u00e1rky a \u0159emesla<\/td>\n<\/tr>\n<tr>\n<td><strong>Typ pap\u00edru<\/strong><\/td>\n<td>Um\u011bleck\u00fd pap\u00edr<\/td>\n<\/tr>\n<tr>\n<td><strong>Funkce<\/strong><\/td>\n<td>Biologicky odbourateln\u00e9<\/td>\n<\/tr>\n<\/table>\n<h4>Dal\u0161\u00ed atributy<\/h4>\n<table border=\"1\">\n<tr>\n<td><strong>M\u00edsto p\u016fvodu<\/strong><\/td>\n<td>Guangdong, \u010c\u00edna<\/td>\n<\/tr>\n<tr>\n<td><strong>Typ krabice<\/strong><\/td>\n<td>Slo\u017eky<\/td>\n<\/tr>\n<tr>\n<td><strong>N\u00e1zev zna\u010dky<\/strong><\/td>\n<td>DB<\/td>\n<\/tr>\n<tr>\n<td><strong>\u010c\u00edslo modelu<\/strong><\/td>\n<td>OEM<\/td>\n<\/tr>\n<tr>\n<td><strong>Manipulace s tiskem<\/strong><\/td>\n<td>Reli\u00e9fn\u00ed ra\u017eba, leskl\u00e1 laminace, matn\u00e1 laminace, ra\u017eba, UV lakov\u00e1n\u00ed, lakov\u00e1n\u00ed<\/td>\n<\/tr>\n<tr>\n<td><strong>Vlastn\u00ed objedn\u00e1vka<\/strong><\/td>\n<td>P\u0159ijmout<\/td>\n<\/tr>\n<tr>\n<td><strong>Tvar<\/strong><\/td>\n<td>p\u0159izp\u016fsoben\u00ed<\/td>\n<\/tr>\n<tr>\n<td><strong>Materi\u00e1l<\/strong><\/td>\n<td>K\u0159\u00eddov\u00fd pap\u00edr ;Kraft pap\u00edr;Speci\u00e1ln\u00ed pap\u00edr;Karton (b\u00edl\u00e9\/\u0161ed\u00e9 j\u00e1dro)<\/td>\n<\/tr>\n<tr>\n<td><strong>MOQ<\/strong><\/td>\n<td>1000ks, samller mno\u017estv\u00ed k jedn\u00e1n\u00ed<\/td>\n<\/tr>\n<tr>\n<td><strong>Velikost<\/strong><\/td>\n<td>P\u0159ij\u00edm\u00e1 se vlastn\u00ed velikost<\/td>\n<\/tr>\n<tr>\n<td><strong>Barva<\/strong><\/td>\n<td>CMYK\/ panton<\/td>\n<\/tr>\n<tr>\n<td><strong>Logo<\/strong><\/td>\n<td>P\u0159ijateln\u00e9 logo z\u00e1kazn\u00edka<\/td>\n<\/tr>\n<tr>\n<td><strong>Aplikace<\/strong><\/td>\n<td>Krabice s d\u00e1rkov\u00fdm bal\u00ed\u010dkem<\/td>\n<\/tr>\n<tr>\n<td><strong>Manipulace s tiskem<\/strong><\/td>\n<td>Raz\u00edtkov\u00e1n\u00ed<\/td>\n<\/tr>\n<tr>\n<td><strong>\u010cas vzorku<\/strong><\/td>\n<td>3-10 dn\u00ed (doba v\u00fdroby se li\u0161\u00ed podle r\u016fzn\u00fdch proces\u016f)<\/td>\n<\/tr>\n<tr>\n<td><strong>Doba realizace<\/strong><\/td>\n<td>7-15 dn\u00ed<\/td>\n<\/tr>\n<tr>\n<td><strong>Doba dod\u00e1n\u00ed<\/strong><\/td>\n<td>Express Air: 5-9 dn\u00ed\/ Express Air: 12-15 dn\u00ed\/ P\u0159eprava: 20-60 dn\u00ed<\/td>\n<\/tr>\n<\/table>\n<p><img decoding=\"async\" class=\"detail-desc-decorate-image\" src=\"https:\/\/reanpackaging.com\/wp-content\/uploads\/2024\/07\/Detail-03-description-Custom-Logo-Luxury-Wholesale-Magnet-Flap-Clothing-Folding-Paper-Rigid-Gift-Box-Magnetic-Closure-Gift-Boxes.jpg\" slate-data-type=\"image\" style=\"max-width: 100%; height: auto; display: block; margin: 0 auto;\"><br \/>\n<img decoding=\"async\" class=\"detail-desc-decorate-image\" src=\"https:\/\/reanpackaging.com\/wp-content\/uploads\/2024\/07\/Detail-04-description-Custom-Logo-Luxury-Wholesale-Magnet-Flap-Clothing-Folding-Paper-Rigid-Gift-Box-Magnetic-Closure-Gift-Boxes.jpg\" slate-data-type=\"image\" style=\"max-width: 100%; height: auto; display: block; margin: 0 auto;\"><br \/>\n<img decoding=\"async\" class=\"detail-desc-decorate-image\" src=\"https:\/\/reanpackaging.com\/wp-content\/uploads\/2024\/07\/Detail-05-description-Custom-Logo-Luxury-Wholesale-Magnet-Flap-Clothing-Folding-Paper-Rigid-Gift-Box-Magnetic-Closure-Gift-Boxes.jpg\" slate-data-type=\"image\" style=\"max-width: 100%; height: auto; display: block; margin: 0 auto;\"><br \/>\n<img decoding=\"async\" class=\"detail-desc-decorate-image\" src=\"https:\/\/reanpackaging.com\/wp-content\/uploads\/2024\/07\/Detail-07-description-Custom-Logo-Luxury-Wholesale-Magnet-Flap-Clothing-Folding-Paper-Rigid-Gift-Box-Magnetic-Closure-Gift-Boxes.jpg\" slate-data-type=\"image\" style=\"max-width: 100%; height: auto; display: block; margin: 0 auto;\"><br \/>\n<img decoding=\"async\" class=\"detail-desc-decorate-image\" src=\"https:\/\/reanpackaging.com\/wp-content\/uploads\/2024\/07\/Detail-08-description-Custom-Logo-Luxury-Wholesale-Magnet-Flap-Clothing-Folding-Paper-Rigid-Gift-Box-Magnetic-Closure-Gift-Boxes.jpg\" slate-data-type=\"image\" style=\"max-width: 100%; height: auto; display: block; margin: 0 auto;\"><br \/>\n<img decoding=\"async\" class=\"detail-desc-decorate-image\" src=\"https:\/\/reanpackaging.com\/wp-content\/uploads\/2024\/07\/Detail-09-description-Custom-Logo-Luxury-Wholesale-Magnet-Flap-Clothing-Folding-Paper-Rigid-Gift-Box-Magnetic-Closure-Gift-Boxes.jpg\" slate-data-type=\"image\" style=\"max-width: 100%; height: auto; display: block; margin: 0 auto;\"><\/p>","protected":false},"excerpt":{"rendered":"<p>Industry-Specific Attributes Industrial Use Gift &#038; Craft Paper Type Art Paper Feature Bio-degradable Other Attributes Place of Origin Guangdong, China Box Type Folders Brand Name DB Model Number OEM Printing Handling Embossing, Glossy Lamination, Matt Lamination, Stamping, UV Coating, Varnishing Custom Order Accept Shape customization Material Coated paper ;Kraft paper;Special paper;Cardboard(white\/grey core) MOQ 1000pcs,samller quantity [&hellip;]<\/p>\n","protected":false},"featured_media":19161,"template":"","meta":{"_seopress_robots_primary_cat":"none","_seopress_titles_title":"","_seopress_titles_desc":"","_seopress_robots_index":"","site-sidebar-layout":"default","site-content-layout":"","ast-site-content-layout":"default","site-content-style":"default","site-sidebar-style":"default","ast-global-header-display":"","ast-banner-title-visibility":"","ast-main-header-display":"","ast-hfb-above-header-display":"","ast-hfb-below-header-display":"","ast-hfb-mobile-header-display":"","site-post-title":"","ast-breadcrumbs-content":"","ast-featured-img":"","footer-sml-layout":"","ast-disable-related-posts":"","theme-transparent-header-meta":"default","adv-header-id-meta":"","stick-header-meta":"default","header-above-stick-meta":"","header-main-stick-meta":"","header-below-stick-meta":"","astra-migrate-meta-layouts":"set","ast-page-background-enabled":"default","ast-page-background-meta":{"desktop":{"background-color":"","background-image":"","background-repeat":"repeat","background-position":"center center","background-size":"auto","background-attachment":"scroll","background-type":"","background-media":"","overlay-type":"","overlay-color":"","overlay-opacity":"","overlay-gradient":""},"tablet":{"background-color":"","background-image":"","background-repeat":"repeat","background-position":"center center","background-size":"auto","background-attachment":"scroll","background-type":"","background-media":"","overlay-type":"","overlay-color":"","overlay-opacity":"","overlay-gradient":""},"mobile":{"background-color":"","background-image":"","background-repeat":"repeat","background-position":"center center","background-size":"auto","background-attachment":"scroll","background-type":"","background-media":"","overlay-type":"","overlay-color":"","overlay-opacity":"","overlay-gradient":""}},"ast-content-background-meta":{"desktop":{"background-color":"var(--ast-global-color-5)","background-image":"","background-repeat":"repeat","background-position":"center center","background-size":"auto","background-attachment":"scroll","background-type":"","background-media":"","overlay-type":"","overlay-color":"","overlay-opacity":"","overlay-gradient":""},"tablet":{"background-color":"var(--ast-global-color-5)","background-image":"","background-repeat":"repeat","background-position":"center center","background-size":"auto","background-attachment":"scroll","background-type":"","background-media":"","overlay-type":"","overlay-color":"","overlay-opacity":"","overlay-gradient":""},"mobile":{"background-color":"var(--ast-global-color-5)","background-image":"","background-repeat":"repeat","background-position":"center center","background-size":"auto","background-attachment":"scroll","background-type":"","background-media":"","overlay-type":"","overlay-color":"","overlay-opacity":"","overlay-gradient":""}}},"product_brand":[],"product_cat":[61],"product_tag":[],"class_list":{"0":"post-19324","1":"product","2":"type-product","3":"status-publish","4":"has-post-thumbnail","6":"product_cat-magnetic-gift-boxes","7":"desktop-align-left","8":"tablet-align-left","9":"mobile-align-left","10":"ast-product-gallery-layout-horizontal","11":"ast-product-tabs-layout-horizontal","13":"first","14":"instock","15":"purchasable","16":"product-type-simple"},"_links":{"self":[{"href":"https:\/\/reanpackaging.com\/cs\/wp-json\/wp\/v2\/product\/19324","targetHints":{"allow":["GET"]}}],"collection":[{"href":"https:\/\/reanpackaging.com\/cs\/wp-json\/wp\/v2\/product"}],"about":[{"href":"https:\/\/reanpackaging.com\/cs\/wp-json\/wp\/v2\/types\/product"}],"wp:featuredmedia":[{"embeddable":true,"href":"https:\/\/reanpackaging.com\/cs\/wp-json\/wp\/v2\/media\/19161"}],"wp:attachment":[{"href":"https:\/\/reanpackaging.com\/cs\/wp-json\/wp\/v2\/media?parent=19324"}],"wp:term":[{"taxonomy":"product_brand","embeddable":true,"href":"https:\/\/reanpackaging.com\/cs\/wp-json\/wp\/v2\/product_brand?post=19324"},{"taxonomy":"product_cat","embeddable":true,"href":"https:\/\/reanpackaging.com\/cs\/wp-json\/wp\/v2\/product_cat?post=19324"},{"taxonomy":"product_tag","embeddable":true,"href":"https:\/\/reanpackaging.com\/cs\/wp-json\/wp\/v2\/product_tag?post=19324"}],"curies":[{"name":"wp","href":"https:\/\/api.w.org\/{rel}","templated":true}]}}