{"id":20157,"date":"2024-07-11T15:31:12","date_gmt":"2024-07-11T15:31:12","guid":{"rendered":"https:\/\/reanpackaging.com\/product\/advent-calendar-box-christmas-advent-calendar-gift-box-packaging-advent-calendar-kids-with-toys\/"},"modified":"2024-11-26T13:21:13","modified_gmt":"2024-11-26T13:21:13","slug":"advent-calendar-box-christmas-advent-calendar-gift-box-packaging-advent-calendar-kids-with-toys","status":"publish","type":"product","link":"https:\/\/reanpackaging.com\/cs\/produkt\/advent-calendar-box-christmas-advent-calendar-gift-box-packaging-advent-calendar-kids-with-toys\/","title":{"rendered":"Adventn\u00ed kalend\u00e1\u0159 Box V\u00e1no\u010dn\u00ed adventn\u00ed kalend\u00e1\u0159 D\u00e1rkov\u00e9 balen\u00ed Adventn\u00ed kalend\u00e1\u0159 D\u011bti s hra\u010dkami"},"content":{"rendered":"<h4>Atributy specifick\u00e9 pro dan\u00e9 odv\u011btv\u00ed<\/h4>\n<table border=\"1\">\n<tbody>\n<tr>\n<td><strong>Pr\u016fmyslov\u00e9 vyu\u017eit\u00ed<\/strong><\/td>\n<td>D\u00e1rky a \u0159emesla<\/td>\n<\/tr>\n<tr>\n<td><strong>Typ pap\u00edru<\/strong><\/td>\n<td>Karton<\/td>\n<\/tr>\n<tr>\n<td><strong>Funkce<\/strong><\/td>\n<td>Ru\u010dn\u00ed v\u00fdroba<\/td>\n<\/tr>\n<\/tbody>\n<\/table>\n<h4>Dal\u0161\u00ed atributy<\/h4>\n<table border=\"1\">\n<tbody>\n<tr>\n<td><strong>M\u00edsto p\u016fvodu<\/strong><\/td>\n<td>Guangdong, \u010c\u00edna<\/td>\n<\/tr>\n<tr>\n<td><strong>Typ krabice<\/strong><\/td>\n<td>Pevn\u00e9 boxy<\/td>\n<\/tr>\n<tr>\n<td><strong>N\u00e1zev zna\u010dky<\/strong><\/td>\n<td>MC<\/td>\n<\/tr>\n<tr>\n<td><strong>\u010c\u00edslo modelu<\/strong><\/td>\n<td>ACB029 (1)<\/td>\n<\/tr>\n<tr>\n<td><strong>Manipulace s tiskem<\/strong><\/td>\n<td>Matn\u00e9 laminov\u00e1n\u00ed<\/td>\n<\/tr>\n<tr>\n<td><strong>Vlastn\u00ed objedn\u00e1vka<\/strong><\/td>\n<td>P\u0159ijmout<\/td>\n<\/tr>\n<tr>\n<td><strong>Tvar<\/strong><\/td>\n<td>Obd\u00e9ln\u00edkov\u00fd, Obd\u00e9ln\u00edkov\u00fd<\/td>\n<\/tr>\n<tr>\n<td><strong>N\u00e1zev produktu<\/strong><\/td>\n<td>Pr\u00e1zdn\u00e1 krabice v\u00e1no\u010dn\u00edho adventn\u00edho kalend\u00e1\u0159e<\/td>\n<\/tr>\n<tr>\n<td><strong>Polo\u017eka<\/strong><\/td>\n<td>z\u00e1suvkov\u00fd box<\/td>\n<\/tr>\n<tr>\n<td><strong>Pou\u017eit\u00ed<\/strong><\/td>\n<td>D\u00e1rkov\u00fd bal\u00ed\u010dek<\/td>\n<\/tr>\n<tr>\n<td><strong>Struktura materi\u00e1lu<\/strong><\/td>\n<td>lepenka<\/td>\n<\/tr>\n<tr>\n<td><strong>Barva<\/strong><\/td>\n<td>b\u00edl\u00e1 nebo vlastn\u00ed barva<\/td>\n<\/tr>\n<tr>\n<td><strong>Tisk<\/strong><\/td>\n<td>4c Ofsetov\u00fd tisk<\/td>\n<\/tr>\n<tr>\n<td><strong>Velikost<\/strong><\/td>\n<td>P\u0159ij\u00edm\u00e1 se vlastn\u00ed velikost<\/td>\n<\/tr>\n<tr>\n<td><strong>Logo<\/strong><\/td>\n<td>Logo z\u00e1kazn\u00edka<\/td>\n<\/tr>\n<tr>\n<td><strong>MOQ<\/strong><\/td>\n<td>500ks<\/td>\n<\/tr>\n<\/tbody>\n<\/table>","protected":false},"excerpt":{"rendered":"<p>Industry-Specific Attributes Industrial Use Gift &amp; Craft Paper Type Paperboard Feature Handmade Other Attributes Place of Origin Guangdong, China Box Type Rigid Boxes Brand Name MC Model Number ACB029 (1) Printing Handling Matt Lamination Custom Order Accept Shape Rectangular, Rectangular Product name Empty christmas advent calendar box Item drawer box Usage Gift Package Material Structure [&hellip;]<\/p>\n","protected":false},"featured_media":20007,"template":"","meta":{"_seopress_robots_primary_cat":"none","_seopress_titles_title":"","_seopress_titles_desc":"","_seopress_robots_index":"","_seopress_analysis_target_kw":"","site-sidebar-layout":"default","site-content-layout":"","ast-site-content-layout":"default","site-content-style":"default","site-sidebar-style":"default","ast-global-header-display":"","ast-banner-title-visibility":"","ast-main-header-display":"","ast-hfb-above-header-display":"","ast-hfb-below-header-display":"","ast-hfb-mobile-header-display":"","site-post-title":"","ast-breadcrumbs-content":"","ast-featured-img":"","footer-sml-layout":"","ast-disable-related-posts":"","theme-transparent-header-meta":"default","adv-header-id-meta":"","stick-header-meta":"default","header-above-stick-meta":"","header-main-stick-meta":"","header-below-stick-meta":"","astra-migrate-meta-layouts":"set","ast-page-background-enabled":"default","ast-page-background-meta":{"desktop":{"background-color":"","background-image":"","background-repeat":"repeat","background-position":"center center","background-size":"auto","background-attachment":"scroll","background-type":"","background-media":"","overlay-type":"","overlay-color":"","overlay-opacity":"","overlay-gradient":""},"tablet":{"background-color":"","background-image":"","background-repeat":"repeat","background-position":"center center","background-size":"auto","background-attachment":"scroll","background-type":"","background-media":"","overlay-type":"","overlay-color":"","overlay-opacity":"","overlay-gradient":""},"mobile":{"background-color":"","background-image":"","background-repeat":"repeat","background-position":"center center","background-size":"auto","background-attachment":"scroll","background-type":"","background-media":"","overlay-type":"","overlay-color":"","overlay-opacity":"","overlay-gradient":""}},"ast-content-background-meta":{"desktop":{"background-color":"var(--ast-global-color-5)","background-image":"","background-repeat":"repeat","background-position":"center center","background-size":"auto","background-attachment":"scroll","background-type":"","background-media":"","overlay-type":"","overlay-color":"","overlay-opacity":"","overlay-gradient":""},"tablet":{"background-color":"var(--ast-global-color-5)","background-image":"","background-repeat":"repeat","background-position":"center center","background-size":"auto","background-attachment":"scroll","background-type":"","background-media":"","overlay-type":"","overlay-color":"","overlay-opacity":"","overlay-gradient":""},"mobile":{"background-color":"var(--ast-global-color-5)","background-image":"","background-repeat":"repeat","background-position":"center center","background-size":"auto","background-attachment":"scroll","background-type":"","background-media":"","overlay-type":"","overlay-color":"","overlay-opacity":"","overlay-gradient":""}}},"product_brand":[],"product_cat":[63],"product_tag":[],"class_list":{"0":"post-20157","1":"product","2":"type-product","3":"status-publish","4":"has-post-thumbnail","6":"product_cat-christmas-gift-boxes","7":"desktop-align-left","8":"tablet-align-left","9":"mobile-align-left","10":"ast-product-gallery-layout-horizontal","11":"ast-product-tabs-layout-horizontal","13":"first","14":"instock","15":"product-type-simple"},"_links":{"self":[{"href":"https:\/\/reanpackaging.com\/cs\/wp-json\/wp\/v2\/product\/20157","targetHints":{"allow":["GET"]}}],"collection":[{"href":"https:\/\/reanpackaging.com\/cs\/wp-json\/wp\/v2\/product"}],"about":[{"href":"https:\/\/reanpackaging.com\/cs\/wp-json\/wp\/v2\/types\/product"}],"wp:featuredmedia":[{"embeddable":true,"href":"https:\/\/reanpackaging.com\/cs\/wp-json\/wp\/v2\/media\/20007"}],"wp:attachment":[{"href":"https:\/\/reanpackaging.com\/cs\/wp-json\/wp\/v2\/media?parent=20157"}],"wp:term":[{"taxonomy":"product_brand","embeddable":true,"href":"https:\/\/reanpackaging.com\/cs\/wp-json\/wp\/v2\/product_brand?post=20157"},{"taxonomy":"product_cat","embeddable":true,"href":"https:\/\/reanpackaging.com\/cs\/wp-json\/wp\/v2\/product_cat?post=20157"},{"taxonomy":"product_tag","embeddable":true,"href":"https:\/\/reanpackaging.com\/cs\/wp-json\/wp\/v2\/product_tag?post=20157"}],"curies":[{"name":"wp","href":"https:\/\/api.w.org\/{rel}","templated":true}]}}