{"id":20745,"date":"2024-07-14T16:20:37","date_gmt":"2024-07-14T16:20:37","guid":{"rendered":"https:\/\/reanpackaging.com\/product\/led-jewellery-box-black-lacquer-logo-silk-screen-luxury-led-jewellery-package-custom-ring-boxes-jewelry-box-with-lights\/"},"modified":"2024-10-01T16:23:23","modified_gmt":"2024-10-01T16:23:23","slug":"led-jewellery-box-black-lacquer-logo-silk-screen-luxury-led-jewellery-package-custom-ring-boxes-jewelry-box-with-lights","status":"publish","type":"product","link":"https:\/\/reanpackaging.com\/cs\/produkt\/led-jewellery-box-black-lacquer-logo-silk-screen-luxury-led-jewellery-package-custom-ring-boxes-jewelry-box-with-lights\/","title":{"rendered":"Led \u0161perkovnice \u010dern\u00fd lak logo hedv\u00e1bn\u00e1 obrazovka luxusn\u00ed vedl \u0161perky bal\u00ed\u010dek vlastn\u00ed prsten boxy \u0161perkovnice se sv\u011btly"},"content":{"rendered":"<h4>Atributy specifick\u00e9 pro dan\u00e9 odv\u011btv\u00ed<\/h4>\n<table border=\"1\">\n<tbody>\n<tr>\n<td><strong>\u0160perkovnice Materi\u00e1l<\/strong><\/td>\n<td>plast<\/td>\n<\/tr>\n<\/tbody>\n<\/table>\n<h4>Dal\u0161\u00ed atributy<\/h4>\n<table border=\"1\">\n<tbody>\n<tr>\n<td><strong>\u010c\u00edslo modelu<\/strong><\/td>\n<td>FT0014<\/td>\n<\/tr>\n<tr>\n<td><strong>velikost<\/strong><\/td>\n<td>na m\u00edru<\/td>\n<\/tr>\n<tr>\n<td><strong>Certifik\u00e1t<\/strong><\/td>\n<td>ISO 9001\/ SGS\/FAMA\/MSDS atd.<\/td>\n<\/tr>\n<tr>\n<td><strong>N\u00e1zev produktu<\/strong><\/td>\n<td>Luxusn\u00ed \u0161perkovnice s led sv\u011btlem<\/td>\n<\/tr>\n<tr>\n<td><strong>Velikost<\/strong><\/td>\n<td>Prsten\/p\u0159\u00edv\u011bsek\/n\u00e1hrdeln\u00edk\/n\u00e1ramek\/velk\u00fd n\u00e1hrdeln\u00edk\/dvojit\u00fd prsten\/velk\u00e1 sada<\/td>\n<\/tr>\n<tr>\n<td><strong>Logo<\/strong><\/td>\n<td>P\u0159izp\u016fsoben\u00ed zdarma<\/td>\n<\/tr>\n<tr>\n<td><strong>\u0158emesln\u00e9 logo<\/strong><\/td>\n<td>Hork\u00e1 ra\u017eba\/hedv\u00e1bn\u00fd potisk\/embosovan\u00fd\/debossed\/3D potisk<\/td>\n<\/tr>\n<tr>\n<td><strong>Materi\u00e1l<\/strong><\/td>\n<td>Plastov\u00e9<\/td>\n<\/tr>\n<tr>\n<td><strong>Barva<\/strong><\/td>\n<td>\u010cern\u00e1\/b\u00edl\u00e1\/modr\u00e1\/fialov\u00e1\/r\u016f\u017eov\u00e1\/\u010derven\u00e1\/zlat\u00e1\/zelen\u00e1<\/td>\n<\/tr>\n<tr>\n<td><strong>\u010cas vzorku<\/strong><\/td>\n<td>2-5 pracovn\u00edch dn\u016f<\/td>\n<\/tr>\n<tr>\n<td><strong>OEM<\/strong><\/td>\n<td>Poskytov\u00e1n\u00ed slu\u017eeb OEM na m\u00edru<\/td>\n<\/tr>\n<tr>\n<td><strong>MOQ<\/strong><\/td>\n<td>50ks<\/td>\n<\/tr>\n<\/tbody>\n<\/table>\n<p><img decoding=\"async\" class=\"detail-desc-decorate-image\" style=\"max-width: 100%; height: auto; display: block; margin: 0 auto;\" src=\"https:\/\/reanpackaging.com\/wp-content\/uploads\/2024\/07\/6-description-Led-jewellery-box-black-lacquer-logo-silk-screen-luxury-led-jewellery-package-custom-ring-boxes-jewelry-box-with-lights.png\" \/><br \/>\n<img decoding=\"async\" class=\"detail-desc-decorate-image\" style=\"max-width: 100%; height: auto; display: block; margin: 0 auto;\" src=\"https:\/\/reanpackaging.com\/wp-content\/uploads\/2024\/07\/7-description-Led-jewellery-box-black-lacquer-logo-silk-screen-luxury-led-jewellery-package-custom-ring-boxes-jewelry-box-with-lights.jpg\" \/><br \/>\n<img decoding=\"async\" class=\"detail-desc-decorate-image\" style=\"max-width: 100%; height: auto; display: block; margin: 0 auto;\" src=\"https:\/\/reanpackaging.com\/wp-content\/uploads\/2024\/07\/8-description-Led-jewellery-box-black-lacquer-logo-silk-screen-luxury-led-jewellery-package-custom-ring-boxes-jewelry-box-with-lights.jpg\" \/><br \/>\n<img decoding=\"async\" class=\"detail-desc-decorate-image\" style=\"max-width: 100%; height: auto; display: block; margin: 0 auto;\" src=\"https:\/\/reanpackaging.com\/wp-content\/uploads\/2024\/07\/9-description-Led-jewellery-box-black-lacquer-logo-silk-screen-luxury-led-jewellery-package-custom-ring-boxes-jewelry-box-with-lights.jpg\" \/><br \/>\n<img decoding=\"async\" class=\"detail-desc-decorate-image\" style=\"max-width: 100%; height: auto; display: block; margin: 0 auto;\" src=\"https:\/\/reanpackaging.com\/wp-content\/uploads\/2024\/07\/10-description-Led-jewellery-box-black-lacquer-logo-silk-screen-luxury-led-jewellery-package-custom-ring-boxes-jewelry-box-with-lights.jpg\" \/><br \/>\n<img decoding=\"async\" class=\"detail-desc-decorate-image\" style=\"max-width: 100%; height: auto; display: block; margin: 0 auto;\" src=\"https:\/\/reanpackaging.com\/wp-content\/uploads\/2024\/07\/11-description-Led-jewellery-box-black-lacquer-logo-silk-screen-luxury-led-jewellery-package-custom-ring-boxes-jewelry-box-with-lights.jpg\" \/><br \/>\n<img decoding=\"async\" class=\"detail-desc-decorate-image\" style=\"max-width: 100%; height: auto; display: block; margin: 0 auto;\" src=\"https:\/\/reanpackaging.com\/wp-content\/uploads\/2024\/07\/12-description-Led-jewellery-box-black-lacquer-logo-silk-screen-luxury-led-jewellery-package-custom-ring-boxes-jewelry-box-with-lights.jpg\" \/><br \/>\n<img decoding=\"async\" class=\"detail-desc-decorate-image\" style=\"max-width: 100%; height: auto; display: block; margin: 0 auto;\" src=\"https:\/\/reanpackaging.com\/wp-content\/uploads\/2024\/07\/13-description-Led-jewellery-box-black-lacquer-logo-silk-screen-luxury-led-jewellery-package-custom-ring-boxes-jewelry-box-with-lights.jpg\" \/><br \/>\n<img decoding=\"async\" class=\"detail-desc-decorate-image\" style=\"max-width: 100%; height: auto; display: block; margin: 0 auto;\" src=\"https:\/\/reanpackaging.com\/wp-content\/uploads\/2024\/07\/14-description-Led-jewellery-box-black-lacquer-logo-silk-screen-luxury-led-jewellery-package-custom-ring-boxes-jewelry-box-with-lights.jpg\" \/><br \/>\n<img decoding=\"async\" class=\"detail-desc-decorate-image\" style=\"max-width: 100%; height: auto; display: block; margin: 0 auto;\" src=\"https:\/\/reanpackaging.com\/wp-content\/uploads\/2024\/07\/15-description-Led-jewellery-box-black-lacquer-logo-silk-screen-luxury-led-jewellery-package-custom-ring-boxes-jewelry-box-with-lights.jpg\" \/><br \/>\n<img decoding=\"async\" class=\"detail-desc-decorate-image\" style=\"max-width: 100%; height: auto; display: block; margin: 0 auto;\" src=\"https:\/\/reanpackaging.com\/wp-content\/uploads\/2024\/07\/16-description-Led-jewellery-box-black-lacquer-logo-silk-screen-luxury-led-jewellery-package-custom-ring-boxes-jewelry-box-with-lights.jpg\" \/><br \/>\n<img decoding=\"async\" class=\"detail-desc-decorate-image\" style=\"max-width: 100%; height: auto; display: block; margin: 0 auto;\" src=\"https:\/\/reanpackaging.com\/wp-content\/uploads\/2024\/07\/17-description-Led-jewellery-box-black-lacquer-logo-silk-screen-luxury-led-jewellery-package-custom-ring-boxes-jewelry-box-with-lights.jpg\" \/><br \/>\n<img decoding=\"async\" class=\"detail-desc-decorate-image\" style=\"max-width: 100%; height: auto; display: block; margin: 0 auto;\" src=\"https:\/\/reanpackaging.com\/wp-content\/uploads\/2024\/07\/18-description-Led-jewellery-box-black-lacquer-logo-silk-screen-luxury-led-jewellery-package-custom-ring-boxes-jewelry-box-with-lights.png\" \/><\/p>","protected":false},"excerpt":{"rendered":"<p>Industry-Specific Attributes Jewelry Boxes Material plastic Other Attributes Model Number FT0014 size customized Certificate ISO 9001\/ SGS\/FAMA\/MSDS etc. Product Name Luxury Jewelry Box With Led light Size Ring\/Pendant\/Earring\/Bangle\/Big Necklace\/Double Ring\/Big set Logo Free Customize Logo craft Hot-stamping\/silk print\/embossed\/debossed\/3D print Material Plastic Color Black\/White\/Blue\/Purple\/Pink\/Red\/Gold\/Green Sample Time 2-5 Working Day OEM Provide OEM Customize Service MOQ 50pcs<\/p>","protected":false},"featured_media":20622,"template":"","meta":{"_seopress_robots_primary_cat":"none","_seopress_titles_title":"","_seopress_titles_desc":"","_seopress_robots_index":"","site-sidebar-layout":"default","site-content-layout":"","ast-site-content-layout":"default","site-content-style":"default","site-sidebar-style":"default","ast-global-header-display":"","ast-banner-title-visibility":"","ast-main-header-display":"","ast-hfb-above-header-display":"","ast-hfb-below-header-display":"","ast-hfb-mobile-header-display":"","site-post-title":"","ast-breadcrumbs-content":"","ast-featured-img":"","footer-sml-layout":"","ast-disable-related-posts":"","theme-transparent-header-meta":"default","adv-header-id-meta":"","stick-header-meta":"default","header-above-stick-meta":"","header-main-stick-meta":"","header-below-stick-meta":"","astra-migrate-meta-layouts":"set","ast-page-background-enabled":"default","ast-page-background-meta":{"desktop":{"background-color":"","background-image":"","background-repeat":"repeat","background-position":"center center","background-size":"auto","background-attachment":"scroll","background-type":"","background-media":"","overlay-type":"","overlay-color":"","overlay-opacity":"","overlay-gradient":""},"tablet":{"background-color":"","background-image":"","background-repeat":"repeat","background-position":"center center","background-size":"auto","background-attachment":"scroll","background-type":"","background-media":"","overlay-type":"","overlay-color":"","overlay-opacity":"","overlay-gradient":""},"mobile":{"background-color":"","background-image":"","background-repeat":"repeat","background-position":"center center","background-size":"auto","background-attachment":"scroll","background-type":"","background-media":"","overlay-type":"","overlay-color":"","overlay-opacity":"","overlay-gradient":""}},"ast-content-background-meta":{"desktop":{"background-color":"var(--ast-global-color-5)","background-image":"","background-repeat":"repeat","background-position":"center center","background-size":"auto","background-attachment":"scroll","background-type":"","background-media":"","overlay-type":"","overlay-color":"","overlay-opacity":"","overlay-gradient":""},"tablet":{"background-color":"var(--ast-global-color-5)","background-image":"","background-repeat":"repeat","background-position":"center center","background-size":"auto","background-attachment":"scroll","background-type":"","background-media":"","overlay-type":"","overlay-color":"","overlay-opacity":"","overlay-gradient":""},"mobile":{"background-color":"var(--ast-global-color-5)","background-image":"","background-repeat":"repeat","background-position":"center center","background-size":"auto","background-attachment":"scroll","background-type":"","background-media":"","overlay-type":"","overlay-color":"","overlay-opacity":"","overlay-gradient":""}}},"product_brand":[],"product_cat":[64],"product_tag":[],"class_list":{"0":"post-20745","1":"product","2":"type-product","3":"status-publish","4":"has-post-thumbnail","6":"product_cat-jewelry-gift-boxes","7":"desktop-align-left","8":"tablet-align-left","9":"mobile-align-left","10":"ast-product-gallery-layout-horizontal","11":"ast-product-tabs-layout-horizontal","13":"first","14":"instock","15":"purchasable","16":"product-type-simple"},"_links":{"self":[{"href":"https:\/\/reanpackaging.com\/cs\/wp-json\/wp\/v2\/product\/20745","targetHints":{"allow":["GET"]}}],"collection":[{"href":"https:\/\/reanpackaging.com\/cs\/wp-json\/wp\/v2\/product"}],"about":[{"href":"https:\/\/reanpackaging.com\/cs\/wp-json\/wp\/v2\/types\/product"}],"wp:featuredmedia":[{"embeddable":true,"href":"https:\/\/reanpackaging.com\/cs\/wp-json\/wp\/v2\/media\/20622"}],"wp:attachment":[{"href":"https:\/\/reanpackaging.com\/cs\/wp-json\/wp\/v2\/media?parent=20745"}],"wp:term":[{"taxonomy":"product_brand","embeddable":true,"href":"https:\/\/reanpackaging.com\/cs\/wp-json\/wp\/v2\/product_brand?post=20745"},{"taxonomy":"product_cat","embeddable":true,"href":"https:\/\/reanpackaging.com\/cs\/wp-json\/wp\/v2\/product_cat?post=20745"},{"taxonomy":"product_tag","embeddable":true,"href":"https:\/\/reanpackaging.com\/cs\/wp-json\/wp\/v2\/product_tag?post=20745"}],"curies":[{"name":"wp","href":"https:\/\/api.w.org\/{rel}","templated":true}]}}