{"id":20762,"date":"2024-07-14T16:21:15","date_gmt":"2024-07-14T16:21:15","guid":{"rendered":"https:\/\/reanpackaging.com\/product\/drawer-gift-boxes-for-ring-luxury-travel-velvet-jewelry-box-with-custom-logo-for-ring-gift-box-packaging\/"},"modified":"2024-10-01T16:22:26","modified_gmt":"2024-10-01T16:22:26","slug":"drawer-gift-boxes-for-ring-luxury-travel-velvet-jewelry-box-with-custom-logo-for-ring-gift-box-packaging","status":"publish","type":"product","link":"https:\/\/reanpackaging.com\/cs\/produkt\/drawer-gift-boxes-for-ring-luxury-travel-velvet-jewelry-box-with-custom-logo-for-ring-gift-box-packaging\/","title":{"rendered":"Z\u00e1suvkov\u00e9 d\u00e1rkov\u00e9 krabi\u010dky pro prsten luxusn\u00ed cestovn\u00ed sametov\u00e9 \u0161perkovnice s vlastn\u00edm logem pro balen\u00ed d\u00e1rkov\u00fdch krabi\u010dek na prsten"},"content":{"rendered":"<h4>Atributy specifick\u00e9 pro dan\u00e9 odv\u011btv\u00ed<\/h4>\n<table border=\"1\">\n<tr>\n<td><strong>Pr\u016fmyslov\u00e9 vyu\u017eit\u00ed<\/strong><\/td>\n<td>D\u00e1rky a \u0159emesla<\/td>\n<\/tr>\n<tr>\n<td><strong>Typ pap\u00edru<\/strong><\/td>\n<td>Nat\u00edran\u00fd pap\u00edr<\/td>\n<\/tr>\n<tr>\n<td><strong>Funkce<\/strong><\/td>\n<td>Recyklovan\u00e9 materi\u00e1ly<\/td>\n<\/tr>\n<\/table>\n<h4>Dal\u0161\u00ed atributy<\/h4>\n<table border=\"1\">\n<tr>\n<td><strong>Typ krabice<\/strong><\/td>\n<td>Cutomized<\/td>\n<\/tr>\n<tr>\n<td><strong>\u010c\u00edslo modelu<\/strong><\/td>\n<td>466<\/td>\n<\/tr>\n<tr>\n<td><strong>Manipulace s tiskem<\/strong><\/td>\n<td>Matn\u00e1 laminace, lakov\u00e1n\u00ed, ra\u017eba, reli\u00e9fn\u00ed tisk, leskl\u00e1 laminace, UV lakov\u00e1n\u00ed, VANISHING, zlat\u00e1 f\u00f3lie, litografick\u00fd tisk CMYK<\/td>\n<\/tr>\n<tr>\n<td><strong>Vlastn\u00ed objedn\u00e1vka<\/strong><\/td>\n<td>P\u0159ijmout<\/td>\n<\/tr>\n<tr>\n<td><strong>Tvar<\/strong><\/td>\n<td>Cutomized<\/td>\n<\/tr>\n<tr>\n<td><strong>N\u00e1zev produktu<\/strong><\/td>\n<td>Balen\u00ed \u0161perk\u016f Box<\/td>\n<\/tr>\n<tr>\n<td><strong>Barva<\/strong><\/td>\n<td>P\u0159izp\u016fsoben\u00e1 barva<\/td>\n<\/tr>\n<tr>\n<td><strong>Pou\u017eit\u00ed<\/strong><\/td>\n<td>Balen\u00ed kosmetiky<\/td>\n<\/tr>\n<tr>\n<td><strong>Aplikace<\/strong><\/td>\n<td>D\u00e1rky Kv\u011btiny D\u00e1rky Kosmetika \u0160perky<\/td>\n<\/tr>\n<tr>\n<td><strong>Materi\u00e1l<\/strong><\/td>\n<td>M\u011bd\u011bn\u00e1 lepenka, \u0161ed\u00e1 lepenka, speci\u00e1ln\u00ed pap\u00edr, vlnit\u00fd pap\u00edr, um\u011bleck\u00fd pap\u00edr C2S<\/td>\n<\/tr>\n<tr>\n<td><strong>Typ<\/strong><\/td>\n<td>Luxusn\u00ed d\u00e1rkov\u00e9 balen\u00ed<\/td>\n<\/tr>\n<tr>\n<td><strong>Tvar<\/strong><\/td>\n<td>Podle skute\u010dn\u00e9ho typu obr\u00e1zku<\/td>\n<\/tr>\n<tr>\n<td><strong>Funkce<\/strong><\/td>\n<td>Recyklovateln\u00e9<\/td>\n<\/tr>\n<tr>\n<td><strong>Polo\u017eka<\/strong><\/td>\n<td>Podle skute\u010dn\u00e9ho typu obr\u00e1zku<\/td>\n<\/tr>\n<tr>\n<td><strong>Tiskov\u00e9 techniky<\/strong><\/td>\n<td>ofsetov\u00fd tisk, ra\u017eba, ra\u017eba, UV povlak atd.<\/td>\n<\/tr>\n<\/table>\n<p><img decoding=\"async\" class=\"detail-desc-decorate-image\" src=\"https:\/\/reanpackaging.com\/wp-content\/uploads\/2024\/07\/6-description-Drawer-gift-boxes-for-ring-luxury-travel-velvet-jewelry-box-with-custom-logo-for-ring-gift-box-packaging.jpg\" slate-data-type=\"image\" style=\"max-width: 100%; height: auto; display: block; margin: 0 auto;\"><br \/>\n<img decoding=\"async\" class=\"detail-desc-decorate-image\" src=\"https:\/\/reanpackaging.com\/wp-content\/uploads\/2024\/07\/7-description-Drawer-gift-boxes-for-ring-luxury-travel-velvet-jewelry-box-with-custom-logo-for-ring-gift-box-packaging.jpg\" slate-data-type=\"image\" style=\"max-width: 100%; height: auto; display: block; margin: 0 auto;\"><br \/>\n<img decoding=\"async\" class=\"detail-desc-decorate-image\" src=\"https:\/\/reanpackaging.com\/wp-content\/uploads\/2024\/07\/8-description-Drawer-gift-boxes-for-ring-luxury-travel-velvet-jewelry-box-with-custom-logo-for-ring-gift-box-packaging.jpg\" slate-data-type=\"image\" style=\"max-width: 100%; height: auto; display: block; margin: 0 auto;\"><br \/>\n<img decoding=\"async\" class=\"detail-desc-decorate-image\" src=\"https:\/\/reanpackaging.com\/wp-content\/uploads\/2024\/07\/9-description-Drawer-gift-boxes-for-ring-luxury-travel-velvet-jewelry-box-with-custom-logo-for-ring-gift-box-packaging.jpg\" slate-data-type=\"image\" style=\"max-width: 100%; height: auto; display: block; margin: 0 auto;\"><br \/>\n<img decoding=\"async\" class=\"detail-desc-decorate-image\" src=\"https:\/\/reanpackaging.com\/wp-content\/uploads\/2024\/07\/10-description-Drawer-gift-boxes-for-ring-luxury-travel-velvet-jewelry-box-with-custom-logo-for-ring-gift-box-packaging.jpg\" slate-data-type=\"image\" style=\"max-width: 100%; height: auto; display: block; margin: 0 auto;\"><br \/>\n<img decoding=\"async\" class=\"detail-desc-decorate-image\" src=\"https:\/\/reanpackaging.com\/wp-content\/uploads\/2024\/07\/11-description-Drawer-gift-boxes-for-ring-luxury-travel-velvet-jewelry-box-with-custom-logo-for-ring-gift-box-packaging.jpg\" slate-data-type=\"image\" style=\"max-width: 100%; height: auto; display: block; margin: 0 auto;\"><br \/>\n<img decoding=\"async\" class=\"detail-desc-decorate-image\" src=\"https:\/\/reanpackaging.com\/wp-content\/uploads\/2024\/07\/12-description-Drawer-gift-boxes-for-ring-luxury-travel-velvet-jewelry-box-with-custom-logo-for-ring-gift-box-packaging.jpg\" slate-data-type=\"image\" style=\"max-width: 100%; height: auto; display: block; margin: 0 auto;\"><\/p>","protected":false},"excerpt":{"rendered":"<p>Industry-Specific Attributes Industrial Use Gift &#038; Craft Paper Type Coated Paper Feature Recycled Materials Other Attributes Box Type Cutomized Model Number 466 Printing Handling Matt Lamination, Varnishing, Stamping, Embossing, Glossy Lamination, UV Coating, VANISHING, Gold Foil, CMYK litho printing Custom Order Accept Shape Cutomized Product name Jewelry Packaging Box Color Customized Color Usage Cosmetic Packing [&hellip;]<\/p>\n","protected":false},"featured_media":20593,"template":"","meta":{"_seopress_robots_primary_cat":"none","_seopress_titles_title":"","_seopress_titles_desc":"","_seopress_robots_index":"","site-sidebar-layout":"default","site-content-layout":"","ast-site-content-layout":"default","site-content-style":"default","site-sidebar-style":"default","ast-global-header-display":"","ast-banner-title-visibility":"","ast-main-header-display":"","ast-hfb-above-header-display":"","ast-hfb-below-header-display":"","ast-hfb-mobile-header-display":"","site-post-title":"","ast-breadcrumbs-content":"","ast-featured-img":"","footer-sml-layout":"","ast-disable-related-posts":"","theme-transparent-header-meta":"default","adv-header-id-meta":"","stick-header-meta":"default","header-above-stick-meta":"","header-main-stick-meta":"","header-below-stick-meta":"","astra-migrate-meta-layouts":"set","ast-page-background-enabled":"default","ast-page-background-meta":{"desktop":{"background-color":"","background-image":"","background-repeat":"repeat","background-position":"center center","background-size":"auto","background-attachment":"scroll","background-type":"","background-media":"","overlay-type":"","overlay-color":"","overlay-opacity":"","overlay-gradient":""},"tablet":{"background-color":"","background-image":"","background-repeat":"repeat","background-position":"center center","background-size":"auto","background-attachment":"scroll","background-type":"","background-media":"","overlay-type":"","overlay-color":"","overlay-opacity":"","overlay-gradient":""},"mobile":{"background-color":"","background-image":"","background-repeat":"repeat","background-position":"center center","background-size":"auto","background-attachment":"scroll","background-type":"","background-media":"","overlay-type":"","overlay-color":"","overlay-opacity":"","overlay-gradient":""}},"ast-content-background-meta":{"desktop":{"background-color":"var(--ast-global-color-5)","background-image":"","background-repeat":"repeat","background-position":"center center","background-size":"auto","background-attachment":"scroll","background-type":"","background-media":"","overlay-type":"","overlay-color":"","overlay-opacity":"","overlay-gradient":""},"tablet":{"background-color":"var(--ast-global-color-5)","background-image":"","background-repeat":"repeat","background-position":"center center","background-size":"auto","background-attachment":"scroll","background-type":"","background-media":"","overlay-type":"","overlay-color":"","overlay-opacity":"","overlay-gradient":""},"mobile":{"background-color":"var(--ast-global-color-5)","background-image":"","background-repeat":"repeat","background-position":"center center","background-size":"auto","background-attachment":"scroll","background-type":"","background-media":"","overlay-type":"","overlay-color":"","overlay-opacity":"","overlay-gradient":""}}},"product_brand":[],"product_cat":[64],"product_tag":[],"class_list":{"0":"post-20762","1":"product","2":"type-product","3":"status-publish","4":"has-post-thumbnail","6":"product_cat-jewelry-gift-boxes","7":"desktop-align-left","8":"tablet-align-left","9":"mobile-align-left","10":"ast-product-gallery-layout-horizontal","11":"ast-product-tabs-layout-horizontal","13":"first","14":"instock","15":"purchasable","16":"product-type-simple"},"_links":{"self":[{"href":"https:\/\/reanpackaging.com\/cs\/wp-json\/wp\/v2\/product\/20762","targetHints":{"allow":["GET"]}}],"collection":[{"href":"https:\/\/reanpackaging.com\/cs\/wp-json\/wp\/v2\/product"}],"about":[{"href":"https:\/\/reanpackaging.com\/cs\/wp-json\/wp\/v2\/types\/product"}],"wp:featuredmedia":[{"embeddable":true,"href":"https:\/\/reanpackaging.com\/cs\/wp-json\/wp\/v2\/media\/20593"}],"wp:attachment":[{"href":"https:\/\/reanpackaging.com\/cs\/wp-json\/wp\/v2\/media?parent=20762"}],"wp:term":[{"taxonomy":"product_brand","embeddable":true,"href":"https:\/\/reanpackaging.com\/cs\/wp-json\/wp\/v2\/product_brand?post=20762"},{"taxonomy":"product_cat","embeddable":true,"href":"https:\/\/reanpackaging.com\/cs\/wp-json\/wp\/v2\/product_cat?post=20762"},{"taxonomy":"product_tag","embeddable":true,"href":"https:\/\/reanpackaging.com\/cs\/wp-json\/wp\/v2\/product_tag?post=20762"}],"curies":[{"name":"wp","href":"https:\/\/api.w.org\/{rel}","templated":true}]}}