{"id":21217,"date":"2024-07-17T17:10:03","date_gmt":"2024-07-17T17:10:03","guid":{"rendered":"https:\/\/reanpackaging.com\/product\/valentine-day-custom-wholesale-recyclable-biodegradable-transparent-cake-packaging-gift-boxes-with-available-size-and-logo\/"},"modified":"2024-10-01T16:21:30","modified_gmt":"2024-10-01T16:21:30","slug":"valentine-day-custom-wholesale-recyclable-biodegradable-transparent-cake-packaging-gift-boxes-with-available-size-and-logo","status":"publish","type":"product","link":"https:\/\/reanpackaging.com\/cs\/produkt\/valentine-day-custom-wholesale-recyclable-biodegradable-transparent-cake-packaging-gift-boxes-with-available-size-and-logo\/","title":{"rendered":"Velk\u00e9 \u010dir\u00e9 d\u00e1rkov\u00e9 krabice velkoobchod"},"content":{"rendered":"<h4>Atributy specifick\u00e9 pro dan\u00e9 odv\u011btv\u00ed<\/h4>\n<table border=\"1\">\n<tbody>\n<tr>\n<td><strong>Pr\u016fmyslov\u00e9 vyu\u017eit\u00ed<\/strong><\/td>\n<td>Potraviny<\/td>\n<\/tr>\n<tr>\n<td><strong>Funkce<\/strong><\/td>\n<td>Jednor\u00e1zov\u00e9<\/td>\n<\/tr>\n<tr>\n<td><strong>Plastov\u00fd typ<\/strong><\/td>\n<td>PVC<\/td>\n<\/tr>\n<\/tbody>\n<\/table>\n<h4>Dal\u0161\u00ed atributy<\/h4>\n<table border=\"1\">\n<tbody>\n<tr>\n<td><strong>Tlou\u0161\u0165ka<\/strong><\/td>\n<td>p\u0159izp\u016fsoben\u00ed<\/td>\n<\/tr>\n<tr>\n<td><strong>Manipulace s tiskem<\/strong><\/td>\n<td>Reli\u00e9fn\u00ed tisk, UV lakov\u00e1n\u00ed, lakov\u00e1n\u00ed, leskl\u00e1 laminace, ra\u017eba, matn\u00e1 laminace<\/td>\n<\/tr>\n<tr>\n<td><strong>Vlastn\u00ed objedn\u00e1vka<\/strong><\/td>\n<td>P\u0159ijmout<\/td>\n<\/tr>\n<tr>\n<td><strong>Tlou\u0161\u0165ka materi\u00e1lu<\/strong><\/td>\n<td>3 mm, 1,5 mm<\/td>\n<\/tr>\n<tr>\n<td><strong>Tvar &amp; styl<\/strong><\/td>\n<td>Obd\u00e9ln\u00edk<\/td>\n<\/tr>\n<tr>\n<td><strong>Proces tisku<\/strong><\/td>\n<td>Ofsetov\u00fd tisk, inkoust<\/td>\n<\/tr>\n<tr>\n<td><strong>Aplikace<\/strong><\/td>\n<td>Balen\u00ed od\u011bv\u016f a dopl\u0148k\u016f<\/td>\n<\/tr>\n<tr>\n<td><strong>Barva<\/strong><\/td>\n<td>P\u0159izp\u016fsoben\u00e1 barva<\/td>\n<\/tr>\n<tr>\n<td><strong>Styl<\/strong><\/td>\n<td>M\u00f3da\/Klasika\/Romantika\/Minimalismus<\/td>\n<\/tr>\n<tr>\n<td><strong>P\u0159\u00edle\u017eitost<\/strong><\/td>\n<td>D\u00e1rky\/Oslava\/V\u00fdro\u010d\u00ed\/Svatebn\u00ed akce\/Svatba<\/td>\n<\/tr>\n<tr>\n<td><strong>\u010cas vzorku<\/strong><\/td>\n<td>1-5 den<\/td>\n<\/tr>\n<tr>\n<td><strong>Funkce<\/strong><\/td>\n<td>\u0160etrn\u00e9 k \u017eivotn\u00edmu prost\u0159ed\u00ed\/p\u0159enosn\u00e9\/odoln\u00e9<\/td>\n<\/tr>\n<tr>\n<td><strong>Kl\u00ed\u010dov\u00e9 slovo<\/strong><\/td>\n<td>Vlastn\u00ed magnetick\u00e1 skl\u00e1dac\u00ed d\u00e1rkov\u00e1 krabi\u010dka<\/td>\n<\/tr>\n<\/tbody>\n<\/table>\n<p><img decoding=\"async\" class=\"detail-desc-decorate-image\" style=\"max-width: 100%; height: auto; display: block; margin: 0 auto;\" src=\"https:\/\/reanpackaging.com\/wp-content\/uploads\/2024\/07\/1-description-Valentine-day-custom-wholesale-recyclable-biodegradable-transparent-cake-packaging-gift-boxes-with-available-size-and-logo.jpg\" \/><br \/>\n<img decoding=\"async\" class=\"detail-desc-decorate-image\" style=\"max-width: 100%; height: auto; display: block; margin: 0 auto;\" src=\"https:\/\/reanpackaging.com\/wp-content\/uploads\/2024\/07\/2-description-Valentine-day-custom-wholesale-recyclable-biodegradable-transparent-cake-packaging-gift-boxes-with-available-size-and-logo.jpg\" \/><br \/>\n<img decoding=\"async\" class=\"detail-desc-decorate-image\" style=\"max-width: 100%; height: auto; display: block; margin: 0 auto;\" src=\"https:\/\/reanpackaging.com\/wp-content\/uploads\/2024\/07\/3-description-Valentine-day-custom-wholesale-recyclable-biodegradable-transparent-cake-packaging-gift-boxes-with-available-size-and-logo.jpg\" \/><br \/>\n<img decoding=\"async\" class=\"detail-desc-decorate-image\" style=\"max-width: 100%; height: auto; display: block; margin: 0 auto;\" src=\"https:\/\/reanpackaging.com\/wp-content\/uploads\/2024\/07\/4-description-Valentine-day-custom-wholesale-recyclable-biodegradable-transparent-cake-packaging-gift-boxes-with-available-size-and-logo.jpg\" \/><br \/>\n<img decoding=\"async\" class=\"detail-desc-decorate-image\" style=\"max-width: 100%; height: auto; display: block; margin: 0 auto;\" src=\"https:\/\/reanpackaging.com\/wp-content\/uploads\/2024\/07\/5-description-Valentine-day-custom-wholesale-recyclable-biodegradable-transparent-cake-packaging-gift-boxes-with-available-size-and-logo.jpg\" \/><br \/>\n<img decoding=\"async\" class=\"detail-desc-decorate-image\" style=\"max-width: 100%; height: auto; display: block; margin: 0 auto;\" src=\"https:\/\/reanpackaging.com\/wp-content\/uploads\/2024\/07\/6-description-Valentine-day-custom-wholesale-recyclable-biodegradable-transparent-cake-packaging-gift-boxes-with-available-size-and-logo.jpg\" \/><br \/>\n<img decoding=\"async\" class=\"detail-desc-decorate-image\" style=\"max-width: 100%; height: auto; display: block; margin: 0 auto;\" src=\"https:\/\/reanpackaging.com\/wp-content\/uploads\/2024\/07\/7-description-Valentine-day-custom-wholesale-recyclable-biodegradable-transparent-cake-packaging-gift-boxes-with-available-size-and-logo.jpg\" \/><br \/>\n<img decoding=\"async\" class=\"detail-desc-decorate-image\" style=\"max-width: 100%; height: auto; display: block; margin: 0 auto;\" src=\"https:\/\/reanpackaging.com\/wp-content\/uploads\/2024\/07\/8-description-Valentine-day-custom-wholesale-recyclable-biodegradable-transparent-cake-packaging-gift-boxes-with-available-size-and-logo.jpg\" \/><br \/>\n<img decoding=\"async\" class=\"detail-desc-decorate-image\" style=\"max-width: 100%; height: auto; display: block; margin: 0 auto;\" src=\"https:\/\/reanpackaging.com\/wp-content\/uploads\/2024\/07\/9-description-Valentine-day-custom-wholesale-recyclable-biodegradable-transparent-cake-packaging-gift-boxes-with-available-size-and-logo.jpg\" \/><br \/>\n<img decoding=\"async\" class=\"detail-desc-decorate-image\" style=\"max-width: 100%; height: auto; display: block; margin: 0 auto;\" src=\"https:\/\/reanpackaging.com\/wp-content\/uploads\/2024\/07\/10-description-Valentine-day-custom-wholesale-recyclable-biodegradable-transparent-cake-packaging-gift-boxes-with-available-size-and-logo.jpg\" \/><\/p>","protected":false},"excerpt":{"rendered":"<p>Industry-Specific Attributes Industrial Use Food Feature Disposable Plastic Type PVC Other Attributes Thickness customization Printing Handling Embossing, UV Coating, Varnishing, Glossy Lamination, Stamping, Matt Lamination Custom Order Accept Material thickness 3 mm, 1.5 mm Shape &amp; style Rectangle Printing process Offset printing, ink Application Clothing and accessories packaging Color Customized Color Style Fashion\/Classic\/Romantic\/Minimalist Occasion Presents\/Party\/Anniversary\/Engagement\/Wedding [&hellip;]<\/p>\n","protected":false},"featured_media":21190,"template":"","meta":{"_seopress_robots_primary_cat":"none","_seopress_titles_title":"","_seopress_titles_desc":"","_seopress_robots_index":"","site-sidebar-layout":"default","site-content-layout":"","ast-site-content-layout":"default","site-content-style":"default","site-sidebar-style":"default","ast-global-header-display":"","ast-banner-title-visibility":"","ast-main-header-display":"","ast-hfb-above-header-display":"","ast-hfb-below-header-display":"","ast-hfb-mobile-header-display":"","site-post-title":"","ast-breadcrumbs-content":"","ast-featured-img":"","footer-sml-layout":"","ast-disable-related-posts":"","theme-transparent-header-meta":"default","adv-header-id-meta":"","stick-header-meta":"default","header-above-stick-meta":"","header-main-stick-meta":"","header-below-stick-meta":"","astra-migrate-meta-layouts":"set","ast-page-background-enabled":"default","ast-page-background-meta":{"desktop":{"background-color":"","background-image":"","background-repeat":"repeat","background-position":"center center","background-size":"auto","background-attachment":"scroll","background-type":"","background-media":"","overlay-type":"","overlay-color":"","overlay-opacity":"","overlay-gradient":""},"tablet":{"background-color":"","background-image":"","background-repeat":"repeat","background-position":"center center","background-size":"auto","background-attachment":"scroll","background-type":"","background-media":"","overlay-type":"","overlay-color":"","overlay-opacity":"","overlay-gradient":""},"mobile":{"background-color":"","background-image":"","background-repeat":"repeat","background-position":"center center","background-size":"auto","background-attachment":"scroll","background-type":"","background-media":"","overlay-type":"","overlay-color":"","overlay-opacity":"","overlay-gradient":""}},"ast-content-background-meta":{"desktop":{"background-color":"var(--ast-global-color-5)","background-image":"","background-repeat":"repeat","background-position":"center center","background-size":"auto","background-attachment":"scroll","background-type":"","background-media":"","overlay-type":"","overlay-color":"","overlay-opacity":"","overlay-gradient":""},"tablet":{"background-color":"var(--ast-global-color-5)","background-image":"","background-repeat":"repeat","background-position":"center center","background-size":"auto","background-attachment":"scroll","background-type":"","background-media":"","overlay-type":"","overlay-color":"","overlay-opacity":"","overlay-gradient":""},"mobile":{"background-color":"var(--ast-global-color-5)","background-image":"","background-repeat":"repeat","background-position":"center center","background-size":"auto","background-attachment":"scroll","background-type":"","background-media":"","overlay-type":"","overlay-color":"","overlay-opacity":"","overlay-gradient":""}}},"product_brand":[],"product_cat":[65],"product_tag":[],"class_list":{"0":"post-21217","1":"product","2":"type-product","3":"status-publish","4":"has-post-thumbnail","6":"product_cat-transparent-gift-boxes","7":"desktop-align-left","8":"tablet-align-left","9":"mobile-align-left","10":"ast-product-gallery-layout-horizontal","11":"ast-product-tabs-layout-horizontal","13":"first","14":"instock","15":"purchasable","16":"product-type-simple"},"_links":{"self":[{"href":"https:\/\/reanpackaging.com\/cs\/wp-json\/wp\/v2\/product\/21217","targetHints":{"allow":["GET"]}}],"collection":[{"href":"https:\/\/reanpackaging.com\/cs\/wp-json\/wp\/v2\/product"}],"about":[{"href":"https:\/\/reanpackaging.com\/cs\/wp-json\/wp\/v2\/types\/product"}],"wp:featuredmedia":[{"embeddable":true,"href":"https:\/\/reanpackaging.com\/cs\/wp-json\/wp\/v2\/media\/21190"}],"wp:attachment":[{"href":"https:\/\/reanpackaging.com\/cs\/wp-json\/wp\/v2\/media?parent=21217"}],"wp:term":[{"taxonomy":"product_brand","embeddable":true,"href":"https:\/\/reanpackaging.com\/cs\/wp-json\/wp\/v2\/product_brand?post=21217"},{"taxonomy":"product_cat","embeddable":true,"href":"https:\/\/reanpackaging.com\/cs\/wp-json\/wp\/v2\/product_cat?post=21217"},{"taxonomy":"product_tag","embeddable":true,"href":"https:\/\/reanpackaging.com\/cs\/wp-json\/wp\/v2\/product_tag?post=21217"}],"curies":[{"name":"wp","href":"https:\/\/api.w.org\/{rel}","templated":true}]}}