{"id":21891,"date":"2024-07-19T14:16:26","date_gmt":"2024-07-19T14:16:26","guid":{"rendered":"https:\/\/reanpackaging.com\/product\/customized-6-8-9-10-12-inch-square-birthday-cake-box-transparent-plastic-tall-clear-cake-packaging-box-wedding-party-pastry-box\/"},"modified":"2024-10-01T16:19:03","modified_gmt":"2024-10-01T16:19:03","slug":"customized-6-8-9-10-12-inch-square-birthday-cake-box-transparent-plastic-tall-clear-cake-packaging-box-wedding-party-pastry-box","status":"publish","type":"product","link":"https:\/\/reanpackaging.com\/cs\/produkt\/prizpusobene-6-8-9-10-12-palcu-ctvercovy-narozeninovy-dort-box-pruhledny-plastovy-vysoky-pruhledny-dort-obal-box-svatebni-strana-pecivo-box\/","title":{"rendered":"P\u0159izp\u016fsoben\u00e1 6\/8\/9\/10\/12 palcov\u00e1 \u010dtvercov\u00e1 narozeninov\u00e1 dortov\u00e1 krabice Pr\u016fhledn\u00e1 plastov\u00e1 vysok\u00e1 \u010dir\u00e1 dortov\u00e1 obalov\u00e1 krabice Svatebn\u00ed strana Pe\u010divo Box"},"content":{"rendered":"<h4>Atributy specifick\u00e9 pro dan\u00e9 odv\u011btv\u00ed<\/h4>\n<table border=\"1\">\n<tr>\n<td><strong>Pr\u016fmyslov\u00e9 vyu\u017eit\u00ed<\/strong><\/td>\n<td>Potraviny<\/td>\n<\/tr>\n<tr>\n<td><strong>Typ pap\u00edru<\/strong><\/td>\n<td>Karton<\/td>\n<\/tr>\n<tr>\n<td><strong>Funkce<\/strong><\/td>\n<td>Recyklovateln\u00e9<\/td>\n<\/tr>\n<\/table>\n<h4>Dal\u0161\u00ed atributy<\/h4>\n<table border=\"1\">\n<tr>\n<td><strong>Typ krabice<\/strong><\/td>\n<td>Slo\u017eky<\/td>\n<\/tr>\n<tr>\n<td><strong>Manipulace s tiskem<\/strong><\/td>\n<td>Ra\u017eba, leskl\u00e1 laminace<\/td>\n<\/tr>\n<tr>\n<td><strong>Vlastn\u00ed objedn\u00e1vka<\/strong><\/td>\n<td>P\u0159ijmout<\/td>\n<\/tr>\n<tr>\n<td><strong>Tvar<\/strong><\/td>\n<td>\u010ctverec<\/td>\n<\/tr>\n<tr>\n<td><strong>P\u0159\u00edslu\u0161enstv\u00ed<\/strong><\/td>\n<td>Podle va\u0161ich pot\u0159eb<\/td>\n<\/tr>\n<tr>\n<td><strong>Typ vlo\u017eky<\/strong><\/td>\n<td>Karton<\/td>\n<\/tr>\n<tr>\n<td><strong>N\u00e1zev produktu<\/strong><\/td>\n<td>\u010ctvercov\u00e1 pr\u016fhledn\u00e1 plastov\u00e1 krabice na dort<\/td>\n<\/tr>\n<tr>\n<td><strong>Pou\u017eijte<\/strong><\/td>\n<td>Balen\u00ed dort\u016f<\/td>\n<\/tr>\n<tr>\n<td><strong>Kl\u00ed\u010dov\u00e1 slova<\/strong><\/td>\n<td>\u010ctvercov\u00e1 pr\u016fhledn\u00e1 krabice na dort<\/td>\n<\/tr>\n<tr>\n<td><strong>Uk\u00e1zka<\/strong><\/td>\n<td>Vzorek zdarma, vzorky na m\u00edru lze dodat do 48 hodin<\/td>\n<\/tr>\n<tr>\n<td><strong>OEM\/ODM<\/strong><\/td>\n<td>Velmi v\u00edtan\u00e9<\/td>\n<\/tr>\n<tr>\n<td><strong>Kvalita<\/strong><\/td>\n<td>Bezplatn\u00fd n\u00e1vrh v\u00fdkres\u016f krabic a tiskov\u00fdch dokument\u016f<\/td>\n<\/tr>\n<tr>\n<td><strong>Styl<\/strong><\/td>\n<td>\u010ctvercov\u00e1 krabice na dort<\/td>\n<\/tr>\n<tr>\n<td><strong>Polo\u017eka<\/strong><\/td>\n<td>Krabice na balen\u00ed dort\u016f<\/td>\n<\/tr>\n<tr>\n<td><strong>P\u0159eprava<\/strong><\/td>\n<td>DHL, EM, ePacket, Fedex, TNT, UPS, podle va\u0161eho po\u017eadavku<\/td>\n<\/tr>\n<tr>\n<td><strong>Balen\u00ed<\/strong><\/td>\n<td>OPP s\u00e1\u010dek na prach + 3 vrstvy vo\u0161tinov\u00e9ho kartonu + tkan\u00fd s\u00e1\u010dek + vodot\u011bsn\u00e1 p\u00e1ska<\/td>\n<\/tr>\n<\/table>\n<p><img decoding=\"async\" class=\"detail-desc-decorate-image\" src=\"https:\/\/reanpackaging.com\/wp-content\/uploads\/2024\/07\/25-description-Customized-6-8-9-10-12-Inch-Square-Birthday-Cake-Box-Transparent-Plastic-Tall-Clear-Cake-Packaging-Box-Wedding-Party-Pastry-Box.jpg\" slate-data-type=\"image\" style=\"max-width: 100%; height: auto; display: block; margin: 0 auto;\"><br \/>\n<img decoding=\"async\" class=\"detail-desc-decorate-image\" src=\"https:\/\/reanpackaging.com\/wp-content\/uploads\/2024\/07\/26-description-Customized-6-8-9-10-12-Inch-Square-Birthday-Cake-Box-Transparent-Plastic-Tall-Clear-Cake-Packaging-Box-Wedding-Party-Pastry-Box.jpg\" slate-data-type=\"image\" style=\"max-width: 100%; height: auto; display: block; margin: 0 auto;\"><br \/>\n<img decoding=\"async\" class=\"detail-desc-decorate-image\" src=\"https:\/\/reanpackaging.com\/wp-content\/uploads\/2024\/07\/27-description-Customized-6-8-9-10-12-Inch-Square-Birthday-Cake-Box-Transparent-Plastic-Tall-Clear-Cake-Packaging-Box-Wedding-Party-Pastry-Box.jpg\" slate-data-type=\"image\" style=\"max-width: 100%; height: auto; display: block; margin: 0 auto;\"><br \/>\n<img decoding=\"async\" class=\"detail-desc-decorate-image\" src=\"https:\/\/reanpackaging.com\/wp-content\/uploads\/2024\/07\/28-description-Customized-6-8-9-10-12-Inch-Square-Birthday-Cake-Box-Transparent-Plastic-Tall-Clear-Cake-Packaging-Box-Wedding-Party-Pastry-Box.jpg\" slate-data-type=\"image\" style=\"max-width: 100%; height: auto; display: block; margin: 0 auto;\"><br \/>\n<img decoding=\"async\" class=\"detail-desc-decorate-image\" src=\"https:\/\/reanpackaging.com\/wp-content\/uploads\/2024\/07\/30-description-Customized-6-8-9-10-12-Inch-Square-Birthday-Cake-Box-Transparent-Plastic-Tall-Clear-Cake-Packaging-Box-Wedding-Party-Pastry-Box.jpg\" slate-data-type=\"image\" style=\"max-width: 100%; height: auto; display: block; margin: 0 auto;\"><br \/>\n<img decoding=\"async\" class=\"detail-desc-decorate-image\" src=\"https:\/\/reanpackaging.com\/wp-content\/uploads\/2024\/07\/31-description-Customized-6-8-9-10-12-Inch-Square-Birthday-Cake-Box-Transparent-Plastic-Tall-Clear-Cake-Packaging-Box-Wedding-Party-Pastry-Box.jpg\" slate-data-type=\"image\" style=\"max-width: 100%; height: auto; display: block; margin: 0 auto;\"><br \/>\n<img decoding=\"async\" class=\"detail-desc-decorate-image\" src=\"https:\/\/reanpackaging.com\/wp-content\/uploads\/2024\/07\/32-description-Customized-6-8-9-10-12-Inch-Square-Birthday-Cake-Box-Transparent-Plastic-Tall-Clear-Cake-Packaging-Box-Wedding-Party-Pastry-Box.jpg\" slate-data-type=\"image\" style=\"max-width: 100%; height: auto; display: block; margin: 0 auto;\"><br \/>\n<img decoding=\"async\" class=\"detail-desc-decorate-image\" src=\"https:\/\/reanpackaging.com\/wp-content\/uploads\/2024\/07\/33-description-Customized-6-8-9-10-12-Inch-Square-Birthday-Cake-Box-Transparent-Plastic-Tall-Clear-Cake-Packaging-Box-Wedding-Party-Pastry-Box.jpg\" slate-data-type=\"image\" style=\"max-width: 100%; height: auto; display: block; margin: 0 auto;\"><br \/>\n<img decoding=\"async\" class=\"detail-desc-decorate-image\" src=\"https:\/\/reanpackaging.com\/wp-content\/uploads\/2024\/07\/34-description-Customized-6-8-9-10-12-Inch-Square-Birthday-Cake-Box-Transparent-Plastic-Tall-Clear-Cake-Packaging-Box-Wedding-Party-Pastry-Box.jpg\" slate-data-type=\"image\" style=\"max-width: 100%; height: auto; display: block; margin: 0 auto;\"><\/p>","protected":false},"excerpt":{"rendered":"<p>Industry-Specific Attributes Industrial Use Food Paper Type Paperboard Feature Recyclable Other Attributes Box Type Folders Printing Handling Embossing, Glossy Lamination Custom Order Accept Shape Square Accessories As per your needs Liner type Paperboard Product name Square Transparent Plastic Tall Clear Cake Box Use Cake Packaging Keywords Square Transparent Cake Box Sample Free Sample, Customized samples [&hellip;]<\/p>\n","protected":false},"featured_media":21780,"template":"","meta":{"_seopress_robots_primary_cat":"none","_seopress_titles_title":"","_seopress_titles_desc":"","_seopress_robots_index":"","site-sidebar-layout":"default","site-content-layout":"","ast-site-content-layout":"default","site-content-style":"default","site-sidebar-style":"default","ast-global-header-display":"","ast-banner-title-visibility":"","ast-main-header-display":"","ast-hfb-above-header-display":"","ast-hfb-below-header-display":"","ast-hfb-mobile-header-display":"","site-post-title":"","ast-breadcrumbs-content":"","ast-featured-img":"","footer-sml-layout":"","ast-disable-related-posts":"","theme-transparent-header-meta":"default","adv-header-id-meta":"","stick-header-meta":"default","header-above-stick-meta":"","header-main-stick-meta":"","header-below-stick-meta":"","astra-migrate-meta-layouts":"set","ast-page-background-enabled":"default","ast-page-background-meta":{"desktop":{"background-color":"","background-image":"","background-repeat":"repeat","background-position":"center center","background-size":"auto","background-attachment":"scroll","background-type":"","background-media":"","overlay-type":"","overlay-color":"","overlay-opacity":"","overlay-gradient":""},"tablet":{"background-color":"","background-image":"","background-repeat":"repeat","background-position":"center center","background-size":"auto","background-attachment":"scroll","background-type":"","background-media":"","overlay-type":"","overlay-color":"","overlay-opacity":"","overlay-gradient":""},"mobile":{"background-color":"","background-image":"","background-repeat":"repeat","background-position":"center center","background-size":"auto","background-attachment":"scroll","background-type":"","background-media":"","overlay-type":"","overlay-color":"","overlay-opacity":"","overlay-gradient":""}},"ast-content-background-meta":{"desktop":{"background-color":"var(--ast-global-color-5)","background-image":"","background-repeat":"repeat","background-position":"center center","background-size":"auto","background-attachment":"scroll","background-type":"","background-media":"","overlay-type":"","overlay-color":"","overlay-opacity":"","overlay-gradient":""},"tablet":{"background-color":"var(--ast-global-color-5)","background-image":"","background-repeat":"repeat","background-position":"center center","background-size":"auto","background-attachment":"scroll","background-type":"","background-media":"","overlay-type":"","overlay-color":"","overlay-opacity":"","overlay-gradient":""},"mobile":{"background-color":"var(--ast-global-color-5)","background-image":"","background-repeat":"repeat","background-position":"center center","background-size":"auto","background-attachment":"scroll","background-type":"","background-media":"","overlay-type":"","overlay-color":"","overlay-opacity":"","overlay-gradient":""}}},"product_brand":[],"product_cat":[67],"product_tag":[],"class_list":{"0":"post-21891","1":"product","2":"type-product","3":"status-publish","4":"has-post-thumbnail","6":"product_cat-cake-boxes","7":"desktop-align-left","8":"tablet-align-left","9":"mobile-align-left","10":"ast-product-gallery-layout-horizontal","11":"ast-product-tabs-layout-horizontal","13":"first","14":"instock","15":"purchasable","16":"product-type-simple"},"_links":{"self":[{"href":"https:\/\/reanpackaging.com\/cs\/wp-json\/wp\/v2\/product\/21891","targetHints":{"allow":["GET"]}}],"collection":[{"href":"https:\/\/reanpackaging.com\/cs\/wp-json\/wp\/v2\/product"}],"about":[{"href":"https:\/\/reanpackaging.com\/cs\/wp-json\/wp\/v2\/types\/product"}],"wp:featuredmedia":[{"embeddable":true,"href":"https:\/\/reanpackaging.com\/cs\/wp-json\/wp\/v2\/media\/21780"}],"wp:attachment":[{"href":"https:\/\/reanpackaging.com\/cs\/wp-json\/wp\/v2\/media?parent=21891"}],"wp:term":[{"taxonomy":"product_brand","embeddable":true,"href":"https:\/\/reanpackaging.com\/cs\/wp-json\/wp\/v2\/product_brand?post=21891"},{"taxonomy":"product_cat","embeddable":true,"href":"https:\/\/reanpackaging.com\/cs\/wp-json\/wp\/v2\/product_cat?post=21891"},{"taxonomy":"product_tag","embeddable":true,"href":"https:\/\/reanpackaging.com\/cs\/wp-json\/wp\/v2\/product_tag?post=21891"}],"curies":[{"name":"wp","href":"https:\/\/api.w.org\/{rel}","templated":true}]}}