{"id":21917,"date":"2024-07-19T14:17:03","date_gmt":"2024-07-19T14:17:03","guid":{"rendered":"https:\/\/reanpackaging.com\/product\/with-window-10-inches-boards-packaging-cake-paper-box-kraft-paper-food-carton-cake-boxes-12-x-12-x-12-accept-sample-custom-made\/"},"modified":"2024-10-01T16:17:54","modified_gmt":"2024-10-01T16:17:54","slug":"with-window-10-inches-boards-packaging-cake-paper-box-kraft-paper-food-carton-cake-boxes-12-x-12-x-12-accept-sample-custom-made","status":"publish","type":"product","link":"https:\/\/reanpackaging.com\/cs\/produkt\/with-window-10-inches-boards-packaging-cake-paper-box-kraft-paper-food-carton-cake-boxes-12-x-12-x-12-accept-sample-custom-made\/","title":{"rendered":"S oknem 10 palc\u016f Desky Balen\u00ed dort\u016f Pap\u00edrov\u00e1 krabice Kraftov\u00fd pap\u00edr Potravinov\u00fd karton Dortov\u00e9 krabice 12 X 12 X 12 P\u0159ijmout vzorek na zak\u00e1zku"},"content":{"rendered":"<h4>Atributy specifick\u00e9 pro dan\u00e9 odv\u011btv\u00ed<\/h4>\n<table border=\"1\">\n<tbody>\n<tr>\n<td><strong>Pr\u016fmyslov\u00e9 vyu\u017eit\u00ed<\/strong><\/td>\n<td>Potraviny<\/td>\n<\/tr>\n<tr>\n<td><strong>Typ pap\u00edru<\/strong><\/td>\n<td>Kraftov\u00fd pap\u00edr<\/td>\n<\/tr>\n<tr>\n<td><strong>Funkce<\/strong><\/td>\n<td>Recyklovateln\u00e9<\/td>\n<\/tr>\n<\/tbody>\n<\/table>\n<h4>Dal\u0161\u00ed atributy<\/h4>\n<table border=\"1\">\n<tbody>\n<tr>\n<td><strong>Typ krabice<\/strong><\/td>\n<td>Krabice s dr\u00e1\u017ekami<\/td>\n<\/tr>\n<tr>\n<td><strong>Manipulace s tiskem<\/strong><\/td>\n<td>Reli\u00e9fn\u00ed ra\u017eba, leskl\u00e1 laminace, matn\u00e1 laminace, ra\u017eba, UV lakov\u00e1n\u00ed, lakov\u00e1n\u00ed, VANISHING, zlat\u00e1 f\u00f3lie<\/td>\n<\/tr>\n<tr>\n<td><strong>Vlastn\u00ed objedn\u00e1vka<\/strong><\/td>\n<td>P\u0159ijmout<\/td>\n<\/tr>\n<tr>\n<td><strong>Barva<\/strong><\/td>\n<td>P\u0159izp\u016fsoben\u00e1 barva<\/td>\n<\/tr>\n<tr>\n<td><strong>MOQ<\/strong><\/td>\n<td>100ks<\/td>\n<\/tr>\n<tr>\n<td><strong>Logo<\/strong><\/td>\n<td>P\u0159ijmout p\u0159izp\u016fsoben\u00e9 logo<\/td>\n<\/tr>\n<tr>\n<td><strong>Funkce<\/strong><\/td>\n<td>Ekologicky \u0161etrn\u00e9<\/td>\n<\/tr>\n<tr>\n<td><strong>Balen\u00ed<\/strong><\/td>\n<td>Karton<\/td>\n<\/tr>\n<tr>\n<td><strong>Platba<\/strong><\/td>\n<td>Obchodn\u00ed uji\u0161t\u011bn\u00ed P\u0159ijmout<\/td>\n<\/tr>\n<tr>\n<td><strong>Tisk<\/strong><\/td>\n<td>S\u00edtotisk Etc<\/td>\n<\/tr>\n<tr>\n<td><strong>V\u00fdhoda<\/strong><\/td>\n<td>Rozumn\u00e9<\/td>\n<\/tr>\n<tr>\n<td><strong>Pou\u017eijte<\/strong><\/td>\n<td>Balen\u00ed dort\u016f<\/td>\n<\/tr>\n<tr>\n<td><strong>Uk\u00e1zka<\/strong><\/td>\n<td>P\u0159ijmout vzorek na zak\u00e1zku<\/td>\n<\/tr>\n<\/tbody>\n<\/table>\n<p><img decoding=\"async\" class=\"detail-desc-decorate-image\" style=\"max-width: 100%; height: auto; display: block; margin: 0 auto;\" src=\"https:\/\/reanpackaging.com\/wp-content\/uploads\/2024\/07\/2-description-With-Window-10-Inches-Boards-Packaging-Cake-Paper-Box-Kraft-Paper-Food-Carton-Cake-Boxes-12-X-12-X-12-Accept-Sample-Custom-Made.jpg\" \/><br \/>\n<img decoding=\"async\" class=\"detail-desc-decorate-image\" style=\"max-width: 100%; height: auto; display: block; margin: 0 auto;\" src=\"https:\/\/reanpackaging.com\/wp-content\/uploads\/2024\/07\/3-description-With-Window-10-Inches-Boards-Packaging-Cake-Paper-Box-Kraft-Paper-Food-Carton-Cake-Boxes-12-X-12-X-12-Accept-Sample-Custom-Made.jpg\" \/><br \/>\n<img decoding=\"async\" class=\"detail-desc-decorate-image\" style=\"max-width: 100%; height: auto; display: block; margin: 0 auto;\" src=\"https:\/\/reanpackaging.com\/wp-content\/uploads\/2024\/07\/4-description-With-Window-10-Inches-Boards-Packaging-Cake-Paper-Box-Kraft-Paper-Food-Carton-Cake-Boxes-12-X-12-X-12-Accept-Sample-Custom-Made.png\" \/><br \/>\n<img decoding=\"async\" class=\"detail-desc-decorate-image\" style=\"max-width: 100%; height: auto; display: block; margin: 0 auto;\" src=\"https:\/\/reanpackaging.com\/wp-content\/uploads\/2024\/07\/5-description-With-Window-10-Inches-Boards-Packaging-Cake-Paper-Box-Kraft-Paper-Food-Carton-Cake-Boxes-12-X-12-X-12-Accept-Sample-Custom-Made.jpg\" \/><br \/>\n<img decoding=\"async\" class=\"detail-desc-decorate-image\" style=\"max-width: 100%; height: auto; display: block; margin: 0 auto;\" src=\"https:\/\/reanpackaging.com\/wp-content\/uploads\/2024\/07\/6-description-With-Window-10-Inches-Boards-Packaging-Cake-Paper-Box-Kraft-Paper-Food-Carton-Cake-Boxes-12-X-12-X-12-Accept-Sample-Custom-Made.jpg\" \/><br \/>\n<img decoding=\"async\" class=\"detail-desc-decorate-image\" style=\"max-width: 100%; height: auto; display: block; margin: 0 auto;\" src=\"https:\/\/reanpackaging.com\/wp-content\/uploads\/2024\/07\/7-description-With-Window-10-Inches-Boards-Packaging-Cake-Paper-Box-Kraft-Paper-Food-Carton-Cake-Boxes-12-X-12-X-12-Accept-Sample-Custom-Made.jpg\" \/><\/p>","protected":false},"excerpt":{"rendered":"<p>Industry-Specific Attributes Industrial Use Food Paper Type Kraft Paper Feature Recyclable Other Attributes Box Type Slotted Boxes Printing Handling Embossing, Glossy Lamination, Matt Lamination, Stamping, UV Coating, Varnishing, VANISHING, Gold Foil Custom Order Accept Color Customized Color MOQ 100pcs Logo Accept Customized Logo Feature Eco-friendly Packing Carton Payment Trade Assurance Accept Printing Silk Screen Etc [&hellip;]<\/p>\n","protected":false},"featured_media":21883,"template":"","meta":{"_seopress_robots_primary_cat":"none","_seopress_titles_title":"","_seopress_titles_desc":"","_seopress_robots_index":"","site-sidebar-layout":"default","site-content-layout":"","ast-site-content-layout":"default","site-content-style":"default","site-sidebar-style":"default","ast-global-header-display":"","ast-banner-title-visibility":"","ast-main-header-display":"","ast-hfb-above-header-display":"","ast-hfb-below-header-display":"","ast-hfb-mobile-header-display":"","site-post-title":"","ast-breadcrumbs-content":"","ast-featured-img":"","footer-sml-layout":"","ast-disable-related-posts":"","theme-transparent-header-meta":"default","adv-header-id-meta":"","stick-header-meta":"default","header-above-stick-meta":"","header-main-stick-meta":"","header-below-stick-meta":"","astra-migrate-meta-layouts":"set","ast-page-background-enabled":"default","ast-page-background-meta":{"desktop":{"background-color":"","background-image":"","background-repeat":"repeat","background-position":"center center","background-size":"auto","background-attachment":"scroll","background-type":"","background-media":"","overlay-type":"","overlay-color":"","overlay-opacity":"","overlay-gradient":""},"tablet":{"background-color":"","background-image":"","background-repeat":"repeat","background-position":"center center","background-size":"auto","background-attachment":"scroll","background-type":"","background-media":"","overlay-type":"","overlay-color":"","overlay-opacity":"","overlay-gradient":""},"mobile":{"background-color":"","background-image":"","background-repeat":"repeat","background-position":"center center","background-size":"auto","background-attachment":"scroll","background-type":"","background-media":"","overlay-type":"","overlay-color":"","overlay-opacity":"","overlay-gradient":""}},"ast-content-background-meta":{"desktop":{"background-color":"var(--ast-global-color-5)","background-image":"","background-repeat":"repeat","background-position":"center center","background-size":"auto","background-attachment":"scroll","background-type":"","background-media":"","overlay-type":"","overlay-color":"","overlay-opacity":"","overlay-gradient":""},"tablet":{"background-color":"var(--ast-global-color-5)","background-image":"","background-repeat":"repeat","background-position":"center center","background-size":"auto","background-attachment":"scroll","background-type":"","background-media":"","overlay-type":"","overlay-color":"","overlay-opacity":"","overlay-gradient":""},"mobile":{"background-color":"var(--ast-global-color-5)","background-image":"","background-repeat":"repeat","background-position":"center center","background-size":"auto","background-attachment":"scroll","background-type":"","background-media":"","overlay-type":"","overlay-color":"","overlay-opacity":"","overlay-gradient":""}}},"product_brand":[],"product_cat":[67],"product_tag":[],"class_list":{"0":"post-21917","1":"product","2":"type-product","3":"status-publish","4":"has-post-thumbnail","6":"product_cat-cake-boxes","7":"desktop-align-left","8":"tablet-align-left","9":"mobile-align-left","10":"ast-product-gallery-layout-horizontal","11":"ast-product-tabs-layout-horizontal","13":"first","14":"instock","15":"purchasable","16":"product-type-simple"},"_links":{"self":[{"href":"https:\/\/reanpackaging.com\/cs\/wp-json\/wp\/v2\/product\/21917","targetHints":{"allow":["GET"]}}],"collection":[{"href":"https:\/\/reanpackaging.com\/cs\/wp-json\/wp\/v2\/product"}],"about":[{"href":"https:\/\/reanpackaging.com\/cs\/wp-json\/wp\/v2\/types\/product"}],"wp:featuredmedia":[{"embeddable":true,"href":"https:\/\/reanpackaging.com\/cs\/wp-json\/wp\/v2\/media\/21883"}],"wp:attachment":[{"href":"https:\/\/reanpackaging.com\/cs\/wp-json\/wp\/v2\/media?parent=21917"}],"wp:term":[{"taxonomy":"product_brand","embeddable":true,"href":"https:\/\/reanpackaging.com\/cs\/wp-json\/wp\/v2\/product_brand?post=21917"},{"taxonomy":"product_cat","embeddable":true,"href":"https:\/\/reanpackaging.com\/cs\/wp-json\/wp\/v2\/product_cat?post=21917"},{"taxonomy":"product_tag","embeddable":true,"href":"https:\/\/reanpackaging.com\/cs\/wp-json\/wp\/v2\/product_tag?post=21917"}],"curies":[{"name":"wp","href":"https:\/\/api.w.org\/{rel}","templated":true}]}}