{"id":23417,"date":"2024-08-01T15:11:02","date_gmt":"2024-08-01T15:11:02","guid":{"rendered":"https:\/\/reanpackaging.com\/product\/foldable-square-brown-kraft-boxes-with-window-kraft-gift-box-for-handmade-soap-party-favor-treats\/"},"modified":"2024-10-01T16:12:54","modified_gmt":"2024-10-01T16:12:54","slug":"foldable-square-brown-kraft-boxes-with-window-kraft-gift-box-for-handmade-soap-party-favor-treats","status":"publish","type":"product","link":"https:\/\/reanpackaging.com\/cs\/produkt\/foldable-square-brown-kraft-boxes-with-window-kraft-gift-box-for-handmade-soap-party-favor-treats\/","title":{"rendered":"Skl\u00e1dac\u00ed \u010dtvercov\u00e9 hn\u011bd\u00e9 kraftov\u00e9 krabice s oknem Kraftov\u00e1 d\u00e1rkov\u00e1 krabice pro ru\u010dn\u011b vyr\u00e1b\u011bn\u00e9 m\u00fddlo Party Favor Treats"},"content":{"rendered":"<h4>Atributy specifick\u00e9 pro dan\u00e9 odv\u011btv\u00ed<\/h4>\n<table border=\"1\">\n<tbody>\n<tr>\n<td><strong>Pr\u016fmyslov\u00e9 vyu\u017eit\u00ed<\/strong><\/td>\n<td>Kosmetika<\/td>\n<\/tr>\n<tr>\n<td><strong>Typ pap\u00edru<\/strong><\/td>\n<td>Kraftov\u00fd pap\u00edr<\/td>\n<\/tr>\n<tr>\n<td><strong>Funkce<\/strong><\/td>\n<td>Recyklovateln\u00e9<\/td>\n<\/tr>\n<\/tbody>\n<\/table>\n<h4>Dal\u0161\u00ed atributy<\/h4>\n<table border=\"1\">\n<tbody>\n<tr>\n<td><strong>Typ krabice<\/strong><\/td>\n<td>Pevn\u00e9 boxy<\/td>\n<\/tr>\n<tr>\n<td><strong>Manipulace s tiskem<\/strong><\/td>\n<td>Reli\u00e9fn\u00ed ra\u017eba, leskl\u00e1 laminace, matn\u00e1 laminace, ra\u017eba, UV lakov\u00e1n\u00ed, lakov\u00e1n\u00ed, VANISHING, zlat\u00e1 f\u00f3lie<\/td>\n<\/tr>\n<tr>\n<td><strong>Vlastn\u00ed objedn\u00e1vka<\/strong><\/td>\n<td>P\u0159ijmout<\/td>\n<\/tr>\n<tr>\n<td><strong>Tvar<\/strong><\/td>\n<td>OEM<\/td>\n<\/tr>\n<tr>\n<td><strong>N\u00e1zev produktu<\/strong><\/td>\n<td>Kraftov\u00e9 krabice s oknem<\/td>\n<\/tr>\n<tr>\n<td><strong>Struktura materi\u00e1lu<\/strong><\/td>\n<td>Kraftov\u00fd pap\u00edr<\/td>\n<\/tr>\n<tr>\n<td><strong>Aplikace<\/strong><\/td>\n<td>Balen\u00ed m\u00fddla<\/td>\n<\/tr>\n<tr>\n<td><strong>V\u00fdhoda<\/strong><\/td>\n<td>Recyklovateln\u00e9 Ekologicky \u0161etrn\u00e9<\/td>\n<\/tr>\n<tr>\n<td><strong>MOQ<\/strong><\/td>\n<td>1000ks<\/td>\n<\/tr>\n<tr>\n<td><strong>Typ rukojeti<\/strong><\/td>\n<td>Vlastn\u00ed<\/td>\n<\/tr>\n<tr>\n<td><strong>Tlou\u0161\u0165ka<\/strong><\/td>\n<td>Z\u00e1kazn\u00edkovy \u0161kody<\/td>\n<\/tr>\n<tr>\n<td><strong>Dokon\u010dovac\u00ed pr\u00e1ce<\/strong><\/td>\n<td>Bodov\u00fd UV ofset<\/td>\n<\/tr>\n<tr>\n<td><strong>Tisk<\/strong><\/td>\n<td>\u010cty\u0159barevn\u00fd ofsetov\u00fd tisk CMYK<\/td>\n<\/tr>\n<tr>\n<td><strong>Doba realizace<\/strong><\/td>\n<td>5-15 dn\u00ed<\/td>\n<\/tr>\n<\/tbody>\n<\/table>\n<p><img decoding=\"async\" class=\"detail-desc-decorate-image\" style=\"max-width: 100%; height: auto; display: block; margin: 0 auto;\" src=\"https:\/\/reanpackaging.com\/wp-content\/uploads\/2024\/08\/1-description-Foldable-Square-Brown-Kraft-Boxes-with-Window-Kraft-Gift-Box-for-Handmade-Soap-Party-Favor-Treats.jpg\" \/><br \/>\n<img decoding=\"async\" class=\"detail-desc-decorate-image\" style=\"max-width: 100%; height: auto; display: block; margin: 0 auto;\" src=\"https:\/\/reanpackaging.com\/wp-content\/uploads\/2024\/08\/2-description-Foldable-Square-Brown-Kraft-Boxes-with-Window-Kraft-Gift-Box-for-Handmade-Soap-Party-Favor-Treats.jpg\" \/><br \/>\n<img decoding=\"async\" class=\"detail-desc-decorate-image\" style=\"max-width: 100%; height: auto; display: block; margin: 0 auto;\" src=\"https:\/\/reanpackaging.com\/wp-content\/uploads\/2024\/08\/3-description-Foldable-Square-Brown-Kraft-Boxes-with-Window-Kraft-Gift-Box-for-Handmade-Soap-Party-Favor-Treats.jpg\" \/><br \/>\n<img decoding=\"async\" class=\"detail-desc-decorate-image\" style=\"max-width: 100%; height: auto; display: block; margin: 0 auto;\" src=\"https:\/\/reanpackaging.com\/wp-content\/uploads\/2024\/08\/4-description-Foldable-Square-Brown-Kraft-Boxes-with-Window-Kraft-Gift-Box-for-Handmade-Soap-Party-Favor-Treats.jpg\" \/><br \/>\n<img decoding=\"async\" class=\"detail-desc-decorate-image\" style=\"max-width: 100%; height: auto; display: block; margin: 0 auto;\" src=\"https:\/\/reanpackaging.com\/wp-content\/uploads\/2024\/08\/5-description-Foldable-Square-Brown-Kraft-Boxes-with-Window-Kraft-Gift-Box-for-Handmade-Soap-Party-Favor-Treats.jpg\" \/><\/p>","protected":false},"excerpt":{"rendered":"<p>Industry-Specific Attributes Industrial Use Cosmetic Paper Type Kraft Paper Feature Recyclable Other Attributes Box Type Rigid Boxes Printing Handling Embossing, Glossy Lamination, Matt Lamination, Stamping, UV Coating, Varnishing, VANISHING, Gold Foil Custom Order Accept Shape OEM Product name Kraft Boxes with Window Material Structure Kraft Paper Application Soap Packaging Advantage Recyclable Ecofriendly MOQ 1000pcs Handle [&hellip;]<\/p>\n","protected":false},"featured_media":23355,"template":"","meta":{"_seopress_robots_primary_cat":"none","_seopress_titles_title":"","_seopress_titles_desc":"","_seopress_robots_index":"","site-sidebar-layout":"default","site-content-layout":"","ast-site-content-layout":"default","site-content-style":"default","site-sidebar-style":"default","ast-global-header-display":"","ast-banner-title-visibility":"","ast-main-header-display":"","ast-hfb-above-header-display":"","ast-hfb-below-header-display":"","ast-hfb-mobile-header-display":"","site-post-title":"","ast-breadcrumbs-content":"","ast-featured-img":"","footer-sml-layout":"","ast-disable-related-posts":"","theme-transparent-header-meta":"default","adv-header-id-meta":"","stick-header-meta":"default","header-above-stick-meta":"","header-main-stick-meta":"","header-below-stick-meta":"","astra-migrate-meta-layouts":"set","ast-page-background-enabled":"default","ast-page-background-meta":{"desktop":{"background-color":"","background-image":"","background-repeat":"repeat","background-position":"center center","background-size":"auto","background-attachment":"scroll","background-type":"","background-media":"","overlay-type":"","overlay-color":"","overlay-opacity":"","overlay-gradient":""},"tablet":{"background-color":"","background-image":"","background-repeat":"repeat","background-position":"center center","background-size":"auto","background-attachment":"scroll","background-type":"","background-media":"","overlay-type":"","overlay-color":"","overlay-opacity":"","overlay-gradient":""},"mobile":{"background-color":"","background-image":"","background-repeat":"repeat","background-position":"center center","background-size":"auto","background-attachment":"scroll","background-type":"","background-media":"","overlay-type":"","overlay-color":"","overlay-opacity":"","overlay-gradient":""}},"ast-content-background-meta":{"desktop":{"background-color":"var(--ast-global-color-5)","background-image":"","background-repeat":"repeat","background-position":"center center","background-size":"auto","background-attachment":"scroll","background-type":"","background-media":"","overlay-type":"","overlay-color":"","overlay-opacity":"","overlay-gradient":""},"tablet":{"background-color":"var(--ast-global-color-5)","background-image":"","background-repeat":"repeat","background-position":"center center","background-size":"auto","background-attachment":"scroll","background-type":"","background-media":"","overlay-type":"","overlay-color":"","overlay-opacity":"","overlay-gradient":""},"mobile":{"background-color":"var(--ast-global-color-5)","background-image":"","background-repeat":"repeat","background-position":"center center","background-size":"auto","background-attachment":"scroll","background-type":"","background-media":"","overlay-type":"","overlay-color":"","overlay-opacity":"","overlay-gradient":""}}},"product_brand":[],"product_cat":[69],"product_tag":[],"class_list":{"0":"post-23417","1":"product","2":"type-product","3":"status-publish","4":"has-post-thumbnail","6":"product_cat-kraft-boxes","7":"desktop-align-left","8":"tablet-align-left","9":"mobile-align-left","10":"ast-product-gallery-layout-horizontal","11":"ast-product-tabs-layout-horizontal","13":"first","14":"instock","15":"purchasable","16":"product-type-simple"},"_links":{"self":[{"href":"https:\/\/reanpackaging.com\/cs\/wp-json\/wp\/v2\/product\/23417","targetHints":{"allow":["GET"]}}],"collection":[{"href":"https:\/\/reanpackaging.com\/cs\/wp-json\/wp\/v2\/product"}],"about":[{"href":"https:\/\/reanpackaging.com\/cs\/wp-json\/wp\/v2\/types\/product"}],"wp:featuredmedia":[{"embeddable":true,"href":"https:\/\/reanpackaging.com\/cs\/wp-json\/wp\/v2\/media\/23355"}],"wp:attachment":[{"href":"https:\/\/reanpackaging.com\/cs\/wp-json\/wp\/v2\/media?parent=23417"}],"wp:term":[{"taxonomy":"product_brand","embeddable":true,"href":"https:\/\/reanpackaging.com\/cs\/wp-json\/wp\/v2\/product_brand?post=23417"},{"taxonomy":"product_cat","embeddable":true,"href":"https:\/\/reanpackaging.com\/cs\/wp-json\/wp\/v2\/product_cat?post=23417"},{"taxonomy":"product_tag","embeddable":true,"href":"https:\/\/reanpackaging.com\/cs\/wp-json\/wp\/v2\/product_tag?post=23417"}],"curies":[{"name":"wp","href":"https:\/\/api.w.org\/{rel}","templated":true}]}}