{"id":25197,"date":"2024-08-10T14:00:36","date_gmt":"2024-08-10T14:00:36","guid":{"rendered":"https:\/\/reanpackaging.com\/product\/custom-24-days-chocolate-candy-boxes-packaging-paper-gold-chocolate-truffles-boxes-with-plastic-tray-small-chocolate-gift-box\/"},"modified":"2024-10-01T16:03:12","modified_gmt":"2024-10-01T16:03:12","slug":"custom-24-days-chocolate-candy-boxes-packaging-paper-gold-chocolate-truffles-boxes-with-plastic-tray-small-chocolate-gift-box","status":"publish","type":"product","link":"https:\/\/reanpackaging.com\/cs\/produkt\/custom-24-days-chocolate-candy-boxes-packaging-paper-gold-chocolate-truffles-boxes-with-plastic-tray-small-chocolate-gift-box\/","title":{"rendered":"Vlastn\u00ed 24denn\u00ed \u010dokol\u00e1dov\u00e9 bonb\u00f3ny Krabice Balen\u00ed pap\u00edru Zlat\u00e9 \u010dokol\u00e1dov\u00e9 lan\u00fd\u017ee Krabice s plastov\u00fdm z\u00e1sobn\u00edkem Mal\u00e1 \u010dokol\u00e1dov\u00e1 d\u00e1rkov\u00e1 krabi\u010dka"},"content":{"rendered":"<h4>Atributy specifick\u00e9 pro dan\u00e9 odv\u011btv\u00ed<\/h4>\n<table border=\"1\">\n<tbody>\n<tr>\n<td><strong>Pr\u016fmyslov\u00e9 vyu\u017eit\u00ed<\/strong><\/td>\n<td>Potraviny<\/td>\n<\/tr>\n<tr>\n<td><strong>Typ pap\u00edru<\/strong><\/td>\n<td>Kraftov\u00fd pap\u00edr<\/td>\n<\/tr>\n<tr>\n<td><strong>Funkce<\/strong><\/td>\n<td>Recyklovan\u00e9 materi\u00e1ly<\/td>\n<\/tr>\n<\/tbody>\n<\/table>\n<h4>Dal\u0161\u00ed atributy<\/h4>\n<table border=\"1\">\n<tbody>\n<tr>\n<td><strong>Typ krabice<\/strong><\/td>\n<td>Pevn\u00e9 boxy<\/td>\n<\/tr>\n<tr>\n<td><strong>Manipulace s tiskem<\/strong><\/td>\n<td>Reli\u00e9fn\u00ed ra\u017eba, leskl\u00e1 laminace, zlat\u00e1 f\u00f3lie, matn\u00e1 laminace, ra\u017eba, UV lakov\u00e1n\u00ed, lakov\u00e1n\u00ed, VANISHING<\/td>\n<\/tr>\n<tr>\n<td><strong>Vlastn\u00ed objedn\u00e1vka<\/strong><\/td>\n<td>P\u0159ijmout<\/td>\n<\/tr>\n<tr>\n<td><strong>Tvar<\/strong><\/td>\n<td>Tvar na m\u00edru<\/td>\n<\/tr>\n<tr>\n<td><strong>N\u00e1zev produktu<\/strong><\/td>\n<td>Vlastn\u00ed luxusn\u00ed \u010dokol\u00e1dov\u00e9 d\u00e1rkov\u00e9 krabice Cookies \u010cokol\u00e1dov\u00e9 balen\u00ed Box<\/td>\n<\/tr>\n<tr>\n<td><strong>Polo\u017eka<\/strong><\/td>\n<td>P\u0159\u00edze\u0148 Candy \u010cokol\u00e1da Balen\u00ed D\u00e1rkov\u00e1 pap\u00edrov\u00e1 krabice<\/td>\n<\/tr>\n<tr>\n<td><strong>Uk\u00e1zka<\/strong><\/td>\n<td>Vzorek zdarma jako popt\u00e1vka spot\u0159ebitel\u016f<\/td>\n<\/tr>\n<tr>\n<td><strong>Barva<\/strong><\/td>\n<td>Barevn\u00fd tisk CMYK, Pantone<\/td>\n<\/tr>\n<tr>\n<td><strong>Aplikace<\/strong><\/td>\n<td>Makronky, bonb\u00f3ny, \u010dokol\u00e1da, lan\u00fd\u017ee, su\u0161enky, dezert, m\u011bs\u00ed\u010dn\u00ed dort atd.<\/td>\n<\/tr>\n<tr>\n<td><strong>Pou\u017eit\u00ed<\/strong><\/td>\n<td>Macaroon, Candy, Truffle, Cookie, Moon Cake, Chocolate Packaging box<\/td>\n<\/tr>\n<tr>\n<td><strong>Schopnost z\u00e1sobov\u00e1n\u00ed<\/strong><\/td>\n<td>Schopnost z\u00e1sobov\u00e1n\u00ed<\/td>\n<\/tr>\n<\/tbody>\n<\/table>\n<p><img decoding=\"async\" class=\"detail-desc-decorate-image\" style=\"max-width: 100%; height: auto; display: block; margin: 0 auto;\" src=\"https:\/\/reanpackaging.com\/wp-content\/uploads\/2024\/08\/2-description-Custom-24-Days-Chocolate-Candy-Boxes-Packaging-Paper-Gold-Chocolate-Truffles-Boxes-With-Plastic-Tray-Small-Chocolate-Gift-Box.jpg\" \/><br \/>\n<img decoding=\"async\" class=\"detail-desc-decorate-image\" style=\"max-width: 100%; height: auto; display: block; margin: 0 auto;\" src=\"https:\/\/reanpackaging.com\/wp-content\/uploads\/2024\/08\/3-description-Custom-24-Days-Chocolate-Candy-Boxes-Packaging-Paper-Gold-Chocolate-Truffles-Boxes-With-Plastic-Tray-Small-Chocolate-Gift-Box.jpg\" \/><br \/>\n<img decoding=\"async\" class=\"detail-desc-decorate-image\" style=\"max-width: 100%; height: auto; display: block; margin: 0 auto;\" src=\"https:\/\/reanpackaging.com\/wp-content\/uploads\/2024\/08\/4-description-Custom-24-Days-Chocolate-Candy-Boxes-Packaging-Paper-Gold-Chocolate-Truffles-Boxes-With-Plastic-Tray-Small-Chocolate-Gift-Box.jpg\" \/><br \/>\n<img decoding=\"async\" class=\"detail-desc-decorate-image\" style=\"max-width: 100%; height: auto; display: block; margin: 0 auto;\" src=\"https:\/\/reanpackaging.com\/wp-content\/uploads\/2024\/08\/5-description-Custom-24-Days-Chocolate-Candy-Boxes-Packaging-Paper-Gold-Chocolate-Truffles-Boxes-With-Plastic-Tray-Small-Chocolate-Gift-Box.jpg\" \/><br \/>\n<img decoding=\"async\" class=\"detail-desc-decorate-image\" style=\"max-width: 100%; height: auto; display: block; margin: 0 auto;\" src=\"https:\/\/reanpackaging.com\/wp-content\/uploads\/2024\/08\/6-description-Custom-24-Days-Chocolate-Candy-Boxes-Packaging-Paper-Gold-Chocolate-Truffles-Boxes-With-Plastic-Tray-Small-Chocolate-Gift-Box.jpg\" \/><br \/>\n<img decoding=\"async\" class=\"detail-desc-decorate-image\" style=\"max-width: 100%; height: auto; display: block; margin: 0 auto;\" src=\"https:\/\/reanpackaging.com\/wp-content\/uploads\/2024\/08\/7-description-Custom-24-Days-Chocolate-Candy-Boxes-Packaging-Paper-Gold-Chocolate-Truffles-Boxes-With-Plastic-Tray-Small-Chocolate-Gift-Box.jpg\" \/><br \/>\n<img decoding=\"async\" class=\"detail-desc-decorate-image\" style=\"max-width: 100%; height: auto; display: block; margin: 0 auto;\" src=\"https:\/\/reanpackaging.com\/wp-content\/uploads\/2024\/08\/8-description-Custom-24-Days-Chocolate-Candy-Boxes-Packaging-Paper-Gold-Chocolate-Truffles-Boxes-With-Plastic-Tray-Small-Chocolate-Gift-Box.jpg\" \/><br \/>\n<img decoding=\"async\" class=\"detail-desc-decorate-image\" style=\"max-width: 100%; height: auto; display: block; margin: 0 auto;\" src=\"https:\/\/reanpackaging.com\/wp-content\/uploads\/2024\/08\/9-description-Custom-24-Days-Chocolate-Candy-Boxes-Packaging-Paper-Gold-Chocolate-Truffles-Boxes-With-Plastic-Tray-Small-Chocolate-Gift-Box.jpg\" \/><br \/>\n<img decoding=\"async\" class=\"detail-desc-decorate-image\" style=\"max-width: 100%; height: auto; display: block; margin: 0 auto;\" src=\"https:\/\/reanpackaging.com\/wp-content\/uploads\/2024\/08\/10-description-Custom-24-Days-Chocolate-Candy-Boxes-Packaging-Paper-Gold-Chocolate-Truffles-Boxes-With-Plastic-Tray-Small-Chocolate-Gift-Box.jpg\" \/><br \/>\n<img decoding=\"async\" class=\"detail-desc-decorate-image\" style=\"max-width: 100%; height: auto; display: block; margin: 0 auto;\" src=\"https:\/\/reanpackaging.com\/wp-content\/uploads\/2024\/08\/11-description-Custom-24-Days-Chocolate-Candy-Boxes-Packaging-Paper-Gold-Chocolate-Truffles-Boxes-With-Plastic-Tray-Small-Chocolate-Gift-Box.jpg\" \/><br \/>\n<img decoding=\"async\" class=\"detail-desc-decorate-image\" style=\"max-width: 100%; height: auto; display: block; margin: 0 auto;\" src=\"https:\/\/reanpackaging.com\/wp-content\/uploads\/2024\/08\/12-description-Custom-24-Days-Chocolate-Candy-Boxes-Packaging-Paper-Gold-Chocolate-Truffles-Boxes-With-Plastic-Tray-Small-Chocolate-Gift-Box.jpg\" \/><br \/>\n<img decoding=\"async\" class=\"detail-desc-decorate-image\" style=\"max-width: 100%; height: auto; display: block; margin: 0 auto;\" src=\"https:\/\/reanpackaging.com\/wp-content\/uploads\/2024\/08\/13-description-Custom-24-Days-Chocolate-Candy-Boxes-Packaging-Paper-Gold-Chocolate-Truffles-Boxes-With-Plastic-Tray-Small-Chocolate-Gift-Box.jpg\" \/><br \/>\n<img decoding=\"async\" class=\"detail-desc-decorate-image\" style=\"max-width: 100%; height: auto; display: block; margin: 0 auto;\" src=\"https:\/\/reanpackaging.com\/wp-content\/uploads\/2024\/08\/14-description-Custom-24-Days-Chocolate-Candy-Boxes-Packaging-Paper-Gold-Chocolate-Truffles-Boxes-With-Plastic-Tray-Small-Chocolate-Gift-Box.jpg\" \/><br \/>\n<img decoding=\"async\" class=\"detail-desc-decorate-image\" style=\"max-width: 100%; height: auto; display: block; margin: 0 auto;\" src=\"https:\/\/reanpackaging.com\/wp-content\/uploads\/2024\/08\/15-description-Custom-24-Days-Chocolate-Candy-Boxes-Packaging-Paper-Gold-Chocolate-Truffles-Boxes-With-Plastic-Tray-Small-Chocolate-Gift-Box.jpg\" \/><br \/>\n<img decoding=\"async\" class=\"detail-desc-decorate-image\" style=\"max-width: 100%; height: auto; display: block; margin: 0 auto;\" src=\"https:\/\/reanpackaging.com\/wp-content\/uploads\/2024\/08\/16-description-Custom-24-Days-Chocolate-Candy-Boxes-Packaging-Paper-Gold-Chocolate-Truffles-Boxes-With-Plastic-Tray-Small-Chocolate-Gift-Box.jpg\" \/><\/p>","protected":false},"excerpt":{"rendered":"<p>Industry-Specific Attributes Industrial Use Food Paper Type Kraft Paper Feature Recycled Materials Other Attributes Box Type Rigid Boxes Printing Handling Embossing, Glossy Lamination, Gold Foil, Matt Lamination, Stamping, UV Coating, VANISHING, Varnishing Custom Order Accept Shape Customized Shape Product name Custom Luxury Chocolate Gift Box Cookies Chocolate Packaging Box Item Favors Candy Chocolate Packaging Gift [&hellip;]<\/p>\n","protected":false},"featured_media":24983,"template":"","meta":{"_seopress_robots_primary_cat":"none","_seopress_titles_title":"","_seopress_titles_desc":"","_seopress_robots_index":"","site-sidebar-layout":"default","site-content-layout":"","ast-site-content-layout":"default","site-content-style":"default","site-sidebar-style":"default","ast-global-header-display":"","ast-banner-title-visibility":"","ast-main-header-display":"","ast-hfb-above-header-display":"","ast-hfb-below-header-display":"","ast-hfb-mobile-header-display":"","site-post-title":"","ast-breadcrumbs-content":"","ast-featured-img":"","footer-sml-layout":"","ast-disable-related-posts":"","theme-transparent-header-meta":"default","adv-header-id-meta":"","stick-header-meta":"default","header-above-stick-meta":"","header-main-stick-meta":"","header-below-stick-meta":"","astra-migrate-meta-layouts":"set","ast-page-background-enabled":"default","ast-page-background-meta":{"desktop":{"background-color":"","background-image":"","background-repeat":"repeat","background-position":"center center","background-size":"auto","background-attachment":"scroll","background-type":"","background-media":"","overlay-type":"","overlay-color":"","overlay-opacity":"","overlay-gradient":""},"tablet":{"background-color":"","background-image":"","background-repeat":"repeat","background-position":"center center","background-size":"auto","background-attachment":"scroll","background-type":"","background-media":"","overlay-type":"","overlay-color":"","overlay-opacity":"","overlay-gradient":""},"mobile":{"background-color":"","background-image":"","background-repeat":"repeat","background-position":"center center","background-size":"auto","background-attachment":"scroll","background-type":"","background-media":"","overlay-type":"","overlay-color":"","overlay-opacity":"","overlay-gradient":""}},"ast-content-background-meta":{"desktop":{"background-color":"var(--ast-global-color-5)","background-image":"","background-repeat":"repeat","background-position":"center center","background-size":"auto","background-attachment":"scroll","background-type":"","background-media":"","overlay-type":"","overlay-color":"","overlay-opacity":"","overlay-gradient":""},"tablet":{"background-color":"var(--ast-global-color-5)","background-image":"","background-repeat":"repeat","background-position":"center center","background-size":"auto","background-attachment":"scroll","background-type":"","background-media":"","overlay-type":"","overlay-color":"","overlay-opacity":"","overlay-gradient":""},"mobile":{"background-color":"var(--ast-global-color-5)","background-image":"","background-repeat":"repeat","background-position":"center center","background-size":"auto","background-attachment":"scroll","background-type":"","background-media":"","overlay-type":"","overlay-color":"","overlay-opacity":"","overlay-gradient":""}}},"product_brand":[],"product_cat":[72],"product_tag":[],"class_list":{"0":"post-25197","1":"product","2":"type-product","3":"status-publish","4":"has-post-thumbnail","6":"product_cat-chocolate-box","7":"desktop-align-left","8":"tablet-align-left","9":"mobile-align-left","10":"ast-product-gallery-layout-horizontal","11":"ast-product-tabs-layout-horizontal","13":"first","14":"instock","15":"purchasable","16":"product-type-simple"},"_links":{"self":[{"href":"https:\/\/reanpackaging.com\/cs\/wp-json\/wp\/v2\/product\/25197","targetHints":{"allow":["GET"]}}],"collection":[{"href":"https:\/\/reanpackaging.com\/cs\/wp-json\/wp\/v2\/product"}],"about":[{"href":"https:\/\/reanpackaging.com\/cs\/wp-json\/wp\/v2\/types\/product"}],"wp:featuredmedia":[{"embeddable":true,"href":"https:\/\/reanpackaging.com\/cs\/wp-json\/wp\/v2\/media\/24983"}],"wp:attachment":[{"href":"https:\/\/reanpackaging.com\/cs\/wp-json\/wp\/v2\/media?parent=25197"}],"wp:term":[{"taxonomy":"product_brand","embeddable":true,"href":"https:\/\/reanpackaging.com\/cs\/wp-json\/wp\/v2\/product_brand?post=25197"},{"taxonomy":"product_cat","embeddable":true,"href":"https:\/\/reanpackaging.com\/cs\/wp-json\/wp\/v2\/product_cat?post=25197"},{"taxonomy":"product_tag","embeddable":true,"href":"https:\/\/reanpackaging.com\/cs\/wp-json\/wp\/v2\/product_tag?post=25197"}],"curies":[{"name":"wp","href":"https:\/\/api.w.org\/{rel}","templated":true}]}}