{"id":25727,"date":"2024-08-20T14:22:14","date_gmt":"2024-08-20T14:22:14","guid":{"rendered":"https:\/\/reanpackaging.com\/product\/luxury-black-hard-paper-cosmetic-packaging-box-custom-logo-print-foldable-rigid-cardboard-essential-oil-perfume-bottle-gift-box\/"},"modified":"2024-10-01T16:01:15","modified_gmt":"2024-10-01T16:01:15","slug":"luxury-black-hard-paper-cosmetic-packaging-box-custom-logo-print-foldable-rigid-cardboard-essential-oil-perfume-bottle-gift-box","status":"publish","type":"product","link":"https:\/\/reanpackaging.com\/cs\/produkt\/luxury-black-hard-paper-cosmetic-packaging-box-custom-logo-print-foldable-rigid-cardboard-essential-oil-perfume-bottle-gift-box\/","title":{"rendered":"Luxusn\u00ed \u010dern\u00e1 tvrd\u00e1 pap\u00edrov\u00e1 kosmetick\u00e1 obalov\u00e1 krabice Vlastn\u00ed logo tisk skl\u00e1dac\u00ed pevn\u00e1 lepenka Esenci\u00e1ln\u00ed olej parf\u00e9mov\u00e1 l\u00e1hev D\u00e1rkov\u00e1 krabi\u010dka"},"content":{"rendered":"<h4>Atributy specifick\u00e9 pro dan\u00e9 odv\u011btv\u00ed<\/h4>\n<table border=\"1\">\n<tbody>\n<tr>\n<td><strong>Pr\u016fmyslov\u00e9 vyu\u017eit\u00ed<\/strong><\/td>\n<td>Kosmetika<\/td>\n<\/tr>\n<tr>\n<td><strong>Typ pap\u00edru<\/strong><\/td>\n<td>Karton<\/td>\n<\/tr>\n<tr>\n<td><strong>Funkce<\/strong><\/td>\n<td>Recyklovateln\u00e9<\/td>\n<\/tr>\n<\/tbody>\n<\/table>\n<h4>Dal\u0161\u00ed atributy<\/h4>\n<table border=\"1\">\n<tbody>\n<tr>\n<td><strong>M\u00edsto p\u016fvodu<\/strong><\/td>\n<td>Guangdong, \u010c\u00edna<\/td>\n<\/tr>\n<tr>\n<td><strong>Typ krabice<\/strong><\/td>\n<td>Pevn\u00e9 boxy<\/td>\n<\/tr>\n<tr>\n<td><strong>Manipulace s tiskem<\/strong><\/td>\n<td>Matn\u00e1 laminace, lakov\u00e1n\u00ed, ra\u017eba, reli\u00e9fn\u00ed tisk, leskl\u00e1 laminace, UV lakov\u00e1n\u00ed, VANISHING, zlat\u00e1 f\u00f3lie<\/td>\n<\/tr>\n<tr>\n<td><strong>Vlastn\u00ed objedn\u00e1vka<\/strong><\/td>\n<td>P\u0159ijmout<\/td>\n<\/tr>\n<tr>\n<td><strong>Barva<\/strong><\/td>\n<td>P\u0159izp\u016fsoben\u00e9<\/td>\n<\/tr>\n<tr>\n<td><strong>Materi\u00e1l<\/strong><\/td>\n<td>Nat\u00edran\u00fd pap\u00edr<\/td>\n<\/tr>\n<tr>\n<td><strong>Logo<\/strong><\/td>\n<td>Logo z\u00e1kazn\u00edka<\/td>\n<\/tr>\n<tr>\n<td><strong>MOQ<\/strong><\/td>\n<td>100ks<\/td>\n<\/tr>\n<tr>\n<td><strong>Tvar<\/strong><\/td>\n<td>Tvar na m\u00edru<\/td>\n<\/tr>\n<tr>\n<td><strong>Design<\/strong><\/td>\n<td>P\u0159izp\u016fsobte si design (nab\u00eddka slu\u017eby OEM)<\/td>\n<\/tr>\n<tr>\n<td><strong>OEM\/ODM<\/strong><\/td>\n<td>Dostupn\u00e9 na<\/td>\n<\/tr>\n<tr>\n<td><strong>Povrchov\u00e1 \u00faprava<\/strong><\/td>\n<td>4C\/UV\/Laminov\u00e1n\u00ed\/Lakov\u00e1n\u00ed\/Hork\u00e1 ra\u017eba\/Embossing\/Raz\u00edtkov\u00e1n\u00ed<\/td>\n<\/tr>\n<tr>\n<td><strong>\u010cas vzorku<\/strong><\/td>\n<td>3-5 dn\u00ed<\/td>\n<\/tr>\n<tr>\n<td><strong>Doba dod\u00e1n\u00ed<\/strong><\/td>\n<td>Letecky 6-9 dn\u00ed<\/td>\n<\/tr>\n<\/tbody>\n<\/table>\n<p><img decoding=\"async\" class=\"detail-desc-decorate-image\" style=\"max-width: 100%; height: auto; display: block; margin: 0 auto;\" src=\"https:\/\/reanpackaging.com\/wp-content\/uploads\/2024\/08\/1-description-Luxury-Black-Hard-Paper-Cosmetic-Packaging-Box-Custom-Logo-Print-Foldable-Rigid-Cardboard-Essential-Oil-Perfume-Bottle-Gift-Box.png\" \/><br \/>\n<img decoding=\"async\" class=\"detail-desc-decorate-image\" style=\"max-width: 100%; height: auto; display: block; margin: 0 auto;\" src=\"https:\/\/reanpackaging.com\/wp-content\/uploads\/2024\/08\/2-description-Luxury-Black-Hard-Paper-Cosmetic-Packaging-Box-Custom-Logo-Print-Foldable-Rigid-Cardboard-Essential-Oil-Perfume-Bottle-Gift-Box.png\" \/><br \/>\n<img decoding=\"async\" class=\"detail-desc-decorate-image\" style=\"max-width: 100%; height: auto; display: block; margin: 0 auto;\" src=\"https:\/\/reanpackaging.com\/wp-content\/uploads\/2024\/08\/3-description-Luxury-Black-Hard-Paper-Cosmetic-Packaging-Box-Custom-Logo-Print-Foldable-Rigid-Cardboard-Essential-Oil-Perfume-Bottle-Gift-Box.png\" \/><br \/>\n<img decoding=\"async\" class=\"detail-desc-decorate-image\" style=\"max-width: 100%; height: auto; display: block; margin: 0 auto;\" src=\"https:\/\/reanpackaging.com\/wp-content\/uploads\/2024\/08\/4-description-Luxury-Black-Hard-Paper-Cosmetic-Packaging-Box-Custom-Logo-Print-Foldable-Rigid-Cardboard-Essential-Oil-Perfume-Bottle-Gift-Box.png\" \/><br \/>\n<img decoding=\"async\" class=\"detail-desc-decorate-image\" style=\"max-width: 100%; height: auto; display: block; margin: 0 auto;\" src=\"https:\/\/reanpackaging.com\/wp-content\/uploads\/2024\/08\/5-description-Luxury-Black-Hard-Paper-Cosmetic-Packaging-Box-Custom-Logo-Print-Foldable-Rigid-Cardboard-Essential-Oil-Perfume-Bottle-Gift-Box.jpg\" \/><br \/>\n<img decoding=\"async\" class=\"detail-desc-decorate-image\" style=\"max-width: 100%; height: auto; display: block; margin: 0 auto;\" src=\"https:\/\/reanpackaging.com\/wp-content\/uploads\/2024\/08\/6-description-Luxury-Black-Hard-Paper-Cosmetic-Packaging-Box-Custom-Logo-Print-Foldable-Rigid-Cardboard-Essential-Oil-Perfume-Bottle-Gift-Box.jpg\" \/><br \/>\n<img decoding=\"async\" class=\"detail-desc-decorate-image\" style=\"max-width: 100%; height: auto; display: block; margin: 0 auto;\" src=\"https:\/\/reanpackaging.com\/wp-content\/uploads\/2024\/08\/7-description-Luxury-Black-Hard-Paper-Cosmetic-Packaging-Box-Custom-Logo-Print-Foldable-Rigid-Cardboard-Essential-Oil-Perfume-Bottle-Gift-Box.jpg\" \/><br \/>\n<img decoding=\"async\" class=\"detail-desc-decorate-image\" style=\"max-width: 100%; height: auto; display: block; margin: 0 auto;\" src=\"https:\/\/reanpackaging.com\/wp-content\/uploads\/2024\/08\/8-description-Luxury-Black-Hard-Paper-Cosmetic-Packaging-Box-Custom-Logo-Print-Foldable-Rigid-Cardboard-Essential-Oil-Perfume-Bottle-Gift-Box.jpg\" \/><br \/>\n<img decoding=\"async\" class=\"detail-desc-decorate-image\" style=\"max-width: 100%; height: auto; display: block; margin: 0 auto;\" src=\"https:\/\/reanpackaging.com\/wp-content\/uploads\/2024\/08\/9-description-Luxury-Black-Hard-Paper-Cosmetic-Packaging-Box-Custom-Logo-Print-Foldable-Rigid-Cardboard-Essential-Oil-Perfume-Bottle-Gift-Box.jpg\" \/><br \/>\n<img decoding=\"async\" class=\"detail-desc-decorate-image\" style=\"max-width: 100%; height: auto; display: block; margin: 0 auto;\" src=\"https:\/\/reanpackaging.com\/wp-content\/uploads\/2024\/08\/10-description-Luxury-Black-Hard-Paper-Cosmetic-Packaging-Box-Custom-Logo-Print-Foldable-Rigid-Cardboard-Essential-Oil-Perfume-Bottle-Gift-Box.jpg\" \/><br \/>\n<img decoding=\"async\" class=\"detail-desc-decorate-image\" style=\"max-width: 100%; height: auto; display: block; margin: 0 auto;\" src=\"https:\/\/reanpackaging.com\/wp-content\/uploads\/2024\/08\/11-description-Luxury-Black-Hard-Paper-Cosmetic-Packaging-Box-Custom-Logo-Print-Foldable-Rigid-Cardboard-Essential-Oil-Perfume-Bottle-Gift-Box.jpg\" \/><br \/>\n<img decoding=\"async\" class=\"detail-desc-decorate-image\" style=\"max-width: 100%; height: auto; display: block; margin: 0 auto;\" src=\"https:\/\/reanpackaging.com\/wp-content\/uploads\/2024\/08\/12-description-Luxury-Black-Hard-Paper-Cosmetic-Packaging-Box-Custom-Logo-Print-Foldable-Rigid-Cardboard-Essential-Oil-Perfume-Bottle-Gift-Box.jpg\" \/><br \/>\n<img decoding=\"async\" class=\"detail-desc-decorate-image\" style=\"max-width: 100%; height: auto; display: block; margin: 0 auto;\" src=\"https:\/\/reanpackaging.com\/wp-content\/uploads\/2024\/08\/13-description-Luxury-Black-Hard-Paper-Cosmetic-Packaging-Box-Custom-Logo-Print-Foldable-Rigid-Cardboard-Essential-Oil-Perfume-Bottle-Gift-Box.jpg\" \/><br \/>\n<img decoding=\"async\" class=\"detail-desc-decorate-image\" style=\"max-width: 100%; height: auto; display: block; margin: 0 auto;\" src=\"https:\/\/reanpackaging.com\/wp-content\/uploads\/2024\/08\/14-description-Luxury-Black-Hard-Paper-Cosmetic-Packaging-Box-Custom-Logo-Print-Foldable-Rigid-Cardboard-Essential-Oil-Perfume-Bottle-Gift-Box.jpg\" \/><br \/>\n<img decoding=\"async\" class=\"detail-desc-decorate-image\" style=\"max-width: 100%; height: auto; display: block; margin: 0 auto;\" src=\"https:\/\/reanpackaging.com\/wp-content\/uploads\/2024\/08\/15-description-Luxury-Black-Hard-Paper-Cosmetic-Packaging-Box-Custom-Logo-Print-Foldable-Rigid-Cardboard-Essential-Oil-Perfume-Bottle-Gift-Box.jpg\" \/><\/p>","protected":false},"excerpt":{"rendered":"<p>Industry-Specific Attributes Industrial Use Cosmetic Paper Type Paperboard Feature Recyclable Other Attributes Place of Origin Guangdong, China Box Type Rigid Boxes Printing Handling Matt Lamination, Varnishing, Stamping, Embossing, Glossy Lamination, UV Coating, VANISHING, Gold Foil Custom Order Accept Color Customized Material Coated Paper Logo Customer&#8217;s Logo MOQ 100pcs Shape Customized Shape Design Customize Design(offer OEM [&hellip;]<\/p>\n","protected":false},"featured_media":25653,"template":"","meta":{"_seopress_robots_primary_cat":"none","_seopress_titles_title":"","_seopress_titles_desc":"","_seopress_robots_index":"","_seopress_analysis_target_kw":"","site-sidebar-layout":"default","site-content-layout":"","ast-site-content-layout":"default","site-content-style":"default","site-sidebar-style":"default","ast-global-header-display":"","ast-banner-title-visibility":"","ast-main-header-display":"","ast-hfb-above-header-display":"","ast-hfb-below-header-display":"","ast-hfb-mobile-header-display":"","site-post-title":"","ast-breadcrumbs-content":"","ast-featured-img":"","footer-sml-layout":"","ast-disable-related-posts":"","theme-transparent-header-meta":"default","adv-header-id-meta":"","stick-header-meta":"default","header-above-stick-meta":"","header-main-stick-meta":"","header-below-stick-meta":"","astra-migrate-meta-layouts":"set","ast-page-background-enabled":"default","ast-page-background-meta":{"desktop":{"background-color":"","background-image":"","background-repeat":"repeat","background-position":"center center","background-size":"auto","background-attachment":"scroll","background-type":"","background-media":"","overlay-type":"","overlay-color":"","overlay-opacity":"","overlay-gradient":""},"tablet":{"background-color":"","background-image":"","background-repeat":"repeat","background-position":"center center","background-size":"auto","background-attachment":"scroll","background-type":"","background-media":"","overlay-type":"","overlay-color":"","overlay-opacity":"","overlay-gradient":""},"mobile":{"background-color":"","background-image":"","background-repeat":"repeat","background-position":"center center","background-size":"auto","background-attachment":"scroll","background-type":"","background-media":"","overlay-type":"","overlay-color":"","overlay-opacity":"","overlay-gradient":""}},"ast-content-background-meta":{"desktop":{"background-color":"var(--ast-global-color-5)","background-image":"","background-repeat":"repeat","background-position":"center center","background-size":"auto","background-attachment":"scroll","background-type":"","background-media":"","overlay-type":"","overlay-color":"","overlay-opacity":"","overlay-gradient":""},"tablet":{"background-color":"var(--ast-global-color-5)","background-image":"","background-repeat":"repeat","background-position":"center center","background-size":"auto","background-attachment":"scroll","background-type":"","background-media":"","overlay-type":"","overlay-color":"","overlay-opacity":"","overlay-gradient":""},"mobile":{"background-color":"var(--ast-global-color-5)","background-image":"","background-repeat":"repeat","background-position":"center center","background-size":"auto","background-attachment":"scroll","background-type":"","background-media":"","overlay-type":"","overlay-color":"","overlay-opacity":"","overlay-gradient":""}}},"product_brand":[],"product_cat":[73],"product_tag":[],"class_list":{"0":"post-25727","1":"product","2":"type-product","3":"status-publish","4":"has-post-thumbnail","6":"product_cat-perfume-boxes","7":"desktop-align-left","8":"tablet-align-left","9":"mobile-align-left","10":"ast-product-gallery-layout-horizontal","11":"ast-product-gallery-with-no-image","12":"ast-product-tabs-layout-horizontal","14":"first","15":"instock","16":"purchasable","17":"product-type-simple"},"_links":{"self":[{"href":"https:\/\/reanpackaging.com\/cs\/wp-json\/wp\/v2\/product\/25727","targetHints":{"allow":["GET"]}}],"collection":[{"href":"https:\/\/reanpackaging.com\/cs\/wp-json\/wp\/v2\/product"}],"about":[{"href":"https:\/\/reanpackaging.com\/cs\/wp-json\/wp\/v2\/types\/product"}],"wp:featuredmedia":[{"embeddable":true,"href":"https:\/\/reanpackaging.com\/cs\/wp-json\/wp\/v2\/media\/25653"}],"wp:attachment":[{"href":"https:\/\/reanpackaging.com\/cs\/wp-json\/wp\/v2\/media?parent=25727"}],"wp:term":[{"taxonomy":"product_brand","embeddable":true,"href":"https:\/\/reanpackaging.com\/cs\/wp-json\/wp\/v2\/product_brand?post=25727"},{"taxonomy":"product_cat","embeddable":true,"href":"https:\/\/reanpackaging.com\/cs\/wp-json\/wp\/v2\/product_cat?post=25727"},{"taxonomy":"product_tag","embeddable":true,"href":"https:\/\/reanpackaging.com\/cs\/wp-json\/wp\/v2\/product_tag?post=25727"}],"curies":[{"name":"wp","href":"https:\/\/api.w.org\/{rel}","templated":true}]}}