{"id":27100,"date":"2024-10-19T18:57:30","date_gmt":"2024-10-19T18:57:30","guid":{"rendered":"https:\/\/reanpackaging.com\/product\/kraft-mailer-boxes\/"},"modified":"2024-10-19T19:09:47","modified_gmt":"2024-10-19T19:09:47","slug":"kraft-mailer-boxes","status":"publish","type":"product","link":"https:\/\/reanpackaging.com\/cs\/produkt\/kraft-mailer-boxes\/","title":{"rendered":"Kraftov\u00e9 po\u0161tovn\u00ed krabice"},"content":{"rendered":"<h4>Atributy specifick\u00e9 pro dan\u00e9 odv\u011btv\u00ed<\/h4>\n<table border=\"1\">\n<tbody>\n<tr>\n<td><strong>Pr\u016fmyslov\u00e9 vyu\u017eit\u00ed<\/strong><\/td>\n<td>Obuv a oble\u010den\u00ed<\/td>\n<\/tr>\n<tr>\n<td><strong>Funkce<\/strong><\/td>\n<td>Recyklovateln\u00e9<\/td>\n<\/tr>\n<\/tbody>\n<\/table>\n<h4>Dal\u0161\u00ed atributy<\/h4>\n<table border=\"1\">\n<tbody>\n<tr>\n<td><strong>Typ krabice<\/strong><\/td>\n<td>Slo\u017eky<\/td>\n<\/tr>\n<tr>\n<td><strong>Manipulace s tiskem<\/strong><\/td>\n<td>leskl\u00e1 laminace, matn\u00e1 laminace, ra\u017eba, reli\u00e9fn\u00ed tisk, UV povlak, vlastn\u00ed design<\/td>\n<\/tr>\n<tr>\n<td><strong>Vlastn\u00ed objedn\u00e1vka<\/strong><\/td>\n<td>P\u0159ijmout<\/td>\n<\/tr>\n<tr>\n<td><strong>Tvar<\/strong><\/td>\n<td>P\u0159izp\u016fsoben\u00e9 r\u016fzn\u00e9 tvary<\/td>\n<\/tr>\n<tr>\n<td><strong>P\u0159\u00edslu\u0161enstv\u00ed<\/strong><\/td>\n<td>Rukoje\u0165<\/td>\n<\/tr>\n<tr>\n<td><strong>Typ vlo\u017eky<\/strong><\/td>\n<td>Karton<\/td>\n<\/tr>\n<\/tbody>\n<\/table>","protected":false},"excerpt":{"rendered":"<p>Na\u0161e kraftov\u00e9 po\u0161tovn\u00ed krabice jsou odoln\u00e9 a \u0161etrn\u00e9 k \u017eivotn\u00edmu prost\u0159ed\u00ed a chr\u00e1n\u00ed va\u0161e v\u00fdrobky b\u011bhem p\u0159epravy. Kdy\u017e je pou\u017eijete, m\u016f\u017eete je rozlo\u017eit a u\u0161et\u0159it tak m\u00edsto p\u0159i skladov\u00e1n\u00ed. B\u011bhem pou\u017e\u00edv\u00e1n\u00ed se snadno skl\u00e1daj\u00ed a lze je rychle sestavit do pou\u017eiteln\u00e9 krabice bez pou\u017eit\u00ed lepidla.<\/p>","protected":false},"featured_media":26993,"template":"","meta":{"_seopress_robots_primary_cat":"none","_seopress_titles_title":"","_seopress_titles_desc":"Our kraft mailing boxes are durable and environmentally friendly, protecting your products during transit. When you use them, you can unfold them to save storage space. They are easy to assemble during use and can be quickly assembled into a usable box without glue.","_seopress_robots_index":"","site-sidebar-layout":"default","site-content-layout":"","ast-site-content-layout":"default","site-content-style":"default","site-sidebar-style":"default","ast-global-header-display":"","ast-banner-title-visibility":"","ast-main-header-display":"","ast-hfb-above-header-display":"","ast-hfb-below-header-display":"","ast-hfb-mobile-header-display":"","site-post-title":"","ast-breadcrumbs-content":"","ast-featured-img":"","footer-sml-layout":"","ast-disable-related-posts":"","theme-transparent-header-meta":"default","adv-header-id-meta":"","stick-header-meta":"default","header-above-stick-meta":"","header-main-stick-meta":"","header-below-stick-meta":"","astra-migrate-meta-layouts":"set","ast-page-background-enabled":"default","ast-page-background-meta":{"desktop":{"background-color":"","background-image":"","background-repeat":"repeat","background-position":"center center","background-size":"auto","background-attachment":"scroll","background-type":"","background-media":"","overlay-type":"","overlay-color":"","overlay-opacity":"","overlay-gradient":""},"tablet":{"background-color":"","background-image":"","background-repeat":"repeat","background-position":"center center","background-size":"auto","background-attachment":"scroll","background-type":"","background-media":"","overlay-type":"","overlay-color":"","overlay-opacity":"","overlay-gradient":""},"mobile":{"background-color":"","background-image":"","background-repeat":"repeat","background-position":"center center","background-size":"auto","background-attachment":"scroll","background-type":"","background-media":"","overlay-type":"","overlay-color":"","overlay-opacity":"","overlay-gradient":""}},"ast-content-background-meta":{"desktop":{"background-color":"var(--ast-global-color-5)","background-image":"","background-repeat":"repeat","background-position":"center center","background-size":"auto","background-attachment":"scroll","background-type":"","background-media":"","overlay-type":"","overlay-color":"","overlay-opacity":"","overlay-gradient":""},"tablet":{"background-color":"var(--ast-global-color-5)","background-image":"","background-repeat":"repeat","background-position":"center center","background-size":"auto","background-attachment":"scroll","background-type":"","background-media":"","overlay-type":"","overlay-color":"","overlay-opacity":"","overlay-gradient":""},"mobile":{"background-color":"var(--ast-global-color-5)","background-image":"","background-repeat":"repeat","background-position":"center center","background-size":"auto","background-attachment":"scroll","background-type":"","background-media":"","overlay-type":"","overlay-color":"","overlay-opacity":"","overlay-gradient":""}}},"product_brand":[],"product_cat":[74],"product_tag":[],"class_list":{"0":"post-27100","1":"product","2":"type-product","3":"status-publish","4":"has-post-thumbnail","6":"product_cat-natrual-kraft-box","7":"desktop-align-left","8":"tablet-align-left","9":"mobile-align-left","10":"ast-product-gallery-layout-horizontal","11":"ast-product-tabs-layout-horizontal","13":"first","14":"instock","15":"product-type-simple"},"_links":{"self":[{"href":"https:\/\/reanpackaging.com\/cs\/wp-json\/wp\/v2\/product\/27100","targetHints":{"allow":["GET"]}}],"collection":[{"href":"https:\/\/reanpackaging.com\/cs\/wp-json\/wp\/v2\/product"}],"about":[{"href":"https:\/\/reanpackaging.com\/cs\/wp-json\/wp\/v2\/types\/product"}],"wp:featuredmedia":[{"embeddable":true,"href":"https:\/\/reanpackaging.com\/cs\/wp-json\/wp\/v2\/media\/26993"}],"wp:attachment":[{"href":"https:\/\/reanpackaging.com\/cs\/wp-json\/wp\/v2\/media?parent=27100"}],"wp:term":[{"taxonomy":"product_brand","embeddable":true,"href":"https:\/\/reanpackaging.com\/cs\/wp-json\/wp\/v2\/product_brand?post=27100"},{"taxonomy":"product_cat","embeddable":true,"href":"https:\/\/reanpackaging.com\/cs\/wp-json\/wp\/v2\/product_cat?post=27100"},{"taxonomy":"product_tag","embeddable":true,"href":"https:\/\/reanpackaging.com\/cs\/wp-json\/wp\/v2\/product_tag?post=27100"}],"curies":[{"name":"wp","href":"https:\/\/api.w.org\/{rel}","templated":true}]}}