{"id":27112,"date":"2024-10-19T18:57:30","date_gmt":"2024-10-19T18:57:30","guid":{"rendered":"https:\/\/reanpackaging.com\/product\/kraft-paper-box-for-t-shirt\/"},"modified":"2024-10-19T18:57:56","modified_gmt":"2024-10-19T18:57:56","slug":"kraft-paper-box-for-t-shirt","status":"publish","type":"product","link":"https:\/\/reanpackaging.com\/cs\/produkt\/kraft-paper-box-for-t-shirt\/","title":{"rendered":"Kraftov\u00e1 pap\u00edrov\u00e1 krabice na tri\u010dko"},"content":{"rendered":"<h4>Atributy specifick\u00e9 pro dan\u00e9 odv\u011btv\u00ed<\/h4>\n<table border=\"1\">\n<tr>\n<td><strong>Pr\u016fmyslov\u00e9 vyu\u017eit\u00ed<\/strong><\/td>\n<td>D\u00e1rky a \u0159emesla<\/td>\n<\/tr>\n<tr>\n<td><strong>Typ pap\u00edru<\/strong><\/td>\n<td>Nat\u00edran\u00fd pap\u00edr<\/td>\n<\/tr>\n<tr>\n<td><strong>Funkce<\/strong><\/td>\n<td>Recyklovan\u00e9 materi\u00e1ly<\/td>\n<\/tr>\n<\/table>\n<h4>Dal\u0161\u00ed atributy<\/h4>\n<table border=\"1\">\n<tr>\n<td><strong>Manipulace s tiskem<\/strong><\/td>\n<td>Matn\u00e1 laminace, lakov\u00e1n\u00ed, ra\u017eba, reli\u00e9fn\u00ed tisk, leskl\u00e1 laminace, UV lakov\u00e1n\u00ed, VANISHING, zlat\u00e1 f\u00f3lie<\/td>\n<\/tr>\n<tr>\n<td><strong>Vlastn\u00ed objedn\u00e1vka<\/strong><\/td>\n<td>P\u0159ijmout<\/td>\n<\/tr>\n<tr>\n<td><strong>Tvar<\/strong><\/td>\n<td>P\u0159izp\u016fsoben\u00ed<\/td>\n<\/tr>\n<tr>\n<td><strong>P\u0159\u00edslu\u0161enstv\u00ed<\/strong><\/td>\n<td>Magnetick\u00fd uz\u00e1v\u011br, stuha<\/td>\n<\/tr>\n<tr>\n<td><strong>Typ vlo\u017eky<\/strong><\/td>\n<td>Plasty, lepenka, houba<\/td>\n<\/tr>\n<tr>\n<td><strong>N\u00e1zev produktu<\/strong><\/td>\n<td>Kraftov\u00e9 pap\u00edrov\u00e9 krabice Eco T-Shirt<\/td>\n<\/tr>\n<tr>\n<td><strong>Kl\u00ed\u010dov\u00e9 slovo<\/strong><\/td>\n<td>Vysoce kvalitn\u00ed obal na tri\u010dka<\/td>\n<\/tr>\n<tr>\n<td><strong>Pou\u017eit\u00ed<\/strong><\/td>\n<td>Balen\u00ed polo\u017eek<\/td>\n<\/tr>\n<tr>\n<td><strong>Velikost<\/strong><\/td>\n<td>Cutomized velikosti<\/td>\n<\/tr>\n<tr>\n<td><strong>Barva<\/strong><\/td>\n<td>Partone Color + CMYK<\/td>\n<\/tr>\n<tr>\n<td><strong>Design<\/strong><\/td>\n<td>Specifick\u00e9 po\u017eadavky z\u00e1kazn\u00edka<\/td>\n<\/tr>\n<tr>\n<td><strong>Logo<\/strong><\/td>\n<td>P\u0159ijateln\u00e9 logo z\u00e1kazn\u00edka<\/td>\n<\/tr>\n<tr>\n<td><strong>V\u00fdhoda<\/strong><\/td>\n<td>Recyklovateln\u00e9<\/td>\n<\/tr>\n<\/table>","protected":false},"excerpt":{"rendered":"<p>Tato krabice z kraftov\u00e9ho pap\u00edru je ur\u010dena k ulo\u017een\u00ed tri\u010dek a je velmi vhodn\u00e1 pro pou\u017eit\u00ed jako tri\u010dka pro prodej v e-shopu. Pap\u00edrov\u00e1 p\u00e1ska na krabici nejen l\u00e9pe chr\u00e1n\u00ed tri\u010dka, ale tak\u00e9 umo\u017e\u0148uje vytisknout na ni logo zna\u010dky, abyste l\u00e9pe prezentovali image sv\u00e9 zna\u010dky.<\/p>","protected":false},"featured_media":27003,"template":"","meta":{"_seopress_robots_primary_cat":"","_seopress_titles_title":"","_seopress_titles_desc":"","_seopress_robots_index":"","site-sidebar-layout":"default","site-content-layout":"","ast-site-content-layout":"default","site-content-style":"default","site-sidebar-style":"default","ast-global-header-display":"","ast-banner-title-visibility":"","ast-main-header-display":"","ast-hfb-above-header-display":"","ast-hfb-below-header-display":"","ast-hfb-mobile-header-display":"","site-post-title":"","ast-breadcrumbs-content":"","ast-featured-img":"","footer-sml-layout":"","ast-disable-related-posts":"","theme-transparent-header-meta":"","adv-header-id-meta":"","stick-header-meta":"","header-above-stick-meta":"","header-main-stick-meta":"","header-below-stick-meta":"","astra-migrate-meta-layouts":"default","ast-page-background-enabled":"default","ast-page-background-meta":{"desktop":{"background-color":"","background-image":"","background-repeat":"repeat","background-position":"center center","background-size":"auto","background-attachment":"scroll","background-type":"","background-media":"","overlay-type":"","overlay-color":"","overlay-opacity":"","overlay-gradient":""},"tablet":{"background-color":"","background-image":"","background-repeat":"repeat","background-position":"center center","background-size":"auto","background-attachment":"scroll","background-type":"","background-media":"","overlay-type":"","overlay-color":"","overlay-opacity":"","overlay-gradient":""},"mobile":{"background-color":"","background-image":"","background-repeat":"repeat","background-position":"center center","background-size":"auto","background-attachment":"scroll","background-type":"","background-media":"","overlay-type":"","overlay-color":"","overlay-opacity":"","overlay-gradient":""}},"ast-content-background-meta":{"desktop":{"background-color":"var(--ast-global-color-5)","background-image":"","background-repeat":"repeat","background-position":"center center","background-size":"auto","background-attachment":"scroll","background-type":"","background-media":"","overlay-type":"","overlay-color":"","overlay-opacity":"","overlay-gradient":""},"tablet":{"background-color":"var(--ast-global-color-5)","background-image":"","background-repeat":"repeat","background-position":"center center","background-size":"auto","background-attachment":"scroll","background-type":"","background-media":"","overlay-type":"","overlay-color":"","overlay-opacity":"","overlay-gradient":""},"mobile":{"background-color":"var(--ast-global-color-5)","background-image":"","background-repeat":"repeat","background-position":"center center","background-size":"auto","background-attachment":"scroll","background-type":"","background-media":"","overlay-type":"","overlay-color":"","overlay-opacity":"","overlay-gradient":""}}},"product_brand":[],"product_cat":[74],"product_tag":[],"class_list":{"0":"post-27112","1":"product","2":"type-product","3":"status-publish","4":"has-post-thumbnail","6":"product_cat-natrual-kraft-box","7":"desktop-align-left","8":"tablet-align-left","9":"mobile-align-left","10":"ast-product-gallery-layout-horizontal","11":"ast-product-tabs-layout-horizontal","13":"first","14":"instock","15":"product-type-simple"},"_links":{"self":[{"href":"https:\/\/reanpackaging.com\/cs\/wp-json\/wp\/v2\/product\/27112","targetHints":{"allow":["GET"]}}],"collection":[{"href":"https:\/\/reanpackaging.com\/cs\/wp-json\/wp\/v2\/product"}],"about":[{"href":"https:\/\/reanpackaging.com\/cs\/wp-json\/wp\/v2\/types\/product"}],"wp:featuredmedia":[{"embeddable":true,"href":"https:\/\/reanpackaging.com\/cs\/wp-json\/wp\/v2\/media\/27003"}],"wp:attachment":[{"href":"https:\/\/reanpackaging.com\/cs\/wp-json\/wp\/v2\/media?parent=27112"}],"wp:term":[{"taxonomy":"product_brand","embeddable":true,"href":"https:\/\/reanpackaging.com\/cs\/wp-json\/wp\/v2\/product_brand?post=27112"},{"taxonomy":"product_cat","embeddable":true,"href":"https:\/\/reanpackaging.com\/cs\/wp-json\/wp\/v2\/product_cat?post=27112"},{"taxonomy":"product_tag","embeddable":true,"href":"https:\/\/reanpackaging.com\/cs\/wp-json\/wp\/v2\/product_tag?post=27112"}],"curies":[{"name":"wp","href":"https:\/\/api.w.org\/{rel}","templated":true}]}}