{"id":27118,"date":"2024-10-19T18:58:34","date_gmt":"2024-10-19T18:58:34","guid":{"rendered":"https:\/\/reanpackaging.com\/product\/kraft-box-with-ribbon\/"},"modified":"2024-10-23T02:11:49","modified_gmt":"2024-10-23T02:11:49","slug":"kraft-box-with-ribbon","status":"publish","type":"product","link":"https:\/\/reanpackaging.com\/cs\/produkt\/kraft-box-with-ribbon\/","title":{"rendered":"Kraftov\u00e1 krabice se stuhou"},"content":{"rendered":"<h4>Atributy specifick\u00e9 pro dan\u00e9 odv\u011btv\u00ed<\/h4>\n<table border=\"1\">\n<tbody>\n<tr>\n<td><strong>Pr\u016fmyslov\u00e9 vyu\u017eit\u00ed<\/strong><\/td>\n<td>Potraviny<\/td>\n<\/tr>\n<\/tbody>\n<\/table>\n<h4>Dal\u0161\u00ed atributy<\/h4>\n<table border=\"1\">\n<tbody>\n<tr>\n<td><strong>barva<\/strong><\/td>\n<td>na m\u00edru<\/td>\n<\/tr>\n<tr>\n<td><strong>velikost<\/strong><\/td>\n<td>na m\u00edru<\/td>\n<\/tr>\n<tr>\n<td><strong>styl<\/strong><\/td>\n<td>na m\u00edru<\/td>\n<\/tr>\n<tr>\n<td><strong>materi\u00e1l<\/strong><\/td>\n<td>na m\u00edru<\/td>\n<\/tr>\n<tr>\n<td><strong>Sc\u00e9n\u00e1\u0159 pou\u017eit\u00ed<\/strong><\/td>\n<td>na m\u00edru<\/td>\n<\/tr>\n<\/tbody>\n<\/table>\n<p><img decoding=\"async\" class=\"detail-desc-decorate-image\" style=\"max-width: 100%; height: auto; display: block; margin: 0 auto;\" src=\"https:\/\/reanpackaging.com\/wp-content\/uploads\/2024\/10\/1-description-Kraft-Box-with-Ribbon.jpg\" \/><\/p>","protected":false},"excerpt":{"rendered":"<p>P\u00e1ska na kraftov\u00e9m pap\u00edru m\u016f\u017ee krabici v\u00edce chr\u00e1nit a tak\u00e9 ji zpevnit, aby se b\u011bhem p\u0159epravy snadno nerozpadla. Pro tuto krabici m\u00e1me na v\u00fdb\u011br z r\u016fzn\u00fdch velikost\u00ed a m\u016f\u017eete si tak\u00e9 vybrat r\u016fzn\u00e9 barvy stuh.<\/p>","protected":false},"featured_media":26963,"template":"","meta":{"_seopress_robots_primary_cat":"none","_seopress_titles_title":"Kraft Box with Ribbon","_seopress_titles_desc":"The ribbon on the kraft paper box can provide more protection for the box, and can also reinforce the box so that it will not fall apart easily during transportation. We have a variety of sizes to choose from for this box, and you can also choose different colors of ribbons.","_seopress_robots_index":"","site-sidebar-layout":"default","site-content-layout":"","ast-site-content-layout":"default","site-content-style":"default","site-sidebar-style":"default","ast-global-header-display":"","ast-banner-title-visibility":"","ast-main-header-display":"","ast-hfb-above-header-display":"","ast-hfb-below-header-display":"","ast-hfb-mobile-header-display":"","site-post-title":"","ast-breadcrumbs-content":"","ast-featured-img":"","footer-sml-layout":"","ast-disable-related-posts":"","theme-transparent-header-meta":"default","adv-header-id-meta":"","stick-header-meta":"default","header-above-stick-meta":"","header-main-stick-meta":"","header-below-stick-meta":"","astra-migrate-meta-layouts":"set","ast-page-background-enabled":"default","ast-page-background-meta":{"desktop":{"background-color":"","background-image":"","background-repeat":"repeat","background-position":"center center","background-size":"auto","background-attachment":"scroll","background-type":"","background-media":"","overlay-type":"","overlay-color":"","overlay-opacity":"","overlay-gradient":""},"tablet":{"background-color":"","background-image":"","background-repeat":"repeat","background-position":"center center","background-size":"auto","background-attachment":"scroll","background-type":"","background-media":"","overlay-type":"","overlay-color":"","overlay-opacity":"","overlay-gradient":""},"mobile":{"background-color":"","background-image":"","background-repeat":"repeat","background-position":"center center","background-size":"auto","background-attachment":"scroll","background-type":"","background-media":"","overlay-type":"","overlay-color":"","overlay-opacity":"","overlay-gradient":""}},"ast-content-background-meta":{"desktop":{"background-color":"var(--ast-global-color-5)","background-image":"","background-repeat":"repeat","background-position":"center center","background-size":"auto","background-attachment":"scroll","background-type":"","background-media":"","overlay-type":"","overlay-color":"","overlay-opacity":"","overlay-gradient":""},"tablet":{"background-color":"var(--ast-global-color-5)","background-image":"","background-repeat":"repeat","background-position":"center center","background-size":"auto","background-attachment":"scroll","background-type":"","background-media":"","overlay-type":"","overlay-color":"","overlay-opacity":"","overlay-gradient":""},"mobile":{"background-color":"var(--ast-global-color-5)","background-image":"","background-repeat":"repeat","background-position":"center center","background-size":"auto","background-attachment":"scroll","background-type":"","background-media":"","overlay-type":"","overlay-color":"","overlay-opacity":"","overlay-gradient":""}}},"product_brand":[],"product_cat":[74],"product_tag":[],"class_list":{"0":"post-27118","1":"product","2":"type-product","3":"status-publish","4":"has-post-thumbnail","6":"product_cat-natrual-kraft-box","7":"desktop-align-left","8":"tablet-align-left","9":"mobile-align-left","10":"ast-product-gallery-layout-horizontal","11":"ast-product-tabs-layout-horizontal","13":"first","14":"instock","15":"product-type-simple"},"_links":{"self":[{"href":"https:\/\/reanpackaging.com\/cs\/wp-json\/wp\/v2\/product\/27118","targetHints":{"allow":["GET"]}}],"collection":[{"href":"https:\/\/reanpackaging.com\/cs\/wp-json\/wp\/v2\/product"}],"about":[{"href":"https:\/\/reanpackaging.com\/cs\/wp-json\/wp\/v2\/types\/product"}],"wp:featuredmedia":[{"embeddable":true,"href":"https:\/\/reanpackaging.com\/cs\/wp-json\/wp\/v2\/media\/26963"}],"wp:attachment":[{"href":"https:\/\/reanpackaging.com\/cs\/wp-json\/wp\/v2\/media?parent=27118"}],"wp:term":[{"taxonomy":"product_brand","embeddable":true,"href":"https:\/\/reanpackaging.com\/cs\/wp-json\/wp\/v2\/product_brand?post=27118"},{"taxonomy":"product_cat","embeddable":true,"href":"https:\/\/reanpackaging.com\/cs\/wp-json\/wp\/v2\/product_cat?post=27118"},{"taxonomy":"product_tag","embeddable":true,"href":"https:\/\/reanpackaging.com\/cs\/wp-json\/wp\/v2\/product_tag?post=27118"}],"curies":[{"name":"wp","href":"https:\/\/api.w.org\/{rel}","templated":true}]}}