{"id":27817,"date":"2024-11-24T16:30:42","date_gmt":"2024-11-24T16:30:42","guid":{"rendered":"https:\/\/reanpackaging.com\/product\/custom-printed-logo-mini-white-black-luxury-paper-bag-with-ribbon-handles-small-fancy-wedding-door-gift-bag-for-promotions\/"},"modified":"2024-11-24T16:32:34","modified_gmt":"2024-11-24T16:32:34","slug":"custom-printed-logo-mini-white-black-luxury-paper-bag-with-ribbon-handles-small-fancy-wedding-door-gift-bag-for-promotions","status":"publish","type":"product","link":"https:\/\/reanpackaging.com\/cs\/produkt\/custom-printed-logo-mini-white-black-luxury-paper-bag-with-ribbon-handles-small-fancy-wedding-door-gift-bag-for-promotions\/","title":{"rendered":"Vlastn\u00ed ti\u0161t\u011bn\u00e9 logo Mini b\u00edl\u00e1 \u010dern\u00e1 luxusn\u00ed pap\u00edrov\u00e1 ta\u0161ka s rukojet\u00ed stuhy Mal\u00e1 fantazie Svatebn\u00ed dve\u0159e D\u00e1rkov\u00e1 ta\u0161ka pro propagaci"},"content":{"rendered":"<h4>Atributy specifick\u00e9 pro dan\u00e9 odv\u011btv\u00ed<\/h4>\n<table border=\"1\">\n<tbody>\n<tr>\n<td><strong>Pr\u016fmyslov\u00e9 vyu\u017eit\u00ed<\/strong><\/td>\n<td>\u0160perky &amp; hodinky &amp; br\u00fdle<\/td>\n<\/tr>\n<tr>\n<td><strong>Typ pap\u00edru<\/strong><\/td>\n<td>pap\u00edr<\/td>\n<\/tr>\n<tr>\n<td><strong>Funkce<\/strong><\/td>\n<td>Recyklovateln\u00e9<\/td>\n<\/tr>\n<\/tbody>\n<\/table>\n<h4>Dal\u0161\u00ed atributy<\/h4>\n<table border=\"1\">\n<tbody>\n<tr>\n<td><strong>Manipulace s povrchem<\/strong><\/td>\n<td>Ra\u017eba za tepla<\/td>\n<\/tr>\n<tr>\n<td><strong>T\u011bsn\u011bn\u00ed a rukoje\u0165<\/strong><\/td>\n<td>Stahovac\u00ed \u0161\u0148\u016frka<\/td>\n<\/tr>\n<tr>\n<td><strong>Vlastn\u00ed objedn\u00e1vka<\/strong><\/td>\n<td>P\u0159ijmout<\/td>\n<\/tr>\n<tr>\n<td><strong>Tisk loga<\/strong><\/td>\n<td>4C tisk<\/td>\n<\/tr>\n<tr>\n<td><strong>N\u00e1zev produktu<\/strong><\/td>\n<td>Pap\u00edrov\u00e1 d\u00e1rkov\u00e1 ta\u0161ka<\/td>\n<\/tr>\n<tr>\n<td><strong>Logo<\/strong><\/td>\n<td>Logo z\u00e1kazn\u00edka<\/td>\n<\/tr>\n<tr>\n<td><strong>Materi\u00e1l<\/strong><\/td>\n<td>Pap\u00edrov\u00e1 lepenka<\/td>\n<\/tr>\n<tr>\n<td><strong>MOQ<\/strong><\/td>\n<td>10ks<\/td>\n<\/tr>\n<tr>\n<td><strong>OEM\/ODM<\/strong><\/td>\n<td>Podpora<\/td>\n<\/tr>\n<tr>\n<td><strong>Tisk<\/strong><\/td>\n<td>CMYK\/Pantone<\/td>\n<\/tr>\n<tr>\n<td><strong>Design<\/strong><\/td>\n<td>Voln\u00fd design<\/td>\n<\/tr>\n<tr>\n<td><strong>Velikost<\/strong><\/td>\n<td>S\/M\/L<\/td>\n<\/tr>\n<tr>\n<td><strong>Pr\u016fmyslov\u00e9 vyu\u017eit\u00ed<\/strong><\/td>\n<td>Balen\u00ed<\/td>\n<\/tr>\n<tr>\n<td><strong>Struktura materi\u00e1lu<\/strong><\/td>\n<td>\u0160ed\u00e1 deska<\/td>\n<\/tr>\n<\/tbody>\n<\/table>\n<p><img decoding=\"async\" class=\"detail-desc-decorate-image\" style=\"max-width: 100%; height: auto; display: block; margin: 0 auto;\" src=\"https:\/\/reanpackaging.com\/wp-content\/uploads\/2024\/11\/1-description-Custom-Printed-Logo-Mini-White-Black-Luxury-Paper-Bag-with-Ribbon-Handles-Small-Fancy-Wedding-Door-Gift-Bag-for-Promotions.jpg\" \/><br \/>\n<img decoding=\"async\" class=\"detail-desc-decorate-image\" style=\"max-width: 100%; height: auto; display: block; margin: 0 auto;\" src=\"https:\/\/reanpackaging.com\/wp-content\/uploads\/2024\/11\/2-description-Custom-Printed-Logo-Mini-White-Black-Luxury-Paper-Bag-with-Ribbon-Handles-Small-Fancy-Wedding-Door-Gift-Bag-for-Promotions.jpg\" \/><br \/>\n<img decoding=\"async\" class=\"detail-desc-decorate-image\" style=\"max-width: 100%; height: auto; display: block; margin: 0 auto;\" src=\"https:\/\/reanpackaging.com\/wp-content\/uploads\/2024\/11\/3-description-Custom-Printed-Logo-Mini-White-Black-Luxury-Paper-Bag-with-Ribbon-Handles-Small-Fancy-Wedding-Door-Gift-Bag-for-Promotions.jpg\" \/><br \/>\n<img decoding=\"async\" class=\"detail-desc-decorate-image\" style=\"max-width: 100%; height: auto; display: block; margin: 0 auto;\" src=\"https:\/\/reanpackaging.com\/wp-content\/uploads\/2024\/11\/4-description-Custom-Printed-Logo-Mini-White-Black-Luxury-Paper-Bag-with-Ribbon-Handles-Small-Fancy-Wedding-Door-Gift-Bag-for-Promotions.jpg\" \/><\/p>","protected":false},"excerpt":{"rendered":"<p>Industry-Specific Attributes Industrial Use Jewelry &amp; Watch &amp; Eyewear Paper Type paper Feature Recyclable Other Attributes Surface Handling Hot Stamping Sealing &amp; Handle Drawstring Custom Order Accept Logo printing 4C printing Product name Paper Gift Bag Logo Customer&#8217;s Logo Material Paper Cardboard MOQ 10pcs OEM\/ODM Support Printing CMYK\/Pantone Design Free design Size S\/M\/L Industrial Use [&hellip;]<\/p>\n","protected":false},"featured_media":27674,"template":"","meta":{"_seopress_robots_primary_cat":"none","_seopress_titles_title":"","_seopress_titles_desc":"","_seopress_robots_index":"","site-sidebar-layout":"default","site-content-layout":"","ast-site-content-layout":"default","site-content-style":"default","site-sidebar-style":"default","ast-global-header-display":"","ast-banner-title-visibility":"","ast-main-header-display":"","ast-hfb-above-header-display":"","ast-hfb-below-header-display":"","ast-hfb-mobile-header-display":"","site-post-title":"","ast-breadcrumbs-content":"","ast-featured-img":"","footer-sml-layout":"","ast-disable-related-posts":"","theme-transparent-header-meta":"default","adv-header-id-meta":"","stick-header-meta":"default","header-above-stick-meta":"","header-main-stick-meta":"","header-below-stick-meta":"","astra-migrate-meta-layouts":"set","ast-page-background-enabled":"default","ast-page-background-meta":{"desktop":{"background-color":"","background-image":"","background-repeat":"repeat","background-position":"center center","background-size":"auto","background-attachment":"scroll","background-type":"","background-media":"","overlay-type":"","overlay-color":"","overlay-opacity":"","overlay-gradient":""},"tablet":{"background-color":"","background-image":"","background-repeat":"repeat","background-position":"center center","background-size":"auto","background-attachment":"scroll","background-type":"","background-media":"","overlay-type":"","overlay-color":"","overlay-opacity":"","overlay-gradient":""},"mobile":{"background-color":"","background-image":"","background-repeat":"repeat","background-position":"center center","background-size":"auto","background-attachment":"scroll","background-type":"","background-media":"","overlay-type":"","overlay-color":"","overlay-opacity":"","overlay-gradient":""}},"ast-content-background-meta":{"desktop":{"background-color":"var(--ast-global-color-5)","background-image":"","background-repeat":"repeat","background-position":"center center","background-size":"auto","background-attachment":"scroll","background-type":"","background-media":"","overlay-type":"","overlay-color":"","overlay-opacity":"","overlay-gradient":""},"tablet":{"background-color":"var(--ast-global-color-5)","background-image":"","background-repeat":"repeat","background-position":"center center","background-size":"auto","background-attachment":"scroll","background-type":"","background-media":"","overlay-type":"","overlay-color":"","overlay-opacity":"","overlay-gradient":""},"mobile":{"background-color":"var(--ast-global-color-5)","background-image":"","background-repeat":"repeat","background-position":"center center","background-size":"auto","background-attachment":"scroll","background-type":"","background-media":"","overlay-type":"","overlay-color":"","overlay-opacity":"","overlay-gradient":""}}},"product_brand":[],"product_cat":[76],"product_tag":[],"class_list":{"0":"post-27817","1":"product","2":"type-product","3":"status-publish","4":"has-post-thumbnail","6":"product_cat-white-paper-bags-with-handels","7":"desktop-align-left","8":"tablet-align-left","9":"mobile-align-left","10":"ast-product-gallery-layout-horizontal","11":"ast-product-tabs-layout-horizontal","13":"first","14":"instock","15":"product-type-simple"},"_links":{"self":[{"href":"https:\/\/reanpackaging.com\/cs\/wp-json\/wp\/v2\/product\/27817","targetHints":{"allow":["GET"]}}],"collection":[{"href":"https:\/\/reanpackaging.com\/cs\/wp-json\/wp\/v2\/product"}],"about":[{"href":"https:\/\/reanpackaging.com\/cs\/wp-json\/wp\/v2\/types\/product"}],"wp:featuredmedia":[{"embeddable":true,"href":"https:\/\/reanpackaging.com\/cs\/wp-json\/wp\/v2\/media\/27674"}],"wp:attachment":[{"href":"https:\/\/reanpackaging.com\/cs\/wp-json\/wp\/v2\/media?parent=27817"}],"wp:term":[{"taxonomy":"product_brand","embeddable":true,"href":"https:\/\/reanpackaging.com\/cs\/wp-json\/wp\/v2\/product_brand?post=27817"},{"taxonomy":"product_cat","embeddable":true,"href":"https:\/\/reanpackaging.com\/cs\/wp-json\/wp\/v2\/product_cat?post=27817"},{"taxonomy":"product_tag","embeddable":true,"href":"https:\/\/reanpackaging.com\/cs\/wp-json\/wp\/v2\/product_tag?post=27817"}],"curies":[{"name":"wp","href":"https:\/\/api.w.org\/{rel}","templated":true}]}}