{"id":28166,"date":"2024-11-26T12:43:56","date_gmt":"2024-11-26T12:43:56","guid":{"rendered":"https:\/\/reanpackaging.com\/product\/advanced-technology-clear-acrylic-gift-box-with-lid-online-customizable-package-for-personalized-gifts\/"},"modified":"2024-11-26T12:50:17","modified_gmt":"2024-11-26T12:50:17","slug":"advanced-technology-clear-acrylic-gift-box-with-lid-online-customizable-package-for-personalized-gifts","status":"publish","type":"product","link":"https:\/\/reanpackaging.com\/cs\/produkt\/advanced-technology-clear-acrylic-gift-box-with-lid-online-customizable-package-for-personalized-gifts\/","title":{"rendered":"Pokro\u010dil\u00e1 technologie \u010cir\u00e1 akrylov\u00e1 d\u00e1rkov\u00e1 krabi\u010dka s v\u00edkem Online p\u0159izp\u016fsobiteln\u00fd bal\u00ed\u010dek pro personalizovan\u00e9 d\u00e1rky"},"content":{"rendered":"<h4>Dal\u0161\u00ed atributy<\/h4>\n<table border=\"1\">\n<tbody>\n<tr>\n<td><strong>Materi\u00e1l<\/strong><\/td>\n<td>Akryl<\/td>\n<\/tr>\n<tr>\n<td><strong>Pr\u016fmyslov\u00e9 vyu\u017eit\u00ed<\/strong><\/td>\n<td>D\u00e1rek<\/td>\n<\/tr>\n<tr>\n<td><strong>Pou\u017eit\u00ed<\/strong><\/td>\n<td>n\u00e1doba na deodorantov\u00e9 ty\u010dinky<\/td>\n<\/tr>\n<tr>\n<td><strong>Manipulace s povrchem<\/strong><\/td>\n<td>S\u00edtotisk<\/td>\n<\/tr>\n<tr>\n<td><strong>barva<\/strong><\/td>\n<td>hn\u011bd\u00e1 z\u00e1kladn\u00ed barva\/b\u00edl\u00e1\/\u010dern\u00e1 a p\u0159izp\u016fsoben\u00ed barev<\/td>\n<\/tr>\n<tr>\n<td><strong>N\u00e1zev produktu<\/strong><\/td>\n<td>balen\u00ed pap\u00edrov\u00fdch trubek<\/td>\n<\/tr>\n<tr>\n<td><strong>Tisk loga<\/strong><\/td>\n<td>tisk, hork\u00e1 ra\u017eba \u0161t\u00edtk\u016f UV<\/td>\n<\/tr>\n<tr>\n<td><strong>MOQ<\/strong><\/td>\n<td>1000ks<\/td>\n<\/tr>\n<tr>\n<td><strong>materilas<\/strong><\/td>\n<td>akryl<\/td>\n<\/tr>\n<tr>\n<td><strong>Velikost<\/strong><\/td>\n<td>20x20x13cm<\/td>\n<\/tr>\n<tr>\n<td><strong>P\u0159izp\u016fsoben\u00ed<\/strong><\/td>\n<td>P\u0159ijmout p\u0159izp\u016fsoben\u00ed velikosti<\/td>\n<\/tr>\n<\/tbody>\n<\/table>\n<p><img decoding=\"async\" class=\"detail-desc-decorate-image\" style=\"max-width: 100%; height: auto; display: block; margin: 0 auto;\" src=\"https:\/\/reanpackaging.com\/wp-content\/uploads\/2024\/11\/1-description-Advanced-Technology-Clear-Acrylic-Gift-Box-with-Lid-Online-Customizable-Package-for-Personalized-Gifts.jpg\" \/><br \/>\n<img decoding=\"async\" class=\"detail-desc-decorate-image\" style=\"max-width: 100%; height: auto; display: block; margin: 0 auto;\" src=\"https:\/\/reanpackaging.com\/wp-content\/uploads\/2024\/11\/2-description-Advanced-Technology-Clear-Acrylic-Gift-Box-with-Lid-Online-Customizable-Package-for-Personalized-Gifts.jpg\" \/><br \/>\n<img decoding=\"async\" class=\"detail-desc-decorate-image\" style=\"max-width: 100%; height: auto; display: block; margin: 0 auto;\" src=\"https:\/\/reanpackaging.com\/wp-content\/uploads\/2024\/11\/3-description-Advanced-Technology-Clear-Acrylic-Gift-Box-with-Lid-Online-Customizable-Package-for-Personalized-Gifts.jpg\" \/><br \/>\n<img decoding=\"async\" class=\"detail-desc-decorate-image\" style=\"max-width: 100%; height: auto; display: block; margin: 0 auto;\" src=\"https:\/\/reanpackaging.com\/wp-content\/uploads\/2024\/11\/4-description-Advanced-Technology-Clear-Acrylic-Gift-Box-with-Lid-Online-Customizable-Package-for-Personalized-Gifts.jpg\" \/><\/p>","protected":false},"excerpt":{"rendered":"<p>Dal\u0161\u00ed vlastnosti Materi\u00e1l Akryl Pr\u016fmyslov\u00e9 pou\u017eit\u00ed D\u00e1rkov\u00e9 pou\u017eit\u00ed Deodorant Stick kontejner Povrchov\u00e1 manipulace S\u00edtotisk barva hn\u011bd\u00e1 prim\u00e1rn\u00ed barva \/ b\u00edl\u00e1 \/ \u010dern\u00e1 a p\u0159izp\u016fsobit barvy N\u00e1zev produktu pap\u00edrov\u00e1 trubka balen\u00ed Logo tisk, hork\u00e1 ra\u017eba \u0161t\u00edtek UV MOQ 1000pcs materilas akryl Velikost 20x20x13cm P\u0159izp\u016fsobit P\u0159ijmout p\u0159izp\u016fsobit velikost<\/p>","protected":false},"featured_media":27992,"template":"","meta":{"_seopress_robots_primary_cat":"none","_seopress_titles_title":"","_seopress_titles_desc":"","_seopress_robots_index":"","site-sidebar-layout":"default","site-content-layout":"","ast-site-content-layout":"default","site-content-style":"default","site-sidebar-style":"default","ast-global-header-display":"","ast-banner-title-visibility":"","ast-main-header-display":"","ast-hfb-above-header-display":"","ast-hfb-below-header-display":"","ast-hfb-mobile-header-display":"","site-post-title":"","ast-breadcrumbs-content":"","ast-featured-img":"","footer-sml-layout":"","ast-disable-related-posts":"","theme-transparent-header-meta":"default","adv-header-id-meta":"","stick-header-meta":"default","header-above-stick-meta":"","header-main-stick-meta":"","header-below-stick-meta":"","astra-migrate-meta-layouts":"set","ast-page-background-enabled":"default","ast-page-background-meta":{"desktop":{"background-color":"","background-image":"","background-repeat":"repeat","background-position":"center center","background-size":"auto","background-attachment":"scroll","background-type":"","background-media":"","overlay-type":"","overlay-color":"","overlay-opacity":"","overlay-gradient":""},"tablet":{"background-color":"","background-image":"","background-repeat":"repeat","background-position":"center center","background-size":"auto","background-attachment":"scroll","background-type":"","background-media":"","overlay-type":"","overlay-color":"","overlay-opacity":"","overlay-gradient":""},"mobile":{"background-color":"","background-image":"","background-repeat":"repeat","background-position":"center center","background-size":"auto","background-attachment":"scroll","background-type":"","background-media":"","overlay-type":"","overlay-color":"","overlay-opacity":"","overlay-gradient":""}},"ast-content-background-meta":{"desktop":{"background-color":"var(--ast-global-color-5)","background-image":"","background-repeat":"repeat","background-position":"center center","background-size":"auto","background-attachment":"scroll","background-type":"","background-media":"","overlay-type":"","overlay-color":"","overlay-opacity":"","overlay-gradient":""},"tablet":{"background-color":"var(--ast-global-color-5)","background-image":"","background-repeat":"repeat","background-position":"center center","background-size":"auto","background-attachment":"scroll","background-type":"","background-media":"","overlay-type":"","overlay-color":"","overlay-opacity":"","overlay-gradient":""},"mobile":{"background-color":"var(--ast-global-color-5)","background-image":"","background-repeat":"repeat","background-position":"center center","background-size":"auto","background-attachment":"scroll","background-type":"","background-media":"","overlay-type":"","overlay-color":"","overlay-opacity":"","overlay-gradient":""}}},"product_brand":[],"product_cat":[77],"product_tag":[],"class_list":{"0":"post-28166","1":"product","2":"type-product","3":"status-publish","4":"has-post-thumbnail","6":"product_cat-gift-boxes-with-clear-lids","7":"desktop-align-left","8":"tablet-align-left","9":"mobile-align-left","10":"ast-product-gallery-layout-horizontal","11":"ast-product-tabs-layout-horizontal","13":"first","14":"instock","15":"product-type-simple"},"_links":{"self":[{"href":"https:\/\/reanpackaging.com\/cs\/wp-json\/wp\/v2\/product\/28166","targetHints":{"allow":["GET"]}}],"collection":[{"href":"https:\/\/reanpackaging.com\/cs\/wp-json\/wp\/v2\/product"}],"about":[{"href":"https:\/\/reanpackaging.com\/cs\/wp-json\/wp\/v2\/types\/product"}],"wp:featuredmedia":[{"embeddable":true,"href":"https:\/\/reanpackaging.com\/cs\/wp-json\/wp\/v2\/media\/27992"}],"wp:attachment":[{"href":"https:\/\/reanpackaging.com\/cs\/wp-json\/wp\/v2\/media?parent=28166"}],"wp:term":[{"taxonomy":"product_brand","embeddable":true,"href":"https:\/\/reanpackaging.com\/cs\/wp-json\/wp\/v2\/product_brand?post=28166"},{"taxonomy":"product_cat","embeddable":true,"href":"https:\/\/reanpackaging.com\/cs\/wp-json\/wp\/v2\/product_cat?post=28166"},{"taxonomy":"product_tag","embeddable":true,"href":"https:\/\/reanpackaging.com\/cs\/wp-json\/wp\/v2\/product_tag?post=28166"}],"curies":[{"name":"wp","href":"https:\/\/api.w.org\/{rel}","templated":true}]}}