{"id":28173,"date":"2024-11-26T12:43:56","date_gmt":"2024-11-26T12:43:56","guid":{"rendered":"https:\/\/reanpackaging.com\/product\/clear-wedding-acrylic-box-custom-acrylic-gift-box-with-lid\/"},"modified":"2024-11-26T12:46:48","modified_gmt":"2024-11-26T12:46:48","slug":"clear-wedding-acrylic-box-custom-acrylic-gift-box-with-lid","status":"publish","type":"product","link":"https:\/\/reanpackaging.com\/cs\/produkt\/clear-wedding-acrylic-box-custom-acrylic-gift-box-with-lid\/","title":{"rendered":"\u010cir\u00e1 svatebn\u00ed akrylov\u00e1 krabi\u010dka Vlastn\u00ed akrylov\u00e1 d\u00e1rkov\u00e1 krabi\u010dka s v\u00edkem"},"content":{"rendered":"<h4>Dal\u0161\u00ed atributy<\/h4>\n<table border=\"1\">\n<tbody>\n<tr>\n<td><strong>velikost<\/strong><\/td>\n<td>250x250x150mm nebo na m\u00edru<\/td>\n<\/tr>\n<tr>\n<td><strong>tlou\u0161\u0165ka<\/strong><\/td>\n<td>4 mm nebo na m\u00edru<\/td>\n<\/tr>\n<tr>\n<td><strong>barva<\/strong><\/td>\n<td>\u010dir\u00fd matn\u00fd<\/td>\n<\/tr>\n<tr>\n<td><strong>logo<\/strong><\/td>\n<td>s\u00edtotisk nebo grav\u00edrov\u00e1n\u00ed<\/td>\n<\/tr>\n<tr>\n<td><strong>\u0158emesla<\/strong><\/td>\n<td>\u0158ez\u00e1n\u00ed, le\u0161t\u011bn\u00ed, grav\u00edrov\u00e1n\u00ed, oh\u00fdb\u00e1n\u00ed za tepla<\/td>\n<\/tr>\n<tr>\n<td><strong>Aplikace<\/strong><\/td>\n<td>domovsk\u00e1 str\u00e1nka\/obchod\/v\u00fdloha obchodu<\/td>\n<\/tr>\n<tr>\n<td><strong>Pou\u017eit\u00ed<\/strong><\/td>\n<td>karty\/d\u00e1rky\/knihy<\/td>\n<\/tr>\n<tr>\n<td><strong>styl<\/strong><\/td>\n<td>modern\u00ed<\/td>\n<\/tr>\n<\/tbody>\n<\/table>\n<p><img decoding=\"async\" class=\"detail-desc-decorate-image\" style=\"max-width: 100%; height: auto; display: block; margin: 0 auto;\" src=\"https:\/\/reanpackaging.com\/wp-content\/uploads\/2024\/11\/1-description-Clear-Wedding-Acrylic-Box-Custom-Acrylic-gift-box-with-lid.jpg\" \/><br \/>\n<img decoding=\"async\" class=\"detail-desc-decorate-image\" style=\"max-width: 100%; height: auto; display: block; margin: 0 auto;\" src=\"https:\/\/reanpackaging.com\/wp-content\/uploads\/2024\/11\/2-description-Clear-Wedding-Acrylic-Box-Custom-Acrylic-gift-box-with-lid.jpg\" \/><br \/>\n<img decoding=\"async\" class=\"detail-desc-decorate-image\" style=\"max-width: 100%; height: auto; display: block; margin: 0 auto;\" src=\"https:\/\/reanpackaging.com\/wp-content\/uploads\/2024\/11\/3-description-Clear-Wedding-Acrylic-Box-Custom-Acrylic-gift-box-with-lid.jpg\" \/><\/p>","protected":false},"excerpt":{"rendered":"<p>Dal\u0161\u00ed atributy velikost 250x250x150mm nebo p\u0159izp\u016fsoben\u00e9 tlou\u0161\u0165ce 4mm nebo p\u0159izp\u016fsoben\u00e9 barv\u011b \u010dir\u00e9 matn\u00e9 logo s\u00edtotisk nebo grav\u00edrov\u00e1n\u00ed \u0158emesla \u0159ez\u00e1n\u00ed, le\u0161t\u011bn\u00ed, grav\u00edrov\u00e1n\u00ed, oh\u00fdb\u00e1n\u00ed za tepla Pou\u017eit\u00ed displej doma\/obchod\u011b\/obchod\u011b Pou\u017eit\u00ed karta\/d\u00e1rky\/kniha styl modern\u00ed<\/p>","protected":false},"featured_media":28009,"template":"","meta":{"_seopress_robots_primary_cat":"none","_seopress_titles_title":"","_seopress_titles_desc":"","_seopress_robots_index":"","site-sidebar-layout":"default","site-content-layout":"","ast-site-content-layout":"default","site-content-style":"default","site-sidebar-style":"default","ast-global-header-display":"","ast-banner-title-visibility":"","ast-main-header-display":"","ast-hfb-above-header-display":"","ast-hfb-below-header-display":"","ast-hfb-mobile-header-display":"","site-post-title":"","ast-breadcrumbs-content":"","ast-featured-img":"","footer-sml-layout":"","ast-disable-related-posts":"","theme-transparent-header-meta":"default","adv-header-id-meta":"","stick-header-meta":"default","header-above-stick-meta":"","header-main-stick-meta":"","header-below-stick-meta":"","astra-migrate-meta-layouts":"set","ast-page-background-enabled":"default","ast-page-background-meta":{"desktop":{"background-color":"","background-image":"","background-repeat":"repeat","background-position":"center center","background-size":"auto","background-attachment":"scroll","background-type":"","background-media":"","overlay-type":"","overlay-color":"","overlay-opacity":"","overlay-gradient":""},"tablet":{"background-color":"","background-image":"","background-repeat":"repeat","background-position":"center center","background-size":"auto","background-attachment":"scroll","background-type":"","background-media":"","overlay-type":"","overlay-color":"","overlay-opacity":"","overlay-gradient":""},"mobile":{"background-color":"","background-image":"","background-repeat":"repeat","background-position":"center center","background-size":"auto","background-attachment":"scroll","background-type":"","background-media":"","overlay-type":"","overlay-color":"","overlay-opacity":"","overlay-gradient":""}},"ast-content-background-meta":{"desktop":{"background-color":"var(--ast-global-color-5)","background-image":"","background-repeat":"repeat","background-position":"center center","background-size":"auto","background-attachment":"scroll","background-type":"","background-media":"","overlay-type":"","overlay-color":"","overlay-opacity":"","overlay-gradient":""},"tablet":{"background-color":"var(--ast-global-color-5)","background-image":"","background-repeat":"repeat","background-position":"center center","background-size":"auto","background-attachment":"scroll","background-type":"","background-media":"","overlay-type":"","overlay-color":"","overlay-opacity":"","overlay-gradient":""},"mobile":{"background-color":"var(--ast-global-color-5)","background-image":"","background-repeat":"repeat","background-position":"center center","background-size":"auto","background-attachment":"scroll","background-type":"","background-media":"","overlay-type":"","overlay-color":"","overlay-opacity":"","overlay-gradient":""}}},"product_brand":[],"product_cat":[77],"product_tag":[],"class_list":{"0":"post-28173","1":"product","2":"type-product","3":"status-publish","4":"has-post-thumbnail","6":"product_cat-gift-boxes-with-clear-lids","7":"desktop-align-left","8":"tablet-align-left","9":"mobile-align-left","10":"ast-product-gallery-layout-horizontal","11":"ast-product-tabs-layout-horizontal","13":"first","14":"instock","15":"product-type-simple"},"_links":{"self":[{"href":"https:\/\/reanpackaging.com\/cs\/wp-json\/wp\/v2\/product\/28173","targetHints":{"allow":["GET"]}}],"collection":[{"href":"https:\/\/reanpackaging.com\/cs\/wp-json\/wp\/v2\/product"}],"about":[{"href":"https:\/\/reanpackaging.com\/cs\/wp-json\/wp\/v2\/types\/product"}],"wp:featuredmedia":[{"embeddable":true,"href":"https:\/\/reanpackaging.com\/cs\/wp-json\/wp\/v2\/media\/28009"}],"wp:attachment":[{"href":"https:\/\/reanpackaging.com\/cs\/wp-json\/wp\/v2\/media?parent=28173"}],"wp:term":[{"taxonomy":"product_brand","embeddable":true,"href":"https:\/\/reanpackaging.com\/cs\/wp-json\/wp\/v2\/product_brand?post=28173"},{"taxonomy":"product_cat","embeddable":true,"href":"https:\/\/reanpackaging.com\/cs\/wp-json\/wp\/v2\/product_cat?post=28173"},{"taxonomy":"product_tag","embeddable":true,"href":"https:\/\/reanpackaging.com\/cs\/wp-json\/wp\/v2\/product_tag?post=28173"}],"curies":[{"name":"wp","href":"https:\/\/api.w.org\/{rel}","templated":true}]}}