{"id":28746,"date":"2024-12-15T11:37:45","date_gmt":"2024-12-15T11:37:45","guid":{"rendered":"https:\/\/reanpackaging.com\/product\/heart-shaped-eyelash-packaging-box-pink-dollar-bill-eyelash-box-cash-money-lashes-container-case\/"},"modified":"2024-12-15T12:00:19","modified_gmt":"2024-12-15T12:00:19","slug":"heart-shaped-eyelash-packaging-box-pink-dollar-bill-eyelash-box-cash-money-lashes-container-case","status":"publish","type":"product","link":"https:\/\/reanpackaging.com\/cs\/produkt\/heart-shaped-eyelash-packaging-box-pink-dollar-bill-eyelash-box-cash-money-lashes-container-case\/","title":{"rendered":"obalov\u00e1 krabi\u010dka na \u0159asy ve tvaru srdce r\u016f\u017eov\u00e1 dolarov\u00e1 bankovka krabi\u010dka na \u0159asy hotovost pen\u00edze \u0159asy kontejnerov\u00e9 pouzdro"},"content":{"rendered":"<h4>Dal\u0161\u00ed atributy<\/h4>\n<table border=\"1\">\n<tbody>\n<tr>\n<td><strong>Z\u00e1sobn\u00edk na \u0159asy<\/strong><\/td>\n<td>plastov\u00fd z\u00e1sobn\u00edk<\/td>\n<\/tr>\n<tr>\n<td><strong>Materi\u00e1l<\/strong><\/td>\n<td>Ko\u017ee\u0161ina<\/td>\n<\/tr>\n<tr>\n<td><strong>Typ<\/strong><\/td>\n<td>Ru\u010dn\u00ed v\u00fdroba<\/td>\n<\/tr>\n<tr>\n<td><strong>Fale\u0161n\u00e9 \u0159asy Band<\/strong><\/td>\n<td>\u010cern\u00fd bavln\u011bn\u00fd p\u00e1sek<\/td>\n<\/tr>\n<tr>\n<td><strong>Styl fale\u0161n\u00fdch \u0159as<\/strong><\/td>\n<td>P\u0159\u00edrodn\u00ed<\/td>\n<\/tr>\n<tr>\n<td><strong>Prodejn\u00ed jednotky<\/strong><\/td>\n<td>Jednotliv\u00e1 polo\u017eka<\/td>\n<\/tr>\n<tr>\n<td><strong>Velikost jednoho balen\u00ed<\/strong><\/td>\n<td>11X9,4X2,4 cm<\/td>\n<\/tr>\n<tr>\n<td><strong>Jednotliv\u00e1 hrub\u00e1 hmotnost<\/strong><\/td>\n<td>0,080 kg<\/td>\n<\/tr>\n<\/tbody>\n<\/table>","protected":false},"excerpt":{"rendered":"<p>Dal\u0161\u00ed vlastnosti Z\u00e1sobn\u00edk na \u0159asy plastov\u00fd z\u00e1sobn\u00edk Materi\u00e1l Ko\u017ee\u0161ina Typ Ru\u010dn\u00ed v\u00fdroba Fale\u0161n\u00e9 \u0159asy P\u00e1sek \u010cern\u00fd bavln\u011bn\u00fd p\u00e1sek Fale\u0161n\u00e9 \u0159asy Styl P\u0159\u00edrodn\u00ed Prodejn\u00ed jednotky Jednotliv\u00e9 polo\u017eky Jednotliv\u00e9 balen\u00ed o velikosti 11X9,4X2,4 cm Jednotliv\u00e1 hrub\u00e1 hmotnost 0,080 kg<\/p>","protected":false},"featured_media":28598,"template":"","meta":{"_seopress_robots_primary_cat":"none","_seopress_titles_title":"","_seopress_titles_desc":"","_seopress_robots_index":"","site-sidebar-layout":"default","site-content-layout":"","ast-site-content-layout":"default","site-content-style":"default","site-sidebar-style":"default","ast-global-header-display":"","ast-banner-title-visibility":"","ast-main-header-display":"","ast-hfb-above-header-display":"","ast-hfb-below-header-display":"","ast-hfb-mobile-header-display":"","site-post-title":"","ast-breadcrumbs-content":"","ast-featured-img":"","footer-sml-layout":"","ast-disable-related-posts":"","theme-transparent-header-meta":"default","adv-header-id-meta":"","stick-header-meta":"default","header-above-stick-meta":"","header-main-stick-meta":"","header-below-stick-meta":"","astra-migrate-meta-layouts":"set","ast-page-background-enabled":"default","ast-page-background-meta":{"desktop":{"background-color":"","background-image":"","background-repeat":"repeat","background-position":"center center","background-size":"auto","background-attachment":"scroll","background-type":"","background-media":"","overlay-type":"","overlay-color":"","overlay-opacity":"","overlay-gradient":""},"tablet":{"background-color":"","background-image":"","background-repeat":"repeat","background-position":"center center","background-size":"auto","background-attachment":"scroll","background-type":"","background-media":"","overlay-type":"","overlay-color":"","overlay-opacity":"","overlay-gradient":""},"mobile":{"background-color":"","background-image":"","background-repeat":"repeat","background-position":"center center","background-size":"auto","background-attachment":"scroll","background-type":"","background-media":"","overlay-type":"","overlay-color":"","overlay-opacity":"","overlay-gradient":""}},"ast-content-background-meta":{"desktop":{"background-color":"var(--ast-global-color-5)","background-image":"","background-repeat":"repeat","background-position":"center center","background-size":"auto","background-attachment":"scroll","background-type":"","background-media":"","overlay-type":"","overlay-color":"","overlay-opacity":"","overlay-gradient":""},"tablet":{"background-color":"var(--ast-global-color-5)","background-image":"","background-repeat":"repeat","background-position":"center center","background-size":"auto","background-attachment":"scroll","background-type":"","background-media":"","overlay-type":"","overlay-color":"","overlay-opacity":"","overlay-gradient":""},"mobile":{"background-color":"var(--ast-global-color-5)","background-image":"","background-repeat":"repeat","background-position":"center center","background-size":"auto","background-attachment":"scroll","background-type":"","background-media":"","overlay-type":"","overlay-color":"","overlay-opacity":"","overlay-gradient":""}}},"product_brand":[],"product_cat":[78],"product_tag":[],"class_list":{"0":"post-28746","1":"product","2":"type-product","3":"status-publish","4":"has-post-thumbnail","6":"product_cat-heart-shape-gift-boxes","7":"desktop-align-left","8":"tablet-align-left","9":"mobile-align-left","10":"ast-product-gallery-layout-horizontal","11":"ast-product-tabs-layout-horizontal","13":"first","14":"instock","15":"product-type-simple"},"_links":{"self":[{"href":"https:\/\/reanpackaging.com\/cs\/wp-json\/wp\/v2\/product\/28746","targetHints":{"allow":["GET"]}}],"collection":[{"href":"https:\/\/reanpackaging.com\/cs\/wp-json\/wp\/v2\/product"}],"about":[{"href":"https:\/\/reanpackaging.com\/cs\/wp-json\/wp\/v2\/types\/product"}],"wp:featuredmedia":[{"embeddable":true,"href":"https:\/\/reanpackaging.com\/cs\/wp-json\/wp\/v2\/media\/28598"}],"wp:attachment":[{"href":"https:\/\/reanpackaging.com\/cs\/wp-json\/wp\/v2\/media?parent=28746"}],"wp:term":[{"taxonomy":"product_brand","embeddable":true,"href":"https:\/\/reanpackaging.com\/cs\/wp-json\/wp\/v2\/product_brand?post=28746"},{"taxonomy":"product_cat","embeddable":true,"href":"https:\/\/reanpackaging.com\/cs\/wp-json\/wp\/v2\/product_cat?post=28746"},{"taxonomy":"product_tag","embeddable":true,"href":"https:\/\/reanpackaging.com\/cs\/wp-json\/wp\/v2\/product_tag?post=28746"}],"curies":[{"name":"wp","href":"https:\/\/api.w.org\/{rel}","templated":true}]}}