{"id":28754,"date":"2024-12-15T11:37:45","date_gmt":"2024-12-15T11:37:45","guid":{"rendered":"https:\/\/reanpackaging.com\/product\/heart-shaped-chocolate-box-luxury-cardboard-packaging-custom-strawberry-candy-mystery-explosion-surprise-valentines-gift-box\/"},"modified":"2024-12-15T11:50:14","modified_gmt":"2024-12-15T11:50:14","slug":"heart-shaped-chocolate-box-luxury-cardboard-packaging-custom-strawberry-candy-mystery-explosion-surprise-valentines-gift-box","status":"publish","type":"product","link":"https:\/\/reanpackaging.com\/cs\/produkt\/heart-shaped-chocolate-box-luxury-cardboard-packaging-custom-strawberry-candy-mystery-explosion-surprise-valentines-gift-box\/","title":{"rendered":"\u010cokol\u00e1dov\u00e1 krabi\u010dka ve tvaru srdce Luxusn\u00ed kartonov\u00e9 obaly na zak\u00e1zku Jahodov\u00e9 bonb\u00f3ny Z\u00e1hada v\u00fdbuchu P\u0159ekvapen\u00ed Valent\u00fdnsk\u00e1 d\u00e1rkov\u00e1 krabi\u010dka"},"content":{"rendered":"<h4>Atributy specifick\u00e9 pro dan\u00e9 odv\u011btv\u00ed<\/h4>\n<table border=\"1\">\n<tbody>\n<tr>\n<td><strong>Pr\u016fmyslov\u00e9 vyu\u017eit\u00ed<\/strong><\/td>\n<td>Potraviny<\/td>\n<\/tr>\n<tr>\n<td><strong>Typ pap\u00edru<\/strong><\/td>\n<td>Karton<\/td>\n<\/tr>\n<tr>\n<td><strong>Funkce<\/strong><\/td>\n<td>Ru\u010dn\u00ed v\u00fdroba<\/td>\n<\/tr>\n<tr>\n<td><strong>typ krabice<\/strong><\/td>\n<td>Pevn\u00e9 boxy<\/td>\n<\/tr>\n<\/tbody>\n<\/table>\n<h4>Dal\u0161\u00ed atributy<\/h4>\n<table border=\"1\">\n<tbody>\n<tr>\n<td><strong>Tvar<\/strong><\/td>\n<td>vlastn\u00ed<\/td>\n<\/tr>\n<tr>\n<td><strong>Manipulace s tiskem<\/strong><\/td>\n<td>Reli\u00e9fn\u00ed ra\u017eba, leskl\u00e1 laminace, matn\u00e1 laminace, ra\u017eba, UV lakov\u00e1n\u00ed, lakov\u00e1n\u00ed, VANISHING, zlat\u00e1 f\u00f3lie<\/td>\n<\/tr>\n<tr>\n<td><strong>Vlastn\u00ed objedn\u00e1vka<\/strong><\/td>\n<td>P\u0159ijmout<\/td>\n<\/tr>\n<tr>\n<td><strong>Typ vlo\u017eky<\/strong><\/td>\n<td>Karton<\/td>\n<\/tr>\n<tr>\n<td><strong>Velikost<\/strong><\/td>\n<td>4,4 v\u00fd\u0161ka 6,8 \u0161\u00ed\u0159ka 6,3 hloubka<\/td>\n<\/tr>\n<tr>\n<td><strong>Pou\u017eit\u00ed<\/strong><\/td>\n<td>luxusn\u00ed balen\u00ed \u010dokol\u00e1dov\u00fdch krabi\u010dek<\/td>\n<\/tr>\n<tr>\n<td><strong>Polo\u017eka<\/strong><\/td>\n<td>krabi\u010dky na \u010dokol\u00e1dov\u00e9 bonbony<\/td>\n<\/tr>\n<tr>\n<td><strong>Barva<\/strong><\/td>\n<td>CMYK<\/td>\n<\/tr>\n<tr>\n<td><strong>Tvar<\/strong><\/td>\n<td>Tvar na m\u00edru<\/td>\n<\/tr>\n<tr>\n<td><strong>Logo<\/strong><\/td>\n<td>Logo z\u00e1kazn\u00edka<\/td>\n<\/tr>\n<tr>\n<td><strong>Tisk<\/strong><\/td>\n<td>4c Ofsetov\u00fd tisk<\/td>\n<\/tr>\n<\/tbody>\n<\/table>\n<p><img fetchpriority=\"high\" decoding=\"async\" class=\"alignnone size-medium wp-image-28393\" src=\"https:\/\/reanpackaging.com\/wp-content\/uploads\/2024\/12\/1-description-Heart-shaped-chocolate-box-luxury-cardboard-packaging-custom-strawberry-candy-mystery-explosion-surprise-valentines-gift-box-300x300.jpg\" alt=\"1 popis \u010dokol\u00e1dov\u00e1 krabi\u010dka ve tvaru srdce luxusn\u00ed kartonov\u00e9 obaly vlastn\u00ed jahodov\u00e9 bonb\u00f3ny tajemstv\u00ed v\u00fdbuchu p\u0159ekvapen\u00ed valent\u00fdnsk\u00e1 d\u00e1rkov\u00e1 krabi\u010dka\" width=\"800\" height=\"800\" srcset=\"https:\/\/reanpackaging.com\/wp-content\/uploads\/2024\/12\/1-description-Heart-shaped-chocolate-box-luxury-cardboard-packaging-custom-strawberry-candy-mystery-explosion-surprise-valentines-gift-box-300x300.jpg 300w, https:\/\/reanpackaging.com\/wp-content\/uploads\/2024\/12\/1-description-Heart-shaped-chocolate-box-luxury-cardboard-packaging-custom-strawberry-candy-mystery-explosion-surprise-valentines-gift-box-150x150.jpg 150w, https:\/\/reanpackaging.com\/wp-content\/uploads\/2024\/12\/1-description-Heart-shaped-chocolate-box-luxury-cardboard-packaging-custom-strawberry-candy-mystery-explosion-surprise-valentines-gift-box-768x768.jpg 768w, https:\/\/reanpackaging.com\/wp-content\/uploads\/2024\/12\/1-description-Heart-shaped-chocolate-box-luxury-cardboard-packaging-custom-strawberry-candy-mystery-explosion-surprise-valentines-gift-box-12x12.jpg 12w, https:\/\/reanpackaging.com\/wp-content\/uploads\/2024\/12\/1-description-Heart-shaped-chocolate-box-luxury-cardboard-packaging-custom-strawberry-candy-mystery-explosion-surprise-valentines-gift-box-600x600.jpg 600w, https:\/\/reanpackaging.com\/wp-content\/uploads\/2024\/12\/1-description-Heart-shaped-chocolate-box-luxury-cardboard-packaging-custom-strawberry-candy-mystery-explosion-surprise-valentines-gift-box-100x100.jpg 100w, https:\/\/reanpackaging.com\/wp-content\/uploads\/2024\/12\/1-description-Heart-shaped-chocolate-box-luxury-cardboard-packaging-custom-strawberry-candy-mystery-explosion-surprise-valentines-gift-box.jpg 800w\" sizes=\"(max-width: 800px) 100vw, 800px\" \/><\/p>\n<p><img decoding=\"async\" class=\"alignnone size-medium wp-image-28429\" src=\"https:\/\/reanpackaging.com\/wp-content\/uploads\/2024\/12\/3-description-Heart-shaped-chocolate-box-luxury-cardboard-packaging-custom-strawberry-candy-mystery-explosion-surprise-valentines-gift-box-300x300.jpg\" alt=\"3 popis \u010dokol\u00e1dov\u00e1 krabi\u010dka ve tvaru srdce luxusn\u00ed kartonov\u00e9 obaly vlastn\u00ed jahodov\u00e9 bonb\u00f3ny tajemstv\u00ed v\u00fdbuchu p\u0159ekvapen\u00ed valent\u00fdnsk\u00e1 d\u00e1rkov\u00e1 krabi\u010dka\" width=\"800\" height=\"800\" srcset=\"https:\/\/reanpackaging.com\/wp-content\/uploads\/2024\/12\/3-description-Heart-shaped-chocolate-box-luxury-cardboard-packaging-custom-strawberry-candy-mystery-explosion-surprise-valentines-gift-box-300x300.jpg 300w, https:\/\/reanpackaging.com\/wp-content\/uploads\/2024\/12\/3-description-Heart-shaped-chocolate-box-luxury-cardboard-packaging-custom-strawberry-candy-mystery-explosion-surprise-valentines-gift-box-150x150.jpg 150w, https:\/\/reanpackaging.com\/wp-content\/uploads\/2024\/12\/3-description-Heart-shaped-chocolate-box-luxury-cardboard-packaging-custom-strawberry-candy-mystery-explosion-surprise-valentines-gift-box-768x768.jpg 768w, https:\/\/reanpackaging.com\/wp-content\/uploads\/2024\/12\/3-description-Heart-shaped-chocolate-box-luxury-cardboard-packaging-custom-strawberry-candy-mystery-explosion-surprise-valentines-gift-box-12x12.jpg 12w, https:\/\/reanpackaging.com\/wp-content\/uploads\/2024\/12\/3-description-Heart-shaped-chocolate-box-luxury-cardboard-packaging-custom-strawberry-candy-mystery-explosion-surprise-valentines-gift-box-600x600.jpg 600w, https:\/\/reanpackaging.com\/wp-content\/uploads\/2024\/12\/3-description-Heart-shaped-chocolate-box-luxury-cardboard-packaging-custom-strawberry-candy-mystery-explosion-surprise-valentines-gift-box-100x100.jpg 100w, https:\/\/reanpackaging.com\/wp-content\/uploads\/2024\/12\/3-description-Heart-shaped-chocolate-box-luxury-cardboard-packaging-custom-strawberry-candy-mystery-explosion-surprise-valentines-gift-box.jpg 800w\" sizes=\"(max-width: 800px) 100vw, 800px\" \/><\/p>\n<p><img decoding=\"async\" class=\"alignnone size-medium wp-image-28471\" src=\"https:\/\/reanpackaging.com\/wp-content\/uploads\/2024\/12\/5-description-Heart-shaped-chocolate-box-luxury-cardboard-packaging-custom-strawberry-candy-mystery-explosion-surprise-valentines-gift-box-300x300.jpg\" alt=\"5 popis \u010dokol\u00e1dov\u00e1 krabi\u010dka ve tvaru srdce luxusn\u00ed kartonov\u00e9 obaly vlastn\u00ed jahodov\u00e9 bonb\u00f3ny tajemstv\u00ed v\u00fdbuchu p\u0159ekvapen\u00ed valent\u00fdnsk\u00e1 d\u00e1rkov\u00e1 krabi\u010dka\" width=\"800\" height=\"800\" srcset=\"https:\/\/reanpackaging.com\/wp-content\/uploads\/2024\/12\/5-description-Heart-shaped-chocolate-box-luxury-cardboard-packaging-custom-strawberry-candy-mystery-explosion-surprise-valentines-gift-box-300x300.jpg 300w, https:\/\/reanpackaging.com\/wp-content\/uploads\/2024\/12\/5-description-Heart-shaped-chocolate-box-luxury-cardboard-packaging-custom-strawberry-candy-mystery-explosion-surprise-valentines-gift-box-150x150.jpg 150w, https:\/\/reanpackaging.com\/wp-content\/uploads\/2024\/12\/5-description-Heart-shaped-chocolate-box-luxury-cardboard-packaging-custom-strawberry-candy-mystery-explosion-surprise-valentines-gift-box-768x768.jpg 768w, https:\/\/reanpackaging.com\/wp-content\/uploads\/2024\/12\/5-description-Heart-shaped-chocolate-box-luxury-cardboard-packaging-custom-strawberry-candy-mystery-explosion-surprise-valentines-gift-box-12x12.jpg 12w, https:\/\/reanpackaging.com\/wp-content\/uploads\/2024\/12\/5-description-Heart-shaped-chocolate-box-luxury-cardboard-packaging-custom-strawberry-candy-mystery-explosion-surprise-valentines-gift-box-600x600.jpg 600w, https:\/\/reanpackaging.com\/wp-content\/uploads\/2024\/12\/5-description-Heart-shaped-chocolate-box-luxury-cardboard-packaging-custom-strawberry-candy-mystery-explosion-surprise-valentines-gift-box-100x100.jpg 100w, https:\/\/reanpackaging.com\/wp-content\/uploads\/2024\/12\/5-description-Heart-shaped-chocolate-box-luxury-cardboard-packaging-custom-strawberry-candy-mystery-explosion-surprise-valentines-gift-box.jpg 800w\" sizes=\"(max-width: 800px) 100vw, 800px\" \/><\/p>","protected":false},"excerpt":{"rendered":"<p>Industry-Specific Attributes Industrial Use Food Paper Type Paperboard Feature Handmade box type Rigid Boxes Other Attributes Shape custom Printing Handling Embossing, Glossy Lamination, Matt Lamination, Stamping, UV Coating, Varnishing, VANISHING, Gold Foil Custom Order Accept Liner type Paperboard Size 4.4 high 6.8wide 6.3deep Usage chocolate box packaging luxury Item chocolate bonbon boxes Color CMYK Shape [&hellip;]<\/p>\n","protected":false},"featured_media":28592,"template":"","meta":{"_seopress_robots_primary_cat":"none","_seopress_titles_title":"","_seopress_titles_desc":"","_seopress_robots_index":"","site-sidebar-layout":"default","site-content-layout":"","ast-site-content-layout":"default","site-content-style":"default","site-sidebar-style":"default","ast-global-header-display":"","ast-banner-title-visibility":"","ast-main-header-display":"","ast-hfb-above-header-display":"","ast-hfb-below-header-display":"","ast-hfb-mobile-header-display":"","site-post-title":"","ast-breadcrumbs-content":"","ast-featured-img":"","footer-sml-layout":"","ast-disable-related-posts":"","theme-transparent-header-meta":"default","adv-header-id-meta":"","stick-header-meta":"default","header-above-stick-meta":"","header-main-stick-meta":"","header-below-stick-meta":"","astra-migrate-meta-layouts":"set","ast-page-background-enabled":"default","ast-page-background-meta":{"desktop":{"background-color":"","background-image":"","background-repeat":"repeat","background-position":"center center","background-size":"auto","background-attachment":"scroll","background-type":"","background-media":"","overlay-type":"","overlay-color":"","overlay-opacity":"","overlay-gradient":""},"tablet":{"background-color":"","background-image":"","background-repeat":"repeat","background-position":"center center","background-size":"auto","background-attachment":"scroll","background-type":"","background-media":"","overlay-type":"","overlay-color":"","overlay-opacity":"","overlay-gradient":""},"mobile":{"background-color":"","background-image":"","background-repeat":"repeat","background-position":"center center","background-size":"auto","background-attachment":"scroll","background-type":"","background-media":"","overlay-type":"","overlay-color":"","overlay-opacity":"","overlay-gradient":""}},"ast-content-background-meta":{"desktop":{"background-color":"var(--ast-global-color-5)","background-image":"","background-repeat":"repeat","background-position":"center center","background-size":"auto","background-attachment":"scroll","background-type":"","background-media":"","overlay-type":"","overlay-color":"","overlay-opacity":"","overlay-gradient":""},"tablet":{"background-color":"var(--ast-global-color-5)","background-image":"","background-repeat":"repeat","background-position":"center center","background-size":"auto","background-attachment":"scroll","background-type":"","background-media":"","overlay-type":"","overlay-color":"","overlay-opacity":"","overlay-gradient":""},"mobile":{"background-color":"var(--ast-global-color-5)","background-image":"","background-repeat":"repeat","background-position":"center center","background-size":"auto","background-attachment":"scroll","background-type":"","background-media":"","overlay-type":"","overlay-color":"","overlay-opacity":"","overlay-gradient":""}}},"product_brand":[],"product_cat":[78],"product_tag":[],"class_list":{"0":"post-28754","1":"product","2":"type-product","3":"status-publish","4":"has-post-thumbnail","6":"product_cat-heart-shape-gift-boxes","7":"desktop-align-left","8":"tablet-align-left","9":"mobile-align-left","10":"ast-product-gallery-layout-horizontal","11":"ast-product-tabs-layout-horizontal","13":"first","14":"instock","15":"product-type-simple"},"_links":{"self":[{"href":"https:\/\/reanpackaging.com\/cs\/wp-json\/wp\/v2\/product\/28754","targetHints":{"allow":["GET"]}}],"collection":[{"href":"https:\/\/reanpackaging.com\/cs\/wp-json\/wp\/v2\/product"}],"about":[{"href":"https:\/\/reanpackaging.com\/cs\/wp-json\/wp\/v2\/types\/product"}],"wp:featuredmedia":[{"embeddable":true,"href":"https:\/\/reanpackaging.com\/cs\/wp-json\/wp\/v2\/media\/28592"}],"wp:attachment":[{"href":"https:\/\/reanpackaging.com\/cs\/wp-json\/wp\/v2\/media?parent=28754"}],"wp:term":[{"taxonomy":"product_brand","embeddable":true,"href":"https:\/\/reanpackaging.com\/cs\/wp-json\/wp\/v2\/product_brand?post=28754"},{"taxonomy":"product_cat","embeddable":true,"href":"https:\/\/reanpackaging.com\/cs\/wp-json\/wp\/v2\/product_cat?post=28754"},{"taxonomy":"product_tag","embeddable":true,"href":"https:\/\/reanpackaging.com\/cs\/wp-json\/wp\/v2\/product_tag?post=28754"}],"curies":[{"name":"wp","href":"https:\/\/api.w.org\/{rel}","templated":true}]}}