{"id":29137,"date":"2024-12-16T09:01:17","date_gmt":"2024-12-16T09:01:17","guid":{"rendered":"https:\/\/reanpackaging.com\/product\/hot-products-preserved-rose-with-bear-in-luxury-gift-box-with-light-christmas-party-valentines-wedding-girl-gifts\/"},"modified":"2024-12-16T09:03:42","modified_gmt":"2024-12-16T09:03:42","slug":"hot-products-preserved-rose-with-bear-in-luxury-gift-box-with-light-christmas-party-valentines-wedding-girl-gifts","status":"publish","type":"product","link":"https:\/\/reanpackaging.com\/cs\/produkt\/hot-products-preserved-rose-with-bear-in-luxury-gift-box-with-light-christmas-party-valentines-wedding-girl-gifts\/","title":{"rendered":"Hot Products Konzervovan\u00e1 r\u016f\u017ee s medv\u011bdem v luxusn\u00ed d\u00e1rkov\u00e9 krabici se sv\u011btlem V\u00e1no\u010dn\u00ed ve\u010d\u00edrek Valent\u00fdn Svatebn\u00ed d\u00edvka d\u00e1rky"},"content":{"rendered":"<h4>Atributy specifick\u00e9 pro dan\u00e9 odv\u011btv\u00ed<\/h4>\n<table border=\"1\">\n<tbody>\n<tr>\n<td><strong>Velikost<\/strong><\/td>\n<td>13*13*17 cm<\/td>\n<\/tr>\n<\/tbody>\n<\/table>\n<h4>Dal\u0161\u00ed atributy<\/h4>\n<table border=\"1\">\n<tbody>\n<tr>\n<td><strong>Materi\u00e1l<\/strong><\/td>\n<td>M\u00fddlov\u00e9 kv\u011btiny<\/td>\n<\/tr>\n<tr>\n<td><strong>Pou\u017eit\u00ed<\/strong><\/td>\n<td>Dom\u00e1c\u00ed dekorace.D\u00e1rky<\/td>\n<\/tr>\n<tr>\n<td><strong>Typ<\/strong><\/td>\n<td>Delik\u00e1tn\u00ed<\/td>\n<\/tr>\n<tr>\n<td><strong>Styl<\/strong><\/td>\n<td>Obl\u00edben\u00e9 str\u00e1nky<\/td>\n<\/tr>\n<tr>\n<td><strong>P\u0159\u00edle\u017eitost<\/strong><\/td>\n<td>Valent\u00fdnsk\u00e1 p\u00e1rty<\/td>\n<\/tr>\n<tr>\n<td><strong>Barva<\/strong><\/td>\n<td>V\u00edce barev<\/td>\n<\/tr>\n<tr>\n<td><strong>Kvalita<\/strong><\/td>\n<td>Vysok\u00e1 kvalita<\/td>\n<\/tr>\n<\/tbody>\n<\/table>\n<p><img decoding=\"async\" class=\"detail-desc-decorate-image\" style=\"max-width: 100%; height: auto; display: block; margin: 0 auto;\" src=\"https:\/\/reanpackaging.com\/wp-content\/uploads\/2024\/12\/1-description-Hot-Products-Preserved-Rose-With-Bear-In-Luxury-Gift-Box-With-Light-Christmas-Party-Valentines-Wedding-Girl-Gifts.jpg\" \/><br \/>\n<img decoding=\"async\" class=\"detail-desc-decorate-image\" style=\"max-width: 100%; height: auto; display: block; margin: 0 auto;\" src=\"https:\/\/reanpackaging.com\/wp-content\/uploads\/2024\/12\/2-description-Hot-Products-Preserved-Rose-With-Bear-In-Luxury-Gift-Box-With-Light-Christmas-Party-Valentines-Wedding-Girl-Gifts.jpg\" \/><br \/>\n<img decoding=\"async\" class=\"detail-desc-decorate-image\" style=\"max-width: 100%; height: auto; display: block; margin: 0 auto;\" src=\"https:\/\/reanpackaging.com\/wp-content\/uploads\/2024\/12\/3-description-Hot-Products-Preserved-Rose-With-Bear-In-Luxury-Gift-Box-With-Light-Christmas-Party-Valentines-Wedding-Girl-Gifts.jpg\" \/><br \/>\n<img decoding=\"async\" class=\"detail-desc-decorate-image\" style=\"max-width: 100%; height: auto; display: block; margin: 0 auto;\" src=\"https:\/\/reanpackaging.com\/wp-content\/uploads\/2024\/12\/4-description-Hot-Products-Preserved-Rose-With-Bear-In-Luxury-Gift-Box-With-Light-Christmas-Party-Valentines-Wedding-Girl-Gifts.jpg\" \/><br \/>\n<img decoding=\"async\" class=\"detail-desc-decorate-image\" style=\"max-width: 100%; height: auto; display: block; margin: 0 auto;\" src=\"https:\/\/reanpackaging.com\/wp-content\/uploads\/2024\/12\/5-description-Hot-Products-Preserved-Rose-With-Bear-In-Luxury-Gift-Box-With-Light-Christmas-Party-Valentines-Wedding-Girl-Gifts.jpg\" \/><br \/>\n<img decoding=\"async\" class=\"detail-desc-decorate-image\" style=\"max-width: 100%; height: auto; display: block; margin: 0 auto;\" src=\"https:\/\/reanpackaging.com\/wp-content\/uploads\/2024\/12\/6-description-Hot-Products-Preserved-Rose-With-Bear-In-Luxury-Gift-Box-With-Light-Christmas-Party-Valentines-Wedding-Girl-Gifts.jpg\" \/><br \/>\n<img decoding=\"async\" class=\"detail-desc-decorate-image\" style=\"max-width: 100%; height: auto; display: block; margin: 0 auto;\" src=\"https:\/\/reanpackaging.com\/wp-content\/uploads\/2024\/12\/7-description-Hot-Products-Preserved-Rose-With-Bear-In-Luxury-Gift-Box-With-Light-Christmas-Party-Valentines-Wedding-Girl-Gifts.jpg\" \/><br \/>\n<img decoding=\"async\" class=\"detail-desc-decorate-image\" style=\"max-width: 100%; height: auto; display: block; margin: 0 auto;\" src=\"https:\/\/reanpackaging.com\/wp-content\/uploads\/2024\/12\/8-description-Hot-Products-Preserved-Rose-With-Bear-In-Luxury-Gift-Box-With-Light-Christmas-Party-Valentines-Wedding-Girl-Gifts.jpg\" \/><br \/>\n<img decoding=\"async\" class=\"detail-desc-decorate-image\" style=\"max-width: 100%; height: auto; display: block; margin: 0 auto;\" src=\"https:\/\/reanpackaging.com\/wp-content\/uploads\/2024\/12\/9-description-Hot-Products-Preserved-Rose-With-Bear-In-Luxury-Gift-Box-With-Light-Christmas-Party-Valentines-Wedding-Girl-Gifts.jpg\" \/><\/p>","protected":false},"excerpt":{"rendered":"<p>Industry-Specific Attributes Size 13*13*17cm Other Attributes Material Soap flowers Usage Home Decorations.Gifts Type Delicate Style Popular Occassion Valentine&#8217;s Day Party Color Multi Color Quality High Qulaity<\/p>","protected":false},"featured_media":28996,"template":"","meta":{"_seopress_robots_primary_cat":"none","_seopress_titles_title":"","_seopress_titles_desc":"","_seopress_robots_index":"","site-sidebar-layout":"default","site-content-layout":"","ast-site-content-layout":"default","site-content-style":"default","site-sidebar-style":"default","ast-global-header-display":"","ast-banner-title-visibility":"","ast-main-header-display":"","ast-hfb-above-header-display":"","ast-hfb-below-header-display":"","ast-hfb-mobile-header-display":"","site-post-title":"","ast-breadcrumbs-content":"","ast-featured-img":"","footer-sml-layout":"","ast-disable-related-posts":"","theme-transparent-header-meta":"default","adv-header-id-meta":"","stick-header-meta":"default","header-above-stick-meta":"","header-main-stick-meta":"","header-below-stick-meta":"","astra-migrate-meta-layouts":"set","ast-page-background-enabled":"default","ast-page-background-meta":{"desktop":{"background-color":"","background-image":"","background-repeat":"repeat","background-position":"center center","background-size":"auto","background-attachment":"scroll","background-type":"","background-media":"","overlay-type":"","overlay-color":"","overlay-opacity":"","overlay-gradient":""},"tablet":{"background-color":"","background-image":"","background-repeat":"repeat","background-position":"center center","background-size":"auto","background-attachment":"scroll","background-type":"","background-media":"","overlay-type":"","overlay-color":"","overlay-opacity":"","overlay-gradient":""},"mobile":{"background-color":"","background-image":"","background-repeat":"repeat","background-position":"center center","background-size":"auto","background-attachment":"scroll","background-type":"","background-media":"","overlay-type":"","overlay-color":"","overlay-opacity":"","overlay-gradient":""}},"ast-content-background-meta":{"desktop":{"background-color":"var(--ast-global-color-5)","background-image":"","background-repeat":"repeat","background-position":"center center","background-size":"auto","background-attachment":"scroll","background-type":"","background-media":"","overlay-type":"","overlay-color":"","overlay-opacity":"","overlay-gradient":""},"tablet":{"background-color":"var(--ast-global-color-5)","background-image":"","background-repeat":"repeat","background-position":"center center","background-size":"auto","background-attachment":"scroll","background-type":"","background-media":"","overlay-type":"","overlay-color":"","overlay-opacity":"","overlay-gradient":""},"mobile":{"background-color":"var(--ast-global-color-5)","background-image":"","background-repeat":"repeat","background-position":"center center","background-size":"auto","background-attachment":"scroll","background-type":"","background-media":"","overlay-type":"","overlay-color":"","overlay-opacity":"","overlay-gradient":""}}},"product_brand":[],"product_cat":[79],"product_tag":[],"class_list":{"0":"post-29137","1":"product","2":"type-product","3":"status-publish","4":"has-post-thumbnail","6":"product_cat-valentine-gift-boxes","7":"desktop-align-left","8":"tablet-align-left","9":"mobile-align-left","10":"ast-product-gallery-layout-horizontal","11":"ast-product-tabs-layout-horizontal","13":"first","14":"instock","15":"product-type-simple"},"_links":{"self":[{"href":"https:\/\/reanpackaging.com\/cs\/wp-json\/wp\/v2\/product\/29137","targetHints":{"allow":["GET"]}}],"collection":[{"href":"https:\/\/reanpackaging.com\/cs\/wp-json\/wp\/v2\/product"}],"about":[{"href":"https:\/\/reanpackaging.com\/cs\/wp-json\/wp\/v2\/types\/product"}],"wp:featuredmedia":[{"embeddable":true,"href":"https:\/\/reanpackaging.com\/cs\/wp-json\/wp\/v2\/media\/28996"}],"wp:attachment":[{"href":"https:\/\/reanpackaging.com\/cs\/wp-json\/wp\/v2\/media?parent=29137"}],"wp:term":[{"taxonomy":"product_brand","embeddable":true,"href":"https:\/\/reanpackaging.com\/cs\/wp-json\/wp\/v2\/product_brand?post=29137"},{"taxonomy":"product_cat","embeddable":true,"href":"https:\/\/reanpackaging.com\/cs\/wp-json\/wp\/v2\/product_cat?post=29137"},{"taxonomy":"product_tag","embeddable":true,"href":"https:\/\/reanpackaging.com\/cs\/wp-json\/wp\/v2\/product_tag?post=29137"}],"curies":[{"name":"wp","href":"https:\/\/api.w.org\/{rel}","templated":true}]}}