{"id":29139,"date":"2024-12-16T09:01:17","date_gmt":"2024-12-16T09:01:17","guid":{"rendered":"https:\/\/reanpackaging.com\/product\/valentine-wholesale-luxury-gift-preserved-flower-box-everlasting-stabilized-preserved-rose-in-gift-box\/"},"modified":"2024-12-16T09:04:05","modified_gmt":"2024-12-16T09:04:05","slug":"valentine-wholesale-luxury-gift-preserved-flower-box-everlasting-stabilized-preserved-rose-in-gift-box","status":"publish","type":"product","link":"https:\/\/reanpackaging.com\/cs\/produkt\/valentine-wholesale-luxury-gift-preserved-flower-box-everlasting-stabilized-preserved-rose-in-gift-box\/","title":{"rendered":"Valent\u00fdn Velkoobchod Luxusn\u00ed d\u00e1rkov\u00e9 konzervovan\u00e9 kv\u011btinov\u00e9 krabice V\u011b\u010dn\u011b stabilizovan\u00e9 konzervovan\u00e9 r\u016f\u017ee v d\u00e1rkov\u00e9 krabici"},"content":{"rendered":"<h4>Atributy specifick\u00e9 pro dan\u00e9 odv\u011btv\u00ed<\/h4>\n<table border=\"1\">\n<tbody>\n<tr>\n<td><strong>P\u0159\u00edle\u017eitost<\/strong><\/td>\n<td>Apr\u00edl, Den bl\u00e1zn\u016f, \u010c\u00ednsk\u00fd nov\u00fd rok, Velikonoce, Den otc\u016f, Halloween, Den matek, Nov\u00fd rok, Den d\u00edk\u016fvzd\u00e1n\u00ed, Den svat\u00e9ho Valent\u00fdna, V\u00e1noce, Den Zem\u011b, Ostatn\u00ed<\/td>\n<\/tr>\n<\/tbody>\n<\/table>\n<h4>Dal\u0161\u00ed atributy<\/h4>\n<table border=\"1\">\n<tbody>\n<tr>\n<td><strong>M\u00edsto p\u016fvodu<\/strong><\/td>\n<td>Se\u010du\u00e1n, \u010c\u00edna<\/td>\n<\/tr>\n<tr>\n<td><strong>Velikost<\/strong><\/td>\n<td>20*20*5 CM<\/td>\n<\/tr>\n<tr>\n<td><strong>S\u00e9rie v\u00fdrobk\u016f<\/strong><\/td>\n<td>Akrylov\u00e9 krabice konzervovan\u00e9 r\u016f\u017ee\/kv\u011btiny<\/td>\n<\/tr>\n<tr>\n<td><strong>Suroviny<\/strong><\/td>\n<td>100% P\u0159\u00edrodn\u00ed skute\u010dn\u00fd \u010derstv\u00fd kv\u011bt<\/td>\n<\/tr>\n<tr>\n<td><strong>Stupe\u0148 kvality<\/strong><\/td>\n<td>Stupe\u0148 A<\/td>\n<\/tr>\n<tr>\n<td><strong>Z\u00e1kladn\u00ed materi\u00e1l<\/strong><\/td>\n<td>Konzervovan\u00e9 r\u016f\u017ee<\/td>\n<\/tr>\n<tr>\n<td><strong>Pomocn\u00e9 materi\u00e1ly<\/strong><\/td>\n<td>V\u00fdb\u011br z v\u00edce ne\u017e 40 rostlin (kv\u011btin)<\/td>\n<\/tr>\n<tr>\n<td><strong>Barva<\/strong><\/td>\n<td>Mo\u017enost v\u00fdb\u011bru z v\u00edce barev<\/td>\n<\/tr>\n<tr>\n<td><strong>OEM &amp; ODM<\/strong><\/td>\n<td>P\u0159ijateln\u00e9<\/td>\n<\/tr>\n<tr>\n<td><strong>P\u0159izp\u016fsoben\u00e9<\/strong><\/td>\n<td>P\u0159ijateln\u00e9<\/td>\n<\/tr>\n<tr>\n<td><strong>Technika<\/strong><\/td>\n<td>Ru\u010dn\u00ed v\u00fdroba<\/td>\n<\/tr>\n<\/tbody>\n<\/table>\n<p><img decoding=\"async\" class=\"detail-desc-decorate-image\" style=\"max-width: 100%; height: auto; display: block; margin: 0 auto;\" src=\"https:\/\/reanpackaging.com\/wp-content\/uploads\/2024\/12\/1-description-Valentine-Wholesale-Luxury-Gift-Preserved-Flower-Box-Everlasting-Stabilized-Preserved-Rose-In-Gift-Box.jpg\" \/><br \/>\n<img decoding=\"async\" class=\"detail-desc-decorate-image\" style=\"max-width: 100%; height: auto; display: block; margin: 0 auto;\" src=\"https:\/\/reanpackaging.com\/wp-content\/uploads\/2024\/12\/2-description-Valentine-Wholesale-Luxury-Gift-Preserved-Flower-Box-Everlasting-Stabilized-Preserved-Rose-In-Gift-Box.jpg\" \/><br \/>\n<img decoding=\"async\" class=\"detail-desc-decorate-image\" style=\"max-width: 100%; height: auto; display: block; margin: 0 auto;\" src=\"https:\/\/reanpackaging.com\/wp-content\/uploads\/2024\/12\/3-description-Valentine-Wholesale-Luxury-Gift-Preserved-Flower-Box-Everlasting-Stabilized-Preserved-Rose-In-Gift-Box.jpg\" \/><br \/>\n<img decoding=\"async\" class=\"detail-desc-decorate-image\" style=\"max-width: 100%; height: auto; display: block; margin: 0 auto;\" src=\"https:\/\/reanpackaging.com\/wp-content\/uploads\/2024\/12\/4-description-Valentine-Wholesale-Luxury-Gift-Preserved-Flower-Box-Everlasting-Stabilized-Preserved-Rose-In-Gift-Box.jpg\" \/><br \/>\n<img decoding=\"async\" class=\"detail-desc-decorate-image\" style=\"max-width: 100%; height: auto; display: block; margin: 0 auto;\" src=\"https:\/\/reanpackaging.com\/wp-content\/uploads\/2024\/12\/5-description-Valentine-Wholesale-Luxury-Gift-Preserved-Flower-Box-Everlasting-Stabilized-Preserved-Rose-In-Gift-Box.jpg\" \/><\/p>","protected":false},"excerpt":{"rendered":"<p>Industry-Specific Attributes Occasion April Fool&#8217;s Day, Back to School, Chinese New Year, Christmas, Earth Day, Easter, Father&#8217;s Day, Graduation, Halloween, Mother&#8217;s Day, New Year, Thanksgiving, Valentine&#8217;s Day, Other Other Attributes Place of Origin Sichuan, China Size 20*20*5 CM Product Series Acrylic Boxed Preserved Roses\/flowers Raw material 100% Natural Real Fresh Flower Quality Grade A Grade [&hellip;]<\/p>\n","protected":false},"featured_media":29038,"template":"","meta":{"_seopress_robots_primary_cat":"none","_seopress_titles_title":"","_seopress_titles_desc":"","_seopress_robots_index":"","site-sidebar-layout":"default","site-content-layout":"","ast-site-content-layout":"default","site-content-style":"default","site-sidebar-style":"default","ast-global-header-display":"","ast-banner-title-visibility":"","ast-main-header-display":"","ast-hfb-above-header-display":"","ast-hfb-below-header-display":"","ast-hfb-mobile-header-display":"","site-post-title":"","ast-breadcrumbs-content":"","ast-featured-img":"","footer-sml-layout":"","ast-disable-related-posts":"","theme-transparent-header-meta":"default","adv-header-id-meta":"","stick-header-meta":"default","header-above-stick-meta":"","header-main-stick-meta":"","header-below-stick-meta":"","astra-migrate-meta-layouts":"set","ast-page-background-enabled":"default","ast-page-background-meta":{"desktop":{"background-color":"","background-image":"","background-repeat":"repeat","background-position":"center center","background-size":"auto","background-attachment":"scroll","background-type":"","background-media":"","overlay-type":"","overlay-color":"","overlay-opacity":"","overlay-gradient":""},"tablet":{"background-color":"","background-image":"","background-repeat":"repeat","background-position":"center center","background-size":"auto","background-attachment":"scroll","background-type":"","background-media":"","overlay-type":"","overlay-color":"","overlay-opacity":"","overlay-gradient":""},"mobile":{"background-color":"","background-image":"","background-repeat":"repeat","background-position":"center center","background-size":"auto","background-attachment":"scroll","background-type":"","background-media":"","overlay-type":"","overlay-color":"","overlay-opacity":"","overlay-gradient":""}},"ast-content-background-meta":{"desktop":{"background-color":"var(--ast-global-color-5)","background-image":"","background-repeat":"repeat","background-position":"center center","background-size":"auto","background-attachment":"scroll","background-type":"","background-media":"","overlay-type":"","overlay-color":"","overlay-opacity":"","overlay-gradient":""},"tablet":{"background-color":"var(--ast-global-color-5)","background-image":"","background-repeat":"repeat","background-position":"center center","background-size":"auto","background-attachment":"scroll","background-type":"","background-media":"","overlay-type":"","overlay-color":"","overlay-opacity":"","overlay-gradient":""},"mobile":{"background-color":"var(--ast-global-color-5)","background-image":"","background-repeat":"repeat","background-position":"center center","background-size":"auto","background-attachment":"scroll","background-type":"","background-media":"","overlay-type":"","overlay-color":"","overlay-opacity":"","overlay-gradient":""}}},"product_brand":[],"product_cat":[79],"product_tag":[],"class_list":{"0":"post-29139","1":"product","2":"type-product","3":"status-publish","4":"has-post-thumbnail","6":"product_cat-valentine-gift-boxes","7":"desktop-align-left","8":"tablet-align-left","9":"mobile-align-left","10":"ast-product-gallery-layout-horizontal","11":"ast-product-tabs-layout-horizontal","13":"first","14":"instock","15":"product-type-simple"},"_links":{"self":[{"href":"https:\/\/reanpackaging.com\/cs\/wp-json\/wp\/v2\/product\/29139","targetHints":{"allow":["GET"]}}],"collection":[{"href":"https:\/\/reanpackaging.com\/cs\/wp-json\/wp\/v2\/product"}],"about":[{"href":"https:\/\/reanpackaging.com\/cs\/wp-json\/wp\/v2\/types\/product"}],"wp:featuredmedia":[{"embeddable":true,"href":"https:\/\/reanpackaging.com\/cs\/wp-json\/wp\/v2\/media\/29038"}],"wp:attachment":[{"href":"https:\/\/reanpackaging.com\/cs\/wp-json\/wp\/v2\/media?parent=29139"}],"wp:term":[{"taxonomy":"product_brand","embeddable":true,"href":"https:\/\/reanpackaging.com\/cs\/wp-json\/wp\/v2\/product_brand?post=29139"},{"taxonomy":"product_cat","embeddable":true,"href":"https:\/\/reanpackaging.com\/cs\/wp-json\/wp\/v2\/product_cat?post=29139"},{"taxonomy":"product_tag","embeddable":true,"href":"https:\/\/reanpackaging.com\/cs\/wp-json\/wp\/v2\/product_tag?post=29139"}],"curies":[{"name":"wp","href":"https:\/\/api.w.org\/{rel}","templated":true}]}}