{"id":30219,"date":"2024-12-21T03:34:55","date_gmt":"2024-12-21T03:34:55","guid":{"rendered":"https:\/\/reanpackaging.com\/product\/square-shape-velvet-jewelry-box-double-ring-storage-box-wedding-ring-display-gift-packaging\/"},"modified":"2024-12-21T03:43:44","modified_gmt":"2024-12-21T03:43:44","slug":"square-shape-velvet-jewelry-box-double-ring-storage-box-wedding-ring-display-gift-packaging","status":"publish","type":"product","link":"https:\/\/reanpackaging.com\/cs\/produkt\/square-shape-velvet-jewelry-box-double-ring-storage-box-wedding-ring-display-gift-packaging\/","title":{"rendered":"\u010ctvercov\u00fd tvar Velvet Jewelry Box Double Ring Storage Box Svatebn\u00ed prsten Display D\u00e1rkov\u00e9 balen\u00ed"},"content":{"rendered":"<h4>Dal\u0161\u00ed atributy<\/h4>\n<table border=\"1\">\n<tbody>\n<tr>\n<td><strong>Typ balen\u00ed a zobrazen\u00ed \u0161perk\u016f<\/strong><\/td>\n<td>D\u00e1rkov\u00e9 krabice<\/td>\n<\/tr>\n<tr>\n<td><strong>Materi\u00e1l<\/strong><\/td>\n<td>m\u011bkk\u00fd samet<\/td>\n<\/tr>\n<tr>\n<td><strong>Barva<\/strong><\/td>\n<td>r\u016f\u017eov\u00e1, tmav\u011b modr\u00e1, tmav\u011b \u010derven\u00e1, \u010derven\u00e1, kr\u00e9mov\u00e1, \u010dern\u00e1<\/td>\n<\/tr>\n<tr>\n<td><strong>Pou\u017eit\u00ed<\/strong><\/td>\n<td>bal\u00ed\u010dek prsten\u016f nebo n\u00e1u\u0161nic<\/td>\n<\/tr>\n<tr>\n<td><strong>MOQ bez loga<\/strong><\/td>\n<td>1ks pro ka\u017edou barvu<\/td>\n<\/tr>\n<tr>\n<td><strong>MOQ s logem<\/strong><\/td>\n<td>500 pro ka\u017edou barvu<\/td>\n<\/tr>\n<tr>\n<td><strong>Uk\u00e1zkov\u00fd \u010das bez loga<\/strong><\/td>\n<td>2-3 dny<\/td>\n<\/tr>\n<tr>\n<td><strong>Uk\u00e1zka \u010dasu s logem<\/strong><\/td>\n<td>5-9dn\u00ed<\/td>\n<\/tr>\n<tr>\n<td><strong>Kl\u00ed\u010dov\u00e9 slovo<\/strong><\/td>\n<td>\u0161perky jeden prsten box<\/td>\n<\/tr>\n<tr>\n<td><strong>LOGO<\/strong><\/td>\n<td>Skladov\u00e9 krabice nemaj\u00ed logo<\/td>\n<\/tr>\n<tr>\n<td><strong>hmotnost<\/strong><\/td>\n<td>26 g \/ ks<\/td>\n<\/tr>\n<\/tbody>\n<\/table>\n<p><img decoding=\"async\" class=\"detail-desc-decorate-image\" style=\"max-width: 100%; height: auto; display: block; margin: 0 auto;\" src=\"https:\/\/reanpackaging.com\/wp-content\/uploads\/2024\/12\/1-description-Square-Shape-Velvet-Jewelry-Box-Double-Ring-Storage-Box-Wedding-Ring-Display-Gift-Packaging.jpg\" \/><br \/>\n<img decoding=\"async\" class=\"detail-desc-decorate-image\" style=\"max-width: 100%; height: auto; display: block; margin: 0 auto;\" src=\"https:\/\/reanpackaging.com\/wp-content\/uploads\/2024\/12\/2-description-Square-Shape-Velvet-Jewelry-Box-Double-Ring-Storage-Box-Wedding-Ring-Display-Gift-Packaging.jpg\" \/><br \/>\n<img decoding=\"async\" class=\"detail-desc-decorate-image\" style=\"max-width: 100%; height: auto; display: block; margin: 0 auto;\" src=\"https:\/\/reanpackaging.com\/wp-content\/uploads\/2024\/12\/3-description-Square-Shape-Velvet-Jewelry-Box-Double-Ring-Storage-Box-Wedding-Ring-Display-Gift-Packaging.jpg\" \/><br \/>\n<img decoding=\"async\" class=\"detail-desc-decorate-image\" style=\"max-width: 100%; height: auto; display: block; margin: 0 auto;\" src=\"https:\/\/reanpackaging.com\/wp-content\/uploads\/2024\/12\/4-description-Square-Shape-Velvet-Jewelry-Box-Double-Ring-Storage-Box-Wedding-Ring-Display-Gift-Packaging.jpg\" \/><\/p>","protected":false},"excerpt":{"rendered":"<p>Other Attributes Jewelry Packaging &amp; Display Type Gift Boxes Material soft velvet Color pink, dark blue, dark red, red, cream, black Usage ring or earring package MOQ without logo 1pcs for each color MOQ with logo 500 for each color Sample Time without logo 2-3 days Sample Time with logo 5-9days Keyword jewelry single ring [&hellip;]<\/p>\n","protected":false},"featured_media":30123,"template":"","meta":{"_seopress_robots_primary_cat":"none","_seopress_titles_title":"","_seopress_titles_desc":"","_seopress_robots_index":"","site-sidebar-layout":"default","site-content-layout":"","ast-site-content-layout":"default","site-content-style":"default","site-sidebar-style":"default","ast-global-header-display":"","ast-banner-title-visibility":"","ast-main-header-display":"","ast-hfb-above-header-display":"","ast-hfb-below-header-display":"","ast-hfb-mobile-header-display":"","site-post-title":"","ast-breadcrumbs-content":"","ast-featured-img":"","footer-sml-layout":"","ast-disable-related-posts":"","theme-transparent-header-meta":"default","adv-header-id-meta":"","stick-header-meta":"default","header-above-stick-meta":"","header-main-stick-meta":"","header-below-stick-meta":"","astra-migrate-meta-layouts":"set","ast-page-background-enabled":"default","ast-page-background-meta":{"desktop":{"background-color":"","background-image":"","background-repeat":"repeat","background-position":"center center","background-size":"auto","background-attachment":"scroll","background-type":"","background-media":"","overlay-type":"","overlay-color":"","overlay-opacity":"","overlay-gradient":""},"tablet":{"background-color":"","background-image":"","background-repeat":"repeat","background-position":"center center","background-size":"auto","background-attachment":"scroll","background-type":"","background-media":"","overlay-type":"","overlay-color":"","overlay-opacity":"","overlay-gradient":""},"mobile":{"background-color":"","background-image":"","background-repeat":"repeat","background-position":"center center","background-size":"auto","background-attachment":"scroll","background-type":"","background-media":"","overlay-type":"","overlay-color":"","overlay-opacity":"","overlay-gradient":""}},"ast-content-background-meta":{"desktop":{"background-color":"var(--ast-global-color-5)","background-image":"","background-repeat":"repeat","background-position":"center center","background-size":"auto","background-attachment":"scroll","background-type":"","background-media":"","overlay-type":"","overlay-color":"","overlay-opacity":"","overlay-gradient":""},"tablet":{"background-color":"var(--ast-global-color-5)","background-image":"","background-repeat":"repeat","background-position":"center center","background-size":"auto","background-attachment":"scroll","background-type":"","background-media":"","overlay-type":"","overlay-color":"","overlay-opacity":"","overlay-gradient":""},"mobile":{"background-color":"var(--ast-global-color-5)","background-image":"","background-repeat":"repeat","background-position":"center center","background-size":"auto","background-attachment":"scroll","background-type":"","background-media":"","overlay-type":"","overlay-color":"","overlay-opacity":"","overlay-gradient":""}}},"product_brand":[],"product_cat":[82],"product_tag":[],"class_list":{"0":"post-30219","1":"product","2":"type-product","3":"status-publish","4":"has-post-thumbnail","6":"product_cat-ring-box","7":"desktop-align-left","8":"tablet-align-left","9":"mobile-align-left","10":"ast-product-gallery-layout-horizontal","11":"ast-product-tabs-layout-horizontal","13":"first","14":"instock","15":"product-type-simple"},"_links":{"self":[{"href":"https:\/\/reanpackaging.com\/cs\/wp-json\/wp\/v2\/product\/30219","targetHints":{"allow":["GET"]}}],"collection":[{"href":"https:\/\/reanpackaging.com\/cs\/wp-json\/wp\/v2\/product"}],"about":[{"href":"https:\/\/reanpackaging.com\/cs\/wp-json\/wp\/v2\/types\/product"}],"wp:featuredmedia":[{"embeddable":true,"href":"https:\/\/reanpackaging.com\/cs\/wp-json\/wp\/v2\/media\/30123"}],"wp:attachment":[{"href":"https:\/\/reanpackaging.com\/cs\/wp-json\/wp\/v2\/media?parent=30219"}],"wp:term":[{"taxonomy":"product_brand","embeddable":true,"href":"https:\/\/reanpackaging.com\/cs\/wp-json\/wp\/v2\/product_brand?post=30219"},{"taxonomy":"product_cat","embeddable":true,"href":"https:\/\/reanpackaging.com\/cs\/wp-json\/wp\/v2\/product_cat?post=30219"},{"taxonomy":"product_tag","embeddable":true,"href":"https:\/\/reanpackaging.com\/cs\/wp-json\/wp\/v2\/product_tag?post=30219"}],"curies":[{"name":"wp","href":"https:\/\/api.w.org\/{rel}","templated":true}]}}