{"id":30856,"date":"2024-12-27T16:40:17","date_gmt":"2024-12-27T16:40:17","guid":{"rendered":"https:\/\/reanpackaging.com\/product\/custom-jewellery-packaging-box-personalized-logo-jewelry-drawer-box-with-microfiber-jewelry-pouch\/"},"modified":"2024-12-27T17:36:12","modified_gmt":"2024-12-27T17:36:12","slug":"custom-jewellery-packaging-box-personalized-logo-jewelry-drawer-box-with-microfiber-jewelry-pouch","status":"publish","type":"product","link":"https:\/\/reanpackaging.com\/cs\/produkt\/custom-jewellery-packaging-box-personalized-logo-jewelry-drawer-box-with-microfiber-jewelry-pouch\/","title":{"rendered":"Vlastn\u00ed balen\u00ed \u0161perk\u016f Box Personalizovan\u00e9 logo \u0161perky \u0161upl\u00edk Box s mikrovl\u00e1kno \u0161perky pouzdro"},"content":{"rendered":"<h4>Atributy specifick\u00e9 pro dan\u00e9 odv\u011btv\u00ed<\/h4>\n<table border=\"1\">\n<tbody>\n<tr>\n<td><strong>\u0160perkovnice Materi\u00e1l<\/strong><\/td>\n<td>Karton<\/td>\n<\/tr>\n<\/tbody>\n<\/table>\n<h4>Dal\u0161\u00ed atributy<\/h4>\n<table border=\"1\">\n<tbody>\n<tr>\n<td><strong>M\u00edsto p\u016fvodu<\/strong><\/td>\n<td>Guangdong, \u010c\u00edna<\/td>\n<\/tr>\n<tr>\n<td><strong>velikost<\/strong><\/td>\n<td>Standardn\u00ed velikost nebo na m\u00edru<\/td>\n<\/tr>\n<tr>\n<td><strong>Barva<\/strong><\/td>\n<td>\u010cern\u00e1, b\u00edl\u00e1, r\u016f\u017eov\u00e1, modr\u00e1, \u010derven\u00e1, fialov\u00e1, oran\u017eov\u00e1, zelen\u00e1, \u0161ed\u00e1<\/td>\n<\/tr>\n<tr>\n<td><strong>Materi\u00e1l<\/strong><\/td>\n<td>Karton + mirkovl\u00e1kno \/ samet<\/td>\n<\/tr>\n<tr>\n<td><strong>Logo<\/strong><\/td>\n<td>P\u0159izp\u016fsoben\u00e9 logo P\u0159ijateln\u00e9<\/td>\n<\/tr>\n<tr>\n<td><strong>Form\u00e1t um\u011bleck\u00e9ho d\u00edla<\/strong><\/td>\n<td>AI PDF CDR<\/td>\n<\/tr>\n<tr>\n<td><strong>Velikost<\/strong><\/td>\n<td>5*5*3,5, 7*9*3, 9*9*3,2, 12*8*3, 10*10*3,5, 21*4*3 cm.<\/td>\n<\/tr>\n<tr>\n<td><strong>Pou\u017eit\u00ed<\/strong><\/td>\n<td>\u0160perky, kosmetika, parf\u00e9my Obaly,<\/td>\n<\/tr>\n<tr>\n<td><strong>Funkce<\/strong><\/td>\n<td>Odoln\u00fd Ekologicky \u0161etrn\u00fd<\/td>\n<\/tr>\n<tr>\n<td><strong>Styl<\/strong><\/td>\n<td>Modern\u00ed stylov\u00fd<\/td>\n<\/tr>\n<tr>\n<td><strong>MOQ<\/strong><\/td>\n<td>500ks<\/td>\n<\/tr>\n<\/tbody>\n<\/table>\n<p><img decoding=\"async\" class=\"detail-desc-decorate-image\" style=\"max-width: 100%; height: auto; display: block; margin: 0 auto;\" src=\"https:\/\/reanpackaging.com\/wp-content\/uploads\/2024\/12\/1-description-Custom-Jewellery-Packaging-Box-Personalized-Logo-Jewelry-Drawer-Box-with-Microfiber-Jewelry-Pouch.jpg\" \/><br \/>\n<img decoding=\"async\" class=\"detail-desc-decorate-image\" style=\"max-width: 100%; height: auto; display: block; margin: 0 auto;\" src=\"https:\/\/reanpackaging.com\/wp-content\/uploads\/2024\/12\/2-description-Custom-Jewellery-Packaging-Box-Personalized-Logo-Jewelry-Drawer-Box-with-Microfiber-Jewelry-Pouch.jpg\" \/><br \/>\n<img decoding=\"async\" class=\"detail-desc-decorate-image\" style=\"max-width: 100%; height: auto; display: block; margin: 0 auto;\" src=\"https:\/\/reanpackaging.com\/wp-content\/uploads\/2024\/12\/3-description-Custom-Jewellery-Packaging-Box-Personalized-Logo-Jewelry-Drawer-Box-with-Microfiber-Jewelry-Pouch.jpg\" \/><\/p>","protected":false},"excerpt":{"rendered":"<p>Industry-Specific Attributes Jewelry Boxes Material Cardboard Other Attributes Place of Origin Guangdong, China size Standard size or customized Color Black, White, Pink, Blue, Red, Purple, Orange, Green, Gray Material Paperboard+Mircofiber\/velvet Logo Customized Logo Acceptable Artwork Format AI PDF CDR Size 5*5*3.5, 7*9*3, 9*9*3.2, 12*8*3, 10*10*3.5, 21*4*3cm Usage Jewlery, cosmetics, perfumes Packaging, Feature Durable Eco-friendly Style [&hellip;]<\/p>\n","protected":false},"featured_media":31023,"template":"","meta":{"_seopress_robots_primary_cat":"none","_seopress_titles_title":"","_seopress_titles_desc":"","_seopress_robots_index":"","site-sidebar-layout":"default","site-content-layout":"","ast-site-content-layout":"default","site-content-style":"default","site-sidebar-style":"default","ast-global-header-display":"","ast-banner-title-visibility":"","ast-main-header-display":"","ast-hfb-above-header-display":"","ast-hfb-below-header-display":"","ast-hfb-mobile-header-display":"","site-post-title":"","ast-breadcrumbs-content":"","ast-featured-img":"","footer-sml-layout":"","ast-disable-related-posts":"","theme-transparent-header-meta":"default","adv-header-id-meta":"","stick-header-meta":"default","header-above-stick-meta":"","header-main-stick-meta":"","header-below-stick-meta":"","astra-migrate-meta-layouts":"set","ast-page-background-enabled":"default","ast-page-background-meta":{"desktop":{"background-color":"","background-image":"","background-repeat":"repeat","background-position":"center center","background-size":"auto","background-attachment":"scroll","background-type":"","background-media":"","overlay-type":"","overlay-color":"","overlay-opacity":"","overlay-gradient":""},"tablet":{"background-color":"","background-image":"","background-repeat":"repeat","background-position":"center center","background-size":"auto","background-attachment":"scroll","background-type":"","background-media":"","overlay-type":"","overlay-color":"","overlay-opacity":"","overlay-gradient":""},"mobile":{"background-color":"","background-image":"","background-repeat":"repeat","background-position":"center center","background-size":"auto","background-attachment":"scroll","background-type":"","background-media":"","overlay-type":"","overlay-color":"","overlay-opacity":"","overlay-gradient":""}},"ast-content-background-meta":{"desktop":{"background-color":"var(--ast-global-color-5)","background-image":"","background-repeat":"repeat","background-position":"center center","background-size":"auto","background-attachment":"scroll","background-type":"","background-media":"","overlay-type":"","overlay-color":"","overlay-opacity":"","overlay-gradient":""},"tablet":{"background-color":"var(--ast-global-color-5)","background-image":"","background-repeat":"repeat","background-position":"center center","background-size":"auto","background-attachment":"scroll","background-type":"","background-media":"","overlay-type":"","overlay-color":"","overlay-opacity":"","overlay-gradient":""},"mobile":{"background-color":"var(--ast-global-color-5)","background-image":"","background-repeat":"repeat","background-position":"center center","background-size":"auto","background-attachment":"scroll","background-type":"","background-media":"","overlay-type":"","overlay-color":"","overlay-opacity":"","overlay-gradient":""}}},"product_brand":[],"product_cat":[84],"product_tag":[],"class_list":{"0":"post-30856","1":"product","2":"type-product","3":"status-publish","4":"has-post-thumbnail","6":"product_cat-earring-box","7":"desktop-align-left","8":"tablet-align-left","9":"mobile-align-left","10":"ast-product-gallery-layout-horizontal","11":"ast-product-tabs-layout-horizontal","13":"first","14":"instock","15":"product-type-simple"},"_links":{"self":[{"href":"https:\/\/reanpackaging.com\/cs\/wp-json\/wp\/v2\/product\/30856","targetHints":{"allow":["GET"]}}],"collection":[{"href":"https:\/\/reanpackaging.com\/cs\/wp-json\/wp\/v2\/product"}],"about":[{"href":"https:\/\/reanpackaging.com\/cs\/wp-json\/wp\/v2\/types\/product"}],"wp:featuredmedia":[{"embeddable":true,"href":"https:\/\/reanpackaging.com\/cs\/wp-json\/wp\/v2\/media\/31023"}],"wp:attachment":[{"href":"https:\/\/reanpackaging.com\/cs\/wp-json\/wp\/v2\/media?parent=30856"}],"wp:term":[{"taxonomy":"product_brand","embeddable":true,"href":"https:\/\/reanpackaging.com\/cs\/wp-json\/wp\/v2\/product_brand?post=30856"},{"taxonomy":"product_cat","embeddable":true,"href":"https:\/\/reanpackaging.com\/cs\/wp-json\/wp\/v2\/product_cat?post=30856"},{"taxonomy":"product_tag","embeddable":true,"href":"https:\/\/reanpackaging.com\/cs\/wp-json\/wp\/v2\/product_tag?post=30856"}],"curies":[{"name":"wp","href":"https:\/\/api.w.org\/{rel}","templated":true}]}}