{"id":30866,"date":"2024-12-27T16:44:11","date_gmt":"2024-12-27T16:44:11","guid":{"rendered":"https:\/\/reanpackaging.com\/product\/high-end-cool-gray-brushed-leather-pu-earring-box-large-quantity-ready-made-jewelry-packaging-for-earrings-cool-gray-jewelry-box\/"},"modified":"2024-12-27T17:15:38","modified_gmt":"2024-12-27T17:15:38","slug":"high-end-cool-gray-brushed-leather-pu-earring-box-large-quantity-ready-made-jewelry-packaging-for-earrings-cool-gray-jewelry-box","status":"publish","type":"product","link":"https:\/\/reanpackaging.com\/cs\/produkt\/high-end-cool-gray-brushed-leather-pu-earring-box-large-quantity-ready-made-jewelry-packaging-for-earrings-cool-gray-jewelry-box\/","title":{"rendered":"High-End Cool Gray Brushed Leather PU Earring Box Velk\u00e9 mno\u017estv\u00ed Ready-Made \u0161perky balen\u00ed pro n\u00e1u\u0161nice Cool Gray Jewelry Box"},"content":{"rendered":"<h4>Dal\u0161\u00ed atributy<\/h4>\n<table border=\"1\">\n<tbody>\n<tr>\n<td><strong>Typ balen\u00ed a zobrazen\u00ed \u0161perk\u016f<\/strong><\/td>\n<td>Pouzdra a displeje<\/td>\n<\/tr>\n<tr>\n<td><strong>Velikost<\/strong><\/td>\n<td>10*10*5cm \/ na zak\u00e1zku<\/td>\n<\/tr>\n<tr>\n<td><strong>Typ materi\u00e1lu<\/strong><\/td>\n<td>K\u016f\u017ee<\/td>\n<\/tr>\n<tr>\n<td><strong>D\u016fle\u017eit\u00e9 tipy<\/strong><\/td>\n<td>Kontaktujte n\u00e1s pros\u00edm pro levn\u011bj\u0161\u00ed p\u0159epravn\u00ed poplatek a slevy<\/td>\n<\/tr>\n<tr>\n<td><strong>Vzorov\u00fd poplatek<\/strong><\/td>\n<td>N\u00e1\u0161 vzorek je zdarma Vr\u00e1t\u00ed se p\u0159i potvrzen\u00ed objedn\u00e1vky<\/td>\n<\/tr>\n<tr>\n<td><strong>MOQ<\/strong><\/td>\n<td>500ks<\/td>\n<\/tr>\n<tr>\n<td><strong>DORU\u010cOVAC\u00cd \u010cAS<\/strong><\/td>\n<td>3-5 pracovn\u00edch dn\u016f<\/td>\n<\/tr>\n<\/tbody>\n<\/table>","protected":false},"excerpt":{"rendered":"<p>Dal\u0161\u00ed vlastnosti \u0160perky Balen\u00ed a zobrazen\u00ed Typ Pouzdra a displeje Velikost 10*10*5cm \/ na zak\u00e1zku Typ materi\u00e1lu K\u016f\u017ee D\u016fle\u017eit\u00e9 tipy Kontaktujte n\u00e1s pros\u00edm pro levn\u011bj\u0161\u00ed po\u0161tovn\u00e9 a slevy Poplatek za vzorek N\u00e1\u0161 vzorek je zdarma Vr\u00e1t\u00ed se po potvrzen\u00ed objedn\u00e1vky MOQ 500ks DORU\u010cEN\u00cd 3-5 pracovn\u00edch dn\u016f<\/p>","protected":false},"featured_media":31069,"template":"","meta":{"_seopress_robots_primary_cat":"none","_seopress_titles_title":"","_seopress_titles_desc":"","_seopress_robots_index":"","site-sidebar-layout":"default","site-content-layout":"","ast-site-content-layout":"default","site-content-style":"default","site-sidebar-style":"default","ast-global-header-display":"","ast-banner-title-visibility":"","ast-main-header-display":"","ast-hfb-above-header-display":"","ast-hfb-below-header-display":"","ast-hfb-mobile-header-display":"","site-post-title":"","ast-breadcrumbs-content":"","ast-featured-img":"","footer-sml-layout":"","ast-disable-related-posts":"","theme-transparent-header-meta":"default","adv-header-id-meta":"","stick-header-meta":"default","header-above-stick-meta":"","header-main-stick-meta":"","header-below-stick-meta":"","astra-migrate-meta-layouts":"set","ast-page-background-enabled":"default","ast-page-background-meta":{"desktop":{"background-color":"","background-image":"","background-repeat":"repeat","background-position":"center center","background-size":"auto","background-attachment":"scroll","background-type":"","background-media":"","overlay-type":"","overlay-color":"","overlay-opacity":"","overlay-gradient":""},"tablet":{"background-color":"","background-image":"","background-repeat":"repeat","background-position":"center center","background-size":"auto","background-attachment":"scroll","background-type":"","background-media":"","overlay-type":"","overlay-color":"","overlay-opacity":"","overlay-gradient":""},"mobile":{"background-color":"","background-image":"","background-repeat":"repeat","background-position":"center center","background-size":"auto","background-attachment":"scroll","background-type":"","background-media":"","overlay-type":"","overlay-color":"","overlay-opacity":"","overlay-gradient":""}},"ast-content-background-meta":{"desktop":{"background-color":"var(--ast-global-color-5)","background-image":"","background-repeat":"repeat","background-position":"center center","background-size":"auto","background-attachment":"scroll","background-type":"","background-media":"","overlay-type":"","overlay-color":"","overlay-opacity":"","overlay-gradient":""},"tablet":{"background-color":"var(--ast-global-color-5)","background-image":"","background-repeat":"repeat","background-position":"center center","background-size":"auto","background-attachment":"scroll","background-type":"","background-media":"","overlay-type":"","overlay-color":"","overlay-opacity":"","overlay-gradient":""},"mobile":{"background-color":"var(--ast-global-color-5)","background-image":"","background-repeat":"repeat","background-position":"center center","background-size":"auto","background-attachment":"scroll","background-type":"","background-media":"","overlay-type":"","overlay-color":"","overlay-opacity":"","overlay-gradient":""}}},"product_brand":[],"product_cat":[84],"product_tag":[],"class_list":{"0":"post-30866","1":"product","2":"type-product","3":"status-publish","4":"has-post-thumbnail","6":"product_cat-earring-box","7":"desktop-align-left","8":"tablet-align-left","9":"mobile-align-left","10":"ast-product-gallery-layout-horizontal","11":"ast-product-tabs-layout-horizontal","13":"first","14":"instock","15":"product-type-simple"},"_links":{"self":[{"href":"https:\/\/reanpackaging.com\/cs\/wp-json\/wp\/v2\/product\/30866","targetHints":{"allow":["GET"]}}],"collection":[{"href":"https:\/\/reanpackaging.com\/cs\/wp-json\/wp\/v2\/product"}],"about":[{"href":"https:\/\/reanpackaging.com\/cs\/wp-json\/wp\/v2\/types\/product"}],"wp:featuredmedia":[{"embeddable":true,"href":"https:\/\/reanpackaging.com\/cs\/wp-json\/wp\/v2\/media\/31069"}],"wp:attachment":[{"href":"https:\/\/reanpackaging.com\/cs\/wp-json\/wp\/v2\/media?parent=30866"}],"wp:term":[{"taxonomy":"product_brand","embeddable":true,"href":"https:\/\/reanpackaging.com\/cs\/wp-json\/wp\/v2\/product_brand?post=30866"},{"taxonomy":"product_cat","embeddable":true,"href":"https:\/\/reanpackaging.com\/cs\/wp-json\/wp\/v2\/product_cat?post=30866"},{"taxonomy":"product_tag","embeddable":true,"href":"https:\/\/reanpackaging.com\/cs\/wp-json\/wp\/v2\/product_tag?post=30866"}],"curies":[{"name":"wp","href":"https:\/\/api.w.org\/{rel}","templated":true}]}}