{"id":36353,"date":"2025-01-09T16:05:24","date_gmt":"2025-01-09T16:05:24","guid":{"rendered":"https:\/\/reanpackaging.com\/product\/wholesale-custom-jewelry-packaging-box-set-ring-bracelet-pearl-necklace-gift-box-for-jewellery\/"},"modified":"2025-01-09T16:40:38","modified_gmt":"2025-01-09T16:40:38","slug":"wholesale-custom-jewelry-packaging-box-set-ring-bracelet-pearl-necklace-gift-box-for-jewellery","status":"publish","type":"product","link":"https:\/\/reanpackaging.com\/cs\/produkt\/wholesale-custom-jewelry-packaging-box-set-ring-bracelet-pearl-necklace-gift-box-for-jewellery\/","title":{"rendered":"Velkoobchodn\u00ed zak\u00e1zkov\u00e9 \u0161perky Balen\u00ed Box set Prsten n\u00e1ramek Perlov\u00fd n\u00e1hrdeln\u00edk D\u00e1rkov\u00e1 krabi\u010dka na \u0161perky"},"content":{"rendered":"<h4>Atributy specifick\u00e9 pro dan\u00e9 odv\u011btv\u00ed<\/h4>\n<table border=\"1\">\n<tbody>\n<tr>\n<td><strong>\u0160perkovnice Materi\u00e1l<\/strong><\/td>\n<td>K\u016f\u017ee<\/td>\n<\/tr>\n<\/tbody>\n<\/table>\n<h4>Dal\u0161\u00ed atributy<\/h4>\n<table border=\"1\">\n<tbody>\n<tr>\n<td><strong>velikost<\/strong><\/td>\n<td>4 velikosti<\/td>\n<\/tr>\n<tr>\n<td><strong>funkce<\/strong><\/td>\n<td>balen\u00ed \u0161perk\u016f<\/td>\n<\/tr>\n<tr>\n<td><strong>Pou\u017eit\u00ed<\/strong><\/td>\n<td>svatebn\u00ed d\u00e1rek k narozenin\u00e1m<\/td>\n<\/tr>\n<tr>\n<td><strong>Funkce<\/strong><\/td>\n<td>M\u00f3dn\u00ed<\/td>\n<\/tr>\n<tr>\n<td><strong>Styl<\/strong><\/td>\n<td>Elegantn\u00ed<\/td>\n<\/tr>\n<tr>\n<td><strong>Barva<\/strong><\/td>\n<td>Zelen\u00e1, tmav\u011b zelen\u00e1, b\u00edl\u00e1, \u010derven\u00e1<\/td>\n<\/tr>\n<tr>\n<td><strong>Materi\u00e1l<\/strong><\/td>\n<td>PU k\u016f\u017ee<\/td>\n<\/tr>\n<tr>\n<td><strong>Velikost prstenu<\/strong><\/td>\n<td>6*6*4.5<\/td>\n<\/tr>\n<tr>\n<td><strong>Velikost p\u0159\u00edv\u011bsku<\/strong><\/td>\n<td>7.3*8.5*3.5<\/td>\n<\/tr>\n<tr>\n<td><strong>Velikost n\u00e1ramku<\/strong><\/td>\n<td>9.5*9.5*5<\/td>\n<\/tr>\n<tr>\n<td><strong>Velikost \u0159et\u011bzu<\/strong><\/td>\n<td>24*5.5*3.5<\/td>\n<\/tr>\n<\/tbody>\n<\/table>","protected":false},"excerpt":{"rendered":"<p>Specifick\u00e9 atributy pro dan\u00fd obor Krabi\u010dky na \u0161perky Materi\u00e1l k\u016f\u017ee Dal\u0161\u00ed atributy velikost 4 velikosti funkce balen\u00ed \u0161perk\u016f Pou\u017eit\u00ed svatebn\u00ed narozeninov\u00fd d\u00e1rek Funkce M\u00f3dn\u00ed styl Elegantn\u00ed Barva Zelen\u00e1, tmav\u011b zelen\u00e1, b\u00edl\u00e1, \u010derven\u00e1 Materi\u00e1l PU k\u016f\u017ee Velikost prstenu 6*6*4,5 Velikost p\u0159\u00edv\u011bsku 7,3*8,5*3,5 Velikost n\u00e1ramku 9,5*9,5*5 Velikost \u0159et\u011bzu 24*5,5*3,5<\/p>","protected":false},"featured_media":36324,"template":"","meta":{"_seopress_robots_primary_cat":"none","_seopress_titles_title":"Wholesale custom Jewelry Packaging Box set Ring bracelet Pearl Necklace Gift Box for Jewellery","_seopress_titles_desc":"","_seopress_robots_index":"","site-sidebar-layout":"default","site-content-layout":"","ast-site-content-layout":"default","site-content-style":"default","site-sidebar-style":"default","ast-global-header-display":"","ast-banner-title-visibility":"","ast-main-header-display":"","ast-hfb-above-header-display":"","ast-hfb-below-header-display":"","ast-hfb-mobile-header-display":"","site-post-title":"","ast-breadcrumbs-content":"","ast-featured-img":"","footer-sml-layout":"","ast-disable-related-posts":"","theme-transparent-header-meta":"default","adv-header-id-meta":"","stick-header-meta":"default","header-above-stick-meta":"","header-main-stick-meta":"","header-below-stick-meta":"","astra-migrate-meta-layouts":"set","ast-page-background-enabled":"default","ast-page-background-meta":{"desktop":{"background-color":"","background-image":"","background-repeat":"repeat","background-position":"center center","background-size":"auto","background-attachment":"scroll","background-type":"","background-media":"","overlay-type":"","overlay-color":"","overlay-opacity":"","overlay-gradient":""},"tablet":{"background-color":"","background-image":"","background-repeat":"repeat","background-position":"center center","background-size":"auto","background-attachment":"scroll","background-type":"","background-media":"","overlay-type":"","overlay-color":"","overlay-opacity":"","overlay-gradient":""},"mobile":{"background-color":"","background-image":"","background-repeat":"repeat","background-position":"center center","background-size":"auto","background-attachment":"scroll","background-type":"","background-media":"","overlay-type":"","overlay-color":"","overlay-opacity":"","overlay-gradient":""}},"ast-content-background-meta":{"desktop":{"background-color":"var(--ast-global-color-5)","background-image":"","background-repeat":"repeat","background-position":"center center","background-size":"auto","background-attachment":"scroll","background-type":"","background-media":"","overlay-type":"","overlay-color":"","overlay-opacity":"","overlay-gradient":""},"tablet":{"background-color":"var(--ast-global-color-5)","background-image":"","background-repeat":"repeat","background-position":"center center","background-size":"auto","background-attachment":"scroll","background-type":"","background-media":"","overlay-type":"","overlay-color":"","overlay-opacity":"","overlay-gradient":""},"mobile":{"background-color":"var(--ast-global-color-5)","background-image":"","background-repeat":"repeat","background-position":"center center","background-size":"auto","background-attachment":"scroll","background-type":"","background-media":"","overlay-type":"","overlay-color":"","overlay-opacity":"","overlay-gradient":""}}},"product_brand":[],"product_cat":[86],"product_tag":[],"class_list":{"0":"post-36353","1":"product","2":"type-product","3":"status-publish","4":"has-post-thumbnail","6":"product_cat-bracelet-box","7":"desktop-align-left","8":"tablet-align-left","9":"mobile-align-left","10":"ast-product-gallery-layout-horizontal","11":"ast-product-tabs-layout-horizontal","13":"first","14":"instock","15":"product-type-simple"},"_links":{"self":[{"href":"https:\/\/reanpackaging.com\/cs\/wp-json\/wp\/v2\/product\/36353","targetHints":{"allow":["GET"]}}],"collection":[{"href":"https:\/\/reanpackaging.com\/cs\/wp-json\/wp\/v2\/product"}],"about":[{"href":"https:\/\/reanpackaging.com\/cs\/wp-json\/wp\/v2\/types\/product"}],"wp:featuredmedia":[{"embeddable":true,"href":"https:\/\/reanpackaging.com\/cs\/wp-json\/wp\/v2\/media\/36324"}],"wp:attachment":[{"href":"https:\/\/reanpackaging.com\/cs\/wp-json\/wp\/v2\/media?parent=36353"}],"wp:term":[{"taxonomy":"product_brand","embeddable":true,"href":"https:\/\/reanpackaging.com\/cs\/wp-json\/wp\/v2\/product_brand?post=36353"},{"taxonomy":"product_cat","embeddable":true,"href":"https:\/\/reanpackaging.com\/cs\/wp-json\/wp\/v2\/product_cat?post=36353"},{"taxonomy":"product_tag","embeddable":true,"href":"https:\/\/reanpackaging.com\/cs\/wp-json\/wp\/v2\/product_tag?post=36353"}],"curies":[{"name":"wp","href":"https:\/\/api.w.org\/{rel}","templated":true}]}}