{"id":36355,"date":"2025-01-09T16:05:24","date_gmt":"2025-01-09T16:05:24","guid":{"rendered":"https:\/\/reanpackaging.com\/product\/wholesales-jewelry-cardboard-paper-box-7-5x7-5x2-5cm-with-pe-film-for-necklace-earring-bracelet-ring-jewelry-box\/"},"modified":"2025-01-09T16:45:05","modified_gmt":"2025-01-09T16:45:05","slug":"wholesales-jewelry-cardboard-paper-box-7-5x7-5x2-5cm-with-pe-film-for-necklace-earring-bracelet-ring-jewelry-box","status":"publish","type":"product","link":"https:\/\/reanpackaging.com\/cs\/produkt\/wholesales-jewelry-cardboard-paper-box-7-5x7-5x2-5cm-with-pe-film-for-necklace-earring-bracelet-ring-jewelry-box\/","title":{"rendered":"velkoobchodn\u00ed \u0161perky Kartonov\u00e1 pap\u00edrov\u00e1 krabice 7,5 \u00d7 7,5 \u00d7 2,5 cm s PE f\u00f3li\u00ed pro n\u00e1hrdeln\u00edk N\u00e1u\u0161nice N\u00e1ramek Prsten \u0160perkovnice Box"},"content":{"rendered":"<h4>Dal\u0161\u00ed atributy<\/h4>\n<table border=\"1\">\n<tbody>\n<tr>\n<td><strong>Typ balen\u00ed a zobrazen\u00ed \u0161perk\u016f<\/strong><\/td>\n<td>Pouzdra a displeje<\/td>\n<\/tr>\n<tr>\n<td><strong>n\u00e1zev<\/strong><\/td>\n<td>\u0161perkovnice<\/td>\n<\/tr>\n<tr>\n<td><strong>moq pro z\u00e1soby<\/strong><\/td>\n<td>500ks<\/td>\n<\/tr>\n<tr>\n<td><strong>dodac\u00ed lh\u016fta<\/strong><\/td>\n<td>z\u00e1vis\u00ed na mno\u017estv\u00ed<\/td>\n<\/tr>\n<tr>\n<td><strong>logo<\/strong><\/td>\n<td>m\u016f\u017eete p\u0159idat sv\u00e9 logo<\/td>\n<\/tr>\n<tr>\n<td><strong>velikost<\/strong><\/td>\n<td>7.5*7.5*2.5<\/td>\n<\/tr>\n<tr>\n<td><strong>barva<\/strong><\/td>\n<td>\u010dern\u00e1 b\u00edl\u00e1 r\u016f\u017eov\u00e1<\/td>\n<\/tr>\n<\/tbody>\n<\/table>\n<p><img decoding=\"async\" class=\"detail-desc-decorate-image\" style=\"max-width: 100%; height: auto; display: block; margin: 0 auto;\" src=\"https:\/\/reanpackaging.com\/wp-content\/uploads\/2025\/01\/1-description-wholesales-Jewelry-Cardboard-Paper-Box-7.5\u00d77,5\u00d72,5cm-sPE-filmem-pro-n\u00e1hrdeln\u00edk-n\u00e1ramek-n\u00e1u\u0161nice-krou\u017eek-\u0161perky-Box.jpg\" \/><br \/>\n<img decoding=\"async\" class=\"detail-desc-decorate-image\" style=\"max-width: 100%; height: auto; display: block; margin: 0 auto;\" src=\"https:\/\/reanpackaging.com\/wp-content\/uploads\/2025\/01\/2-description-wholesales-Jewelry-Cardboard-Paper-Box-7.5\u00d77,5\u00d72,5cm-sPE-filmem-pro-n\u00e1hrdeln\u00edk-n\u00e1ramek-n\u00e1u\u0161nice-krou\u017eek-\u0161perky-Box.jpg\" \/><\/p>","protected":false},"excerpt":{"rendered":"<p>Dal\u0161\u00ed vlastnosti \u0160perky Obaly a displeje Typ Pouzdra a displeje n\u00e1zev \u0161perkovnice moq na sklad\u011b 500ks dodac\u00ed lh\u016fta z\u00e1vis\u00ed na mno\u017estv\u00ed logo lze p\u0159idat logo velikost 7,5*7,5*2,5 barva \u010dern\u00e1 b\u00edl\u00e1 r\u016f\u017eov\u00e1<\/p>","protected":false},"featured_media":36344,"template":"","meta":{"_seopress_robots_primary_cat":"none","_seopress_titles_title":"wholesales Jewelry Cardboard Paper Box 7.5\u00d77.5\u00d72.5cm with PE film for Necklace Earring Bracelet Ring Jewelry Box","_seopress_titles_desc":"","_seopress_robots_index":"","site-sidebar-layout":"default","site-content-layout":"","ast-site-content-layout":"default","site-content-style":"default","site-sidebar-style":"default","ast-global-header-display":"","ast-banner-title-visibility":"","ast-main-header-display":"","ast-hfb-above-header-display":"","ast-hfb-below-header-display":"","ast-hfb-mobile-header-display":"","site-post-title":"","ast-breadcrumbs-content":"","ast-featured-img":"","footer-sml-layout":"","ast-disable-related-posts":"","theme-transparent-header-meta":"default","adv-header-id-meta":"","stick-header-meta":"default","header-above-stick-meta":"","header-main-stick-meta":"","header-below-stick-meta":"","astra-migrate-meta-layouts":"set","ast-page-background-enabled":"default","ast-page-background-meta":{"desktop":{"background-color":"","background-image":"","background-repeat":"repeat","background-position":"center center","background-size":"auto","background-attachment":"scroll","background-type":"","background-media":"","overlay-type":"","overlay-color":"","overlay-opacity":"","overlay-gradient":""},"tablet":{"background-color":"","background-image":"","background-repeat":"repeat","background-position":"center center","background-size":"auto","background-attachment":"scroll","background-type":"","background-media":"","overlay-type":"","overlay-color":"","overlay-opacity":"","overlay-gradient":""},"mobile":{"background-color":"","background-image":"","background-repeat":"repeat","background-position":"center center","background-size":"auto","background-attachment":"scroll","background-type":"","background-media":"","overlay-type":"","overlay-color":"","overlay-opacity":"","overlay-gradient":""}},"ast-content-background-meta":{"desktop":{"background-color":"var(--ast-global-color-5)","background-image":"","background-repeat":"repeat","background-position":"center center","background-size":"auto","background-attachment":"scroll","background-type":"","background-media":"","overlay-type":"","overlay-color":"","overlay-opacity":"","overlay-gradient":""},"tablet":{"background-color":"var(--ast-global-color-5)","background-image":"","background-repeat":"repeat","background-position":"center center","background-size":"auto","background-attachment":"scroll","background-type":"","background-media":"","overlay-type":"","overlay-color":"","overlay-opacity":"","overlay-gradient":""},"mobile":{"background-color":"var(--ast-global-color-5)","background-image":"","background-repeat":"repeat","background-position":"center center","background-size":"auto","background-attachment":"scroll","background-type":"","background-media":"","overlay-type":"","overlay-color":"","overlay-opacity":"","overlay-gradient":""}}},"product_brand":[],"product_cat":[86],"product_tag":[],"class_list":{"0":"post-36355","1":"product","2":"type-product","3":"status-publish","4":"has-post-thumbnail","6":"product_cat-bracelet-box","7":"desktop-align-left","8":"tablet-align-left","9":"mobile-align-left","10":"ast-product-gallery-layout-horizontal","11":"ast-product-tabs-layout-horizontal","13":"first","14":"instock","15":"product-type-simple"},"_links":{"self":[{"href":"https:\/\/reanpackaging.com\/cs\/wp-json\/wp\/v2\/product\/36355","targetHints":{"allow":["GET"]}}],"collection":[{"href":"https:\/\/reanpackaging.com\/cs\/wp-json\/wp\/v2\/product"}],"about":[{"href":"https:\/\/reanpackaging.com\/cs\/wp-json\/wp\/v2\/types\/product"}],"wp:featuredmedia":[{"embeddable":true,"href":"https:\/\/reanpackaging.com\/cs\/wp-json\/wp\/v2\/media\/36344"}],"wp:attachment":[{"href":"https:\/\/reanpackaging.com\/cs\/wp-json\/wp\/v2\/media?parent=36355"}],"wp:term":[{"taxonomy":"product_brand","embeddable":true,"href":"https:\/\/reanpackaging.com\/cs\/wp-json\/wp\/v2\/product_brand?post=36355"},{"taxonomy":"product_cat","embeddable":true,"href":"https:\/\/reanpackaging.com\/cs\/wp-json\/wp\/v2\/product_cat?post=36355"},{"taxonomy":"product_tag","embeddable":true,"href":"https:\/\/reanpackaging.com\/cs\/wp-json\/wp\/v2\/product_tag?post=36355"}],"curies":[{"name":"wp","href":"https:\/\/api.w.org\/{rel}","templated":true}]}}