{"id":36370,"date":"2025-01-09T16:06:08","date_gmt":"2025-01-09T16:06:08","guid":{"rendered":"https:\/\/reanpackaging.com\/product\/high-fashion-jewelry-box-custom-logo-earrings-ring-necklace-bracelet-jewelry-box-gift-box-with-bow\/"},"modified":"2025-01-09T16:28:10","modified_gmt":"2025-01-09T16:28:10","slug":"high-fashion-jewelry-box-custom-logo-earrings-ring-necklace-bracelet-jewelry-box-gift-box-with-bow","status":"publish","type":"product","link":"https:\/\/reanpackaging.com\/cs\/produkt\/high-fashion-jewelry-box-custom-logo-earrings-ring-necklace-bracelet-jewelry-box-gift-box-with-bow\/","title":{"rendered":"Vysok\u00e1 m\u00f3dn\u00ed \u0161perkovnice Vlastn\u00ed logo N\u00e1u\u0161nice Prsten N\u00e1hrdeln\u00edk N\u00e1ramek \u0160perkovnice D\u00e1rkov\u00e1 krabi\u010dka s lukem"},"content":{"rendered":"<h4>Atributy specifick\u00e9 pro dan\u00e9 odv\u011btv\u00ed<\/h4>\n<table border=\"1\">\n<tbody>\n<tr>\n<td><strong>Styl<\/strong><\/td>\n<td>TRENDY<\/td>\n<\/tr>\n<\/tbody>\n<\/table>\n<h4>Dal\u0161\u00ed atributy<\/h4>\n<table border=\"1\">\n<tbody>\n<tr>\n<td><strong>N\u00e1ramky nebo n\u00e1ramky Typ<\/strong><\/td>\n<td>Dal\u0161\u00ed<\/td>\n<\/tr>\n<tr>\n<td><strong>Pohlav\u00ed<\/strong><\/td>\n<td>Unisex, D\u00e1msk\u00e9, P\u00e1nsk\u00e9, D\u011btsk\u00e9<\/td>\n<\/tr>\n<tr>\n<td><strong>Typ \u0161perku<\/strong><\/td>\n<td>N\u00e1ramky, n\u00e1ramky<\/td>\n<\/tr>\n<tr>\n<td><strong>P\u0159\u00edle\u017eitost<\/strong><\/td>\n<td>D\u00e1rek, Zasnouben\u00ed, V\u00fdro\u010d\u00ed, Svatba, P\u00e1rty<\/td>\n<\/tr>\n<tr>\n<td><strong>Typ certifik\u00e1tu<\/strong><\/td>\n<td>Hodnocen\u00ed t\u0159et\u00ed stranou<\/td>\n<\/tr>\n<tr>\n<td><strong>Technologie vkl\u00e1d\u00e1n\u00ed<\/strong><\/td>\n<td>Nastaven\u00ed r\u00e1me\u010dku<\/td>\n<\/tr>\n<\/tbody>\n<\/table>","protected":false},"excerpt":{"rendered":"<p>Industry-Specific Attributes Style TRENDY Other Attributes Bracelets or Bangles Type Other Gender Unisex, Women&#8217;s, Men&#8217;s, Children&#8217;s Jewelry Type Bracelets, Bangles Occasion Anniversary, Engagement, Gift, Wedding, Party Certificate Type Third Party Appraisal Inlay technology Bezel Setting<\/p>","protected":false},"featured_media":36212,"template":"","meta":{"_seopress_robots_primary_cat":"none","_seopress_titles_title":"High Fashion Jewelry Box Custom Logo Earrings Ring Necklace Bracelet Jewelry Box Gift Box With Bow","_seopress_titles_desc":"","_seopress_robots_index":"","site-sidebar-layout":"default","site-content-layout":"","ast-site-content-layout":"default","site-content-style":"default","site-sidebar-style":"default","ast-global-header-display":"","ast-banner-title-visibility":"","ast-main-header-display":"","ast-hfb-above-header-display":"","ast-hfb-below-header-display":"","ast-hfb-mobile-header-display":"","site-post-title":"","ast-breadcrumbs-content":"","ast-featured-img":"","footer-sml-layout":"","ast-disable-related-posts":"","theme-transparent-header-meta":"default","adv-header-id-meta":"","stick-header-meta":"default","header-above-stick-meta":"","header-main-stick-meta":"","header-below-stick-meta":"","astra-migrate-meta-layouts":"set","ast-page-background-enabled":"default","ast-page-background-meta":{"desktop":{"background-color":"","background-image":"","background-repeat":"repeat","background-position":"center center","background-size":"auto","background-attachment":"scroll","background-type":"","background-media":"","overlay-type":"","overlay-color":"","overlay-opacity":"","overlay-gradient":""},"tablet":{"background-color":"","background-image":"","background-repeat":"repeat","background-position":"center center","background-size":"auto","background-attachment":"scroll","background-type":"","background-media":"","overlay-type":"","overlay-color":"","overlay-opacity":"","overlay-gradient":""},"mobile":{"background-color":"","background-image":"","background-repeat":"repeat","background-position":"center center","background-size":"auto","background-attachment":"scroll","background-type":"","background-media":"","overlay-type":"","overlay-color":"","overlay-opacity":"","overlay-gradient":""}},"ast-content-background-meta":{"desktop":{"background-color":"var(--ast-global-color-5)","background-image":"","background-repeat":"repeat","background-position":"center center","background-size":"auto","background-attachment":"scroll","background-type":"","background-media":"","overlay-type":"","overlay-color":"","overlay-opacity":"","overlay-gradient":""},"tablet":{"background-color":"var(--ast-global-color-5)","background-image":"","background-repeat":"repeat","background-position":"center center","background-size":"auto","background-attachment":"scroll","background-type":"","background-media":"","overlay-type":"","overlay-color":"","overlay-opacity":"","overlay-gradient":""},"mobile":{"background-color":"var(--ast-global-color-5)","background-image":"","background-repeat":"repeat","background-position":"center center","background-size":"auto","background-attachment":"scroll","background-type":"","background-media":"","overlay-type":"","overlay-color":"","overlay-opacity":"","overlay-gradient":""}}},"product_brand":[],"product_cat":[86],"product_tag":[],"class_list":{"0":"post-36370","1":"product","2":"type-product","3":"status-publish","4":"has-post-thumbnail","6":"product_cat-bracelet-box","7":"desktop-align-left","8":"tablet-align-left","9":"mobile-align-left","10":"ast-product-gallery-layout-horizontal","11":"ast-product-tabs-layout-horizontal","13":"first","14":"instock","15":"product-type-simple"},"_links":{"self":[{"href":"https:\/\/reanpackaging.com\/cs\/wp-json\/wp\/v2\/product\/36370","targetHints":{"allow":["GET"]}}],"collection":[{"href":"https:\/\/reanpackaging.com\/cs\/wp-json\/wp\/v2\/product"}],"about":[{"href":"https:\/\/reanpackaging.com\/cs\/wp-json\/wp\/v2\/types\/product"}],"wp:featuredmedia":[{"embeddable":true,"href":"https:\/\/reanpackaging.com\/cs\/wp-json\/wp\/v2\/media\/36212"}],"wp:attachment":[{"href":"https:\/\/reanpackaging.com\/cs\/wp-json\/wp\/v2\/media?parent=36370"}],"wp:term":[{"taxonomy":"product_brand","embeddable":true,"href":"https:\/\/reanpackaging.com\/cs\/wp-json\/wp\/v2\/product_brand?post=36370"},{"taxonomy":"product_cat","embeddable":true,"href":"https:\/\/reanpackaging.com\/cs\/wp-json\/wp\/v2\/product_cat?post=36370"},{"taxonomy":"product_tag","embeddable":true,"href":"https:\/\/reanpackaging.com\/cs\/wp-json\/wp\/v2\/product_tag?post=36370"}],"curies":[{"name":"wp","href":"https:\/\/api.w.org\/{rel}","templated":true}]}}