{"id":37882,"date":"2025-01-15T16:36:29","date_gmt":"2025-01-15T16:36:29","guid":{"rendered":"https:\/\/reanpackaging.com\/product\/custom-recyclable-luxury-mens-watch-gift-box-rigid-cardboard-packaging-paper-box-for-watch-with-pillow-internal-support-fix\/"},"modified":"2025-01-16T02:36:23","modified_gmt":"2025-01-16T02:36:23","slug":"custom-recyclable-luxury-mens-watch-gift-box-rigid-cardboard-packaging-paper-box-for-watch-with-pillow-internal-support-fix","status":"publish","type":"product","link":"https:\/\/reanpackaging.com\/cs\/produkt\/custom-recyclable-luxury-mens-watch-gift-box-rigid-cardboard-packaging-paper-box-for-watch-with-pillow-internal-support-fix\/","title":{"rendered":"Vlastn\u00ed recyklovateln\u00e9 luxusn\u00ed p\u00e1nsk\u00e9 hodinky D\u00e1rkov\u00e1 krabi\u010dka z tuh\u00e9 lepenky Balen\u00ed pap\u00edrov\u00e9 krabice pro hodinky s pol\u0161t\u00e1\u0159em Vnit\u0159n\u00ed podpora Fix"},"content":{"rendered":"<h4>Atributy specifick\u00e9 pro dan\u00e9 odv\u011btv\u00ed<\/h4>\n<table border=\"1\">\n<tbody>\n<tr>\n<td><strong>Pr\u016fmyslov\u00e9 vyu\u017eit\u00ed<\/strong><\/td>\n<td>\u0160perky &amp; hodinky &amp; br\u00fdle<\/td>\n<\/tr>\n<tr>\n<td><strong>Typ pap\u00edru<\/strong><\/td>\n<td>Karton<\/td>\n<\/tr>\n<tr>\n<td><strong>Funkce<\/strong><\/td>\n<td>Recyklovan\u00e9 materi\u00e1ly<\/td>\n<\/tr>\n<tr>\n<td><strong>typ krabice<\/strong><\/td>\n<td>Pevn\u00e9 boxy<\/td>\n<\/tr>\n<\/tbody>\n<\/table>\n<h4>Dal\u0161\u00ed atributy<\/h4>\n<table border=\"1\">\n<tbody>\n<tr>\n<td><strong>Tvar<\/strong><\/td>\n<td>P\u0159izp\u016fsoben\u00ed podle va\u0161ich po\u017eadavk\u016f<\/td>\n<\/tr>\n<tr>\n<td><strong>Manipulace s tiskem<\/strong><\/td>\n<td>Matn\u00e1 laminace, lakov\u00e1n\u00ed, ra\u017eba, reli\u00e9f, leskl\u00e1 laminace, UV povlak, VANISHING, zlat\u00e1 f\u00f3lie, vlastn\u00ed design<\/td>\n<\/tr>\n<tr>\n<td><strong>Vlastn\u00ed objedn\u00e1vka<\/strong><\/td>\n<td>P\u0159ijmout<\/td>\n<\/tr>\n<tr>\n<td><strong>N\u00e1zev produktu<\/strong><\/td>\n<td>Vlastn\u00ed hodinky D\u00e1rkov\u00e1 krabi\u010dka Balen\u00ed Box<\/td>\n<\/tr>\n<tr>\n<td><strong>Velikost<\/strong><\/td>\n<td>P\u0159izp\u016fsoben\u00e1 velikost<\/td>\n<\/tr>\n<tr>\n<td><strong>Certifik\u00e1t<\/strong><\/td>\n<td>BSCI, ISO9001, Sedex<\/td>\n<\/tr>\n<tr>\n<td><strong>Barva<\/strong><\/td>\n<td>Tisk CMYK<\/td>\n<\/tr>\n<tr>\n<td><strong>Struktura materi\u00e1lu<\/strong><\/td>\n<td>Karton<\/td>\n<\/tr>\n<tr>\n<td><strong>Logo<\/strong><\/td>\n<td>Vlastn\u00ed logo z\u00e1kazn\u00edka<\/td>\n<\/tr>\n<tr>\n<td><strong>Dokon\u010dovac\u00ed pr\u00e1ce<\/strong><\/td>\n<td>Laminov\u00e1n\u00ed, lakov\u00e1n\u00ed, ra\u017eba do f\u00f3lie<\/td>\n<\/tr>\n<tr>\n<td><strong>Typ<\/strong><\/td>\n<td>Kreativn\u00ed pap\u00edrov\u00e9 obaly<\/td>\n<\/tr>\n<tr>\n<td><strong>Polo\u017eka<\/strong><\/td>\n<td>Ru\u010dn\u00ed v\u00fdroba<\/td>\n<\/tr>\n<tr>\n<td><strong>Pr\u016fmyslov\u00e9 vyu\u017eit\u00ed<\/strong><\/td>\n<td>d\u00e1rkov\u00e9 balen\u00ed<\/td>\n<\/tr>\n<\/tbody>\n<\/table>\n<p><img decoding=\"async\" class=\"detail-desc-decorate-image\" style=\"max-width: 100%; height: auto; display: block; margin: 0 auto;\" src=\"https:\/\/reanpackaging.com\/wp-content\/uploads\/2025\/01\/1-description-Custom-Recyclable-Luxury-Mens-Watch-Gift-Box-Rigid-Cardboard-Packaging-Paper-Box-For-Watch-With-Pillow-Internal-Support-Fix.png\" \/><br \/>\n<img decoding=\"async\" class=\"detail-desc-decorate-image\" style=\"max-width: 100%; height: auto; display: block; margin: 0 auto;\" src=\"https:\/\/reanpackaging.com\/wp-content\/uploads\/2025\/01\/2-description-Custom-Recyclable-Luxury-Mens-Watch-Gift-Box-Rigid-Cardboard-Packaging-Paper-Box-For-Watch-With-Pillow-Internal-Support-Fix.png\" \/><br \/>\n<img decoding=\"async\" class=\"detail-desc-decorate-image\" style=\"max-width: 100%; height: auto; display: block; margin: 0 auto;\" src=\"https:\/\/reanpackaging.com\/wp-content\/uploads\/2025\/01\/3-description-Custom-Recyclable-Luxury-Mens-Watch-Gift-Box-Rigid-Cardboard-Packaging-Paper-Box-For-Watch-With-Pillow-Internal-Support-Fix.png\" \/><br \/>\n<img decoding=\"async\" class=\"detail-desc-decorate-image\" style=\"max-width: 100%; height: auto; display: block; margin: 0 auto;\" src=\"https:\/\/reanpackaging.com\/wp-content\/uploads\/2025\/01\/4-description-Custom-Recyclable-Luxury-Mens-Watch-Gift-Box-Rigid-Cardboard-Packaging-Paper-Box-For-Watch-With-Pillow-Internal-Support-Fix.png\" \/><br \/>\n<img decoding=\"async\" class=\"detail-desc-decorate-image\" style=\"max-width: 100%; height: auto; display: block; margin: 0 auto;\" src=\"https:\/\/reanpackaging.com\/wp-content\/uploads\/2025\/01\/5-description-Custom-Recyclable-Luxury-Mens-Watch-Gift-Box-Rigid-Cardboard-Packaging-Paper-Box-For-Watch-With-Pillow-Internal-Support-Fix.png\" \/><br \/>\n<img decoding=\"async\" class=\"detail-desc-decorate-image\" style=\"max-width: 100%; height: auto; display: block; margin: 0 auto;\" src=\"https:\/\/reanpackaging.com\/wp-content\/uploads\/2025\/01\/6-description-Custom-Recyclable-Luxury-Mens-Watch-Gift-Box-Rigid-Cardboard-Packaging-Paper-Box-For-Watch-With-Pillow-Internal-Support-Fix.png\" \/><\/p>","protected":false},"excerpt":{"rendered":"<p>Industry-Specific Attributes Industrial Use Jewelry &amp; Watch &amp; Eyewear Paper Type Paperboard Feature Recycled Materials box type Rigid Boxes Other Attributes Shape Customized according to your requirements Printing Handling Matt Lamination, Varnishing, Stamping, Embossing, Glossy Lamination, UV Coating, VANISHING, Gold Foil, Custom Design Custom Order Accept Product Name Custom Watch Gift Box Packing Box Size [&hellip;]<\/p>\n","protected":false},"featured_media":37651,"template":"","meta":{"_seopress_robots_primary_cat":"none","_seopress_titles_title":"Custom Recyclable Luxury Men's Watch Gift Box Rigid Cardboard Packaging Paper Box For Watch With Pillow Internal Support Fix","_seopress_titles_desc":"","_seopress_robots_index":"","site-sidebar-layout":"default","site-content-layout":"","ast-site-content-layout":"default","site-content-style":"default","site-sidebar-style":"default","ast-global-header-display":"","ast-banner-title-visibility":"","ast-main-header-display":"","ast-hfb-above-header-display":"","ast-hfb-below-header-display":"","ast-hfb-mobile-header-display":"","site-post-title":"","ast-breadcrumbs-content":"","ast-featured-img":"","footer-sml-layout":"","ast-disable-related-posts":"","theme-transparent-header-meta":"default","adv-header-id-meta":"","stick-header-meta":"default","header-above-stick-meta":"","header-main-stick-meta":"","header-below-stick-meta":"","astra-migrate-meta-layouts":"set","ast-page-background-enabled":"default","ast-page-background-meta":{"desktop":{"background-color":"","background-image":"","background-repeat":"repeat","background-position":"center center","background-size":"auto","background-attachment":"scroll","background-type":"","background-media":"","overlay-type":"","overlay-color":"","overlay-opacity":"","overlay-gradient":""},"tablet":{"background-color":"","background-image":"","background-repeat":"repeat","background-position":"center center","background-size":"auto","background-attachment":"scroll","background-type":"","background-media":"","overlay-type":"","overlay-color":"","overlay-opacity":"","overlay-gradient":""},"mobile":{"background-color":"","background-image":"","background-repeat":"repeat","background-position":"center center","background-size":"auto","background-attachment":"scroll","background-type":"","background-media":"","overlay-type":"","overlay-color":"","overlay-opacity":"","overlay-gradient":""}},"ast-content-background-meta":{"desktop":{"background-color":"var(--ast-global-color-5)","background-image":"","background-repeat":"repeat","background-position":"center center","background-size":"auto","background-attachment":"scroll","background-type":"","background-media":"","overlay-type":"","overlay-color":"","overlay-opacity":"","overlay-gradient":""},"tablet":{"background-color":"var(--ast-global-color-5)","background-image":"","background-repeat":"repeat","background-position":"center center","background-size":"auto","background-attachment":"scroll","background-type":"","background-media":"","overlay-type":"","overlay-color":"","overlay-opacity":"","overlay-gradient":""},"mobile":{"background-color":"var(--ast-global-color-5)","background-image":"","background-repeat":"repeat","background-position":"center center","background-size":"auto","background-attachment":"scroll","background-type":"","background-media":"","overlay-type":"","overlay-color":"","overlay-opacity":"","overlay-gradient":""}}},"product_brand":[],"product_cat":[87],"product_tag":[],"class_list":{"0":"post-37882","1":"product","2":"type-product","3":"status-publish","4":"has-post-thumbnail","6":"product_cat-watch-box","7":"desktop-align-left","8":"tablet-align-left","9":"mobile-align-left","10":"ast-product-gallery-layout-horizontal","11":"ast-product-tabs-layout-horizontal","13":"first","14":"instock","15":"product-type-simple"},"_links":{"self":[{"href":"https:\/\/reanpackaging.com\/cs\/wp-json\/wp\/v2\/product\/37882","targetHints":{"allow":["GET"]}}],"collection":[{"href":"https:\/\/reanpackaging.com\/cs\/wp-json\/wp\/v2\/product"}],"about":[{"href":"https:\/\/reanpackaging.com\/cs\/wp-json\/wp\/v2\/types\/product"}],"wp:featuredmedia":[{"embeddable":true,"href":"https:\/\/reanpackaging.com\/cs\/wp-json\/wp\/v2\/media\/37651"}],"wp:attachment":[{"href":"https:\/\/reanpackaging.com\/cs\/wp-json\/wp\/v2\/media?parent=37882"}],"wp:term":[{"taxonomy":"product_brand","embeddable":true,"href":"https:\/\/reanpackaging.com\/cs\/wp-json\/wp\/v2\/product_brand?post=37882"},{"taxonomy":"product_cat","embeddable":true,"href":"https:\/\/reanpackaging.com\/cs\/wp-json\/wp\/v2\/product_cat?post=37882"},{"taxonomy":"product_tag","embeddable":true,"href":"https:\/\/reanpackaging.com\/cs\/wp-json\/wp\/v2\/product_tag?post=37882"}],"curies":[{"name":"wp","href":"https:\/\/api.w.org\/{rel}","templated":true}]}}