{"id":37907,"date":"2025-01-15T16:37:20","date_gmt":"2025-01-15T16:37:20","guid":{"rendered":"https:\/\/reanpackaging.com\/product\/watch-packaging-plastic-gift-clamshell-watch-box-and-leather-jewelry-storage-box\/"},"modified":"2025-01-16T02:49:33","modified_gmt":"2025-01-16T02:49:33","slug":"watch-packaging-plastic-gift-clamshell-watch-box-and-leather-jewelry-storage-box","status":"publish","type":"product","link":"https:\/\/reanpackaging.com\/cs\/produkt\/watch-packaging-plastic-gift-clamshell-watch-box-and-leather-jewelry-storage-box\/","title":{"rendered":"Hodinky balen\u00ed plastov\u00fd d\u00e1rek \u0161keble hodinky box a ko\u017een\u00e9 \u0161perky skladov\u00e1n\u00ed box"},"content":{"rendered":"<h4>Atributy specifick\u00e9 pro dan\u00e9 odv\u011btv\u00ed<\/h4>\n<table border=\"1\">\n<tbody>\n<tr>\n<td><strong>Krabice a pouzdra Materi\u00e1l<\/strong><\/td>\n<td>plast<\/td>\n<\/tr>\n<\/tbody>\n<\/table>\n<h4>Dal\u0161\u00ed atributy<\/h4>\n<table border=\"1\">\n<tbody>\n<tr>\n<td><strong>N\u00e1zev produktu<\/strong><\/td>\n<td>Plastov\u00e9 kulat\u00e9 ko\u017een\u00e9 pouzdro na hodinky<\/td>\n<\/tr>\n<tr>\n<td><strong>Materi\u00e1l<\/strong><\/td>\n<td>PU k\u016f\u017ee<\/td>\n<\/tr>\n<tr>\n<td><strong>Velikost<\/strong><\/td>\n<td>10*10*7,5 cm<\/td>\n<\/tr>\n<tr>\n<td><strong>Hmotnost<\/strong><\/td>\n<td>P\u0159ibli\u017en\u011b 155g\/PCS<\/td>\n<\/tr>\n<tr>\n<td><strong>Barva<\/strong><\/td>\n<td>\u010cern\u00e1, \u010derven\u00e1, oran\u017eov\u00e1, k\u00e1vov\u00e1, modr\u00e1<\/td>\n<\/tr>\n<tr>\n<td><strong>MOQ<\/strong><\/td>\n<td>500 ks<\/td>\n<\/tr>\n<tr>\n<td><strong>Styl<\/strong><\/td>\n<td>M\u00f3da<\/td>\n<\/tr>\n<tr>\n<td><strong>Pou\u017e\u00edv\u00e1<\/strong><\/td>\n<td>D\u00e1rkov\u00e9 balen\u00ed, obecn\u00e9 balen\u00ed, balen\u00ed \u0161perk\u016f<\/td>\n<\/tr>\n<tr>\n<td><strong>Proces<\/strong><\/td>\n<td>hork\u00e1 ra\u017eba, embosov\u00e1n\u00ed<\/td>\n<\/tr>\n<tr>\n<td><strong>Pou\u017eijte<\/strong><\/td>\n<td>krabi\u010dka na hodinky \/ krabi\u010dka na sadu hodinek \/ krabi\u010dka na \u0161perky \/ d\u00e1rkov\u00e1 krabi\u010dka na balen\u00ed<\/td>\n<\/tr>\n<\/tbody>\n<\/table>\n<p><img decoding=\"async\" class=\"detail-desc-decorate-image\" style=\"max-width: 100%; height: auto; display: block; margin: 0 auto;\" src=\"https:\/\/reanpackaging.com\/wp-content\/uploads\/2025\/01\/1-description-Watch-packaging-plastic-gift-clamshell-watch-box-and-leather-jewelry-storage-box.jpg\" \/><br \/>\n<img decoding=\"async\" class=\"detail-desc-decorate-image\" style=\"max-width: 100%; height: auto; display: block; margin: 0 auto;\" src=\"https:\/\/reanpackaging.com\/wp-content\/uploads\/2025\/01\/2-description-Watch-packaging-plastic-gift-clamshell-watch-box-and-leather-jewelry-storage-box.jpg\" \/><br \/>\n<img decoding=\"async\" class=\"detail-desc-decorate-image\" style=\"max-width: 100%; height: auto; display: block; margin: 0 auto;\" src=\"https:\/\/reanpackaging.com\/wp-content\/uploads\/2025\/01\/3-description-Watch-packaging-plastic-gift-clamshell-watch-box-and-leather-jewelry-storage-box.jpg\" \/><br \/>\n<img decoding=\"async\" class=\"detail-desc-decorate-image\" style=\"max-width: 100%; height: auto; display: block; margin: 0 auto;\" src=\"https:\/\/reanpackaging.com\/wp-content\/uploads\/2025\/01\/4-description-Watch-packaging-plastic-gift-clamshell-watch-box-and-leather-jewelry-storage-box.jpg\" \/><br \/>\n<img decoding=\"async\" class=\"detail-desc-decorate-image\" style=\"max-width: 100%; height: auto; display: block; margin: 0 auto;\" src=\"https:\/\/reanpackaging.com\/wp-content\/uploads\/2025\/01\/5-description-Watch-packaging-plastic-gift-clamshell-watch-box-and-leather-jewelry-storage-box.jpg\" \/><br \/>\n<img decoding=\"async\" class=\"detail-desc-decorate-image\" style=\"max-width: 100%; height: auto; display: block; margin: 0 auto;\" src=\"https:\/\/reanpackaging.com\/wp-content\/uploads\/2025\/01\/6-description-Watch-packaging-plastic-gift-clamshell-watch-box-and-leather-jewelry-storage-box.jpg\" \/><br \/>\n<img decoding=\"async\" class=\"detail-desc-decorate-image\" style=\"max-width: 100%; height: auto; display: block; margin: 0 auto;\" src=\"https:\/\/reanpackaging.com\/wp-content\/uploads\/2025\/01\/7-description-Watch-packaging-plastic-gift-clamshell-watch-box-and-leather-jewelry-storage-box.jpg\" \/><br \/>\n<img decoding=\"async\" class=\"detail-desc-decorate-image\" style=\"max-width: 100%; height: auto; display: block; margin: 0 auto;\" src=\"https:\/\/reanpackaging.com\/wp-content\/uploads\/2025\/01\/8-description-Watch-packaging-plastic-gift-clamshell-watch-box-and-leather-jewelry-storage-box.jpg\" \/><br \/>\n<img decoding=\"async\" class=\"detail-desc-decorate-image\" style=\"max-width: 100%; height: auto; display: block; margin: 0 auto;\" src=\"https:\/\/reanpackaging.com\/wp-content\/uploads\/2025\/01\/10-description-Watch-packaging-plastic-gift-clamshell-watch-box-and-leather-jewelry-storage-box.jpg\" \/><br \/>\n<img decoding=\"async\" class=\"detail-desc-decorate-image\" style=\"max-width: 100%; height: auto; display: block; margin: 0 auto;\" src=\"https:\/\/reanpackaging.com\/wp-content\/uploads\/2025\/01\/12-description-Watch-packaging-plastic-gift-clamshell-watch-box-and-leather-jewelry-storage-box.jpg\" \/><\/p>","protected":false},"excerpt":{"rendered":"<p>Industry-Specific Attributes Boxes &amp; Cases Material plastic Other Attributes Product name Plastic round leather watch case Material PU leather Size 10*10*7.5 cm Weight About 155g\/PCS Color Black, Red, orange, Coffee, blue MOQ 500 Pcs Style Fashion Uses Gift packaging, general packaging, jewelry packaging Process hot stamping, embossing Use watch box\/watch set box\/ Jewelry box\/packaging gift [&hellip;]<\/p>\n","protected":false},"featured_media":37844,"template":"","meta":{"_seopress_robots_primary_cat":"none","_seopress_titles_title":"Watch packaging plastic gift clamshell watch box and leather jewelry storage box","_seopress_titles_desc":"","_seopress_robots_index":"","site-sidebar-layout":"default","site-content-layout":"","ast-site-content-layout":"default","site-content-style":"default","site-sidebar-style":"default","ast-global-header-display":"","ast-banner-title-visibility":"","ast-main-header-display":"","ast-hfb-above-header-display":"","ast-hfb-below-header-display":"","ast-hfb-mobile-header-display":"","site-post-title":"","ast-breadcrumbs-content":"","ast-featured-img":"","footer-sml-layout":"","ast-disable-related-posts":"","theme-transparent-header-meta":"default","adv-header-id-meta":"","stick-header-meta":"default","header-above-stick-meta":"","header-main-stick-meta":"","header-below-stick-meta":"","astra-migrate-meta-layouts":"set","ast-page-background-enabled":"default","ast-page-background-meta":{"desktop":{"background-color":"","background-image":"","background-repeat":"repeat","background-position":"center center","background-size":"auto","background-attachment":"scroll","background-type":"","background-media":"","overlay-type":"","overlay-color":"","overlay-opacity":"","overlay-gradient":""},"tablet":{"background-color":"","background-image":"","background-repeat":"repeat","background-position":"center center","background-size":"auto","background-attachment":"scroll","background-type":"","background-media":"","overlay-type":"","overlay-color":"","overlay-opacity":"","overlay-gradient":""},"mobile":{"background-color":"","background-image":"","background-repeat":"repeat","background-position":"center center","background-size":"auto","background-attachment":"scroll","background-type":"","background-media":"","overlay-type":"","overlay-color":"","overlay-opacity":"","overlay-gradient":""}},"ast-content-background-meta":{"desktop":{"background-color":"var(--ast-global-color-5)","background-image":"","background-repeat":"repeat","background-position":"center center","background-size":"auto","background-attachment":"scroll","background-type":"","background-media":"","overlay-type":"","overlay-color":"","overlay-opacity":"","overlay-gradient":""},"tablet":{"background-color":"var(--ast-global-color-5)","background-image":"","background-repeat":"repeat","background-position":"center center","background-size":"auto","background-attachment":"scroll","background-type":"","background-media":"","overlay-type":"","overlay-color":"","overlay-opacity":"","overlay-gradient":""},"mobile":{"background-color":"var(--ast-global-color-5)","background-image":"","background-repeat":"repeat","background-position":"center center","background-size":"auto","background-attachment":"scroll","background-type":"","background-media":"","overlay-type":"","overlay-color":"","overlay-opacity":"","overlay-gradient":""}}},"product_brand":[],"product_cat":[87],"product_tag":[],"class_list":{"0":"post-37907","1":"product","2":"type-product","3":"status-publish","4":"has-post-thumbnail","6":"product_cat-watch-box","7":"desktop-align-left","8":"tablet-align-left","9":"mobile-align-left","10":"ast-product-gallery-layout-horizontal","11":"ast-product-tabs-layout-horizontal","13":"first","14":"instock","15":"product-type-simple"},"_links":{"self":[{"href":"https:\/\/reanpackaging.com\/cs\/wp-json\/wp\/v2\/product\/37907","targetHints":{"allow":["GET"]}}],"collection":[{"href":"https:\/\/reanpackaging.com\/cs\/wp-json\/wp\/v2\/product"}],"about":[{"href":"https:\/\/reanpackaging.com\/cs\/wp-json\/wp\/v2\/types\/product"}],"wp:featuredmedia":[{"embeddable":true,"href":"https:\/\/reanpackaging.com\/cs\/wp-json\/wp\/v2\/media\/37844"}],"wp:attachment":[{"href":"https:\/\/reanpackaging.com\/cs\/wp-json\/wp\/v2\/media?parent=37907"}],"wp:term":[{"taxonomy":"product_brand","embeddable":true,"href":"https:\/\/reanpackaging.com\/cs\/wp-json\/wp\/v2\/product_brand?post=37907"},{"taxonomy":"product_cat","embeddable":true,"href":"https:\/\/reanpackaging.com\/cs\/wp-json\/wp\/v2\/product_cat?post=37907"},{"taxonomy":"product_tag","embeddable":true,"href":"https:\/\/reanpackaging.com\/cs\/wp-json\/wp\/v2\/product_tag?post=37907"}],"curies":[{"name":"wp","href":"https:\/\/api.w.org\/{rel}","templated":true}]}}