{"id":37919,"date":"2025-01-15T16:37:20","date_gmt":"2025-01-15T16:37:20","guid":{"rendered":"https:\/\/reanpackaging.com\/product\/new-design-in-stock-watch-box-package-various-color-mans-watch-customized-logo-packaging-boxes\/"},"modified":"2025-01-16T02:44:13","modified_gmt":"2025-01-16T02:44:13","slug":"new-design-in-stock-watch-box-package-various-color-mans-watch-customized-logo-packaging-boxes","status":"publish","type":"product","link":"https:\/\/reanpackaging.com\/cs\/produkt\/new-design-in-stock-watch-box-package-various-color-mans-watch-customized-logo-packaging-boxes\/","title":{"rendered":"nov\u00fd design Skladem hodinky Box Package r\u016fzn\u00e9 barvy p\u00e1nsk\u00e9 hodinky P\u0159izp\u016fsoben\u00e9 logo Balen\u00ed krabic"},"content":{"rendered":"<h4>Atributy specifick\u00e9 pro dan\u00e9 odv\u011btv\u00ed<\/h4>\n<table border=\"1\">\n<tbody>\n<tr>\n<td><strong>\u0160perkovnice Materi\u00e1l<\/strong><\/td>\n<td>K\u016f\u017ee<\/td>\n<\/tr>\n<\/tbody>\n<\/table>\n<h4>Dal\u0161\u00ed atributy<\/h4>\n<table border=\"1\">\n<tbody>\n<tr>\n<td><strong>velikost<\/strong><\/td>\n<td>12*12*7.5cm\/ 4.72*4.72*2.95inch<\/td>\n<\/tr>\n<tr>\n<td><strong>Barva<\/strong><\/td>\n<td>R\u016fzn\u00e9<\/td>\n<\/tr>\n<tr>\n<td><strong>Materi\u00e1l<\/strong><\/td>\n<td>PU k\u016f\u017ee<\/td>\n<\/tr>\n<tr>\n<td><strong>pou\u017eit\u00ed<\/strong><\/td>\n<td>Krabice na balen\u00ed hodinek<\/td>\n<\/tr>\n<tr>\n<td><strong>n\u00e1zev produktu<\/strong><\/td>\n<td>krabice s logem na zak\u00e1zku<\/td>\n<\/tr>\n<tr>\n<td><strong>MOQ<\/strong><\/td>\n<td>500 kus\u016f<\/td>\n<\/tr>\n<tr>\n<td><strong>tvar<\/strong><\/td>\n<td>obd\u00e9ln\u00edk<\/td>\n<\/tr>\n<tr>\n<td><strong>Logo<\/strong><\/td>\n<td>Logo z\u00e1kazn\u00edka<\/td>\n<\/tr>\n<tr>\n<td><strong>Design<\/strong><\/td>\n<td>P\u0159izp\u016fsobte si design (nab\u00eddka slu\u017eby OEM)<\/td>\n<\/tr>\n<tr>\n<td><strong>Tisk<\/strong><\/td>\n<td>S\u00edtotisk, barevn\u00fd tisk, laser, ra\u017eba atd.<\/td>\n<\/tr>\n<\/tbody>\n<\/table>\n<p><img decoding=\"async\" class=\"detail-desc-decorate-image\" style=\"max-width: 100%; height: auto; display: block; margin: 0 auto;\" src=\"https:\/\/reanpackaging.com\/wp-content\/uploads\/2025\/01\/1-description-new-design-In-Stock-watch-Box-Package-various-color-mans-watch-Customized-logo-Packaging-boxes.jpg\" \/><br \/>\n<img decoding=\"async\" class=\"detail-desc-decorate-image\" style=\"max-width: 100%; height: auto; display: block; margin: 0 auto;\" src=\"https:\/\/reanpackaging.com\/wp-content\/uploads\/2025\/01\/2-description-new-design-In-Stock-watch-Box-Package-various-color-mans-watch-Customized-logo-Packaging-boxes.jpg\" \/><br \/>\n<img decoding=\"async\" class=\"detail-desc-decorate-image\" style=\"max-width: 100%; height: auto; display: block; margin: 0 auto;\" src=\"https:\/\/reanpackaging.com\/wp-content\/uploads\/2025\/01\/3-description-new-design-In-Stock-watch-Box-Package-various-color-mans-watch-Customized-logo-Packaging-boxes.jpg\" \/><br \/>\n<img decoding=\"async\" class=\"detail-desc-decorate-image\" style=\"max-width: 100%; height: auto; display: block; margin: 0 auto;\" src=\"https:\/\/reanpackaging.com\/wp-content\/uploads\/2025\/01\/4-description-new-design-In-Stock-watch-Box-Package-various-color-mans-watch-Customized-logo-Packaging-boxes.jpg\" \/><\/p>","protected":false},"excerpt":{"rendered":"<p>Industry-Specific Attributes Jewelry Boxes Material Leather Other Attributes size 12*12*7.5cm\/ 4.72*4.72*2.95inch Color Various Material PU leather useage Watch packging box product name custom logo box MOQ 500 Pieces shape rectangle Logo Customer&#8217;s Logo Design Customize Design(offer OEM Service ) Printing Screen printing, color printing, laser, embossing, etc<\/p>","protected":false},"featured_media":37768,"template":"","meta":{"_seopress_robots_primary_cat":"none","_seopress_titles_title":"new design In Stock watch Box Package various color man's watch Customized logo Packaging boxes","_seopress_titles_desc":"","_seopress_robots_index":"","site-sidebar-layout":"default","site-content-layout":"","ast-site-content-layout":"default","site-content-style":"default","site-sidebar-style":"default","ast-global-header-display":"","ast-banner-title-visibility":"","ast-main-header-display":"","ast-hfb-above-header-display":"","ast-hfb-below-header-display":"","ast-hfb-mobile-header-display":"","site-post-title":"","ast-breadcrumbs-content":"","ast-featured-img":"","footer-sml-layout":"","ast-disable-related-posts":"","theme-transparent-header-meta":"default","adv-header-id-meta":"","stick-header-meta":"default","header-above-stick-meta":"","header-main-stick-meta":"","header-below-stick-meta":"","astra-migrate-meta-layouts":"set","ast-page-background-enabled":"default","ast-page-background-meta":{"desktop":{"background-color":"","background-image":"","background-repeat":"repeat","background-position":"center center","background-size":"auto","background-attachment":"scroll","background-type":"","background-media":"","overlay-type":"","overlay-color":"","overlay-opacity":"","overlay-gradient":""},"tablet":{"background-color":"","background-image":"","background-repeat":"repeat","background-position":"center center","background-size":"auto","background-attachment":"scroll","background-type":"","background-media":"","overlay-type":"","overlay-color":"","overlay-opacity":"","overlay-gradient":""},"mobile":{"background-color":"","background-image":"","background-repeat":"repeat","background-position":"center center","background-size":"auto","background-attachment":"scroll","background-type":"","background-media":"","overlay-type":"","overlay-color":"","overlay-opacity":"","overlay-gradient":""}},"ast-content-background-meta":{"desktop":{"background-color":"var(--ast-global-color-5)","background-image":"","background-repeat":"repeat","background-position":"center center","background-size":"auto","background-attachment":"scroll","background-type":"","background-media":"","overlay-type":"","overlay-color":"","overlay-opacity":"","overlay-gradient":""},"tablet":{"background-color":"var(--ast-global-color-5)","background-image":"","background-repeat":"repeat","background-position":"center center","background-size":"auto","background-attachment":"scroll","background-type":"","background-media":"","overlay-type":"","overlay-color":"","overlay-opacity":"","overlay-gradient":""},"mobile":{"background-color":"var(--ast-global-color-5)","background-image":"","background-repeat":"repeat","background-position":"center center","background-size":"auto","background-attachment":"scroll","background-type":"","background-media":"","overlay-type":"","overlay-color":"","overlay-opacity":"","overlay-gradient":""}}},"product_brand":[],"product_cat":[87],"product_tag":[],"class_list":{"0":"post-37919","1":"product","2":"type-product","3":"status-publish","4":"has-post-thumbnail","6":"product_cat-watch-box","7":"desktop-align-left","8":"tablet-align-left","9":"mobile-align-left","10":"ast-product-gallery-layout-horizontal","11":"ast-product-tabs-layout-horizontal","13":"first","14":"instock","15":"product-type-simple"},"_links":{"self":[{"href":"https:\/\/reanpackaging.com\/cs\/wp-json\/wp\/v2\/product\/37919","targetHints":{"allow":["GET"]}}],"collection":[{"href":"https:\/\/reanpackaging.com\/cs\/wp-json\/wp\/v2\/product"}],"about":[{"href":"https:\/\/reanpackaging.com\/cs\/wp-json\/wp\/v2\/types\/product"}],"wp:featuredmedia":[{"embeddable":true,"href":"https:\/\/reanpackaging.com\/cs\/wp-json\/wp\/v2\/media\/37768"}],"wp:attachment":[{"href":"https:\/\/reanpackaging.com\/cs\/wp-json\/wp\/v2\/media?parent=37919"}],"wp:term":[{"taxonomy":"product_brand","embeddable":true,"href":"https:\/\/reanpackaging.com\/cs\/wp-json\/wp\/v2\/product_brand?post=37919"},{"taxonomy":"product_cat","embeddable":true,"href":"https:\/\/reanpackaging.com\/cs\/wp-json\/wp\/v2\/product_cat?post=37919"},{"taxonomy":"product_tag","embeddable":true,"href":"https:\/\/reanpackaging.com\/cs\/wp-json\/wp\/v2\/product_tag?post=37919"}],"curies":[{"name":"wp","href":"https:\/\/api.w.org\/{rel}","templated":true}]}}