{"id":38945,"date":"2025-01-16T14:37:49","date_gmt":"2025-01-16T14:37:49","guid":{"rendered":"https:\/\/reanpackaging.com\/product\/custom-luxury-blooms-preserve-red-roses-flowers-packaging-black-round-box-square-tube-floral-packaging\/"},"modified":"2025-01-16T16:08:21","modified_gmt":"2025-01-16T16:08:21","slug":"custom-luxury-blooms-preserve-red-roses-flowers-packaging-black-round-box-square-tube-floral-packaging","status":"publish","type":"product","link":"https:\/\/reanpackaging.com\/cs\/produkt\/custom-luxury-blooms-preserve-red-roses-flowers-packaging-black-round-box-square-tube-floral-packaging\/","title":{"rendered":"vlastn\u00ed luxusn\u00ed kv\u011bty zachovat \u010derven\u00e9 r\u016f\u017ee kv\u011btiny balen\u00ed \u010dern\u00e9 kulat\u00e9 krabice \u010dtvercov\u00e9 trubice kv\u011btinov\u00e9 balen\u00ed"},"content":{"rendered":"<h4>Atributy specifick\u00e9 pro dan\u00e9 odv\u011btv\u00ed<\/h4>\n<table border=\"1\">\n<tbody>\n<tr>\n<td><strong>Pr\u016fmyslov\u00e9 vyu\u017eit\u00ed<\/strong><\/td>\n<td>kv\u011btiny<\/td>\n<\/tr>\n<tr>\n<td><strong>Typ pap\u00edru<\/strong><\/td>\n<td>\u0158emesln\u00fd pap\u00edr<\/td>\n<\/tr>\n<tr>\n<td><strong>Funkce<\/strong><\/td>\n<td>Biologicky odbourateln\u00e9<\/td>\n<\/tr>\n<\/tbody>\n<\/table>\n<h4>Dal\u0161\u00ed atributy<\/h4>\n<table border=\"1\">\n<tbody>\n<tr>\n<td><strong>Manipulace s tiskem<\/strong><\/td>\n<td>Reli\u00e9fn\u00ed tisk, UV lakov\u00e1n\u00ed, lakov\u00e1n\u00ed, leskl\u00e1 laminace, ra\u017eba, matn\u00e1 laminace, zlat\u00e1 f\u00f3lie<\/td>\n<\/tr>\n<tr>\n<td><strong>Velikost<\/strong><\/td>\n<td>P\u0159izp\u016fsoben\u00e1 velikost<\/td>\n<\/tr>\n<tr>\n<td><strong>Vlastn\u00ed objedn\u00e1vka<\/strong><\/td>\n<td>P\u0159ijmout<\/td>\n<\/tr>\n<tr>\n<td><strong>Pou\u017eit\u00ed<\/strong><\/td>\n<td>balen\u00ed kv\u011btin<\/td>\n<\/tr>\n<tr>\n<td><strong>Materi\u00e1l<\/strong><\/td>\n<td>Karton + um\u011bleck\u00fd pap\u00edr<\/td>\n<\/tr>\n<tr>\n<td><strong>Tvar<\/strong><\/td>\n<td>Kulat\u00fd tvar v\u00e1lce, vlastn\u00ed<\/td>\n<\/tr>\n<tr>\n<td><strong>Barva<\/strong><\/td>\n<td>CMYK, panotiskov\u00fd ofsetov\u00fd tisk<\/td>\n<\/tr>\n<tr>\n<td><strong>Logo<\/strong><\/td>\n<td>Logo z\u00e1kazn\u00edka<\/td>\n<\/tr>\n<tr>\n<td><strong>Uk\u00e1zka<\/strong><\/td>\n<td>K dispozici.b\u011bhem 3-5 dn\u016f<\/td>\n<\/tr>\n<tr>\n<td><strong>Doba realizace<\/strong><\/td>\n<td>15-25 dn\u00ed<\/td>\n<\/tr>\n<tr>\n<td><strong>Balen\u00ed<\/strong><\/td>\n<td>Standardn\u00ed karton<\/td>\n<\/tr>\n<tr>\n<td><strong>Zp\u016fsob p\u0159epravy<\/strong><\/td>\n<td>N\u00e1mo\u0159n\u00ed leteck\u00e1 vlakov\u00e1 p\u0159eprava<\/td>\n<\/tr>\n<\/tbody>\n<\/table>\n<p><img decoding=\"async\" class=\"detail-desc-decorate-image\" style=\"max-width: 100%; height: auto; display: block; margin: 0 auto;\" src=\"https:\/\/reanpackaging.com\/wp-content\/uploads\/2025\/01\/1-description-custom-luxury-blooms-preserve-red-roses-flowers-packaging-black-round-box-square-tube-floral-packaging.jpg\" \/><br \/>\n<img decoding=\"async\" class=\"detail-desc-decorate-image\" style=\"max-width: 100%; height: auto; display: block; margin: 0 auto;\" src=\"https:\/\/reanpackaging.com\/wp-content\/uploads\/2025\/01\/2-description-custom-luxury-blooms-preserve-red-roses-flowers-packaging-black-round-box-square-tube-floral-packaging.jpg\" \/><br \/>\n<img decoding=\"async\" class=\"detail-desc-decorate-image\" style=\"max-width: 100%; height: auto; display: block; margin: 0 auto;\" src=\"https:\/\/reanpackaging.com\/wp-content\/uploads\/2025\/01\/3-description-custom-luxury-blooms-preserve-red-roses-flowers-packaging-black-round-box-square-tube-floral-packaging.jpg\" \/><br \/>\n<img decoding=\"async\" class=\"detail-desc-decorate-image\" style=\"max-width: 100%; height: auto; display: block; margin: 0 auto;\" src=\"https:\/\/reanpackaging.com\/wp-content\/uploads\/2025\/01\/4-description-custom-luxury-blooms-preserve-red-roses-flowers-packaging-black-round-box-square-tube-floral-packaging.jpg\" \/><br \/>\n<img decoding=\"async\" class=\"detail-desc-decorate-image\" style=\"max-width: 100%; height: auto; display: block; margin: 0 auto;\" src=\"https:\/\/reanpackaging.com\/wp-content\/uploads\/2025\/01\/5-description-custom-luxury-blooms-preserve-red-roses-flowers-packaging-black-round-box-square-tube-floral-packaging.jpg\" \/><\/p>","protected":false},"excerpt":{"rendered":"<p>Industry-Specific Attributes Industrial Use flowers Paper Type Craft Paper Feature Bio-degradable Other Attributes Printing Handling Embossing, UV Coating, Varnishing, Glossy Lamination, Stamping, Matt Lamination, Gold Foil Size Customized size Custom Order Accept Usage flowers packaging Material Cardboard + Art Paper Shape Round Cylinder Shape,custom Color CMYK,Panotne Offset Printing Logo Customer&#8217;s Logo Sample Available.within 3-5 Days [&hellip;]<\/p>\n","protected":false},"featured_media":38608,"template":"","meta":{"_seopress_robots_primary_cat":"none","_seopress_titles_title":"custom luxury blooms preserve red roses flowers packaging black round box square tube floral packaging","_seopress_titles_desc":"","_seopress_robots_index":"","site-sidebar-layout":"default","site-content-layout":"","ast-site-content-layout":"default","site-content-style":"default","site-sidebar-style":"default","ast-global-header-display":"","ast-banner-title-visibility":"","ast-main-header-display":"","ast-hfb-above-header-display":"","ast-hfb-below-header-display":"","ast-hfb-mobile-header-display":"","site-post-title":"","ast-breadcrumbs-content":"","ast-featured-img":"","footer-sml-layout":"","ast-disable-related-posts":"","theme-transparent-header-meta":"default","adv-header-id-meta":"","stick-header-meta":"default","header-above-stick-meta":"","header-main-stick-meta":"","header-below-stick-meta":"","astra-migrate-meta-layouts":"set","ast-page-background-enabled":"default","ast-page-background-meta":{"desktop":{"background-color":"","background-image":"","background-repeat":"repeat","background-position":"center center","background-size":"auto","background-attachment":"scroll","background-type":"","background-media":"","overlay-type":"","overlay-color":"","overlay-opacity":"","overlay-gradient":""},"tablet":{"background-color":"","background-image":"","background-repeat":"repeat","background-position":"center center","background-size":"auto","background-attachment":"scroll","background-type":"","background-media":"","overlay-type":"","overlay-color":"","overlay-opacity":"","overlay-gradient":""},"mobile":{"background-color":"","background-image":"","background-repeat":"repeat","background-position":"center center","background-size":"auto","background-attachment":"scroll","background-type":"","background-media":"","overlay-type":"","overlay-color":"","overlay-opacity":"","overlay-gradient":""}},"ast-content-background-meta":{"desktop":{"background-color":"var(--ast-global-color-5)","background-image":"","background-repeat":"repeat","background-position":"center center","background-size":"auto","background-attachment":"scroll","background-type":"","background-media":"","overlay-type":"","overlay-color":"","overlay-opacity":"","overlay-gradient":""},"tablet":{"background-color":"var(--ast-global-color-5)","background-image":"","background-repeat":"repeat","background-position":"center center","background-size":"auto","background-attachment":"scroll","background-type":"","background-media":"","overlay-type":"","overlay-color":"","overlay-opacity":"","overlay-gradient":""},"mobile":{"background-color":"var(--ast-global-color-5)","background-image":"","background-repeat":"repeat","background-position":"center center","background-size":"auto","background-attachment":"scroll","background-type":"","background-media":"","overlay-type":"","overlay-color":"","overlay-opacity":"","overlay-gradient":""}}},"product_brand":[],"product_cat":[88],"product_tag":[],"class_list":{"0":"post-38945","1":"product","2":"type-product","3":"status-publish","4":"has-post-thumbnail","6":"product_cat-round-gift-boxes","7":"desktop-align-left","8":"tablet-align-left","9":"mobile-align-left","10":"ast-product-gallery-layout-horizontal","11":"ast-product-tabs-layout-horizontal","13":"first","14":"instock","15":"product-type-simple"},"_links":{"self":[{"href":"https:\/\/reanpackaging.com\/cs\/wp-json\/wp\/v2\/product\/38945","targetHints":{"allow":["GET"]}}],"collection":[{"href":"https:\/\/reanpackaging.com\/cs\/wp-json\/wp\/v2\/product"}],"about":[{"href":"https:\/\/reanpackaging.com\/cs\/wp-json\/wp\/v2\/types\/product"}],"wp:featuredmedia":[{"embeddable":true,"href":"https:\/\/reanpackaging.com\/cs\/wp-json\/wp\/v2\/media\/38608"}],"wp:attachment":[{"href":"https:\/\/reanpackaging.com\/cs\/wp-json\/wp\/v2\/media?parent=38945"}],"wp:term":[{"taxonomy":"product_brand","embeddable":true,"href":"https:\/\/reanpackaging.com\/cs\/wp-json\/wp\/v2\/product_brand?post=38945"},{"taxonomy":"product_cat","embeddable":true,"href":"https:\/\/reanpackaging.com\/cs\/wp-json\/wp\/v2\/product_cat?post=38945"},{"taxonomy":"product_tag","embeddable":true,"href":"https:\/\/reanpackaging.com\/cs\/wp-json\/wp\/v2\/product_tag?post=38945"}],"curies":[{"name":"wp","href":"https:\/\/api.w.org\/{rel}","templated":true}]}}