{"id":38971,"date":"2025-01-16T14:38:37","date_gmt":"2025-01-16T14:38:37","guid":{"rendered":"https:\/\/reanpackaging.com\/product\/soap-dish-gift-tube-boxes-wholesale-round-flower-makeup-paperboard-ribbon-box-custom-hot-stamping-book-shape-gift-box-for-accept\/"},"modified":"2025-01-16T16:24:32","modified_gmt":"2025-01-16T16:24:32","slug":"soap-dish-gift-tube-boxes-wholesale-round-flower-makeup-paperboard-ribbon-box-custom-hot-stamping-book-shape-gift-box-for-accept","status":"publish","type":"product","link":"https:\/\/reanpackaging.com\/cs\/produkt\/soap-dish-gift-tube-boxes-wholesale-round-flower-makeup-paperboard-ribbon-box-custom-hot-stamping-book-shape-gift-box-for-accept\/","title":{"rendered":"M\u00fddlov\u00e1 m\u00edsa D\u00e1rkov\u00e9 krabice velkoobchodn\u00ed kulat\u00e9 kv\u011btinov\u00e9 make-up kartonov\u00e9 stuhy Box Custom Hot Stamping Book Shape D\u00e1rkov\u00e1 krabi\u010dka pro p\u0159ijet\u00ed"},"content":{"rendered":"<h4>Atributy specifick\u00e9 pro dan\u00e9 odv\u011btv\u00ed<\/h4>\n<table border=\"1\">\n<tbody>\n<tr>\n<td><strong>Pr\u016fmyslov\u00e9 vyu\u017eit\u00ed<\/strong><\/td>\n<td>D\u00e1rky a \u0159emesla<\/td>\n<\/tr>\n<tr>\n<td><strong>Typ pap\u00edru<\/strong><\/td>\n<td>Karton<\/td>\n<\/tr>\n<tr>\n<td><strong>Funkce<\/strong><\/td>\n<td>Recyklovateln\u00e9, Ru\u010dn\u00ed v\u00fdroba, M\u00f3dn\u00ed trend<\/td>\n<\/tr>\n<tr>\n<td><strong>typ krabice<\/strong><\/td>\n<td>Box na trubky<\/td>\n<\/tr>\n<\/tbody>\n<\/table>\n<h4>Dal\u0161\u00ed atributy<\/h4>\n<table border=\"1\">\n<tbody>\n<tr>\n<td><strong>Tvar<\/strong><\/td>\n<td>TUBE<\/td>\n<\/tr>\n<tr>\n<td><strong>Manipulace s tiskem<\/strong><\/td>\n<td>Hlubotisk, TEXTUROV\u00c1N\u00cd, GL\u0130TTER, LASEROV\u00c9 \u0158EZ\u00c1N\u00cd, bronzov\u00e1n\u00ed, UV tisk, st\u0159\u00edbrn\u00e1 f\u00f3lie, matn\u00e9 laminov\u00e1n\u00ed, lakov\u00e1n\u00ed, ra\u017eba, reli\u00e9fn\u00ed tisk, leskl\u00e9 laminov\u00e1n\u00ed, UV potahov\u00e1n\u00ed, zlat\u00e1 f\u00f3lie<\/td>\n<\/tr>\n<tr>\n<td><strong>Vlastn\u00ed objedn\u00e1vka<\/strong><\/td>\n<td>P\u0159ijmout<\/td>\n<\/tr>\n<tr>\n<td><strong>P\u0159\u00edslu\u0161enstv\u00ed<\/strong><\/td>\n<td>Stuha, rukoje\u0165<\/td>\n<\/tr>\n<tr>\n<td><strong>Typ vlo\u017eky<\/strong><\/td>\n<td>Karton, kraftov\u00e1 vlnit\u00e1 lepenka<\/td>\n<\/tr>\n<tr>\n<td><strong>N\u00e1zev produktu<\/strong><\/td>\n<td>V\u00e1lcov\u00e9 krabice na makar\u00f3ny<\/td>\n<\/tr>\n<tr>\n<td><strong>Materi\u00e1l<\/strong><\/td>\n<td>Karton<\/td>\n<\/tr>\n<tr>\n<td><strong>Velikost<\/strong><\/td>\n<td>P\u0159ijmout na zak\u00e1zku<\/td>\n<\/tr>\n<tr>\n<td><strong>Barva<\/strong><\/td>\n<td>P\u0159izp\u016fsoben\u00e1 barva<\/td>\n<\/tr>\n<tr>\n<td><strong>Aplikace<\/strong><\/td>\n<td>Kv\u011btina, sv\u00e1te\u010dn\u00ed d\u00e1rek, svatebn\u00ed v\u00fdslu\u017eky, v\u00e1no\u010dn\u00ed krabi\u010dka<\/td>\n<\/tr>\n<tr>\n<td><strong>OEM\/ODM<\/strong><\/td>\n<td>OEM ODM Availalble<\/td>\n<\/tr>\n<\/tbody>\n<\/table>\n<p><img decoding=\"async\" class=\"detail-desc-decorate-image\" style=\"max-width: 100%; height: auto; display: block; margin: 0 auto;\" src=\"https:\/\/reanpackaging.com\/wp-content\/uploads\/2025\/01\/1-description-Soap-Dish-Gift-Tube-Boxes-Wholesale-Round-Flower-Makeup-Paperboard-Ribbon-Box-Custom-Hot-Stamping-Book-Shape-Gift-Box-for-Accept.jpg\" \/><br \/>\n<img decoding=\"async\" class=\"detail-desc-decorate-image\" style=\"max-width: 100%; height: auto; display: block; margin: 0 auto;\" src=\"https:\/\/reanpackaging.com\/wp-content\/uploads\/2025\/01\/2-description-Soap-Dish-Gift-Tube-Boxes-Wholesale-Round-Flower-Makeup-Paperboard-Ribbon-Box-Custom-Hot-Stamping-Book-Shape-Gift-Box-for-Accept.jpg\" \/><br \/>\n<img decoding=\"async\" class=\"detail-desc-decorate-image\" style=\"max-width: 100%; height: auto; display: block; margin: 0 auto;\" src=\"https:\/\/reanpackaging.com\/wp-content\/uploads\/2025\/01\/3-description-Soap-Dish-Gift-Tube-Boxes-Wholesale-Round-Flower-Makeup-Paperboard-Ribbon-Box-Custom-Hot-Stamping-Book-Shape-Gift-Box-for-Accept.jpg\" \/><br \/>\n<img decoding=\"async\" class=\"detail-desc-decorate-image\" style=\"max-width: 100%; height: auto; display: block; margin: 0 auto;\" src=\"https:\/\/reanpackaging.com\/wp-content\/uploads\/2025\/01\/4-description-Soap-Dish-Gift-Tube-Boxes-Wholesale-Round-Flower-Makeup-Paperboard-Ribbon-Box-Custom-Hot-Stamping-Book-Shape-Gift-Box-for-Accept.jpg\" \/><br \/>\n<img decoding=\"async\" class=\"detail-desc-decorate-image\" style=\"max-width: 100%; height: auto; display: block; margin: 0 auto;\" src=\"https:\/\/reanpackaging.com\/wp-content\/uploads\/2025\/01\/5-description-Soap-Dish-Gift-Tube-Boxes-Wholesale-Round-Flower-Makeup-Paperboard-Ribbon-Box-Custom-Hot-Stamping-Book-Shape-Gift-Box-for-Accept.jpg\" \/><br \/>\n<img decoding=\"async\" class=\"detail-desc-decorate-image\" style=\"max-width: 100%; height: auto; display: block; margin: 0 auto;\" src=\"https:\/\/reanpackaging.com\/wp-content\/uploads\/2025\/01\/6-description-Soap-Dish-Gift-Tube-Boxes-Wholesale-Round-Flower-Makeup-Paperboard-Ribbon-Box-Custom-Hot-Stamping-Book-Shape-Gift-Box-for-Accept.jpg\" \/><br \/>\n<img decoding=\"async\" class=\"detail-desc-decorate-image\" style=\"max-width: 100%; height: auto; display: block; margin: 0 auto;\" src=\"https:\/\/reanpackaging.com\/wp-content\/uploads\/2025\/01\/7-description-Soap-Dish-Gift-Tube-Boxes-Wholesale-Round-Flower-Makeup-Paperboard-Ribbon-Box-Custom-Hot-Stamping-Book-Shape-Gift-Box-for-Accept.jpg\" \/><br \/>\n<img decoding=\"async\" class=\"detail-desc-decorate-image\" style=\"max-width: 100%; height: auto; display: block; margin: 0 auto;\" src=\"https:\/\/reanpackaging.com\/wp-content\/uploads\/2025\/01\/8-description-Soap-Dish-Gift-Tube-Boxes-Wholesale-Round-Flower-Makeup-Paperboard-Ribbon-Box-Custom-Hot-Stamping-Book-Shape-Gift-Box-for-Accept.jpg\" \/><br \/>\n<img decoding=\"async\" class=\"detail-desc-decorate-image\" style=\"max-width: 100%; height: auto; display: block; margin: 0 auto;\" src=\"https:\/\/reanpackaging.com\/wp-content\/uploads\/2025\/01\/9-description-Soap-Dish-Gift-Tube-Boxes-Wholesale-Round-Flower-Makeup-Paperboard-Ribbon-Box-Custom-Hot-Stamping-Book-Shape-Gift-Box-for-Accept.jpg\" \/><\/p>","protected":false},"excerpt":{"rendered":"<p>Industry-Specific Attributes Industrial Use Gift &amp; Craft Paper Type Paperboard Feature Recyclable, Handmade, Fashion Trend box type Tube Box Other Attributes Shape TUBE Printing Handling Gravure printing, TEXTURED, GL\u0130TTER, LASER CUTTING, Bronzing, UV printing, silver foil, Matt Lamination, Varnishing, Stamping, Embossing, Glossy Lamination, UV Coating, Gold Foil Custom Order Accept Accessories Ribbon, Handle Liner type [&hellip;]<\/p>\n","protected":false},"featured_media":38861,"template":"","meta":{"_seopress_robots_primary_cat":"none","_seopress_titles_title":"Soap Dish Gift Tube Boxes Wholesale Round Flower Makeup Paperboard Ribbon Box Custom Hot Stamping Book Shape Gift Box for Accept","_seopress_titles_desc":"","_seopress_robots_index":"","site-sidebar-layout":"default","site-content-layout":"","ast-site-content-layout":"default","site-content-style":"default","site-sidebar-style":"default","ast-global-header-display":"","ast-banner-title-visibility":"","ast-main-header-display":"","ast-hfb-above-header-display":"","ast-hfb-below-header-display":"","ast-hfb-mobile-header-display":"","site-post-title":"","ast-breadcrumbs-content":"","ast-featured-img":"","footer-sml-layout":"","ast-disable-related-posts":"","theme-transparent-header-meta":"default","adv-header-id-meta":"","stick-header-meta":"default","header-above-stick-meta":"","header-main-stick-meta":"","header-below-stick-meta":"","astra-migrate-meta-layouts":"set","ast-page-background-enabled":"default","ast-page-background-meta":{"desktop":{"background-color":"","background-image":"","background-repeat":"repeat","background-position":"center center","background-size":"auto","background-attachment":"scroll","background-type":"","background-media":"","overlay-type":"","overlay-color":"","overlay-opacity":"","overlay-gradient":""},"tablet":{"background-color":"","background-image":"","background-repeat":"repeat","background-position":"center center","background-size":"auto","background-attachment":"scroll","background-type":"","background-media":"","overlay-type":"","overlay-color":"","overlay-opacity":"","overlay-gradient":""},"mobile":{"background-color":"","background-image":"","background-repeat":"repeat","background-position":"center center","background-size":"auto","background-attachment":"scroll","background-type":"","background-media":"","overlay-type":"","overlay-color":"","overlay-opacity":"","overlay-gradient":""}},"ast-content-background-meta":{"desktop":{"background-color":"var(--ast-global-color-5)","background-image":"","background-repeat":"repeat","background-position":"center center","background-size":"auto","background-attachment":"scroll","background-type":"","background-media":"","overlay-type":"","overlay-color":"","overlay-opacity":"","overlay-gradient":""},"tablet":{"background-color":"var(--ast-global-color-5)","background-image":"","background-repeat":"repeat","background-position":"center center","background-size":"auto","background-attachment":"scroll","background-type":"","background-media":"","overlay-type":"","overlay-color":"","overlay-opacity":"","overlay-gradient":""},"mobile":{"background-color":"var(--ast-global-color-5)","background-image":"","background-repeat":"repeat","background-position":"center center","background-size":"auto","background-attachment":"scroll","background-type":"","background-media":"","overlay-type":"","overlay-color":"","overlay-opacity":"","overlay-gradient":""}}},"product_brand":[],"product_cat":[88],"product_tag":[],"class_list":{"0":"post-38971","1":"product","2":"type-product","3":"status-publish","4":"has-post-thumbnail","6":"product_cat-round-gift-boxes","7":"desktop-align-left","8":"tablet-align-left","9":"mobile-align-left","10":"ast-product-gallery-layout-horizontal","11":"ast-product-tabs-layout-horizontal","13":"first","14":"instock","15":"product-type-simple"},"_links":{"self":[{"href":"https:\/\/reanpackaging.com\/cs\/wp-json\/wp\/v2\/product\/38971","targetHints":{"allow":["GET"]}}],"collection":[{"href":"https:\/\/reanpackaging.com\/cs\/wp-json\/wp\/v2\/product"}],"about":[{"href":"https:\/\/reanpackaging.com\/cs\/wp-json\/wp\/v2\/types\/product"}],"wp:featuredmedia":[{"embeddable":true,"href":"https:\/\/reanpackaging.com\/cs\/wp-json\/wp\/v2\/media\/38861"}],"wp:attachment":[{"href":"https:\/\/reanpackaging.com\/cs\/wp-json\/wp\/v2\/media?parent=38971"}],"wp:term":[{"taxonomy":"product_brand","embeddable":true,"href":"https:\/\/reanpackaging.com\/cs\/wp-json\/wp\/v2\/product_brand?post=38971"},{"taxonomy":"product_cat","embeddable":true,"href":"https:\/\/reanpackaging.com\/cs\/wp-json\/wp\/v2\/product_cat?post=38971"},{"taxonomy":"product_tag","embeddable":true,"href":"https:\/\/reanpackaging.com\/cs\/wp-json\/wp\/v2\/product_tag?post=38971"}],"curies":[{"name":"wp","href":"https:\/\/api.w.org\/{rel}","templated":true}]}}