{"id":38990,"date":"2025-01-16T14:39:27","date_gmt":"2025-01-16T14:39:27","guid":{"rendered":"https:\/\/reanpackaging.com\/product\/custom-round-flowers-gift-paper-hat-boxes-for-bouquet-roses-packaging\/"},"modified":"2025-01-16T16:08:58","modified_gmt":"2025-01-16T16:08:58","slug":"custom-round-flowers-gift-paper-hat-boxes-for-bouquet-roses-packaging","status":"publish","type":"product","link":"https:\/\/reanpackaging.com\/cs\/produkt\/custom-round-flowers-gift-paper-hat-boxes-for-bouquet-roses-packaging\/","title":{"rendered":"Vlastn\u00ed kulat\u00e9 kv\u011btiny d\u00e1rkov\u00e9 pap\u00edrov\u00e9 krabice pro balen\u00ed kytic r\u016f\u017e\u00ed"},"content":{"rendered":"<h4>Atributy specifick\u00e9 pro dan\u00e9 odv\u011btv\u00ed<\/h4>\n<table border=\"1\">\n<tbody>\n<tr>\n<td><strong>Pr\u016fmyslov\u00e9 vyu\u017eit\u00ed<\/strong><\/td>\n<td>Balen\u00ed kv\u011btin<\/td>\n<\/tr>\n<tr>\n<td><strong>Typ pap\u00edru<\/strong><\/td>\n<td>Karton<\/td>\n<\/tr>\n<tr>\n<td><strong>Funkce<\/strong><\/td>\n<td>Ru\u010dn\u00ed v\u00fdroba<\/td>\n<\/tr>\n<tr>\n<td><strong>typ krabice<\/strong><\/td>\n<td>Pevn\u00e9 boxy<\/td>\n<\/tr>\n<\/tbody>\n<\/table>\n<h4>Dal\u0161\u00ed atributy<\/h4>\n<table border=\"1\">\n<tbody>\n<tr>\n<td><strong>Tvar<\/strong><\/td>\n<td>Kulat\u00fd tvar; nebo \u010dtverec \u010di srdce<\/td>\n<\/tr>\n<tr>\n<td><strong>Manipulace s tiskem<\/strong><\/td>\n<td>Matn\u00e1 laminace, UV povlak, zak\u00e1zkov\u00e1 v\u00fdroba<\/td>\n<\/tr>\n<tr>\n<td><strong>Vlastn\u00ed objedn\u00e1vka<\/strong><\/td>\n<td>P\u0159ijmout<\/td>\n<\/tr>\n<tr>\n<td><strong>Tisk loga<\/strong><\/td>\n<td>OEM\/ODM (na zak\u00e1zku)<\/td>\n<\/tr>\n<tr>\n<td><strong>P\u0159\u00edslu\u0161enstv\u00ed<\/strong><\/td>\n<td>Rukoje\u0165, o\u010dka<\/td>\n<\/tr>\n<tr>\n<td><strong>N\u00e1zev produktu<\/strong><\/td>\n<td>Vlastn\u00ed kulat\u00e9 kv\u011btiny d\u00e1rkov\u00e9 pap\u00edrov\u00e9 krabice pro balen\u00ed kytic r\u016f\u017e\u00ed<\/td>\n<\/tr>\n<tr>\n<td><strong>Tvar<\/strong><\/td>\n<td>Kulat\u00fd tvar; nebo \u010dtverec \u010di srdce<\/td>\n<\/tr>\n<tr>\n<td><strong>P\u0159izp\u016fsoben\u00fd vzorek<\/strong><\/td>\n<td>Vzorek zdarma (n\u00e1klady na vzorek 100% se vr\u00e1t\u00ed v hromadn\u00e9 objedn\u00e1vce)<\/td>\n<\/tr>\n<tr>\n<td><strong>P\u0159izp\u016fsoben\u00e1 velikost<\/strong><\/td>\n<td>P\u0159ijateln\u00e9<\/td>\n<\/tr>\n<tr>\n<td><strong>Logo<\/strong><\/td>\n<td>OEM nebo ODM (na zak\u00e1zku)<\/td>\n<\/tr>\n<tr>\n<td><strong>Barva<\/strong><\/td>\n<td>Pantone nebo na m\u00edru<\/td>\n<\/tr>\n<tr>\n<td><strong>Materi\u00e1ly<\/strong><\/td>\n<td>K\u0159\u00eddov\u00fd pap\u00edr, lepenka, CCNB<\/td>\n<\/tr>\n<tr>\n<td><strong>Postup<\/strong><\/td>\n<td>Tisk, laminov\u00e1n\u00ed, lepen\u00ed, ru\u010dn\u00ed v\u00fdroba<\/td>\n<\/tr>\n<tr>\n<td><strong>Minim\u00e1ln\u00ed hodnota objedn\u00e1vky<\/strong><\/td>\n<td>500ks na velikost<\/td>\n<\/tr>\n<tr>\n<td><strong>Dal\u0161\u00ed p\u0159\u00edslu\u0161enstv\u00ed k obal\u016fm<\/strong><\/td>\n<td>PE p\u011bna; plastov\u00e1 vlo\u017eka + foralov\u00e1 p\u011bna; sat\u00e9nov\u00e1 stuha; hedv\u00e1bn\u00fd\/balic\u00ed pap\u00edr<\/td>\n<\/tr>\n<\/tbody>\n<\/table>\n<p>&nbsp;<\/p>","protected":false},"excerpt":{"rendered":"<p>Industry-Specific Attributes Industrial Use Flower packaging Paper Type Paperboard Feature Handmade box type Rigid Boxes Other Attributes Shape Round Shape; or Square or Heart Printing Handling Matt Lamination, UV Coating, Custom Custom Order Accept Logo printing OEM\/ODM (Custom) Accessories Handle, Eyelets Product Name Custom round flowers gift paper hat boxes for bouquet roses packaging Shape [&hellip;]<\/p>\n","protected":false},"featured_media":38620,"template":"","meta":{"_seopress_robots_primary_cat":"none","_seopress_titles_title":"Custom round flowers gift paper hat boxes for bouquet roses packaging","_seopress_titles_desc":"","_seopress_robots_index":"","site-sidebar-layout":"default","site-content-layout":"","ast-site-content-layout":"default","site-content-style":"default","site-sidebar-style":"default","ast-global-header-display":"","ast-banner-title-visibility":"","ast-main-header-display":"","ast-hfb-above-header-display":"","ast-hfb-below-header-display":"","ast-hfb-mobile-header-display":"","site-post-title":"","ast-breadcrumbs-content":"","ast-featured-img":"","footer-sml-layout":"","ast-disable-related-posts":"","theme-transparent-header-meta":"default","adv-header-id-meta":"","stick-header-meta":"default","header-above-stick-meta":"","header-main-stick-meta":"","header-below-stick-meta":"","astra-migrate-meta-layouts":"set","ast-page-background-enabled":"default","ast-page-background-meta":{"desktop":{"background-color":"","background-image":"","background-repeat":"repeat","background-position":"center center","background-size":"auto","background-attachment":"scroll","background-type":"","background-media":"","overlay-type":"","overlay-color":"","overlay-opacity":"","overlay-gradient":""},"tablet":{"background-color":"","background-image":"","background-repeat":"repeat","background-position":"center center","background-size":"auto","background-attachment":"scroll","background-type":"","background-media":"","overlay-type":"","overlay-color":"","overlay-opacity":"","overlay-gradient":""},"mobile":{"background-color":"","background-image":"","background-repeat":"repeat","background-position":"center center","background-size":"auto","background-attachment":"scroll","background-type":"","background-media":"","overlay-type":"","overlay-color":"","overlay-opacity":"","overlay-gradient":""}},"ast-content-background-meta":{"desktop":{"background-color":"var(--ast-global-color-5)","background-image":"","background-repeat":"repeat","background-position":"center center","background-size":"auto","background-attachment":"scroll","background-type":"","background-media":"","overlay-type":"","overlay-color":"","overlay-opacity":"","overlay-gradient":""},"tablet":{"background-color":"var(--ast-global-color-5)","background-image":"","background-repeat":"repeat","background-position":"center center","background-size":"auto","background-attachment":"scroll","background-type":"","background-media":"","overlay-type":"","overlay-color":"","overlay-opacity":"","overlay-gradient":""},"mobile":{"background-color":"var(--ast-global-color-5)","background-image":"","background-repeat":"repeat","background-position":"center center","background-size":"auto","background-attachment":"scroll","background-type":"","background-media":"","overlay-type":"","overlay-color":"","overlay-opacity":"","overlay-gradient":""}}},"product_brand":[],"product_cat":[88],"product_tag":[],"class_list":{"0":"post-38990","1":"product","2":"type-product","3":"status-publish","4":"has-post-thumbnail","6":"product_cat-round-gift-boxes","7":"desktop-align-left","8":"tablet-align-left","9":"mobile-align-left","10":"ast-product-gallery-layout-horizontal","11":"ast-product-tabs-layout-horizontal","13":"first","14":"instock","15":"product-type-simple"},"_links":{"self":[{"href":"https:\/\/reanpackaging.com\/cs\/wp-json\/wp\/v2\/product\/38990","targetHints":{"allow":["GET"]}}],"collection":[{"href":"https:\/\/reanpackaging.com\/cs\/wp-json\/wp\/v2\/product"}],"about":[{"href":"https:\/\/reanpackaging.com\/cs\/wp-json\/wp\/v2\/types\/product"}],"wp:featuredmedia":[{"embeddable":true,"href":"https:\/\/reanpackaging.com\/cs\/wp-json\/wp\/v2\/media\/38620"}],"wp:attachment":[{"href":"https:\/\/reanpackaging.com\/cs\/wp-json\/wp\/v2\/media?parent=38990"}],"wp:term":[{"taxonomy":"product_brand","embeddable":true,"href":"https:\/\/reanpackaging.com\/cs\/wp-json\/wp\/v2\/product_brand?post=38990"},{"taxonomy":"product_cat","embeddable":true,"href":"https:\/\/reanpackaging.com\/cs\/wp-json\/wp\/v2\/product_cat?post=38990"},{"taxonomy":"product_tag","embeddable":true,"href":"https:\/\/reanpackaging.com\/cs\/wp-json\/wp\/v2\/product_tag?post=38990"}],"curies":[{"name":"wp","href":"https:\/\/api.w.org\/{rel}","templated":true}]}}