{"id":38995,"date":"2025-01-16T14:39:27","date_gmt":"2025-01-16T14:39:27","guid":{"rendered":"https:\/\/reanpackaging.com\/product\/valentines-day-gifts-idea-luxury-round-preserved-real-red-rose-flower-box-eternal-forever-rose-in-box-gifts-for-women-girl\/"},"modified":"2025-01-16T16:26:13","modified_gmt":"2025-01-16T16:26:13","slug":"valentines-day-gifts-idea-luxury-round-preserved-real-red-rose-flower-box-eternal-forever-rose-in-box-gifts-for-women-girl","status":"publish","type":"product","link":"https:\/\/reanpackaging.com\/cs\/produkt\/valentines-day-gifts-idea-luxury-round-preserved-real-red-rose-flower-box-eternal-forever-rose-in-box-gifts-for-women-girl\/","title":{"rendered":"Valent\u00fdnsk\u00e9 d\u00e1rky n\u00e1pad Luxusn\u00ed kulat\u00e9 konzervovan\u00e9 skute\u010dn\u00e9 \u010derven\u00e9 r\u016f\u017ee Kv\u011btinov\u00e1 krabice V\u011b\u010dn\u00e1 nav\u017edy r\u016f\u017ee v krabici D\u00e1rky pro \u017eeny D\u00edvka"},"content":{"rendered":"<h4>Atributy specifick\u00e9 pro dan\u00e9 odv\u011btv\u00ed<\/h4>\n<table border=\"1\">\n<tbody>\n<tr>\n<td><strong>Velikost<\/strong><\/td>\n<td>4 velikosti, kter\u00e9 si m\u016f\u017eete vybrat<\/td>\n<\/tr>\n<tr>\n<td><strong>Materi\u00e1l<\/strong><\/td>\n<td>skute\u010dn\u00e1 r\u016f\u017ee<\/td>\n<\/tr>\n<\/tbody>\n<\/table>\n<h4>Dal\u0161\u00ed atributy<\/h4>\n<table border=\"1\">\n<tbody>\n<tr>\n<td><strong>M\u00edsto p\u016fvodu<\/strong><\/td>\n<td>Zhejiang, \u010c\u00edna<\/td>\n<\/tr>\n<tr>\n<td><strong>P\u0159\u00edle\u017eitost<\/strong><\/td>\n<td>Den matek, Nov\u00fd rok, Den d\u00edk\u016fvzd\u00e1n\u00ed, V\u00e1noce, Valent\u00fdn<\/td>\n<\/tr>\n<tr>\n<td><strong>Velikost<\/strong><\/td>\n<td>6cm*7cm\/14cm*13.5cm\/20cm*21cm\/24cm*23cm<\/td>\n<\/tr>\n<tr>\n<td><strong>Barva r\u016f\u017ee<\/strong><\/td>\n<td>Vlastn\u00ed<\/td>\n<\/tr>\n<tr>\n<td><strong>Pou\u017e\u00edv\u00e1n\u00ed Forever Rose<\/strong><\/td>\n<td>Valent\u00fdnsk\u00e9 d\u00e1rky, svatebn\u00ed d\u00e1rky, narozeninov\u00e9 d\u00e1rky, v\u00e1no\u010dn\u00ed d\u00e1rky<\/td>\n<\/tr>\n<tr>\n<td><strong>MOQ<\/strong><\/td>\n<td>500 ks<\/td>\n<\/tr>\n<tr>\n<td><strong>Balen\u00ed<\/strong><\/td>\n<td>Bezpe\u010dn\u00fd bal\u00ed\u010dek\/p\u0159ijmout p\u0159izp\u016fsoben\u00fd bal\u00ed\u010dek<\/td>\n<\/tr>\n<tr>\n<td><strong>Platba<\/strong><\/td>\n<td>Online platba, Paypal, T\/T, Western union, kreditn\u00ed karta<\/td>\n<\/tr>\n<\/tbody>\n<\/table>\n<p><img decoding=\"async\" class=\"detail-desc-decorate-image\" style=\"max-width: 100%; height: auto; display: block; margin: 0 auto;\" src=\"https:\/\/reanpackaging.com\/wp-content\/uploads\/2025\/01\/1-description-Valentines-Day-Gifts-Idea-Luxury-Round-Preserved-Real-Red-Rose-Flower-Box-Eternal-Forever-Rose-in-Box-Gifts-for-Women-Girl.jpg\" \/><br \/>\n<img decoding=\"async\" class=\"detail-desc-decorate-image\" style=\"max-width: 100%; height: auto; display: block; margin: 0 auto;\" src=\"https:\/\/reanpackaging.com\/wp-content\/uploads\/2025\/01\/3-description-Valentines-Day-Gifts-Idea-Luxury-Round-Preserved-Real-Red-Rose-Flower-Box-Eternal-Forever-Rose-in-Box-Gifts-for-Women-Girl.jpg\" \/><\/p>","protected":false},"excerpt":{"rendered":"<p>Industry-Specific Attributes Size 4 sizes for you choose Material real rose Other Attributes Place of Origin Zhejiang, China Occasion Christmas, Mother&#8217;s Day, New Year, Thanksgiving, Valentine&#8217;s Day Size 6cm*7cm\/14cm*13.5cm\/20cm*21cm\/24cm*23cm Rose Color Custom Forever Rose Usage Valentine Day Gifts,Wedding Gifts,Birthday Gifts,Christmas Gifts MOQ 500 pcs Packing Safe Package\/Accept Customized Package Payment Online pay,Paypal,T\/T,Western union,Credit Card<\/p>","protected":false},"featured_media":38879,"template":"","meta":{"_seopress_robots_primary_cat":"none","_seopress_titles_title":"Valentine's Day Gifts Idea Luxury Round Preserved Real Red Rose Flower Box Eternal Forever Rose in Box Gifts for Women Girl","_seopress_titles_desc":"","_seopress_robots_index":"","site-sidebar-layout":"default","site-content-layout":"","ast-site-content-layout":"default","site-content-style":"default","site-sidebar-style":"default","ast-global-header-display":"","ast-banner-title-visibility":"","ast-main-header-display":"","ast-hfb-above-header-display":"","ast-hfb-below-header-display":"","ast-hfb-mobile-header-display":"","site-post-title":"","ast-breadcrumbs-content":"","ast-featured-img":"","footer-sml-layout":"","ast-disable-related-posts":"","theme-transparent-header-meta":"default","adv-header-id-meta":"","stick-header-meta":"default","header-above-stick-meta":"","header-main-stick-meta":"","header-below-stick-meta":"","astra-migrate-meta-layouts":"set","ast-page-background-enabled":"default","ast-page-background-meta":{"desktop":{"background-color":"","background-image":"","background-repeat":"repeat","background-position":"center center","background-size":"auto","background-attachment":"scroll","background-type":"","background-media":"","overlay-type":"","overlay-color":"","overlay-opacity":"","overlay-gradient":""},"tablet":{"background-color":"","background-image":"","background-repeat":"repeat","background-position":"center center","background-size":"auto","background-attachment":"scroll","background-type":"","background-media":"","overlay-type":"","overlay-color":"","overlay-opacity":"","overlay-gradient":""},"mobile":{"background-color":"","background-image":"","background-repeat":"repeat","background-position":"center center","background-size":"auto","background-attachment":"scroll","background-type":"","background-media":"","overlay-type":"","overlay-color":"","overlay-opacity":"","overlay-gradient":""}},"ast-content-background-meta":{"desktop":{"background-color":"var(--ast-global-color-5)","background-image":"","background-repeat":"repeat","background-position":"center center","background-size":"auto","background-attachment":"scroll","background-type":"","background-media":"","overlay-type":"","overlay-color":"","overlay-opacity":"","overlay-gradient":""},"tablet":{"background-color":"var(--ast-global-color-5)","background-image":"","background-repeat":"repeat","background-position":"center center","background-size":"auto","background-attachment":"scroll","background-type":"","background-media":"","overlay-type":"","overlay-color":"","overlay-opacity":"","overlay-gradient":""},"mobile":{"background-color":"var(--ast-global-color-5)","background-image":"","background-repeat":"repeat","background-position":"center center","background-size":"auto","background-attachment":"scroll","background-type":"","background-media":"","overlay-type":"","overlay-color":"","overlay-opacity":"","overlay-gradient":""}}},"product_brand":[],"product_cat":[88],"product_tag":[],"class_list":{"0":"post-38995","1":"product","2":"type-product","3":"status-publish","4":"has-post-thumbnail","6":"product_cat-round-gift-boxes","7":"desktop-align-left","8":"tablet-align-left","9":"mobile-align-left","10":"ast-product-gallery-layout-horizontal","11":"ast-product-tabs-layout-horizontal","13":"first","14":"instock","15":"product-type-simple"},"_links":{"self":[{"href":"https:\/\/reanpackaging.com\/cs\/wp-json\/wp\/v2\/product\/38995","targetHints":{"allow":["GET"]}}],"collection":[{"href":"https:\/\/reanpackaging.com\/cs\/wp-json\/wp\/v2\/product"}],"about":[{"href":"https:\/\/reanpackaging.com\/cs\/wp-json\/wp\/v2\/types\/product"}],"wp:featuredmedia":[{"embeddable":true,"href":"https:\/\/reanpackaging.com\/cs\/wp-json\/wp\/v2\/media\/38879"}],"wp:attachment":[{"href":"https:\/\/reanpackaging.com\/cs\/wp-json\/wp\/v2\/media?parent=38995"}],"wp:term":[{"taxonomy":"product_brand","embeddable":true,"href":"https:\/\/reanpackaging.com\/cs\/wp-json\/wp\/v2\/product_brand?post=38995"},{"taxonomy":"product_cat","embeddable":true,"href":"https:\/\/reanpackaging.com\/cs\/wp-json\/wp\/v2\/product_cat?post=38995"},{"taxonomy":"product_tag","embeddable":true,"href":"https:\/\/reanpackaging.com\/cs\/wp-json\/wp\/v2\/product_tag?post=38995"}],"curies":[{"name":"wp","href":"https:\/\/api.w.org\/{rel}","templated":true}]}}