{"id":39016,"date":"2025-01-16T14:40:17","date_gmt":"2025-01-16T14:40:17","guid":{"rendered":"https:\/\/reanpackaging.com\/product\/box-printing-wholesale-custom-round-cardboard-packaging-paper-flower-gift-boxes\/"},"modified":"2025-01-16T16:04:04","modified_gmt":"2025-01-16T16:04:04","slug":"box-printing-wholesale-custom-round-cardboard-packaging-paper-flower-gift-boxes","status":"publish","type":"product","link":"https:\/\/reanpackaging.com\/cs\/produkt\/box-printing-wholesale-custom-round-cardboard-packaging-paper-flower-gift-boxes\/","title":{"rendered":"Box tisk velkoobchodn\u00ed vlastn\u00ed kulat\u00e9 kartonov\u00e9 obaly pap\u00edrov\u00e9 kv\u011btinov\u00e9 d\u00e1rkov\u00e9 krabice"},"content":{"rendered":"<h4>Atributy specifick\u00e9 pro dan\u00e9 odv\u011btv\u00ed<\/h4>\n<table border=\"1\">\n<tbody>\n<tr>\n<td><strong>Pr\u016fmyslov\u00e9 vyu\u017eit\u00ed<\/strong><\/td>\n<td>D\u00e1rky a \u0159emesla<\/td>\n<\/tr>\n<tr>\n<td><strong>Typ pap\u00edru<\/strong><\/td>\n<td>Nat\u00edran\u00fd pap\u00edr<\/td>\n<\/tr>\n<tr>\n<td><strong>Funkce<\/strong><\/td>\n<td>Recyklovateln\u00e9, P\u0159enosn\u00e9, Vodot\u011bsn\u00e9, Opakovan\u011b pou\u017eiteln\u00e9, M\u00f3dn\u00ed trend, Udr\u017eiteln\u00e9, \u0160pi\u010dkov\u00e9, Magnetick\u00e9, T\u011b\u017ek\u00e9, S rukojet\u00ed, Ostatn\u00ed, Ru\u010dn\u011b vyr\u00e1b\u011bn\u00e9, Jednor\u00e1zov\u00e9, Z recyklovan\u00fdch materi\u00e1l\u016f, Biologicky rozlo\u017eiteln\u00e9, Aseptick\u00e9<\/td>\n<\/tr>\n<tr>\n<td><strong>typ krabice<\/strong><\/td>\n<td>Ostatn\u00ed<\/td>\n<\/tr>\n<\/tbody>\n<\/table>\n<h4>Dal\u0161\u00ed atributy<\/h4>\n<table border=\"1\">\n<tbody>\n<tr>\n<td><strong>Tvar<\/strong><\/td>\n<td>Obd\u00e9ln\u00edk<\/td>\n<\/tr>\n<tr>\n<td><strong>Manipulace s tiskem<\/strong><\/td>\n<td>Matn\u00e1 laminace, lakov\u00e1n\u00ed, ra\u017eba, reli\u00e9fn\u00ed tisk, leskl\u00e1 laminace, UV n\u00e1t\u011br, VANISHING, zlat\u00e1 f\u00f3lie, ofsetov\u00fd tisk, reli\u00e9fn\u00ed\/debossovac\u00ed tisk, flexotisk, s\u00edtotisk, membranae tectoria, v\u00fdseky, lamin\u00e1t, studen\u00e1 ra\u017eba, holografick\u00e1 ra\u017eba<\/td>\n<\/tr>\n<tr>\n<td><strong>Vlastn\u00ed objedn\u00e1vka<\/strong><\/td>\n<td>P\u0159ijmout<\/td>\n<\/tr>\n<tr>\n<td><strong>Jsme na\u0161e vlastn\u00ed tov\u00e1rna<\/strong><\/td>\n<td>V\u00edtejte na inspekci ve v\u00fdrobn\u00edm z\u00e1vod\u011b<\/td>\n<\/tr>\n<tr>\n<td><strong>Povrchov\u00e1 \u00faprava<\/strong><\/td>\n<td>Leskl\u00e1\/matn\u00e1 laminace; bodov\u00e9 UV lakov\u00e1n\u00ed; zlat\u00e1\/st\u0159\u00edbrn\u00e1 ra\u017eba; ra\u017eba<\/td>\n<\/tr>\n<tr>\n<td><strong>Logo<\/strong><\/td>\n<td>Logo z\u00e1kazn\u00edka<\/td>\n<\/tr>\n<tr>\n<td><strong>Design<\/strong><\/td>\n<td>Specifick\u00e9 po\u017eadavky z\u00e1kazn\u00edka<\/td>\n<\/tr>\n<tr>\n<td><strong>M\u016f\u017ee p\u0159ij\u00edmat urgentn\u00ed objedn\u00e1vky<\/strong><\/td>\n<td>Stroj je v provozu 24 hodin denn\u011b<\/td>\n<\/tr>\n<tr>\n<td><strong>N\u00e1kup na jednom m\u00edst\u011b<\/strong><\/td>\n<td>V p\u0159\u00edpad\u011b produkt\u016f, kter\u00e9 nejsou na pultech, n\u00e1s pros\u00edm kontaktujte.<\/td>\n<\/tr>\n<tr>\n<td><strong>Certifik\u00e1t<\/strong><\/td>\n<td>ISO9001, FSC, CE, RoHS, EPR a dal\u0161\u00ed<\/td>\n<\/tr>\n<tr>\n<td><strong>V bl\u00edzkosti p\u0159\u00edstavu<\/strong><\/td>\n<td>Pohodln\u00e1 p\u0159eprava<\/td>\n<\/tr>\n<\/tbody>\n<\/table>\n<p><img decoding=\"async\" class=\"detail-desc-decorate-image\" style=\"max-width: 100%; height: auto; display: block; margin: 0 auto;\" src=\"https:\/\/reanpackaging.com\/wp-content\/uploads\/2025\/01\/1-description-Box-printing-wholesale-custom-round-cardboard-packaging-paper-flower-gift-boxes.jpg\" \/><\/p>","protected":false},"excerpt":{"rendered":"<p>Industry-Specific Attributes Industrial Use Gift &amp; Craft Paper Type Coated Paper Feature Recyclable, PORTABLE, Waterproof, Reusable, Fashion Trend, Sustainable, High-End, Magnetic, Heavy-Duty, With Handle, Other, Handmade, Disposable, Recycled Materials, Bio-degradable, Aseptic box type Others Other Attributes Shape Rectangle Printing Handling Matt Lamination, Varnishing, Stamping, Embossing, Glossy Lamination, UV Coating, VANISHING, Gold Foil, Offset printing, Embossing\/Debossing, [&hellip;]<\/p>\n","protected":false},"featured_media":38545,"template":"","meta":{"_seopress_robots_primary_cat":"none","_seopress_titles_title":"Box printing wholesale custom round cardboard packaging paper flower gift boxes","_seopress_titles_desc":"","_seopress_robots_index":"","site-sidebar-layout":"default","site-content-layout":"","ast-site-content-layout":"default","site-content-style":"default","site-sidebar-style":"default","ast-global-header-display":"","ast-banner-title-visibility":"","ast-main-header-display":"","ast-hfb-above-header-display":"","ast-hfb-below-header-display":"","ast-hfb-mobile-header-display":"","site-post-title":"","ast-breadcrumbs-content":"","ast-featured-img":"","footer-sml-layout":"","ast-disable-related-posts":"","theme-transparent-header-meta":"default","adv-header-id-meta":"","stick-header-meta":"default","header-above-stick-meta":"","header-main-stick-meta":"","header-below-stick-meta":"","astra-migrate-meta-layouts":"set","ast-page-background-enabled":"default","ast-page-background-meta":{"desktop":{"background-color":"","background-image":"","background-repeat":"repeat","background-position":"center center","background-size":"auto","background-attachment":"scroll","background-type":"","background-media":"","overlay-type":"","overlay-color":"","overlay-opacity":"","overlay-gradient":""},"tablet":{"background-color":"","background-image":"","background-repeat":"repeat","background-position":"center center","background-size":"auto","background-attachment":"scroll","background-type":"","background-media":"","overlay-type":"","overlay-color":"","overlay-opacity":"","overlay-gradient":""},"mobile":{"background-color":"","background-image":"","background-repeat":"repeat","background-position":"center center","background-size":"auto","background-attachment":"scroll","background-type":"","background-media":"","overlay-type":"","overlay-color":"","overlay-opacity":"","overlay-gradient":""}},"ast-content-background-meta":{"desktop":{"background-color":"var(--ast-global-color-5)","background-image":"","background-repeat":"repeat","background-position":"center center","background-size":"auto","background-attachment":"scroll","background-type":"","background-media":"","overlay-type":"","overlay-color":"","overlay-opacity":"","overlay-gradient":""},"tablet":{"background-color":"var(--ast-global-color-5)","background-image":"","background-repeat":"repeat","background-position":"center center","background-size":"auto","background-attachment":"scroll","background-type":"","background-media":"","overlay-type":"","overlay-color":"","overlay-opacity":"","overlay-gradient":""},"mobile":{"background-color":"var(--ast-global-color-5)","background-image":"","background-repeat":"repeat","background-position":"center center","background-size":"auto","background-attachment":"scroll","background-type":"","background-media":"","overlay-type":"","overlay-color":"","overlay-opacity":"","overlay-gradient":""}}},"product_brand":[],"product_cat":[88],"product_tag":[],"class_list":{"0":"post-39016","1":"product","2":"type-product","3":"status-publish","4":"has-post-thumbnail","6":"product_cat-round-gift-boxes","7":"desktop-align-left","8":"tablet-align-left","9":"mobile-align-left","10":"ast-product-gallery-layout-horizontal","11":"ast-product-tabs-layout-horizontal","13":"first","14":"instock","15":"product-type-simple"},"_links":{"self":[{"href":"https:\/\/reanpackaging.com\/cs\/wp-json\/wp\/v2\/product\/39016","targetHints":{"allow":["GET"]}}],"collection":[{"href":"https:\/\/reanpackaging.com\/cs\/wp-json\/wp\/v2\/product"}],"about":[{"href":"https:\/\/reanpackaging.com\/cs\/wp-json\/wp\/v2\/types\/product"}],"wp:featuredmedia":[{"embeddable":true,"href":"https:\/\/reanpackaging.com\/cs\/wp-json\/wp\/v2\/media\/38545"}],"wp:attachment":[{"href":"https:\/\/reanpackaging.com\/cs\/wp-json\/wp\/v2\/media?parent=39016"}],"wp:term":[{"taxonomy":"product_brand","embeddable":true,"href":"https:\/\/reanpackaging.com\/cs\/wp-json\/wp\/v2\/product_brand?post=39016"},{"taxonomy":"product_cat","embeddable":true,"href":"https:\/\/reanpackaging.com\/cs\/wp-json\/wp\/v2\/product_cat?post=39016"},{"taxonomy":"product_tag","embeddable":true,"href":"https:\/\/reanpackaging.com\/cs\/wp-json\/wp\/v2\/product_tag?post=39016"}],"curies":[{"name":"wp","href":"https:\/\/api.w.org\/{rel}","templated":true}]}}