{"id":41717,"date":"2025-01-19T09:42:39","date_gmt":"2025-01-19T09:42:39","guid":{"rendered":"https:\/\/reanpackaging.com\/product\/factory-custom-lcd-digital-7-inch-screen-video-flower-gift-boxes-video-player-brochure\/"},"modified":"2025-01-19T09:43:26","modified_gmt":"2025-01-19T09:43:26","slug":"factory-custom-lcd-digital-7-inch-screen-video-flower-gift-boxes-video-player-brochure","status":"publish","type":"product","link":"https:\/\/reanpackaging.com\/cs\/produkt\/factory-custom-lcd-digital-7-inch-screen-video-flower-gift-boxes-video-player-brochure\/","title":{"rendered":"Tov\u00e1rn\u00ed vlastn\u00ed LCD digit\u00e1ln\u00ed 7palcov\u00e1 obrazovka Video Flower Gift Boxes Video Player Bro\u017eura"},"content":{"rendered":"<h4>Atributy specifick\u00e9 pro dan\u00e9 odv\u011btv\u00ed<\/h4>\n<table border=\"1\">\n<tr>\n<td><strong>Materi\u00e1l<\/strong><\/td>\n<td>pap\u00edr<\/td>\n<\/tr>\n<tr>\n<td><strong>Typ v\u00fdrobku<\/strong><\/td>\n<td>Skl\u00e1dan\u00fd pap\u00edr<\/td>\n<\/tr>\n<tr>\n<td><strong>T\u00e9ma<\/strong><\/td>\n<td>Hudba<\/td>\n<\/tr>\n<\/table>\n<h4>Dal\u0161\u00ed atributy<\/h4>\n<table border=\"1\">\n<tr>\n<td><strong>Tisk<\/strong><\/td>\n<td>Termotransferov\u00fd tisk, s\u00edtotisk, v\u00fdsekov\u00fd tisk, UV tisk, reli\u00e9fn\u00ed tisk, digit\u00e1ln\u00ed tisk<\/td>\n<\/tr>\n<tr>\n<td><strong>N\u00e1zev produktu<\/strong><\/td>\n<td>D\u00e1rkov\u00e1 krabi\u010dka na LCD video<\/td>\n<\/tr>\n<tr>\n<td><strong>Velikost obrazovky<\/strong><\/td>\n<td>2.4\u2033\/2.8\u2033\/4.3\u2033\/5\u2033\/7\u2033\/10.1\u2033 Optional<\/td>\n<\/tr>\n<tr>\n<td><strong>Pam\u011b\u0165<\/strong><\/td>\n<td>128M~32GB Voliteln\u011b<\/td>\n<\/tr>\n<tr>\n<td><strong>Form\u00e1t videa<\/strong><\/td>\n<td>AVI\/WMV\/MP4\/MOV\/MKV\/MPG\/RMVM<\/td>\n<\/tr>\n<tr>\n<td><strong>Tisk<\/strong><\/td>\n<td>4c\/zlato\/st\u0159\u00edbro\/UV Spot\/v\u00fdrazn\u00e9 proveden\u00ed...atd.<\/td>\n<\/tr>\n<tr>\n<td><strong>Design<\/strong><\/td>\n<td>P\u0159izp\u016fsoben\u00e9 designy<\/td>\n<\/tr>\n<tr>\n<td><strong>Hudebn\u00ed form\u00e1t<\/strong><\/td>\n<td>MP3.WMA.DRM WMA.OGG.APE.FLAC.WAV.AAC<\/td>\n<\/tr>\n<tr>\n<td><strong>Pou\u017eit\u00ed<\/strong><\/td>\n<td>Pozv\u00e1nka na svatebn\u00ed ve\u010d\u00edrek<\/td>\n<\/tr>\n<tr>\n<td><strong>Logo<\/strong><\/td>\n<td>P\u0159ijmout p\u0159izp\u016fsoben\u00e9 logo<\/td>\n<\/tr>\n<tr>\n<td><strong>Baterie<\/strong><\/td>\n<td>Lithiov\u00e1 baterie: 350-20000 MAh<\/td>\n<\/tr>\n<tr>\n<td><strong>Styl<\/strong><\/td>\n<td>Lidov\u00e9 um\u011bn\u00ed<\/td>\n<\/tr>\n<tr>\n<td><strong>Pou\u017eijte<\/strong><\/td>\n<td>Obchodn\u00ed d\u00e1rek<\/td>\n<\/tr>\n<tr>\n<td><strong>Metoda tisku<\/strong><\/td>\n<td>4C Printing<\/td>\n<\/tr>\n<\/table>\n<p><img decoding=\"async\" class=\"detail-desc-decorate-image\" src=\"https:\/\/reanpackaging.com\/wp-content\/uploads\/2025\/01\/1-description-Factory-Custom-Lcd-Digital-7-inch-Screen-Video-Flower-Gift-Boxes-Video-Player-Brochure.jpg\" slate-data-type=\"image\" style=\"max-width: 100%; height: auto; display: block; margin: 0 auto;\"><br \/>\n<img decoding=\"async\" class=\"detail-desc-decorate-image\" src=\"https:\/\/reanpackaging.com\/wp-content\/uploads\/2025\/01\/2-description-Factory-Custom-Lcd-Digital-7-inch-Screen-Video-Flower-Gift-Boxes-Video-Player-Brochure.jpg\" slate-data-type=\"image\" style=\"max-width: 100%; height: auto; display: block; margin: 0 auto;\"><br \/>\n<img decoding=\"async\" class=\"detail-desc-decorate-image\" src=\"https:\/\/reanpackaging.com\/wp-content\/uploads\/2025\/01\/3-description-Factory-Custom-Lcd-Digital-7-inch-Screen-Video-Flower-Gift-Boxes-Video-Player-Brochure.jpg\" slate-data-type=\"image\" style=\"max-width: 100%; height: auto; display: block; margin: 0 auto;\"><br \/>\n<img decoding=\"async\" class=\"detail-desc-decorate-image\" src=\"https:\/\/reanpackaging.com\/wp-content\/uploads\/2025\/01\/4-description-Factory-Custom-Lcd-Digital-7-inch-Screen-Video-Flower-Gift-Boxes-Video-Player-Brochure.jpg\" slate-data-type=\"image\" style=\"max-width: 100%; height: auto; display: block; margin: 0 auto;\"><br \/>\n<img decoding=\"async\" class=\"detail-desc-decorate-image\" src=\"https:\/\/reanpackaging.com\/wp-content\/uploads\/2025\/01\/5-description-Factory-Custom-Lcd-Digital-7-inch-Screen-Video-Flower-Gift-Boxes-Video-Player-Brochure.jpg\" slate-data-type=\"image\" style=\"max-width: 100%; height: auto; display: block; margin: 0 auto;\"><br \/>\n<img decoding=\"async\" class=\"detail-desc-decorate-image\" src=\"https:\/\/reanpackaging.com\/wp-content\/uploads\/2025\/01\/6-description-Factory-Custom-Lcd-Digital-7-inch-Screen-Video-Flower-Gift-Boxes-Video-Player-Brochure.jpg\" slate-data-type=\"image\" style=\"max-width: 100%; height: auto; display: block; margin: 0 auto;\"><br \/>\n<img decoding=\"async\" class=\"detail-desc-decorate-image\" src=\"https:\/\/reanpackaging.com\/wp-content\/uploads\/2025\/01\/7-description-Factory-Custom-Lcd-Digital-7-inch-Screen-Video-Flower-Gift-Boxes-Video-Player-Brochure.jpg\" slate-data-type=\"image\" style=\"max-width: 100%; height: auto; display: block; margin: 0 auto;\"><\/p>","protected":false},"excerpt":{"rendered":"<p>Industry-Specific Attributes Material paper Product Type Folded Paper Theme Music Other Attributes Printing Thermal transfer printing, Silk screen printing, Die cutting printing, UV printing, Embossing printing, Digital printing Product Name Lcd Video Gift Box Screen size 2.4&#8243;\/2.8&#8243;\/4.3&#8243;\/5&#8243;\/7&#8243;\/10.1&#8243; Optional Memory 128M~32GB Optional Video format AVI\/WMV\/MP4\/MOV\/MKV\/MPG\/RMVM Printing 4c\/gold\/silver\/UV Spot\/embossing&#8230;etc Design Customized Designs Music format MP3.WMA.DRM WMA.OGG.APE.FLAC.WAV.AAC Usage [&hellip;]<\/p>\n","protected":false},"featured_media":41469,"template":"","meta":{"_seopress_robots_primary_cat":"","_seopress_titles_title":"","_seopress_titles_desc":"","_seopress_robots_index":"","site-sidebar-layout":"default","site-content-layout":"","ast-site-content-layout":"default","site-content-style":"default","site-sidebar-style":"default","ast-global-header-display":"","ast-banner-title-visibility":"","ast-main-header-display":"","ast-hfb-above-header-display":"","ast-hfb-below-header-display":"","ast-hfb-mobile-header-display":"","site-post-title":"","ast-breadcrumbs-content":"","ast-featured-img":"","footer-sml-layout":"","ast-disable-related-posts":"","theme-transparent-header-meta":"","adv-header-id-meta":"","stick-header-meta":"","header-above-stick-meta":"","header-main-stick-meta":"","header-below-stick-meta":"","astra-migrate-meta-layouts":"default","ast-page-background-enabled":"default","ast-page-background-meta":{"desktop":{"background-color":"","background-image":"","background-repeat":"repeat","background-position":"center center","background-size":"auto","background-attachment":"scroll","background-type":"","background-media":"","overlay-type":"","overlay-color":"","overlay-opacity":"","overlay-gradient":""},"tablet":{"background-color":"","background-image":"","background-repeat":"repeat","background-position":"center center","background-size":"auto","background-attachment":"scroll","background-type":"","background-media":"","overlay-type":"","overlay-color":"","overlay-opacity":"","overlay-gradient":""},"mobile":{"background-color":"","background-image":"","background-repeat":"repeat","background-position":"center center","background-size":"auto","background-attachment":"scroll","background-type":"","background-media":"","overlay-type":"","overlay-color":"","overlay-opacity":"","overlay-gradient":""}},"ast-content-background-meta":{"desktop":{"background-color":"var(--ast-global-color-5)","background-image":"","background-repeat":"repeat","background-position":"center center","background-size":"auto","background-attachment":"scroll","background-type":"","background-media":"","overlay-type":"","overlay-color":"","overlay-opacity":"","overlay-gradient":""},"tablet":{"background-color":"var(--ast-global-color-5)","background-image":"","background-repeat":"repeat","background-position":"center center","background-size":"auto","background-attachment":"scroll","background-type":"","background-media":"","overlay-type":"","overlay-color":"","overlay-opacity":"","overlay-gradient":""},"mobile":{"background-color":"var(--ast-global-color-5)","background-image":"","background-repeat":"repeat","background-position":"center center","background-size":"auto","background-attachment":"scroll","background-type":"","background-media":"","overlay-type":"","overlay-color":"","overlay-opacity":"","overlay-gradient":""}}},"product_brand":[],"product_cat":[89],"product_tag":[],"class_list":{"0":"post-41717","1":"product","2":"type-product","3":"status-publish","4":"has-post-thumbnail","6":"product_cat-flower-gift-boxes","7":"desktop-align-left","8":"tablet-align-left","9":"mobile-align-left","10":"ast-product-gallery-layout-horizontal","11":"ast-product-tabs-layout-horizontal","13":"first","14":"instock","15":"product-type-simple"},"_links":{"self":[{"href":"https:\/\/reanpackaging.com\/cs\/wp-json\/wp\/v2\/product\/41717","targetHints":{"allow":["GET"]}}],"collection":[{"href":"https:\/\/reanpackaging.com\/cs\/wp-json\/wp\/v2\/product"}],"about":[{"href":"https:\/\/reanpackaging.com\/cs\/wp-json\/wp\/v2\/types\/product"}],"wp:featuredmedia":[{"embeddable":true,"href":"https:\/\/reanpackaging.com\/cs\/wp-json\/wp\/v2\/media\/41469"}],"wp:attachment":[{"href":"https:\/\/reanpackaging.com\/cs\/wp-json\/wp\/v2\/media?parent=41717"}],"wp:term":[{"taxonomy":"product_brand","embeddable":true,"href":"https:\/\/reanpackaging.com\/cs\/wp-json\/wp\/v2\/product_brand?post=41717"},{"taxonomy":"product_cat","embeddable":true,"href":"https:\/\/reanpackaging.com\/cs\/wp-json\/wp\/v2\/product_cat?post=41717"},{"taxonomy":"product_tag","embeddable":true,"href":"https:\/\/reanpackaging.com\/cs\/wp-json\/wp\/v2\/product_tag?post=41717"}],"curies":[{"name":"wp","href":"https:\/\/api.w.org\/{rel}","templated":true}]}}