{"id":50693,"date":"2025-02-03T17:22:42","date_gmt":"2025-02-03T17:22:42","guid":{"rendered":"https:\/\/reanpackaging.com\/product\/eco-friendly-custom-kraft-paper-mini-drawer-box-cardboard-rigid-folding-matchbox-boxes-small-gift-packaging-box\/"},"modified":"2025-02-03T18:03:14","modified_gmt":"2025-02-03T18:03:14","slug":"eco-friendly-custom-kraft-paper-mini-drawer-box-cardboard-rigid-folding-matchbox-boxes-small-gift-packaging-box","status":"publish","type":"product","link":"https:\/\/reanpackaging.com\/cs\/produkt\/eco-friendly-custom-kraft-paper-mini-drawer-box-cardboard-rigid-folding-matchbox-boxes-small-gift-packaging-box\/","title":{"rendered":"Ekologicky \u0161etrn\u00e9 vlastn\u00ed kraftov\u00fd pap\u00edr Mini z\u00e1suvkov\u00e1 krabice Kartonov\u00e9 pevn\u00e9 skl\u00e1dac\u00ed krabice Matchbox Boxes Mal\u00e9 d\u00e1rkov\u00e9 balen\u00ed Box"},"content":{"rendered":"<h4>Atributy specifick\u00e9 pro dan\u00e9 odv\u011btv\u00ed<\/h4>\n<table border=\"1\">\n<tbody>\n<tr>\n<td><strong>Pr\u016fmyslov\u00e9 vyu\u017eit\u00ed<\/strong><\/td>\n<td>P\u0159izp\u016fsoben\u00e9 pou\u017eit\u00ed<\/td>\n<\/tr>\n<tr>\n<td><strong>Typ pap\u00edru<\/strong><\/td>\n<td>Karton<\/td>\n<\/tr>\n<tr>\n<td><strong>Funkce<\/strong><\/td>\n<td>Biologicky odbourateln\u00e9<\/td>\n<\/tr>\n<tr>\n<td><strong>typ krabice<\/strong><\/td>\n<td>Slo\u017eky<\/td>\n<\/tr>\n<\/tbody>\n<\/table>\n<h4>Dal\u0161\u00ed atributy<\/h4>\n<table border=\"1\">\n<tbody>\n<tr>\n<td><strong>Tvar<\/strong><\/td>\n<td>P\u0159izp\u016fsobiteln\u00e9<\/td>\n<\/tr>\n<tr>\n<td><strong>Manipulace s tiskem<\/strong><\/td>\n<td>Matn\u00e1 laminace, Lakov\u00e1n\u00ed, Raz\u00edtkov\u00e1n\u00ed, Reli\u00e9fn\u00ed tisk, Leskl\u00e1 laminace, UV lakov\u00e1n\u00ed, VANISHING, Zlat\u00e1 f\u00f3lie, Ofsetov\u00fd tisk, Reli\u00e9fn\u00ed\/debosexn\u00ed tisk, Flexografick\u00fd tisk, S\u00edtotisk, membr\u00e1nov\u00e9 tektury, V\u00fdseky, Lamin\u00e1t, Studen\u00e1 ra\u017eba, Holografick\u00e1 ra\u017eba, V\u00fdb\u011br dle pot\u0159eby<\/td>\n<\/tr>\n<tr>\n<td><strong>Vlastn\u00ed objedn\u00e1vka<\/strong><\/td>\n<td>P\u0159ijmout<\/td>\n<\/tr>\n<tr>\n<td><strong>Tisk loga<\/strong><\/td>\n<td>P\u0159izp\u016fsobiteln\u00e9<\/td>\n<\/tr>\n<tr>\n<td><strong>P\u0159\u00edslu\u0161enstv\u00ed<\/strong><\/td>\n<td>P\u0159izp\u016fsobiteln\u00e9<\/td>\n<\/tr>\n<tr>\n<td><strong>Typ vlo\u017eky<\/strong><\/td>\n<td>P\u0159izp\u016fsobiteln\u00e9<\/td>\n<\/tr>\n<tr>\n<td><strong>N\u00e1zev produktu<\/strong><\/td>\n<td>Kraftov\u00fd pap\u00edr Mini Drawer Box na zak\u00e1zku<\/td>\n<\/tr>\n<tr>\n<td><strong>Materi\u00e1l<\/strong><\/td>\n<td>Pap\u00edr<\/td>\n<\/tr>\n<tr>\n<td><strong>Logo<\/strong><\/td>\n<td>Vlastn\u00ed logo<\/td>\n<\/tr>\n<tr>\n<td><strong>Velikost<\/strong><\/td>\n<td>libovoln\u00e1 velikost podle va\u0161ich po\u017eadavk\u016f<\/td>\n<\/tr>\n<tr>\n<td><strong>Funkce<\/strong><\/td>\n<td>\u0160etrn\u00e9 k \u017eivotn\u00edmu prost\u0159ed\u00ed, opakovan\u011b pou\u017eiteln\u00e9, odoln\u00e9 a recyklovateln\u00e9<\/td>\n<\/tr>\n<tr>\n<td><strong>Pou\u017eit\u00ed<\/strong><\/td>\n<td>Reklama, Propagace, Vystavov\u00e1n\u00ed zbo\u017e\u00ed, V\u00fdstavn\u00ed balen\u00ed v\u00fdrobk\u016f<\/td>\n<\/tr>\n<tr>\n<td><strong>Vlo\u017eka\/p\u0159\u00edslu\u0161enstv\u00ed<\/strong><\/td>\n<td>Houba, p\u011bna EVA, PVC\/PET, pap\u00edr, sat\u00e9n, samet, stuha, provazov\u00e9 rukojeti<\/td>\n<\/tr>\n<tr>\n<td><strong>Tisk<\/strong><\/td>\n<td>CMYK, ofsetov\u00fd tisk, flexotisk, s\u00edtotisk<\/td>\n<\/tr>\n<tr>\n<td><strong>Form\u00e1t um\u011bleck\u00e9ho d\u00edla<\/strong><\/td>\n<td>Form\u00e1t AI \/ PDF \/ CDR \/ InDesign pro p\u0159izp\u016fsoben\u00fd design.<\/td>\n<\/tr>\n<tr>\n<td><strong>Doba vzorkov\u00e1n\u00ed<\/strong><\/td>\n<td>1-3 pracovn\u00ed dny<\/td>\n<\/tr>\n<\/tbody>\n<\/table>","protected":false},"excerpt":{"rendered":"<p>Industry-Specific Attributes Industrial Use Customized Uses Paper Type Paperboard Feature Bio-degradable box type Folders Other Attributes Shape Customizable Printing Handling Matt Lamination, Varnishing, Stamping, Embossing, Glossy Lamination, UV Coating, VANISHING, Gold Foil, Offset printing, Embossing\/Debossing, Flexographic Printing, Silk screen printing, membranae tectoria, Die Cuts, Laminate, Cold stamping, Holographic stamping, Selection based on needs Custom Order [&hellip;]<\/p>\n","protected":false},"featured_media":50141,"template":"","meta":{"_seopress_robots_primary_cat":"none","_seopress_titles_title":"","_seopress_titles_desc":"","_seopress_robots_index":"","site-sidebar-layout":"default","site-content-layout":"","ast-site-content-layout":"default","site-content-style":"default","site-sidebar-style":"default","ast-global-header-display":"","ast-banner-title-visibility":"","ast-main-header-display":"","ast-hfb-above-header-display":"","ast-hfb-below-header-display":"","ast-hfb-mobile-header-display":"","site-post-title":"","ast-breadcrumbs-content":"","ast-featured-img":"","footer-sml-layout":"","ast-disable-related-posts":"","theme-transparent-header-meta":"default","adv-header-id-meta":"","stick-header-meta":"default","header-above-stick-meta":"","header-main-stick-meta":"","header-below-stick-meta":"","astra-migrate-meta-layouts":"set","ast-page-background-enabled":"default","ast-page-background-meta":{"desktop":{"background-color":"","background-image":"","background-repeat":"repeat","background-position":"center center","background-size":"auto","background-attachment":"scroll","background-type":"","background-media":"","overlay-type":"","overlay-color":"","overlay-opacity":"","overlay-gradient":""},"tablet":{"background-color":"","background-image":"","background-repeat":"repeat","background-position":"center center","background-size":"auto","background-attachment":"scroll","background-type":"","background-media":"","overlay-type":"","overlay-color":"","overlay-opacity":"","overlay-gradient":""},"mobile":{"background-color":"","background-image":"","background-repeat":"repeat","background-position":"center center","background-size":"auto","background-attachment":"scroll","background-type":"","background-media":"","overlay-type":"","overlay-color":"","overlay-opacity":"","overlay-gradient":""}},"ast-content-background-meta":{"desktop":{"background-color":"var(--ast-global-color-5)","background-image":"","background-repeat":"repeat","background-position":"center center","background-size":"auto","background-attachment":"scroll","background-type":"","background-media":"","overlay-type":"","overlay-color":"","overlay-opacity":"","overlay-gradient":""},"tablet":{"background-color":"var(--ast-global-color-5)","background-image":"","background-repeat":"repeat","background-position":"center center","background-size":"auto","background-attachment":"scroll","background-type":"","background-media":"","overlay-type":"","overlay-color":"","overlay-opacity":"","overlay-gradient":""},"mobile":{"background-color":"var(--ast-global-color-5)","background-image":"","background-repeat":"repeat","background-position":"center center","background-size":"auto","background-attachment":"scroll","background-type":"","background-media":"","overlay-type":"","overlay-color":"","overlay-opacity":"","overlay-gradient":""}}},"product_brand":[],"product_cat":[91],"product_tag":[],"class_list":{"0":"post-50693","1":"product","2":"type-product","3":"status-publish","4":"has-post-thumbnail","6":"product_cat-kraft-jewelry-boxes","7":"desktop-align-left","8":"tablet-align-left","9":"mobile-align-left","10":"ast-product-gallery-layout-horizontal","11":"ast-product-tabs-layout-horizontal","13":"first","14":"instock","15":"product-type-simple"},"_links":{"self":[{"href":"https:\/\/reanpackaging.com\/cs\/wp-json\/wp\/v2\/product\/50693","targetHints":{"allow":["GET"]}}],"collection":[{"href":"https:\/\/reanpackaging.com\/cs\/wp-json\/wp\/v2\/product"}],"about":[{"href":"https:\/\/reanpackaging.com\/cs\/wp-json\/wp\/v2\/types\/product"}],"wp:featuredmedia":[{"embeddable":true,"href":"https:\/\/reanpackaging.com\/cs\/wp-json\/wp\/v2\/media\/50141"}],"wp:attachment":[{"href":"https:\/\/reanpackaging.com\/cs\/wp-json\/wp\/v2\/media?parent=50693"}],"wp:term":[{"taxonomy":"product_brand","embeddable":true,"href":"https:\/\/reanpackaging.com\/cs\/wp-json\/wp\/v2\/product_brand?post=50693"},{"taxonomy":"product_cat","embeddable":true,"href":"https:\/\/reanpackaging.com\/cs\/wp-json\/wp\/v2\/product_cat?post=50693"},{"taxonomy":"product_tag","embeddable":true,"href":"https:\/\/reanpackaging.com\/cs\/wp-json\/wp\/v2\/product_tag?post=50693"}],"curies":[{"name":"wp","href":"https:\/\/api.w.org\/{rel}","templated":true}]}}