{"id":50713,"date":"2025-02-03T17:23:39","date_gmt":"2025-02-03T17:23:39","guid":{"rendered":"https:\/\/reanpackaging.com\/product\/custom-printed-jewelry-set-box-personalized-paper-bag-microfiber-bracelet-pouch-cardboard-lid-jewelry-packaging-boxes\/"},"modified":"2025-02-03T17:54:44","modified_gmt":"2025-02-03T17:54:44","slug":"custom-printed-jewelry-set-box-personalized-paper-bag-microfiber-bracelet-pouch-cardboard-lid-jewelry-packaging-boxes","status":"publish","type":"product","link":"https:\/\/reanpackaging.com\/cs\/produkt\/custom-printed-jewelry-set-box-personalized-paper-bag-microfiber-bracelet-pouch-cardboard-lid-jewelry-packaging-boxes\/","title":{"rendered":"Vlastn\u00ed ti\u0161t\u011bn\u00e9 \u0161perky Set Box Personalizovan\u00e9 pap\u00edrov\u00e9 ta\u0161ky Mikrovl\u00e1kno n\u00e1ramek pouzdro lepenky v\u00edko \u0161perky balen\u00ed krabice"},"content":{"rendered":"<h4>Atributy specifick\u00e9 pro dan\u00e9 odv\u011btv\u00ed<\/h4>\n<table border=\"1\">\n<tbody>\n<tr>\n<td><strong>Materi\u00e1l<\/strong><\/td>\n<td>pap\u00edr<\/td>\n<\/tr>\n<\/tbody>\n<\/table>\n<h4>Dal\u0161\u00ed atributy<\/h4>\n<table border=\"1\">\n<tbody>\n<tr>\n<td><strong>velikost<\/strong><\/td>\n<td>box9 * 9 * 3,2 cm, Pouch8 * 8 cm, vlastn\u00ed poplatek pls kontaktujte n\u00e1s<\/td>\n<\/tr>\n<tr>\n<td><strong>Hlavn\u00ed materi\u00e1l<\/strong><\/td>\n<td>pap\u00edr, p\u0159izp\u016fsoben\u00fd<\/td>\n<\/tr>\n<tr>\n<td><strong>Design<\/strong><\/td>\n<td>Specifick\u00e9 po\u017eadavky z\u00e1kazn\u00edka<\/td>\n<\/tr>\n<tr>\n<td><strong>Funkce<\/strong><\/td>\n<td>Vysoce kvalitn\u00ed<\/td>\n<\/tr>\n<tr>\n<td><strong>Tisk<\/strong><\/td>\n<td>Po\u017eadavky z\u00e1kazn\u00edk\u016f<\/td>\n<\/tr>\n<tr>\n<td><strong>Barva<\/strong><\/td>\n<td>P\u0159izp\u016fsoben\u00e1 barva<\/td>\n<\/tr>\n<tr>\n<td><strong>Tvar<\/strong><\/td>\n<td>Tvar na m\u00edru<\/td>\n<\/tr>\n<tr>\n<td><strong>Logo<\/strong><\/td>\n<td>P\u0159ijateln\u00e9 logo z\u00e1kazn\u00edka<\/td>\n<\/tr>\n<tr>\n<td><strong>Pou\u017eit\u00ed<\/strong><\/td>\n<td>Bal\u00ed\u010dek \u0161perk\u016f<\/td>\n<\/tr>\n<\/tbody>\n<\/table>\n<p><img decoding=\"async\" class=\"detail-desc-decorate-image\" style=\"max-width: 100%; height: auto; display: block; margin: 0 auto;\" src=\"https:\/\/reanpackaging.com\/wp-content\/uploads\/2025\/02\/1-description-Custom-Printed-Jewelry-Set-Box-Personalized-Paper-Bag-Microfiber-Bracelet-Pouch-Cardboard-Lid-Jewelry-Packaging-Boxes.jpg\" \/><br \/>\n<img decoding=\"async\" class=\"detail-desc-decorate-image\" style=\"max-width: 100%; height: auto; display: block; margin: 0 auto;\" src=\"https:\/\/reanpackaging.com\/wp-content\/uploads\/2025\/02\/2-description-Custom-Printed-Jewelry-Set-Box-Personalized-Paper-Bag-Microfiber-Bracelet-Pouch-Cardboard-Lid-Jewelry-Packaging-Boxes.jpg\" \/><br \/>\n<img decoding=\"async\" class=\"detail-desc-decorate-image\" style=\"max-width: 100%; height: auto; display: block; margin: 0 auto;\" src=\"https:\/\/reanpackaging.com\/wp-content\/uploads\/2025\/02\/3-description-Custom-Printed-Jewelry-Set-Box-Personalized-Paper-Bag-Microfiber-Bracelet-Pouch-Cardboard-Lid-Jewelry-Packaging-Boxes.jpg\" \/><\/p>","protected":false},"excerpt":{"rendered":"<p>Industry-Specific Attributes Material paper Other Attributes size box9*9*3.2cm,Pouch8*8cm,custom fee pls contact us Main Material paper,customized Design Customer&#8217;s Specific Requirement Feature High-end Printing Customers&#8217;requirements Color Customized Color Shape Customized Shape Logo Acceptable Customer&#8217;s Logo Usage Jewelry Package<\/p>","protected":false},"featured_media":50083,"template":"","meta":{"_seopress_robots_primary_cat":"none","_seopress_titles_title":"","_seopress_titles_desc":"","_seopress_robots_index":"","site-sidebar-layout":"default","site-content-layout":"","ast-site-content-layout":"default","site-content-style":"default","site-sidebar-style":"default","ast-global-header-display":"","ast-banner-title-visibility":"","ast-main-header-display":"","ast-hfb-above-header-display":"","ast-hfb-below-header-display":"","ast-hfb-mobile-header-display":"","site-post-title":"","ast-breadcrumbs-content":"","ast-featured-img":"","footer-sml-layout":"","ast-disable-related-posts":"","theme-transparent-header-meta":"default","adv-header-id-meta":"","stick-header-meta":"default","header-above-stick-meta":"","header-main-stick-meta":"","header-below-stick-meta":"","astra-migrate-meta-layouts":"set","ast-page-background-enabled":"default","ast-page-background-meta":{"desktop":{"background-color":"","background-image":"","background-repeat":"repeat","background-position":"center center","background-size":"auto","background-attachment":"scroll","background-type":"","background-media":"","overlay-type":"","overlay-color":"","overlay-opacity":"","overlay-gradient":""},"tablet":{"background-color":"","background-image":"","background-repeat":"repeat","background-position":"center center","background-size":"auto","background-attachment":"scroll","background-type":"","background-media":"","overlay-type":"","overlay-color":"","overlay-opacity":"","overlay-gradient":""},"mobile":{"background-color":"","background-image":"","background-repeat":"repeat","background-position":"center center","background-size":"auto","background-attachment":"scroll","background-type":"","background-media":"","overlay-type":"","overlay-color":"","overlay-opacity":"","overlay-gradient":""}},"ast-content-background-meta":{"desktop":{"background-color":"var(--ast-global-color-5)","background-image":"","background-repeat":"repeat","background-position":"center center","background-size":"auto","background-attachment":"scroll","background-type":"","background-media":"","overlay-type":"","overlay-color":"","overlay-opacity":"","overlay-gradient":""},"tablet":{"background-color":"var(--ast-global-color-5)","background-image":"","background-repeat":"repeat","background-position":"center center","background-size":"auto","background-attachment":"scroll","background-type":"","background-media":"","overlay-type":"","overlay-color":"","overlay-opacity":"","overlay-gradient":""},"mobile":{"background-color":"var(--ast-global-color-5)","background-image":"","background-repeat":"repeat","background-position":"center center","background-size":"auto","background-attachment":"scroll","background-type":"","background-media":"","overlay-type":"","overlay-color":"","overlay-opacity":"","overlay-gradient":""}}},"product_brand":[],"product_cat":[91],"product_tag":[],"class_list":{"0":"post-50713","1":"product","2":"type-product","3":"status-publish","4":"has-post-thumbnail","6":"product_cat-kraft-jewelry-boxes","7":"desktop-align-left","8":"tablet-align-left","9":"mobile-align-left","10":"ast-product-gallery-layout-horizontal","11":"ast-product-tabs-layout-horizontal","13":"first","14":"instock","15":"product-type-simple"},"_links":{"self":[{"href":"https:\/\/reanpackaging.com\/cs\/wp-json\/wp\/v2\/product\/50713","targetHints":{"allow":["GET"]}}],"collection":[{"href":"https:\/\/reanpackaging.com\/cs\/wp-json\/wp\/v2\/product"}],"about":[{"href":"https:\/\/reanpackaging.com\/cs\/wp-json\/wp\/v2\/types\/product"}],"wp:featuredmedia":[{"embeddable":true,"href":"https:\/\/reanpackaging.com\/cs\/wp-json\/wp\/v2\/media\/50083"}],"wp:attachment":[{"href":"https:\/\/reanpackaging.com\/cs\/wp-json\/wp\/v2\/media?parent=50713"}],"wp:term":[{"taxonomy":"product_brand","embeddable":true,"href":"https:\/\/reanpackaging.com\/cs\/wp-json\/wp\/v2\/product_brand?post=50713"},{"taxonomy":"product_cat","embeddable":true,"href":"https:\/\/reanpackaging.com\/cs\/wp-json\/wp\/v2\/product_cat?post=50713"},{"taxonomy":"product_tag","embeddable":true,"href":"https:\/\/reanpackaging.com\/cs\/wp-json\/wp\/v2\/product_tag?post=50713"}],"curies":[{"name":"wp","href":"https:\/\/api.w.org\/{rel}","templated":true}]}}