{"id":6104,"date":"2023-09-17T17:12:46","date_gmt":"2023-09-17T17:12:46","guid":{"rendered":"http:\/\/ibn.wyd.mybluehost.me\/reanpackaging.com\/?post_type=product&#038;p=6104"},"modified":"2024-10-01T17:00:42","modified_gmt":"2024-10-01T17:00:42","slug":"factory-high-quality-cheap-kraft-paper-bags-carrying-bag-print-with-handles-china-customized-promotion-offset-printing-accept","status":"publish","type":"product","link":"https:\/\/reanpackaging.com\/cs\/produkt\/factory-high-quality-cheap-kraft-paper-bags-carrying-bag-print-with-handles-china-customized-promotion-offset-printing-accept\/","title":{"rendered":"Tov\u00e1rna vysoce kvalitn\u00ed levn\u00e9 Kraft pap\u00edrov\u00e9 ta\u0161ky nosit ta\u0161ku tisk s rukojet\u00ed \u010c\u00edna p\u0159izp\u016fsoben\u00e9 propagace ofsetov\u00fd tisk p\u0159ijmout"},"content":{"rendered":"<h4 data-spm-anchor-id=\"a2700.details.0.i21.164a2876v3BN8W\">Atributy specifick\u00e9 pro dan\u00e9 odv\u011btv\u00ed<\/h4>\n<table class=\"md-table\">\n<tbody>\n<tr class=\"md-end-block md-focus-container\">\n<td><span class=\"td-span md-focus\"><span class=\"md-pair-s md-expand\"><strong><span class=\"md-plain\">Pr\u016fmyslov\u00e9 vyu\u017eit\u00ed<\/span><\/strong><\/span><\/span><\/td>\n<td><span class=\"td-span\"><span class=\"md-plain\">D\u00e1rky a \u0159emesla<\/span><\/span><\/td>\n<\/tr>\n<tr class=\"md-end-block\">\n<td><span class=\"td-span\"><span class=\"md-pair-s\"><strong><span class=\"md-plain\">Typ pap\u00edru<\/span><\/strong><\/span><\/span><\/td>\n<td><span class=\"td-span\"><span class=\"md-plain\">Kraftov\u00fd pap\u00edr<\/span><\/span><\/td>\n<\/tr>\n<tr class=\"md-end-block md-focus-container\">\n<td><span class=\"td-span\"><span class=\"md-pair-s\"><strong><span class=\"md-plain\">Funkce<\/span><\/strong><\/span><\/span><\/td>\n<td><span class=\"td-span md-focus\"><span class=\"md-plain md-expand\">Recyklovan\u00e9 materi\u00e1ly<\/span><\/span><\/td>\n<\/tr>\n<\/tbody>\n<\/table>\n<div class=\"structure-table\">\n<div class=\"structure-row\">\n<h4 data-spm-anchor-id=\"a2700.details.0.i23.164a2876v3BN8W\">Dal\u0161\u00ed atributy<\/h4>\n<div class=\"structure-table\">\n<div class=\"structure-row\">\n<table class=\"md-table\">\n<tbody>\n<tr class=\"md-end-block md-focus-container\">\n<td><span class=\"td-span md-focus\"><span class=\"md-pair-s md-expand\"><strong><span class=\"md-plain\">Manipulace s povrchem<\/span><\/strong><\/span><\/span><\/td>\n<td><span class=\"td-span\"><span class=\"md-plain\">Reli\u00e9fn\u00ed tisk<\/span><\/span><\/td>\n<\/tr>\n<tr class=\"md-end-block\">\n<td><span class=\"td-span\"><span class=\"md-pair-s\"><strong><span class=\"md-plain\">T\u011bsn\u011bn\u00ed a rukoje\u0165<\/span><\/strong><\/span><\/span><\/td>\n<td><span class=\"td-span\"><span class=\"md-plain\">D\u00e9lka rukojeti<\/span><\/span><\/td>\n<\/tr>\n<tr class=\"md-end-block\">\n<td><span class=\"td-span\"><span class=\"md-pair-s\"><strong><span class=\"md-plain\">Vlastn\u00ed objedn\u00e1vka<\/span><\/strong><\/span><\/span><\/td>\n<td><span class=\"td-span\"><span class=\"md-plain\">P\u0159ijmout<\/span><\/span><\/td>\n<\/tr>\n<tr class=\"md-end-block\">\n<td><span class=\"td-span\"><span class=\"md-pair-s\"><strong><span class=\"md-plain\">N\u00e1zev produktu<\/span><\/strong><\/span><\/span><\/td>\n<td><span class=\"td-span\"><span class=\"md-plain\">Pap\u00edrov\u00e1 d\u00e1rkov\u00e1 ta\u0161ka<\/span><\/span><\/td>\n<\/tr>\n<tr class=\"md-end-block\">\n<td><span class=\"td-span\"><span class=\"md-pair-s\"><strong><span class=\"md-plain\">\u010c\u00edslo modelu<\/span><\/strong><\/span><\/span><\/td>\n<td><span class=\"td-span md-focus\"><span class=\"md-plain\">na m\u00edru<\/span><\/span><\/td>\n<\/tr>\n<tr class=\"md-end-block\">\n<td><span class=\"td-span\"><span class=\"md-pair-s\"><strong><span class=\"md-plain\">Pou\u017eijte<\/span><\/strong><\/span><\/span><\/td>\n<td><span class=\"td-span\"><span class=\"md-plain\">Sv\u00ed\u010dka, Fotor\u00e1me\u010dek, Samolepky, \u0159emesla, Ostatn\u00ed d\u00e1rky a \u0159emesla<\/span><\/span><\/td>\n<\/tr>\n<tr class=\"md-end-block\">\n<td><span class=\"td-span\"><span class=\"md-pair-s\"><strong><span class=\"md-plain\">T\u011bsn\u011bn\u00ed a rukoje\u0165<\/span><\/strong><\/span><\/span><\/td>\n<td><span class=\"td-span\"><span class=\"md-plain\">D\u00e9lka rukojeti<\/span><\/span><\/td>\n<\/tr>\n<tr class=\"md-end-block\">\n<td><span class=\"td-span\"><span class=\"md-pair-s\"><strong><span class=\"md-plain\">Funkce<\/span><\/strong><\/span><\/span><\/td>\n<td><span class=\"td-span\"><span class=\"md-plain\">Recyklovateln\u00e9, Recyklovateln\u00e9<\/span><\/span><\/td>\n<\/tr>\n<tr class=\"md-end-block\">\n<td><span class=\"td-span\"><span class=\"md-pair-s\"><strong><span class=\"md-plain\">Materi\u00e1l<\/span><\/strong><\/span><\/span><\/td>\n<td><span class=\"td-span\"><span class=\"md-plain\">Kraftov\u00fd pap\u00edr<\/span><\/span><\/td>\n<\/tr>\n<tr class=\"md-end-block\">\n<td><span class=\"td-span\"><span class=\"md-pair-s\"><strong><span class=\"md-plain\">Logo<\/span><\/strong><\/span><\/span><\/td>\n<td><span class=\"td-span\"><span class=\"md-plain\">P\u0159ijmout p\u0159izp\u016fsoben\u00e9 logo<\/span><\/span><\/td>\n<\/tr>\n<tr class=\"md-end-block\">\n<td><span class=\"td-span\"><span class=\"md-pair-s\"><strong><span class=\"md-plain\">Pr\u016fmyslov\u00e9 vyu\u017eit\u00ed<\/span><\/strong><\/span><\/span><\/td>\n<td><span class=\"td-span\"><span class=\"md-plain\">D\u00e1rky a \u0159emesla, Obchod a nakupov\u00e1n\u00ed<\/span><\/span><\/td>\n<\/tr>\n<tr class=\"md-end-block md-focus-container\">\n<td><span class=\"td-span\"><span class=\"md-pair-s\"><strong><span class=\"md-plain\">Velikost<\/span><\/strong><\/span><\/span><\/td>\n<td><span class=\"td-span md-focus\"><span class=\"md-plain md-expand\">P\u0159izp\u016fsoben\u00e1 velikost<\/span><\/span><\/td>\n<\/tr>\n<\/tbody>\n<\/table>\n<p><img fetchpriority=\"high\" decoding=\"async\" class=\"alignnone  wp-image-6107\" src=\"http:\/\/ibn.wyd.mybluehost.me\/reanpackaging.com\/wp-content\/uploads\/2023\/09\/H76306285a9f040b9bff7728f736e3e73i-300x300.jpg\" alt=\"Tov\u00e1rna vysoce kvalitn\u00ed levn\u00e9 Kraft pap\u00edrov\u00e9 ta\u0161ky p\u0159enosn\u00e9 ta\u0161ky tisk s rukojet\u00ed \u010c\u00edna p\u0159izp\u016fsoben\u00e9 propaga\u010dn\u00ed ofsetov\u00fd tisk p\u0159ijmout - popis - 1\" width=\"513\" height=\"513\" srcset=\"https:\/\/reanpackaging.com\/wp-content\/uploads\/2023\/09\/H76306285a9f040b9bff7728f736e3e73i-300x300.jpg 300w, https:\/\/reanpackaging.com\/wp-content\/uploads\/2023\/09\/H76306285a9f040b9bff7728f736e3e73i-150x150.jpg 150w, https:\/\/reanpackaging.com\/wp-content\/uploads\/2023\/09\/H76306285a9f040b9bff7728f736e3e73i-768x768.jpg 768w, https:\/\/reanpackaging.com\/wp-content\/uploads\/2023\/09\/H76306285a9f040b9bff7728f736e3e73i-600x600.jpg 600w, https:\/\/reanpackaging.com\/wp-content\/uploads\/2023\/09\/H76306285a9f040b9bff7728f736e3e73i-100x100.jpg 100w, https:\/\/reanpackaging.com\/wp-content\/uploads\/2023\/09\/H76306285a9f040b9bff7728f736e3e73i.jpg 800w\" sizes=\"(max-width: 513px) 100vw, 513px\" \/><\/p>\n<p><img decoding=\"async\" class=\"alignnone  wp-image-6108\" src=\"http:\/\/ibn.wyd.mybluehost.me\/reanpackaging.com\/wp-content\/uploads\/2023\/09\/Ha70d9f06994244c5a942e6466b5569abG-300x300.jpg\" alt=\"Tov\u00e1rna vysoce kvalitn\u00ed levn\u00e9 Kraft pap\u00edrov\u00e9 ta\u0161ky p\u0159enosn\u00e9 ta\u0161ky tisk s rukojet\u00ed \u010c\u00edna p\u0159izp\u016fsoben\u00e9 propaga\u010dn\u00ed ofsetov\u00fd tisk p\u0159ijmout - popis - 2\" width=\"508\" height=\"508\" srcset=\"https:\/\/reanpackaging.com\/wp-content\/uploads\/2023\/09\/Ha70d9f06994244c5a942e6466b5569abG-300x300.jpg 300w, https:\/\/reanpackaging.com\/wp-content\/uploads\/2023\/09\/Ha70d9f06994244c5a942e6466b5569abG-150x150.jpg 150w, https:\/\/reanpackaging.com\/wp-content\/uploads\/2023\/09\/Ha70d9f06994244c5a942e6466b5569abG-768x768.jpg 768w, https:\/\/reanpackaging.com\/wp-content\/uploads\/2023\/09\/Ha70d9f06994244c5a942e6466b5569abG-600x600.jpg 600w, https:\/\/reanpackaging.com\/wp-content\/uploads\/2023\/09\/Ha70d9f06994244c5a942e6466b5569abG-100x100.jpg 100w, https:\/\/reanpackaging.com\/wp-content\/uploads\/2023\/09\/Ha70d9f06994244c5a942e6466b5569abG.jpg 800w\" sizes=\"(max-width: 508px) 100vw, 508px\" \/><\/p>\n<\/div>\n<\/div>\n<\/div>\n<\/div>","protected":false},"excerpt":{"rendered":"<p>Industry-Specific Attributes Industrial Use Gift &amp; Craft Paper Type Kraft Paper Feature Recycled Materials Other Attributes Surface Handling Embossing Sealing &amp; Handle Hand Length Handle Custom Order Accept Product name Paper Gift Bag Model Number customized Use Candle, Photo Frame, Stickers, craft, Other Gift &amp; Craft Sealing &amp; Handle Hand Length Handle Feature Recyclable, Recyclable [&hellip;]<\/p>\n","protected":false},"featured_media":6109,"template":"","meta":{"_seopress_robots_primary_cat":"none","_seopress_titles_title":"","_seopress_titles_desc":"","_seopress_robots_index":"","site-sidebar-layout":"default","site-content-layout":"default","ast-site-content-layout":"default","site-content-style":"default","site-sidebar-style":"default","ast-global-header-display":"","ast-banner-title-visibility":"","ast-main-header-display":"","ast-hfb-above-header-display":"","ast-hfb-below-header-display":"","ast-hfb-mobile-header-display":"","site-post-title":"","ast-breadcrumbs-content":"","ast-featured-img":"","footer-sml-layout":"","ast-disable-related-posts":"","theme-transparent-header-meta":"default","adv-header-id-meta":"","stick-header-meta":"default","header-above-stick-meta":"","header-main-stick-meta":"","header-below-stick-meta":"","astra-migrate-meta-layouts":"set","ast-page-background-enabled":"default","ast-page-background-meta":{"desktop":{"background-color":"","background-image":"","background-repeat":"repeat","background-position":"center center","background-size":"auto","background-attachment":"scroll","background-type":"","background-media":"","overlay-type":"","overlay-color":"","overlay-opacity":"","overlay-gradient":""},"tablet":{"background-color":"","background-image":"","background-repeat":"repeat","background-position":"center center","background-size":"auto","background-attachment":"scroll","background-type":"","background-media":"","overlay-type":"","overlay-color":"","overlay-opacity":"","overlay-gradient":""},"mobile":{"background-color":"","background-image":"","background-repeat":"repeat","background-position":"center center","background-size":"auto","background-attachment":"scroll","background-type":"","background-media":"","overlay-type":"","overlay-color":"","overlay-opacity":"","overlay-gradient":""}},"ast-content-background-meta":{"desktop":{"background-color":"var(--ast-global-color-5)","background-image":"","background-repeat":"repeat","background-position":"center center","background-size":"auto","background-attachment":"scroll","background-type":"","background-media":"","overlay-type":"","overlay-color":"","overlay-opacity":"","overlay-gradient":""},"tablet":{"background-color":"var(--ast-global-color-5)","background-image":"","background-repeat":"repeat","background-position":"center center","background-size":"auto","background-attachment":"scroll","background-type":"","background-media":"","overlay-type":"","overlay-color":"","overlay-opacity":"","overlay-gradient":""},"mobile":{"background-color":"var(--ast-global-color-5)","background-image":"","background-repeat":"repeat","background-position":"center center","background-size":"auto","background-attachment":"scroll","background-type":"","background-media":"","overlay-type":"","overlay-color":"","overlay-opacity":"","overlay-gradient":""}}},"product_brand":[],"product_cat":[36,44,34,32],"product_tag":[],"class_list":{"0":"post-6104","1":"product","2":"type-product","3":"status-publish","4":"has-post-thumbnail","6":"product_cat-kraft-bags","7":"product_cat-paper-bags","8":"product_cat-paper-bags-with-handles","9":"product_cat-retail-packaging","10":"desktop-align-left","11":"tablet-align-left","12":"mobile-align-left","13":"ast-product-gallery-layout-horizontal","14":"ast-product-tabs-layout-horizontal","16":"first","17":"instock","18":"shipping-taxable","19":"purchasable","20":"product-type-simple"},"_links":{"self":[{"href":"https:\/\/reanpackaging.com\/cs\/wp-json\/wp\/v2\/product\/6104","targetHints":{"allow":["GET"]}}],"collection":[{"href":"https:\/\/reanpackaging.com\/cs\/wp-json\/wp\/v2\/product"}],"about":[{"href":"https:\/\/reanpackaging.com\/cs\/wp-json\/wp\/v2\/types\/product"}],"wp:featuredmedia":[{"embeddable":true,"href":"https:\/\/reanpackaging.com\/cs\/wp-json\/wp\/v2\/media\/6109"}],"wp:attachment":[{"href":"https:\/\/reanpackaging.com\/cs\/wp-json\/wp\/v2\/media?parent=6104"}],"wp:term":[{"taxonomy":"product_brand","embeddable":true,"href":"https:\/\/reanpackaging.com\/cs\/wp-json\/wp\/v2\/product_brand?post=6104"},{"taxonomy":"product_cat","embeddable":true,"href":"https:\/\/reanpackaging.com\/cs\/wp-json\/wp\/v2\/product_cat?post=6104"},{"taxonomy":"product_tag","embeddable":true,"href":"https:\/\/reanpackaging.com\/cs\/wp-json\/wp\/v2\/product_tag?post=6104"}],"curies":[{"name":"wp","href":"https:\/\/api.w.org\/{rel}","templated":true}]}}