{"id":6154,"date":"2023-09-18T14:12:58","date_gmt":"2023-09-18T14:12:58","guid":{"rendered":"http:\/\/ibn.wyd.mybluehost.me\/reanpackaging.com\/?post_type=product&#038;p=6154"},"modified":"2024-10-01T17:00:39","modified_gmt":"2024-10-01T17:00:39","slug":"printing-recycle-gift-matt-kraft-paper-shopping-bag-with-cotton-rope-handles","status":"publish","type":"product","link":"https:\/\/reanpackaging.com\/cs\/produkt\/printing-recycle-gift-matt-kraft-paper-shopping-bag-with-cotton-rope-handles\/","title":{"rendered":"Tisk Recyklace d\u00e1rku Matt Kraft pap\u00edrov\u00e1 n\u00e1kupn\u00ed ta\u0161ka s bavln\u011bn\u00fdm lanem rukojeti"},"content":{"rendered":"<h4 class=\"md-end-block md-heading md-focus\"><span class=\"md-plain md-expand\">Atributy specifick\u00e9 pro dan\u00e9 odv\u011btv\u00ed<\/span><\/h4>\n<figure class=\"md-table-fig table-figure\">\n<table class=\"md-table\">\n<tbody>\n<tr class=\"md-end-block md-focus-container\">\n<td><span class=\"td-span md-focus\"><span class=\"md-pair-s md-expand\"><strong><span class=\"md-plain\">Pr\u016fmyslov\u00e9 vyu\u017eit\u00ed<\/span><\/strong><\/span><\/span><\/td>\n<td><span class=\"td-span\"><span class=\"md-plain\">D\u00e1rky a \u0159emesla<\/span><\/span><\/td>\n<\/tr>\n<tr class=\"md-end-block\">\n<td><span class=\"td-span\"><span class=\"md-pair-s\"><strong><span class=\"md-plain\">Typ pap\u00edru<\/span><\/strong><\/span><\/span><\/td>\n<td><span class=\"td-span\"><span class=\"md-plain\">Kraftov\u00fd pap\u00edr<\/span><\/span><\/td>\n<\/tr>\n<tr class=\"md-end-block md-focus-container\">\n<td><span class=\"td-span\"><span class=\"md-pair-s\"><strong><span class=\"md-plain\">Funkce<\/span><\/strong><\/span><\/span><\/td>\n<td><span class=\"td-span md-focus\"><span class=\"md-plain md-expand\">Ru\u010dn\u00ed v\u00fdroba<\/span><\/span><\/td>\n<\/tr>\n<\/tbody>\n<\/table>\n<\/figure>\n<h4 class=\"md-end-block md-heading\"><span class=\"md-plain\">Dal\u0161\u00ed atributy<\/span><\/h4>\n<table class=\"md-table\">\n<tbody>\n<tr class=\"md-end-block md-focus-container\">\n<td><span class=\"td-span md-focus\"><span class=\"md-pair-s md-expand\"><strong><span class=\"md-plain\">Manipulace s povrchem<\/span><\/strong><\/span><\/span><\/td>\n<td><span class=\"td-span\"><span class=\"md-plain\">Ofsetov\u00fd tisk<\/span><\/span><\/td>\n<\/tr>\n<tr class=\"md-end-block\">\n<td><span class=\"td-span\"><span class=\"md-pair-s\"><strong><span class=\"md-plain\">T\u011bsn\u011bn\u00ed a rukoje\u0165<\/span><\/strong><\/span><\/span><\/td>\n<td><span class=\"td-span\"><span class=\"md-plain\">D\u00e9lka rukojeti<\/span><\/span><\/td>\n<\/tr>\n<tr class=\"md-end-block\">\n<td><span class=\"td-span\"><span class=\"md-pair-s\"><strong><span class=\"md-plain\">Vlastn\u00ed objedn\u00e1vka<\/span><\/strong><\/span><\/span><\/td>\n<td><span class=\"td-span\"><span class=\"md-plain\">P\u0159ijmout<\/span><\/span><\/td>\n<\/tr>\n<tr class=\"md-end-block\">\n<td><span class=\"td-span\"><span class=\"md-pair-s\"><strong><span class=\"md-plain\">Pr\u016fmyslov\u00e9 vyu\u017eit\u00ed<\/span><\/strong><\/span><\/span><\/td>\n<td><span class=\"td-span\"><span class=\"md-plain\">d\u00e1rek<\/span><\/span><\/td>\n<\/tr>\n<tr class=\"md-end-block\">\n<td><span class=\"td-span\"><span class=\"md-pair-s\"><strong><span class=\"md-plain\">Funkce<\/span><\/strong><\/span><\/span><\/td>\n<td><span class=\"td-span\"><span class=\"md-plain\">BIODEGRADABILN\u00cd<\/span><\/span><\/td>\n<\/tr>\n<tr class=\"md-end-block\">\n<td><span class=\"td-span\"><span class=\"md-pair-s\"><strong><span class=\"md-plain\">Polo\u017eka<\/span><\/strong><\/span><\/span><\/td>\n<td><span class=\"td-span\"><span class=\"md-plain\">pap\u00edrov\u00fd s\u00e1\u010dek s dr\u017eadly z bavln\u011bn\u00e9ho provazu<\/span><\/span><\/td>\n<\/tr>\n<tr class=\"md-end-block\">\n<td><span class=\"td-span\"><span class=\"md-pair-s\"><strong><span class=\"md-plain\">Hmotnost pap\u00edru<\/span><\/strong><\/span><\/span><\/td>\n<td><span class=\"td-span\"><span class=\"md-plain\">Hn\u011bd\u00fd kraftov\u00fd pap\u00edr 180 g\/m2<\/span><\/span><\/td>\n<\/tr>\n<tr class=\"md-end-block\">\n<td><span class=\"td-span\"><span class=\"md-pair-s\"><strong><span class=\"md-plain\">Velikost<\/span><\/strong><\/span><\/span><\/td>\n<td><span class=\"td-span\"><span class=\"md-plain\">32x10x28H cm<\/span><\/span><\/td>\n<\/tr>\n<tr class=\"md-end-block\">\n<td><span class=\"td-span\"><span class=\"md-pair-s\"><strong><span class=\"md-plain\">Barva<\/span><\/strong><\/span><\/span><\/td>\n<td><span class=\"td-span\"><span class=\"md-plain\">3 barvy 2 strany<\/span><\/span><\/td>\n<\/tr>\n<tr class=\"md-end-block\">\n<td><span class=\"td-span\"><span class=\"md-pair-s\"><strong><span class=\"md-plain\">Logo<\/span><\/strong><\/span><\/span><\/td>\n<td><span class=\"td-span\"><span class=\"md-plain\">P\u0159izp\u016fsoben\u00e9<\/span><\/span><\/td>\n<\/tr>\n<tr class=\"md-end-block\">\n<td><span class=\"td-span\"><span class=\"md-pair-s\"><strong><span class=\"md-plain\">Rukoje\u0165<\/span><\/strong><\/span><\/span><\/td>\n<td><span class=\"td-span\"><span class=\"md-plain\">lanov\u00e9 dr\u017eadlo z polypropylenu<\/span><\/span><\/td>\n<\/tr>\n<tr class=\"md-end-block\">\n<td><span class=\"td-span\"><span class=\"md-pair-s\"><strong><span class=\"md-plain\">Lamin\u00e1t<\/span><\/strong><\/span><\/span><\/td>\n<td><span class=\"td-span\"><span class=\"md-plain\">bez laminace<\/span><\/span><\/td>\n<\/tr>\n<tr class=\"md-end-block md-focus-container\">\n<td><span class=\"td-span\"><span class=\"md-pair-s\"><strong><span class=\"md-plain\">Soubor um\u011bleck\u00fdch d\u011bl<\/span><\/strong><\/span><\/span><\/td>\n<td><span class=\"td-span md-focus\"><span class=\"md-plain md-expand\">Form\u00e1t PDF nebo AI nebo PSD<\/span><\/span><\/td>\n<\/tr>\n<\/tbody>\n<\/table>\n<figure class=\"md-table-fig table-figure\"><img fetchpriority=\"high\" decoding=\"async\" class=\"alignnone wp-image-6157\" src=\"http:\/\/ibn.wyd.mybluehost.me\/reanpackaging.com\/wp-content\/uploads\/2023\/09\/1-300x244.jpg\" alt=\"Recyklace d\u00e1rk\u016f N\u00e1kupn\u00ed ta\u0161ka z matn\u00e9ho kraftov\u00e9ho pap\u00edru s bavln\u011bn\u00fdmi provazov\u00fdmi dr\u017eadly - popis - 1\" width=\"1007\" height=\"819\" srcset=\"https:\/\/reanpackaging.com\/wp-content\/uploads\/2023\/09\/1-300x244.jpg 300w, https:\/\/reanpackaging.com\/wp-content\/uploads\/2023\/09\/1-600x488.jpg 600w, https:\/\/reanpackaging.com\/wp-content\/uploads\/2023\/09\/1.jpg 700w\" sizes=\"(max-width: 1007px) 100vw, 1007px\" \/><\/p>\n<p><img decoding=\"async\" class=\"alignnone wp-image-6159\" src=\"http:\/\/ibn.wyd.mybluehost.me\/reanpackaging.com\/wp-content\/uploads\/2023\/09\/3-258x300.jpg\" alt=\"Recyklace d\u00e1rk\u016f N\u00e1kupn\u00ed ta\u0161ka z matn\u00e9ho kraftov\u00e9ho pap\u00edru s bavln\u011bn\u00fdmi provazov\u00fdmi dr\u017eadly - popis - 3\" width=\"984\" height=\"1144\" srcset=\"https:\/\/reanpackaging.com\/wp-content\/uploads\/2023\/09\/3-258x300.jpg 258w, https:\/\/reanpackaging.com\/wp-content\/uploads\/2023\/09\/3-600x698.jpg 600w, https:\/\/reanpackaging.com\/wp-content\/uploads\/2023\/09\/3.jpg 750w\" sizes=\"(max-width: 984px) 100vw, 984px\" \/><\/p>\n<p><img decoding=\"async\" class=\"alignnone wp-image-6160\" src=\"http:\/\/ibn.wyd.mybluehost.me\/reanpackaging.com\/wp-content\/uploads\/2023\/09\/4-252x300.jpg\" alt=\"Recyklace d\u00e1rk\u016f N\u00e1kupn\u00ed ta\u0161ka z matn\u00e9ho kraftov\u00e9ho pap\u00edru s bavln\u011bn\u00fdmi provazov\u00fdmi uchy - popis - 4\" width=\"995\" height=\"1185\" srcset=\"https:\/\/reanpackaging.com\/wp-content\/uploads\/2023\/09\/4-252x300.jpg 252w, https:\/\/reanpackaging.com\/wp-content\/uploads\/2023\/09\/4-600x714.jpg 600w, https:\/\/reanpackaging.com\/wp-content\/uploads\/2023\/09\/4.jpg 750w\" sizes=\"(max-width: 995px) 100vw, 995px\" \/><\/figure>","protected":false},"excerpt":{"rendered":"<p>Industry-Specific attributes Industrial Use Gift &amp; Craft Paper Type Kraft Paper Feature Handmade Other Attributes Surface Handling Offset printing Sealing &amp; Handle Hand Length Handle Custom Order Accept Industrial Use gift Feature BIODEGRADABLE Item paper bag with cotton rope handles Weight of paper 180gsm brown kraft paper Size 32x10x28H cm Color 3 Colors 2 sides [&hellip;]<\/p>\n","protected":false},"featured_media":6162,"template":"","meta":{"_seopress_robots_primary_cat":"none","_seopress_titles_title":"","_seopress_titles_desc":"","_seopress_robots_index":"","site-sidebar-layout":"default","site-content-layout":"default","ast-site-content-layout":"default","site-content-style":"default","site-sidebar-style":"default","ast-global-header-display":"","ast-banner-title-visibility":"","ast-main-header-display":"","ast-hfb-above-header-display":"","ast-hfb-below-header-display":"","ast-hfb-mobile-header-display":"","site-post-title":"","ast-breadcrumbs-content":"","ast-featured-img":"","footer-sml-layout":"","ast-disable-related-posts":"","theme-transparent-header-meta":"default","adv-header-id-meta":"","stick-header-meta":"default","header-above-stick-meta":"","header-main-stick-meta":"","header-below-stick-meta":"","astra-migrate-meta-layouts":"set","ast-page-background-enabled":"default","ast-page-background-meta":{"desktop":{"background-color":"","background-image":"","background-repeat":"repeat","background-position":"center center","background-size":"auto","background-attachment":"scroll","background-type":"","background-media":"","overlay-type":"","overlay-color":"","overlay-opacity":"","overlay-gradient":""},"tablet":{"background-color":"","background-image":"","background-repeat":"repeat","background-position":"center center","background-size":"auto","background-attachment":"scroll","background-type":"","background-media":"","overlay-type":"","overlay-color":"","overlay-opacity":"","overlay-gradient":""},"mobile":{"background-color":"","background-image":"","background-repeat":"repeat","background-position":"center center","background-size":"auto","background-attachment":"scroll","background-type":"","background-media":"","overlay-type":"","overlay-color":"","overlay-opacity":"","overlay-gradient":""}},"ast-content-background-meta":{"desktop":{"background-color":"var(--ast-global-color-5)","background-image":"","background-repeat":"repeat","background-position":"center center","background-size":"auto","background-attachment":"scroll","background-type":"","background-media":"","overlay-type":"","overlay-color":"","overlay-opacity":"","overlay-gradient":""},"tablet":{"background-color":"var(--ast-global-color-5)","background-image":"","background-repeat":"repeat","background-position":"center center","background-size":"auto","background-attachment":"scroll","background-type":"","background-media":"","overlay-type":"","overlay-color":"","overlay-opacity":"","overlay-gradient":""},"mobile":{"background-color":"var(--ast-global-color-5)","background-image":"","background-repeat":"repeat","background-position":"center center","background-size":"auto","background-attachment":"scroll","background-type":"","background-media":"","overlay-type":"","overlay-color":"","overlay-opacity":"","overlay-gradient":""}}},"product_brand":[],"product_cat":[35,40,36,44,34],"product_tag":[],"class_list":{"0":"post-6154","1":"product","2":"type-product","3":"status-publish","4":"has-post-thumbnail","6":"product_cat-brown-paper-bags-bulk","7":"product_cat-gift-bags","8":"product_cat-kraft-bags","9":"product_cat-paper-bags","10":"product_cat-paper-bags-with-handles","11":"desktop-align-left","12":"tablet-align-left","13":"mobile-align-left","14":"ast-product-gallery-layout-horizontal","15":"ast-product-tabs-layout-horizontal","17":"first","18":"instock","19":"shipping-taxable","20":"purchasable","21":"product-type-simple"},"_links":{"self":[{"href":"https:\/\/reanpackaging.com\/cs\/wp-json\/wp\/v2\/product\/6154","targetHints":{"allow":["GET"]}}],"collection":[{"href":"https:\/\/reanpackaging.com\/cs\/wp-json\/wp\/v2\/product"}],"about":[{"href":"https:\/\/reanpackaging.com\/cs\/wp-json\/wp\/v2\/types\/product"}],"wp:featuredmedia":[{"embeddable":true,"href":"https:\/\/reanpackaging.com\/cs\/wp-json\/wp\/v2\/media\/6162"}],"wp:attachment":[{"href":"https:\/\/reanpackaging.com\/cs\/wp-json\/wp\/v2\/media?parent=6154"}],"wp:term":[{"taxonomy":"product_brand","embeddable":true,"href":"https:\/\/reanpackaging.com\/cs\/wp-json\/wp\/v2\/product_brand?post=6154"},{"taxonomy":"product_cat","embeddable":true,"href":"https:\/\/reanpackaging.com\/cs\/wp-json\/wp\/v2\/product_cat?post=6154"},{"taxonomy":"product_tag","embeddable":true,"href":"https:\/\/reanpackaging.com\/cs\/wp-json\/wp\/v2\/product_tag?post=6154"}],"curies":[{"name":"wp","href":"https:\/\/api.w.org\/{rel}","templated":true}]}}