{"id":6220,"date":"2023-09-18T15:47:21","date_gmt":"2023-09-18T15:47:21","guid":{"rendered":"http:\/\/ibn.wyd.mybluehost.me\/reanpackaging.com\/?post_type=product&#038;p=6220"},"modified":"2024-10-01T17:00:37","modified_gmt":"2024-10-01T17:00:37","slug":"personalized-eco-friendly-brown-bolsas-de-papel-vellum-food-grade-craft-kraft-paper-packing-bags-with-custom-logo-print","status":"publish","type":"product","link":"https:\/\/reanpackaging.com\/cs\/produkt\/personalizovane-ekologicke-hnede-bolsas-de-papel-vellum-potravinarske-kraftove-papirove-obalove-sacky-s-vlastnim-potiskem-loga\/","title":{"rendered":"Personalizovan\u00e9 ekologicky \u0161etrn\u00e9 hn\u011bd\u00e9 pap\u00edrov\u00e9 ta\u0161ky Bolsas De Papel Vellum Food Grade Kraft Paper Packing Bags s vlastn\u00edm potiskem loga"},"content":{"rendered":"<h4 class=\"md-end-block md-heading md-focus\"><span class=\"md-plain md-expand\">Atributy specifick\u00e9 pro dan\u00e9 odv\u011btv\u00ed<\/span><\/h4>\n<table class=\"md-table\">\n<tbody>\n<tr class=\"md-end-block md-focus-container\">\n<td><span class=\"td-span md-focus\"><span class=\"md-pair-s md-expand\"><strong><span class=\"md-plain\">Pr\u016fmyslov\u00e9 vyu\u017eit\u00ed<\/span><\/strong><\/span><\/span><\/td>\n<td><span class=\"td-span\"><span class=\"md-plain\">N\u00e1kupy, D\u00e1rky a \u0159emesla, Obuv a oble\u010den\u00ed, Potraviny<\/span><\/span><\/td>\n<\/tr>\n<tr class=\"md-end-block\">\n<td><span class=\"td-span\"><span class=\"md-pair-s\"><strong><span class=\"md-plain\">Typ pap\u00edru<\/span><\/strong><\/span><\/span><\/td>\n<td><span class=\"td-span\"><span class=\"md-plain\">Nat\u00edran\u00fd pap\u00edr, kraftov\u00fd pap\u00edr, um\u011bleck\u00fd pap\u00edr<\/span><\/span><\/td>\n<\/tr>\n<tr class=\"md-end-block md-focus-container\">\n<td><span class=\"td-span\"><span class=\"md-pair-s\"><strong><span class=\"md-plain\">Funkce<\/span><\/strong><\/span><\/span><\/td>\n<td><span class=\"td-span md-focus\"><span class=\"md-plain md-expand\">Recyklovateln\u00e9, biologicky odbourateln\u00e9<\/span><\/span><\/td>\n<\/tr>\n<\/tbody>\n<\/table>\n<h4 class=\"md-end-block md-heading md-focus\"><span class=\"md-plain md-expand\">Dal\u0161\u00ed atributy<\/span><\/h4>\n<table class=\"md-table\">\n<tbody>\n<tr class=\"md-end-block md-focus-container\">\n<td><span class=\"td-span md-focus\"><span class=\"md-pair-s md-expand\"><strong><span class=\"md-plain\">Manipulace s povrchem<\/span><\/strong><\/span><\/span><\/td>\n<td><span class=\"td-span\"><span class=\"md-plain\">Hlubotisk, hork\u00e1 ra\u017eba, flexotisk<\/span><\/span><\/td>\n<\/tr>\n<tr class=\"md-end-block\">\n<td><span class=\"td-span\"><span class=\"md-pair-s\"><strong><span class=\"md-plain\">T\u011bsn\u011bn\u00ed a rukoje\u0165<\/span><\/strong><\/span><\/span><\/td>\n<td><span class=\"td-span\"><span class=\"md-plain\">D\u00e9lka rukojeti<\/span><\/span><\/td>\n<\/tr>\n<tr class=\"md-end-block\">\n<td><span class=\"td-span\"><span class=\"md-pair-s\"><strong><span class=\"md-plain\">Vlastn\u00ed objedn\u00e1vka<\/span><\/strong><\/span><\/span><\/td>\n<td><span class=\"td-span\"><span class=\"md-plain\">P\u0159ijmout<\/span><\/span><\/td>\n<\/tr>\n<tr class=\"md-end-block\">\n<td><span class=\"td-span\"><span class=\"md-pair-s\"><strong><span class=\"md-plain\">Barva<\/span><\/strong><\/span><\/span><\/td>\n<td><span class=\"td-span\"><span class=\"md-plain\">a\u017e 10 barev<\/span><\/span><\/td>\n<\/tr>\n<tr class=\"md-end-block\">\n<td><span class=\"td-span\"><span class=\"md-pair-s\"><strong><span class=\"md-plain\">Logo<\/span><\/strong><\/span><\/span><\/td>\n<td><span class=\"td-span\"><span class=\"md-plain\">P\u0159ijmout p\u0159izp\u016fsoben\u00e9 logo<\/span><\/span><\/td>\n<\/tr>\n<tr class=\"md-end-block\">\n<td><span class=\"td-span\"><span class=\"md-pair-s\"><strong><span class=\"md-plain\">Design<\/span><\/strong><\/span><\/span><\/td>\n<td><span class=\"td-span\"><span class=\"md-plain\">Poskytovan\u00e9 slu\u017eby<\/span><\/span><\/td>\n<\/tr>\n<tr class=\"md-end-block\">\n<td><span class=\"td-span\"><span class=\"md-pair-s\"><strong><span class=\"md-plain\">Certifik\u00e1t<\/span><\/strong><\/span><\/span><\/td>\n<td><span class=\"td-span\"><span class=\"md-plain\">Potraviny testovan\u00e9 v USA\/EU<\/span><\/span><\/td>\n<\/tr>\n<tr class=\"md-end-block\">\n<td><span class=\"td-span\"><span class=\"md-pair-s\"><strong><span class=\"md-plain\">Balen\u00ed<\/span><\/strong><\/span><\/span><\/td>\n<td><span class=\"td-span\"><span class=\"md-plain\">Kartony pro v\u00fdvoz<\/span><\/span><\/td>\n<\/tr>\n<tr class=\"md-end-block\">\n<td><span class=\"td-span\"><span class=\"md-pair-s\"><strong><span class=\"md-plain\">Tlou\u0161\u0165ka<\/span><\/strong><\/span><\/span><\/td>\n<td><span class=\"td-span\"><span class=\"md-plain\">100-300 mikron\u016f<\/span><\/span><\/td>\n<\/tr>\n<tr class=\"md-end-block\">\n<td><span class=\"td-span\"><span class=\"md-pair-s\"><strong><span class=\"md-plain\">Vzorov\u00e1 objedn\u00e1vka<\/span><\/strong><\/span><\/span><\/td>\n<td><span class=\"td-span\"><span class=\"md-plain\">vzorky zdarma<\/span><\/span><\/td>\n<\/tr>\n<tr class=\"md-end-block\">\n<td><span class=\"td-span\"><span class=\"md-pair-s\"><strong><span class=\"md-plain\">Tvar<\/span><\/strong><\/span><\/span><\/td>\n<td><span class=\"td-span\"><span class=\"md-plain\">P\u0159izp\u016fsoben\u00e9<\/span><\/span><\/td>\n<\/tr>\n<tr class=\"md-end-block md-focus-container\">\n<td><span class=\"td-span\"><span class=\"md-pair-s\"><strong><span class=\"md-plain\">MOQ<\/span><\/strong><\/span><\/span><\/td>\n<td><span class=\"td-span md-focus\"><span class=\"md-plain md-expand\">Na z\u00e1klad\u011b velikosti<\/span><\/span><\/td>\n<\/tr>\n<\/tbody>\n<\/table>\n<p><img fetchpriority=\"high\" decoding=\"async\" class=\"alignnone wp-image-6229\" src=\"http:\/\/ibn.wyd.mybluehost.me\/reanpackaging.com\/wp-content\/uploads\/2023\/09\/1-3-300x300.jpg\" alt=\"personalizovan\u00e9 ekologicky \u0161etrn\u00e9 hn\u011bd\u00e9 pap\u00edrov\u00e9 s\u00e1\u010dky z potravin\u00e1\u0159sk\u00e9ho pap\u00edru kraft s vlastn\u00edm potiskem loga - popis - 1\" width=\"1333\" height=\"1333\" srcset=\"https:\/\/reanpackaging.com\/wp-content\/uploads\/2023\/09\/1-3-300x300.jpg 300w, https:\/\/reanpackaging.com\/wp-content\/uploads\/2023\/09\/1-3-150x150.jpg 150w, https:\/\/reanpackaging.com\/wp-content\/uploads\/2023\/09\/1-3-600x600.jpg 600w, https:\/\/reanpackaging.com\/wp-content\/uploads\/2023\/09\/1-3-100x100.jpg 100w, https:\/\/reanpackaging.com\/wp-content\/uploads\/2023\/09\/1-3.jpg 750w\" sizes=\"(max-width: 1333px) 100vw, 1333px\" \/><\/p>\n<p><img decoding=\"async\" class=\"alignnone wp-image-6230\" src=\"http:\/\/ibn.wyd.mybluehost.me\/reanpackaging.com\/wp-content\/uploads\/2023\/09\/2-3-300x300.jpg\" alt=\"personalizovan\u00e9 ekologicky \u0161etrn\u00e9 hn\u011bd\u00e9 pap\u00edrov\u00e9 s\u00e1\u010dky z potravin\u00e1\u0159sk\u00e9ho kraftov\u00e9ho pap\u00edru s vlastn\u00edm potiskem loga - popis - 2\" width=\"1334\" height=\"1334\" srcset=\"https:\/\/reanpackaging.com\/wp-content\/uploads\/2023\/09\/2-3-300x300.jpg 300w, https:\/\/reanpackaging.com\/wp-content\/uploads\/2023\/09\/2-3-150x150.jpg 150w, https:\/\/reanpackaging.com\/wp-content\/uploads\/2023\/09\/2-3-600x600.jpg 600w, https:\/\/reanpackaging.com\/wp-content\/uploads\/2023\/09\/2-3-100x100.jpg 100w, https:\/\/reanpackaging.com\/wp-content\/uploads\/2023\/09\/2-3.jpg 750w\" sizes=\"(max-width: 1334px) 100vw, 1334px\" \/><\/p>\n<p><img decoding=\"async\" class=\"alignnone wp-image-6231\" src=\"http:\/\/ibn.wyd.mybluehost.me\/reanpackaging.com\/wp-content\/uploads\/2023\/09\/3-3-300x300.jpg\" alt=\"personalizovan\u00e9 ekologicky \u0161etrn\u00e9 hn\u011bd\u00e9 pap\u00edrov\u00e9 s\u00e1\u010dky z potravin\u00e1\u0159sk\u00e9ho kraftov\u00e9ho pap\u00edru s vlastn\u00edm potiskem loga - popis - 3\" width=\"1351\" height=\"1351\" srcset=\"https:\/\/reanpackaging.com\/wp-content\/uploads\/2023\/09\/3-3-300x300.jpg 300w, https:\/\/reanpackaging.com\/wp-content\/uploads\/2023\/09\/3-3-150x150.jpg 150w, https:\/\/reanpackaging.com\/wp-content\/uploads\/2023\/09\/3-3-600x600.jpg 600w, https:\/\/reanpackaging.com\/wp-content\/uploads\/2023\/09\/3-3-100x100.jpg 100w, https:\/\/reanpackaging.com\/wp-content\/uploads\/2023\/09\/3-3.jpg 750w\" sizes=\"(max-width: 1351px) 100vw, 1351px\" \/><\/p>\n<p>&nbsp;<\/p>\n<p><img loading=\"lazy\" decoding=\"async\" class=\"alignnone wp-image-6233\" src=\"http:\/\/ibn.wyd.mybluehost.me\/reanpackaging.com\/wp-content\/uploads\/2023\/09\/5-3-300x126.jpg\" alt=\"personalizovan\u00e9 ekologicky \u0161etrn\u00e9 hn\u011bd\u00e9 pap\u00edrov\u00e9 s\u00e1\u010dky z potravin\u00e1\u0159sk\u00e9ho kraftov\u00e9ho pap\u00edru s vlastn\u00edm potiskem loga - popis - 5\" width=\"1336\" height=\"561\" srcset=\"https:\/\/reanpackaging.com\/wp-content\/uploads\/2023\/09\/5-3-300x126.jpg 300w, https:\/\/reanpackaging.com\/wp-content\/uploads\/2023\/09\/5-3-600x253.jpg 600w, https:\/\/reanpackaging.com\/wp-content\/uploads\/2023\/09\/5-3.jpg 750w\" sizes=\"(max-width: 1336px) 100vw, 1336px\" \/><\/p>","protected":false},"excerpt":{"rendered":"<p>Industry-Specific Attributes Industrial Use Food, Gift &amp; Craft, Shopping, Shoes &amp; clothing Paper Type Coated Paper, Kraft Paper, Art Paper Feature Recyclable, Bio-degradable Other Attributes Surface Handling Gravure printing, Hot Stamping, Flexo Printing Sealing &amp; Handle Hand Length Handle Custom Order Accept Color up to 10 colors Logo Accept Customized Logo Design Service Provided Certificate [&hellip;]<\/p>\n","protected":false},"featured_media":6223,"template":"","meta":{"_seopress_robots_primary_cat":"none","_seopress_titles_title":"","_seopress_titles_desc":"","_seopress_robots_index":"","site-sidebar-layout":"default","site-content-layout":"default","ast-site-content-layout":"default","site-content-style":"default","site-sidebar-style":"default","ast-global-header-display":"","ast-banner-title-visibility":"","ast-main-header-display":"","ast-hfb-above-header-display":"","ast-hfb-below-header-display":"","ast-hfb-mobile-header-display":"","site-post-title":"","ast-breadcrumbs-content":"","ast-featured-img":"","footer-sml-layout":"","ast-disable-related-posts":"","theme-transparent-header-meta":"default","adv-header-id-meta":"","stick-header-meta":"default","header-above-stick-meta":"","header-main-stick-meta":"","header-below-stick-meta":"","astra-migrate-meta-layouts":"set","ast-page-background-enabled":"default","ast-page-background-meta":{"desktop":{"background-color":"","background-image":"","background-repeat":"repeat","background-position":"center center","background-size":"auto","background-attachment":"scroll","background-type":"","background-media":"","overlay-type":"","overlay-color":"","overlay-opacity":"","overlay-gradient":""},"tablet":{"background-color":"","background-image":"","background-repeat":"repeat","background-position":"center center","background-size":"auto","background-attachment":"scroll","background-type":"","background-media":"","overlay-type":"","overlay-color":"","overlay-opacity":"","overlay-gradient":""},"mobile":{"background-color":"","background-image":"","background-repeat":"repeat","background-position":"center center","background-size":"auto","background-attachment":"scroll","background-type":"","background-media":"","overlay-type":"","overlay-color":"","overlay-opacity":"","overlay-gradient":""}},"ast-content-background-meta":{"desktop":{"background-color":"var(--ast-global-color-5)","background-image":"","background-repeat":"repeat","background-position":"center center","background-size":"auto","background-attachment":"scroll","background-type":"","background-media":"","overlay-type":"","overlay-color":"","overlay-opacity":"","overlay-gradient":""},"tablet":{"background-color":"var(--ast-global-color-5)","background-image":"","background-repeat":"repeat","background-position":"center center","background-size":"auto","background-attachment":"scroll","background-type":"","background-media":"","overlay-type":"","overlay-color":"","overlay-opacity":"","overlay-gradient":""},"mobile":{"background-color":"var(--ast-global-color-5)","background-image":"","background-repeat":"repeat","background-position":"center center","background-size":"auto","background-attachment":"scroll","background-type":"","background-media":"","overlay-type":"","overlay-color":"","overlay-opacity":"","overlay-gradient":""}}},"product_brand":[],"product_cat":[36,44,41],"product_tag":[],"class_list":{"0":"post-6220","1":"product","2":"type-product","3":"status-publish","4":"has-post-thumbnail","6":"product_cat-kraft-bags","7":"product_cat-paper-bags","8":"product_cat-shopping-bags","9":"desktop-align-left","10":"tablet-align-left","11":"mobile-align-left","12":"ast-product-gallery-layout-horizontal","13":"ast-product-tabs-layout-horizontal","15":"first","16":"instock","17":"shipping-taxable","18":"purchasable","19":"product-type-simple"},"_links":{"self":[{"href":"https:\/\/reanpackaging.com\/cs\/wp-json\/wp\/v2\/product\/6220","targetHints":{"allow":["GET"]}}],"collection":[{"href":"https:\/\/reanpackaging.com\/cs\/wp-json\/wp\/v2\/product"}],"about":[{"href":"https:\/\/reanpackaging.com\/cs\/wp-json\/wp\/v2\/types\/product"}],"wp:featuredmedia":[{"embeddable":true,"href":"https:\/\/reanpackaging.com\/cs\/wp-json\/wp\/v2\/media\/6223"}],"wp:attachment":[{"href":"https:\/\/reanpackaging.com\/cs\/wp-json\/wp\/v2\/media?parent=6220"}],"wp:term":[{"taxonomy":"product_brand","embeddable":true,"href":"https:\/\/reanpackaging.com\/cs\/wp-json\/wp\/v2\/product_brand?post=6220"},{"taxonomy":"product_cat","embeddable":true,"href":"https:\/\/reanpackaging.com\/cs\/wp-json\/wp\/v2\/product_cat?post=6220"},{"taxonomy":"product_tag","embeddable":true,"href":"https:\/\/reanpackaging.com\/cs\/wp-json\/wp\/v2\/product_tag?post=6220"}],"curies":[{"name":"wp","href":"https:\/\/api.w.org\/{rel}","templated":true}]}}